{"id":3213,"date":"2025-07-17T18:07:13","date_gmt":"2025-07-17T18:07:13","guid":{"rendered":"https:\/\/sfb.ma\/?post_type=product&#038;p=3213"},"modified":"2026-01-13T17:27:29","modified_gmt":"2026-01-13T17:27:29","slug":"huile-de-sesame","status":"publish","type":"product","link":"https:\/\/sfb.ma\/fr\/produit\/huile-de-sesame\/","title":{"rendered":"Huile de s\u00e9same"},"content":{"rendered":"<div data-elementor-type=\"product-post\" data-elementor-id=\"3213\" class=\"elementor elementor-3213\" data-elementor-post-type=\"product\">\n\t\t\t\t<div class=\"wd-negative-gap elementor-element elementor-element-49d6e28 e-flex e-con-boxed e-con e-parent\" data-id=\"49d6e28\" data-element_type=\"container\" data-e-type=\"container\">\n\t\t\t\t\t<div class=\"e-con-inner\">\n\t\t<div class=\"elementor-element elementor-element-1bce260 e-con-full e-flex e-con e-child\" data-id=\"1bce260\" data-element_type=\"container\" data-e-type=\"container\">\n\t\t<div class=\"elementor-element elementor-element-8f84d7b e-con-full e-flex e-con e-child\" data-id=\"8f84d7b\" data-element_type=\"container\" data-e-type=\"container\">\n\t\t\t\t<div class=\"elementor-element elementor-element-96dc3e0 elementor-widget elementor-widget-wd_text_block\" data-id=\"96dc3e0\" data-element_type=\"widget\" data-e-type=\"widget\" data-widget_type=\"wd_text_block.default\">\n\t\t\t\t<div class=\"elementor-widget-container\">\n\t\t\t\t\t\t\t<div class=\"wd-text-block reset-last-child text-center\">\n\t\t\t\n\t\t\t<h3>Plongez dans l\u2019univers de l\u2019huile de s\u00e9same : l\u2019essence de petites graines aux grands tr\u00e9sors !<\/h3>\n\t\t\t\t\t<\/div>\n\t\t\t\t\t\t<\/div>\n\t\t\t\t<\/div>\n\t\t\t\t<div class=\"elementor-element elementor-element-5d1a108 elementor-widget elementor-widget-wd_text_block\" data-id=\"5d1a108\" data-element_type=\"widget\" data-e-type=\"widget\" data-widget_type=\"wd_text_block.default\">\n\t\t\t\t<div class=\"elementor-widget-container\">\n\t\t\t\t\t\t\t<div class=\"wd-text-block reset-last-child text-center\">\n\t\t\t\n\t\t\t<p>Cherchez-vous une huile unique qui apporte une saveur distinctive \u00e0 vos plats asiatiques, reconnue pour ses bienfaits sant\u00e9, nourrissant la peau et les cheveux, et soutenant la sant\u00e9 bucco-dentaire et osseuse ? D\u00e9couvrez l\u2019univers de <b>Huile de s\u00e9same (\u0632\u064a\u062a \u0627\u0644\u0633\u0645\u0633\u0645)<\/b>, extrait des graines de s\u00e9same (<i>Sesamum indicum<\/i>Cette huile ancestrale, \u00e9galement connue sous les noms de \u00ab Shirj \u00bb ou \u00ab Siraj \u00bb, est l\u2019une des plus anciennes huiles v\u00e9g\u00e9tales connues de l\u2019humanit\u00e9. Elle occupe une place sp\u00e9ciale dans les cuisines asiatiques et moyen-orientales, ainsi que dans les usages m\u00e9dicinaux et cosm\u00e9tiques traditionnels.<\/p><p>L\u2019huile de s\u00e9same n\u2019est pas seulement une huile de cuisson ; c\u2019est une source riche en compos\u00e9s bioactifs lui conf\u00e9rant une valeur nutritionnelle et th\u00e9rapeutique. Elle contient <b>Acides gras sains<\/b> (notamment ol\u00e9ique et linol\u00e9ique), et<b>Vitamine E<\/b> (un puissant antioxydant), et<b>Vitamine K<\/b>, en plus de compos\u00e9s uniques tels que <b>S\u00e9samol<\/b> et<b>S\u00e9saminol<\/b>reconnue comme un puissant antioxydant. Quels secrets renferment donc ces gouttes pour rehausser la saveur de vos plats, soutenir la sant\u00e9 cardiaque et revitaliser votre peau et vos cheveux ? D\u00e9couvrons ensemble la puissance de l\u2019huile de s\u00e9same, un m\u00e9lange de go\u00fbt unique et de bienfaits complets pour la sant\u00e9 !<\/p>\n\t\t\t\t\t<\/div>\n\t\t\t\t\t\t<\/div>\n\t\t\t\t<\/div>\n\t\t\t\t<\/div>\n\t\t<div class=\"elementor-element elementor-element-457b671 e-con-full e-flex e-con e-child\" data-id=\"457b671\" data-element_type=\"container\" data-e-type=\"container\">\n\t\t\t\t<div class=\"elementor-element elementor-element-dddce38 elementor-widget elementor-widget-wd_text_block\" data-id=\"dddce38\" data-element_type=\"widget\" data-e-type=\"widget\" data-widget_type=\"wd_text_block.default\">\n\t\t\t\t<div class=\"elementor-widget-container\">\n\t\t\t\t\t\t\t<div class=\"wd-text-block reset-last-child text-center\">\n\t\t\t\n\t\t\t<h3>Bienfaits de l\u2019huile de s\u00e9same : Pourquoi est-elle un ajout pr\u00e9cieux \u00e0 votre cuisine et \u00e0 votre routine ?<\/h3>\n\t\t\t\t\t<\/div>\n\t\t\t\t\t\t<\/div>\n\t\t\t\t<\/div>\n\t\t\t\t<div class=\"elementor-element elementor-element-a6f75c7 elementor-widget elementor-widget-wd_text_block\" data-id=\"a6f75c7\" data-element_type=\"widget\" data-e-type=\"widget\" data-widget_type=\"wd_text_block.default\">\n\t\t\t\t<div class=\"elementor-widget-container\">\n\t\t\t\t\t\t\t<div class=\"wd-text-block reset-last-child text-center\">\n\t\t\t\n\t\t\t<p>La plupart des avantages proviennent de <b>Huile de s\u00e9same<\/b> Gr\u00e2ce \u00e0 sa richesse en antioxydants, acides gras essentiels et vitamines, il poss\u00e8de une grande valeur nutritionnelle et th\u00e9rapeutique. Voici ses principaux bienfaits :<\/p><ul><li><p><b>Pour la sant\u00e9 du c\u0153ur et du syst\u00e8me cardiovasculaire<\/b><\/p><ul><li><p><b>\u00c9quilibre du cholest\u00e9rol<\/b> Il contribue \u00e0 r\u00e9duire les niveaux de mauvais cholest\u00e9rol (LDL) et des triglyc\u00e9rides, diminuant ainsi le risque d\u2019ath\u00e9roscl\u00e9rose et de maladies cardiaques.<\/p><\/li><li><p><b>Antioxydants puissants<\/b> Il contient des compos\u00e9s tels que la sesamol et la sesaminol, de puissants antioxydants qui prot\u00e8gent les cellules du c\u0153ur et des vaisseaux sanguins contre les dommages.<\/p><\/li><li><p><b>R\u00e9gulation de la tension art\u00e9rielle:<\/b> Certaines \u00e9tudes sugg\u00e8rent qu\u2019il pourrait aider \u00e0 r\u00e9duire l\u2019hypertension art\u00e9rielle.<\/p><\/li><\/ul><\/li><li><p><b>Pour renforcer la sant\u00e9 bucco-dentaire:<\/b><\/p><ul><li><p><b>Le bain d\u2019huile<\/b> Le bain de bouche \u00e0 l\u2019huile de s\u00e9same est une pratique traditionnelle qui aide \u00e0 \u00e9liminer les bact\u00e9ries de la bouche, r\u00e9duire la plaque dentaire, blanchir les dents et renforcer les gencives, am\u00e9liorant ainsi la sant\u00e9 bucco-dentaire globale et r\u00e9duisant la mauvaise haleine.<\/p><\/li><li><p><b>Antimicrobien :<\/b> Ses propri\u00e9t\u00e9s antibact\u00e9riennes aident \u00e0 combattre les germes responsables des caries dentaires et des infections des gencives.<\/p><\/li><\/ul><\/li><li><p><b>Pour soutenir la sant\u00e9 digestive:<\/b><\/p><ul><li><p><b>Soulage la constipation:<\/b> Agit comme un laxatif naturel doux, aidant \u00e0 r\u00e9guler le transit intestinal et \u00e0 ramollir les selles, contribuant ainsi \u00e0 soulager la constipation.<\/p><\/li><li><p><b>Apaiser le c\u00f4lon:<\/b> Il peut aider \u00e0 r\u00e9duire les troubles du c\u00f4lon gr\u00e2ce \u00e0 ses propri\u00e9t\u00e9s apaisantes.<\/p><\/li><\/ul><\/li><li><p><b>Pour le soin de la peau et du corps<\/b><\/p><ul><li><p><b>Hydratation et Nutrition :<\/b> Il hydrate la peau en profondeur et aide \u00e0 renouveler les cellules cutan\u00e9es ab\u00eem\u00e9es, rendant la peau plus douce et plus souple.<\/p><\/li><li><p><b>Anti-\u00e2ge<\/b> Riche en vitamine E et en antioxydants, il aide \u00e0 prot\u00e9ger la peau des dommages caus\u00e9s par les radicaux libres et r\u00e9duit l\u2019apparence des rides et des fines lignes.<\/p><\/li><li><p><b>Anti-inflammatoire et antimicrobien<\/b> Il apaise les peaux irrit\u00e9es et aide \u00e0 traiter certaines affections cutan\u00e9es comme l\u2019ecz\u00e9ma et le psoriasis, et peut \u00e9galement contribuer au traitement de l\u2019acn\u00e9.<\/p><\/li><li><p><b>Protection solaire:<\/b> Certaines recherches indiquent qu\u2019il peut offrir une protection partielle contre les rayons ultraviolets (UV).<\/p><\/li><\/ul><\/li><li><p><b>Pour des cheveux et un cuir chevelu en bonne sant\u00e9:<\/b><\/p><ul><li><p><b>Hydratation et assouplissement des cheveux:<\/b> Nourrit les follicules pileux et stimule la circulation sanguine du cuir chevelu, favorisant une croissance saine des cheveux et r\u00e9duisant leur chute.<\/p><\/li><li><p><b>Lutte contre le grisonnement pr\u00e9matur\u00e9:<\/b> On pense qu\u2019il contribue \u00e0 pr\u00e9server la couleur naturelle des cheveux, \u00e0 r\u00e9duire l\u2019apparition des cheveux blancs pr\u00e9matur\u00e9s, et peut-\u00eatre \u00e0 foncer la teinte des cheveux.<\/p><\/li><li><p><b>Hydratation &amp; Assouplissement:<\/b> Offre une hydratation profonde aux cheveux secs et ab\u00eem\u00e9s, r\u00e9duit les frisottis et apporte de la brillance.<\/p><\/li><li><p><b>Sant\u00e9 du cuir chevelu:<\/b> Ses propri\u00e9t\u00e9s antibact\u00e9riennes et antifongiques aident \u00e0 lutter contre les pellicules et les probl\u00e8mes du cuir chevelu.<\/p><\/li><\/ul><\/li><li><p><b>Pour des os en bonne sant\u00e9:<\/b><\/p><ul><li><p><b>Riche en min\u00e9raux:<\/b> Il contient des min\u00e9raux essentiels tels que le calcium, le magn\u00e9sium, le cuivre et le zinc, indispensables pour renforcer les os et les prot\u00e9ger de l\u2019ost\u00e9oporose.<\/p><\/li><\/ul><\/li><\/ul>\n\t\t\t\t\t<\/div>\n\t\t\t\t\t\t<\/div>\n\t\t\t\t<\/div>\n\t\t\t\t<\/div>\n\t\t<div class=\"elementor-element elementor-element-b545f79 e-con-full e-flex e-con e-child\" data-id=\"b545f79\" data-element_type=\"container\" data-e-type=\"container\">\n\t\t\t\t<div class=\"elementor-element elementor-element-4353b8a elementor-widget elementor-widget-wd_text_block\" data-id=\"4353b8a\" data-element_type=\"widget\" data-e-type=\"widget\" data-widget_type=\"wd_text_block.default\">\n\t\t\t\t<div class=\"elementor-widget-container\">\n\t\t\t\t\t\t\t<div class=\"wd-text-block reset-last-child text-center\">\n\t\t\t\n\t\t\t<h3>Avis des experts sur l\u2019huile de s\u00e9same : un riche h\u00e9ritage et un soutien scientifique croissant !<\/h3>\n\t\t\t\t\t<\/div>\n\t\t\t\t\t\t<\/div>\n\t\t\t\t<\/div>\n\t\t\t\t<div class=\"elementor-element elementor-element-0404a5e elementor-widget elementor-widget-wd_text_block\" data-id=\"0404a5e\" data-element_type=\"widget\" data-e-type=\"widget\" data-widget_type=\"wd_text_block.default\">\n\t\t\t\t<div class=\"elementor-widget-container\">\n\t\t\t\t\t\t\t<div class=\"wd-text-block reset-last-child text-center\">\n\t\t\t\n\t\t\t<p>L\u2019huile de s\u00e9same est tr\u00e8s appr\u00e9ci\u00e9e des nutritionnistes, praticiens de la m\u00e9decine alternative et sp\u00e9cialistes de la beaut\u00e9, gr\u00e2ce \u00e0 sa longue tradition d\u2019utilisations et ses bienfaits pour la sant\u00e9. Elle est recommand\u00e9e comme huile de cuisson saine et compl\u00e9ment naturel pour les soins de la peau, des cheveux et de la bouche. Les recherches scientifiques montrent que ses compos\u00e9s actifs, notamment les antioxydants comme la s\u00e9samol et la s\u00e9saminol, contribuent \u00e0 prot\u00e9ger les cellules, r\u00e9duire l\u2019inflammation et soutenir diverses fonctions corporelles. La confiance accord\u00e9e \u00e0 l\u2019huile de s\u00e9same vient de son efficacit\u00e9 \u00e9prouv\u00e9e au fil des g\u00e9n\u00e9rations, ainsi que des preuves scientifiques croissantes confirmant sa place parmi les plus grands tr\u00e9sors de la nature pour favoriser la sant\u00e9 et la beaut\u00e9 globale.<\/p><p>\u00a0<\/p>\n\t\t\t\t\t<\/div>\n\t\t\t\t\t\t<\/div>\n\t\t\t\t<\/div>\n\t\t\t\t<\/div>\n\t\t\t\t<\/div>\n\t\t\t\t\t<\/div>\n\t\t\t\t<\/div>\n\t\t\t\t<\/div>","protected":false},"excerpt":{"rendered":"<p>Plongez dans l\u2019univers de l\u2019huile de s\u00e9same : l\u2019essence de petites graines aux grands tr\u00e9sors ! Vous cherchez une huile unique qui apporte une saveur distinctive \u00e0 vos plats asiatiques ?<\/p>","protected":false},"featured_media":3948,"comment_status":"open","ping_status":"closed","template":"","meta":[],"product_brand":[],"product_cat":[68],"product_tag":[],"class_list":{"0":"post-3213","1":"product","2":"type-product","3":"status-publish","4":"has-post-thumbnail","6":"product_cat-68","7":"pa_-30-ml","9":"first","10":"instock","11":"shipping-taxable","12":"purchasable","13":"product-type-variable"},"jetpack_sharing_enabled":true,"_links":{"self":[{"href":"https:\/\/sfb.ma\/fr\/wp-json\/wp\/v2\/product\/3213","targetHints":{"allow":["GET"]}}],"collection":[{"href":"https:\/\/sfb.ma\/fr\/wp-json\/wp\/v2\/product"}],"about":[{"href":"https:\/\/sfb.ma\/fr\/wp-json\/wp\/v2\/types\/product"}],"replies":[{"embeddable":true,"href":"https:\/\/sfb.ma\/fr\/wp-json\/wp\/v2\/comments?post=3213"}],"version-history":[{"count":0,"href":"https:\/\/sfb.ma\/fr\/wp-json\/wp\/v2\/product\/3213\/revisions"}],"wp:featuredmedia":[{"embeddable":true,"href":"https:\/\/sfb.ma\/fr\/wp-json\/wp\/v2\/media\/3948"}],"wp:attachment":[{"href":"https:\/\/sfb.ma\/fr\/wp-json\/wp\/v2\/media?parent=3213"}],"wp:term":[{"taxonomy":"product_brand","embeddable":true,"href":"https:\/\/sfb.ma\/fr\/wp-json\/wp\/v2\/product_brand?post=3213"},{"taxonomy":"product_cat","embeddable":true,"href":"https:\/\/sfb.ma\/fr\/wp-json\/wp\/v2\/product_cat?post=3213"},{"taxonomy":"product_tag","embeddable":true,"href":"https:\/\/sfb.ma\/fr\/wp-json\/wp\/v2\/product_tag?post=3213"}],"curies":[{"name":"wp","href":"https:\/\/api.w.org\/{rel}","templated":true}]}}