{"id":3221,"date":"2025-07-17T18:23:06","date_gmt":"2025-07-17T18:23:06","guid":{"rendered":"https:\/\/sfb.ma\/?post_type=product&#038;p=3221"},"modified":"2026-01-13T17:14:12","modified_gmt":"2026-01-13T17:14:12","slug":"huile-de-ricin","status":"publish","type":"product","link":"https:\/\/sfb.ma\/fr\/produit\/huile-de-ricin\/","title":{"rendered":"Huile de ricin"},"content":{"rendered":"<div data-elementor-type=\"product-post\" data-elementor-id=\"3221\" class=\"elementor elementor-3221\" data-elementor-post-type=\"product\">\n\t\t\t\t<div class=\"wd-negative-gap elementor-element elementor-element-ac1ef87 e-flex e-con-boxed e-con e-parent\" data-id=\"ac1ef87\" data-element_type=\"container\" data-e-type=\"container\">\n\t\t\t\t\t<div class=\"e-con-inner\">\n\t\t<div class=\"elementor-element elementor-element-e23ad07 e-con-full e-flex e-con e-child\" data-id=\"e23ad07\" data-element_type=\"container\" data-e-type=\"container\">\n\t\t<div class=\"elementor-element elementor-element-77cda47 e-con-full e-flex e-con e-child\" data-id=\"77cda47\" data-element_type=\"container\" data-e-type=\"container\">\n\t\t\t\t<div class=\"elementor-element elementor-element-340fad4 elementor-widget elementor-widget-wd_text_block\" data-id=\"340fad4\" data-element_type=\"widget\" data-e-type=\"widget\" data-widget_type=\"wd_text_block.default\">\n\t\t\t\t<div class=\"elementor-widget-container\">\n\t\t\t\t\t\t\t<div class=\"wd-text-block reset-last-child text-center\">\n\t\t\t\n\t\t\t<h3>Plongez au c\u0153ur de l\u2019huile de ricin : un tr\u00e9sor visqueux aux bienfaits incomparables !<\/h3>\n\t\t\t\t\t<\/div>\n\t\t\t\t\t\t<\/div>\n\t\t\t\t<\/div>\n\t\t\t\t<div class=\"elementor-element elementor-element-0004928 elementor-widget elementor-widget-wd_text_block\" data-id=\"0004928\" data-element_type=\"widget\" data-e-type=\"widget\" data-widget_type=\"wd_text_block.default\">\n\t\t\t\t<div class=\"elementor-widget-container\">\n\t\t\t\t\t\t\t<div class=\"wd-text-block reset-last-child text-center\">\n\t\t\t\n\t\t\t<p>Vous cherchez une huile naturelle reconnue pour sa texture \u00e9paisse, ses propri\u00e9t\u00e9s \u00e9tonnantes pour stimuler la pousse des cheveux (y compris cils et sourcils), hydrater la peau en profondeur, et son usage traditionnel comme laxatif efficace ? Pr\u00e9parez-vous \u00e0 d\u00e9couvrir <b>Huile de ricin (\u0632\u064a\u062a \u0627\u0644\u062e\u0631\u0648\u0639)<\/b>, extrait des graines de ricin (<i>Ricinus communis<\/i>). Cette huile ancienne, consid\u00e9r\u00e9e comme l\u2019une des plus anciennes utilis\u00e9es en m\u00e9decine et en soins de beaut\u00e9, est largement reconnue pour sa composition chimique unique.<\/p><p>L\u2019huile de ricin n\u2019est pas une huile ordinaire ; elle est tr\u00e8s riche en <b>Acide ricinol\u00e9ique<\/b>Il s\u2019agit d\u2019un acide gras monoinsatur\u00e9 qui constitue environ 90 % de sa composition. Cet acide lui conf\u00e8re ses propri\u00e9t\u00e9s th\u00e9rapeutiques uniques, notamment anti-inflammatoires, antimicrobiennes et hydratantes intenses. Alors, quels secrets renferme cette huile \u00e9paisse pour allonger vos cils, \u00e9paissir vos cheveux, apaiser votre peau et peut-\u00eatre aider \u00e0 r\u00e9soudre les probl\u00e8mes digestifs ? D\u00e9couvrons ensemble la puissance de l\u2019huile de ricin, la solution naturelle compl\u00e8te pour votre beaut\u00e9 et votre bien-\u00eatre !<\/p>\n\t\t\t\t\t<\/div>\n\t\t\t\t\t\t<\/div>\n\t\t\t\t<\/div>\n\t\t\t\t<\/div>\n\t\t<div class=\"elementor-element elementor-element-38ca6e1 e-con-full e-flex e-con e-child\" data-id=\"38ca6e1\" data-element_type=\"container\" data-e-type=\"container\">\n\t\t\t\t<div class=\"elementor-element elementor-element-8abae16 elementor-widget elementor-widget-wd_text_block\" data-id=\"8abae16\" data-element_type=\"widget\" data-e-type=\"widget\" data-widget_type=\"wd_text_block.default\">\n\t\t\t\t<div class=\"elementor-widget-container\">\n\t\t\t\t\t\t\t<div class=\"wd-text-block reset-last-child text-center\">\n\t\t\t\n\t\t\t<h3>Bienfaits de l\u2019huile de ricin : Pourquoi elle m\u00e9rite une place sp\u00e9ciale dans votre routine ?<\/h3>\n\t\t\t\t\t<\/div>\n\t\t\t\t\t\t<\/div>\n\t\t\t\t<\/div>\n\t\t\t\t<div class=\"elementor-element elementor-element-47ee19e elementor-widget elementor-widget-wd_text_block\" data-id=\"47ee19e\" data-element_type=\"widget\" data-e-type=\"widget\" data-widget_type=\"wd_text_block.default\">\n\t\t\t\t<div class=\"elementor-widget-container\">\n\t\t\t\t\t\t\t<div class=\"wd-text-block reset-last-child text-center\">\n\t\t\t\n\t\t\t<p>La plupart des bienfaits proviennent de <b>Huile de ricin<\/b> Gr\u00e2ce \u00e0 sa forte concentration en acide ricinol\u00e9ique et \u00e0 ses propri\u00e9t\u00e9s uniques anti-inflammatoires, antimicrobiennes et hydratantes, voici ses principaux bienfaits :<\/p><ul><li><p><b>Pour stimuler la croissance et l\u2019\u00e9paisseur des cheveux (avantage cl\u00e9) :<\/b><\/p><ul><li><p><b>Hydratation et assouplissement des cheveux:<\/b> L\u2019huile de ricin est r\u00e9put\u00e9e pour stimuler les follicules pileux, favorisant une croissance plus longue et plus dense des cheveux, notamment sur le cuir chevelu, les cils et les sourcils. On pense qu\u2019elle am\u00e9liore la circulation sanguine du cuir chevelu.<\/p><\/li><li><p><b>Renforce les cheveux et pr\u00e9vient la chute:<\/b> Nourrit les cheveux d\u00e8s la racine, r\u00e9duit la casse et les pointes fourchues, et renforce les m\u00e8ches pour limiter la chute des cheveux.<\/p><\/li><li><p><b>Hydratation et Assouplissement des Cheveux :<\/b> Apporte une hydratation profonde aux cheveux secs et boucl\u00e9s, leur donnant brillance et douceur.<\/p><\/li><li><p><b>Combat les pellicules et les probl\u00e8mes du cuir chevelu :<\/b> Ses propri\u00e9t\u00e9s antimicrobiennes aident \u00e0 traiter les infections fongiques et bact\u00e9riennes responsables des pellicules et d\u00e9mangeaisons.<\/p><\/li><\/ul><\/li><li><p><b>Pour le soin de la peau et du corps<\/b><\/p><ul><li><p><b>Ses propri\u00e9t\u00e9s antimicrobiennes aident \u00e0 traiter les infections fongiques et bact\u00e9riennes responsables des pellicules et des d\u00e9mangeaisons.<\/b> C\u2019est un excellent hydratant pour les peaux s\u00e8ches et craquel\u00e9es, formant une couche protectrice qui aide \u00e0 retenir l\u2019humidit\u00e9.<\/p><\/li><li><p><b>Anti-inflammatoire<\/b> Il aide \u00e0 apaiser les peaux irrit\u00e9es et \u00e0 r\u00e9duire les rougeurs et inflammations li\u00e9es \u00e0 des affections telles que l\u2019acn\u00e9, l\u2019ecz\u00e9ma et le psoriasis.<\/p><\/li><li><p><b>Propri\u00e9t\u00e9s antimicrobiennes<\/b> Contribue \u00e0 combattre les bact\u00e9ries pouvant provoquer l\u2019acn\u00e9 et les infections cutan\u00e9es.<\/p><\/li><li><p><b>Cicatrisation:<\/b> Certaines \u00e9tudes sugg\u00e8rent que l\u2019acide ricinol\u00e9ique pourrait favoriser la cicatrisation des plaies et r\u00e9duire la douleur.<\/p><\/li><li><p><b>R\u00e9duit les vergetures et les cicatrices:<\/b> Il peut aider \u00e0 am\u00e9liorer l\u2019apparence des vergetures et des cicatrices avec le temps, gr\u00e2ce \u00e0 ses propri\u00e9t\u00e9s hydratantes et r\u00e9g\u00e9n\u00e9rantes.<\/p><\/li><\/ul><\/li><li><p><b>Rem\u00e8des naturels (usage oral, avec grande prudence) :<\/b><\/p><ul><li><p>L'huile de ricin est traditionnellement utilis\u00e9e comme laxatif puissant pour stimuler le transit intestinal et soulager la constipation, gr\u00e2ce \u00e0 l'acide ricinol\u00e9ique qui active des r\u00e9cepteurs sp\u00e9cifiques dans les intestins. Toutefois, son usage prolong\u00e9 ou sans surveillance m\u00e9dicale n'est pas recommand\u00e9.<\/p><\/li><\/ul><\/li><\/ul>\n\t\t\t\t\t<\/div>\n\t\t\t\t\t\t<\/div>\n\t\t\t\t<\/div>\n\t\t\t\t<\/div>\n\t\t<div class=\"elementor-element elementor-element-ca6c1e0 e-con-full e-flex e-con e-child\" data-id=\"ca6c1e0\" data-element_type=\"container\" data-e-type=\"container\">\n\t\t\t\t<div class=\"elementor-element elementor-element-e3bdc8d elementor-widget elementor-widget-wd_text_block\" data-id=\"e3bdc8d\" data-element_type=\"widget\" data-e-type=\"widget\" data-widget_type=\"wd_text_block.default\">\n\t\t\t\t<div class=\"elementor-widget-container\">\n\t\t\t\t\t\t\t<div class=\"wd-text-block reset-last-child text-center\">\n\t\t\t\n\t\t\t<h3>Avis des experts sur l\u2019huile de ricin : un h\u00e9ritage historique aux bienfaits m\u00e9ritant des recherches continues !<\/h3>\n\t\t\t\t\t<\/div>\n\t\t\t\t\t\t<\/div>\n\t\t\t\t<\/div>\n\t\t\t\t<div class=\"elementor-element elementor-element-1d56326 elementor-widget elementor-widget-wd_text_block\" data-id=\"1d56326\" data-element_type=\"widget\" data-e-type=\"widget\" data-widget_type=\"wd_text_block.default\">\n\t\t\t\t<div class=\"elementor-widget-container\">\n\t\t\t\t\t\t\t<div class=\"wd-text-block reset-last-child text-center\">\n\t\t\t\n\t\t\t<p>L\u2019huile de ricin est tr\u00e8s appr\u00e9ci\u00e9e en m\u00e9decine traditionnelle et dans les soins naturels. Les herboristes et dermatologues la consid\u00e8rent efficace pour certaines conditions, notamment gr\u00e2ce \u00e0 ses bienfaits reconnus pour les cheveux et la peau. Les recherches scientifiques montrent que l\u2019acide ricinol\u00e9ique, principal composant, poss\u00e8de des propri\u00e9t\u00e9s anti-inflammatoires et antimicrobiennes, ainsi qu\u2019un effet laxatif. Cependant, les recommandations r\u00e9centes soulignent que beaucoup de preuves concernant ses bienfaits pour les cheveux et la peau restent anecdotiques et n\u00e9cessitent des \u00e9tudes cliniques plus larges pour confirmation. La confiance dans l\u2019huile de ricin vient de son usage historique long et efficace, mais elle doit \u00eatre utilis\u00e9e avec prudence en tenant compte des limites actuelles des preuves scientifiques.<\/p><p>\u00a0<\/p>\n\t\t\t\t\t<\/div>\n\t\t\t\t\t\t<\/div>\n\t\t\t\t<\/div>\n\t\t\t\t<\/div>\n\t\t\t\t<\/div>\n\t\t\t\t\t<\/div>\n\t\t\t\t<\/div>\n\t\t\t\t<\/div>","protected":false},"excerpt":{"rendered":"<p>Plongez dans la richesse de l'huile de ricin : un tr\u00e9sor visqueux aux propri\u00e9t\u00e9s in\u00e9gal\u00e9es ! Cherchez-vous une huile naturelle reconnue pour sa forte viscosit\u00e9 et ses bienfaits remarquables<\/p>","protected":false},"featured_media":3950,"comment_status":"open","ping_status":"closed","template":"","meta":[],"product_brand":[],"product_cat":[68],"product_tag":[],"class_list":{"0":"post-3221","1":"product","2":"type-product","3":"status-publish","4":"has-post-thumbnail","6":"product_cat-68","7":"pa_-30-ml","9":"first","10":"instock","11":"shipping-taxable","12":"purchasable","13":"product-type-variable"},"jetpack_sharing_enabled":true,"_links":{"self":[{"href":"https:\/\/sfb.ma\/fr\/wp-json\/wp\/v2\/product\/3221","targetHints":{"allow":["GET"]}}],"collection":[{"href":"https:\/\/sfb.ma\/fr\/wp-json\/wp\/v2\/product"}],"about":[{"href":"https:\/\/sfb.ma\/fr\/wp-json\/wp\/v2\/types\/product"}],"replies":[{"embeddable":true,"href":"https:\/\/sfb.ma\/fr\/wp-json\/wp\/v2\/comments?post=3221"}],"version-history":[{"count":0,"href":"https:\/\/sfb.ma\/fr\/wp-json\/wp\/v2\/product\/3221\/revisions"}],"wp:featuredmedia":[{"embeddable":true,"href":"https:\/\/sfb.ma\/fr\/wp-json\/wp\/v2\/media\/3950"}],"wp:attachment":[{"href":"https:\/\/sfb.ma\/fr\/wp-json\/wp\/v2\/media?parent=3221"}],"wp:term":[{"taxonomy":"product_brand","embeddable":true,"href":"https:\/\/sfb.ma\/fr\/wp-json\/wp\/v2\/product_brand?post=3221"},{"taxonomy":"product_cat","embeddable":true,"href":"https:\/\/sfb.ma\/fr\/wp-json\/wp\/v2\/product_cat?post=3221"},{"taxonomy":"product_tag","embeddable":true,"href":"https:\/\/sfb.ma\/fr\/wp-json\/wp\/v2\/product_tag?post=3221"}],"curies":[{"name":"wp","href":"https:\/\/api.w.org\/{rel}","templated":true}]}}