{"id":3228,"date":"2025-07-17T18:46:32","date_gmt":"2025-07-17T18:46:32","guid":{"rendered":"https:\/\/sfb.ma\/?post_type=product&#038;p=3228"},"modified":"2026-01-13T17:09:14","modified_gmt":"2026-01-13T17:09:14","slug":"huile-de-cumin-noir","status":"publish","type":"product","link":"https:\/\/sfb.ma\/fr\/produit\/huile-de-cumin-noir\/","title":{"rendered":"Huile de nigelle"},"content":{"rendered":"<div data-elementor-type=\"product-post\" data-elementor-id=\"3228\" class=\"elementor elementor-3228\" data-elementor-post-type=\"product\">\n\t\t\t\t<div class=\"wd-negative-gap elementor-element elementor-element-530fe0f e-flex e-con-boxed e-con e-parent\" data-id=\"530fe0f\" data-element_type=\"container\" data-e-type=\"container\">\n\t\t\t\t\t<div class=\"e-con-inner\">\n\t\t<div class=\"elementor-element elementor-element-8f89bb2 e-con-full e-flex e-con e-child\" data-id=\"8f89bb2\" data-element_type=\"container\" data-e-type=\"container\">\n\t\t<div class=\"elementor-element elementor-element-1171f19 e-con-full e-flex e-con e-child\" data-id=\"1171f19\" data-element_type=\"container\" data-e-type=\"container\">\n\t\t\t\t<div class=\"elementor-element elementor-element-c04e90b elementor-widget elementor-widget-wd_text_block\" data-id=\"c04e90b\" data-element_type=\"widget\" data-e-type=\"widget\" data-widget_type=\"wd_text_block.default\">\n\t\t\t\t<div class=\"elementor-widget-container\">\n\t\t\t\t\t\t\t<div class=\"wd-text-block reset-last-child text-center\">\n\t\t\t\n\t\t\t<h3>Qu\u2019est-ce que l\u2019huile de nigelle ? Une petite graine aux bienfaits exceptionnels !<\/h3>\n\t\t\t\t\t<\/div>\n\t\t\t\t\t\t<\/div>\n\t\t\t\t<\/div>\n\t\t\t\t<div class=\"elementor-element elementor-element-912fa88 elementor-widget elementor-widget-wd_text_block\" data-id=\"912fa88\" data-element_type=\"widget\" data-e-type=\"widget\" data-widget_type=\"wd_text_block.default\">\n\t\t\t\t<div class=\"elementor-widget-container\">\n\t\t\t\t\t\t\t<div class=\"wd-text-block reset-last-child text-center\">\n\t\t\t\n\t\t\t<p>C\u2019est une huile naturelle ancestrale reconnue pour ses larges propri\u00e9t\u00e9s th\u00e9rapeutiques, sa capacit\u00e9 \u00e0 soutenir le syst\u00e8me immunitaire, r\u00e9duire les inflammations et am\u00e9liorer la sant\u00e9 respiratoire et cutan\u00e9e. Pr\u00e9parez-vous \u00e0 d\u00e9couvrir <b>Huile de nigelle (\u0632\u064a\u062a \u0627\u0644\u062d\u0628\u0629 \u0627\u0644\u0633\u0648\u062f\u0627\u0621)<\/b>, extrait des graines de la plante (<i>Nigella sativa<\/i>), connue sous le nom de \u00ab graine noire \u00bb ou \u00ab cumin noir \u00bb. Cette huile remarquable, utilis\u00e9e depuis des mill\u00e9naires dans la m\u00e9decine traditionnelle \u00e0 travers diverses civilisations \u2014 de l\u2019\u00c9gypte ancienne au Moyen-Orient et \u00e0 l\u2019Asie \u2014 est grandement appr\u00e9ci\u00e9e dans les traditions religieuses et les domaines scientifiques pour ses multiples bienfaits.<\/p><p>L\u2019huile de nigelle n\u2019est pas une huile ordinaire ; elle est riche en compos\u00e9s bioactifs, dont le plus important est <b>Thymoquinone<\/b>, qui est l\u2019ingr\u00e9dient actif principal de l\u2019huile, en plus de <b>Antioxydants<\/b> Autre, <b>Acides gras essentiels<\/b> (comme l\u2019acide linol\u00e9ique et ol\u00e9ique), et<b>Vitamines et Min\u00e9raux<\/b>Ces composants lui conf\u00e8rent des propri\u00e9t\u00e9s uniques : anti-inflammatoires, antioxydantes, antimicrobiennes et stimulantes pour l\u2019immunit\u00e9. Quels secrets renferment donc ces gouttes noires pour fortifier votre corps, apaiser vos inflammations et illuminer votre peau ? D\u00e9couvrons ensemble la puissance de l\u2019huile de nigelle \u2014 le rem\u00e8de naturel complet pour un bien-\u00eatre global !<\/p>\n\t\t\t\t\t<\/div>\n\t\t\t\t\t\t<\/div>\n\t\t\t\t<\/div>\n\t\t\t\t<\/div>\n\t\t<div class=\"elementor-element elementor-element-81517ba e-con-full e-flex e-con e-child\" data-id=\"81517ba\" data-element_type=\"container\" data-e-type=\"container\">\n\t\t\t\t<div class=\"elementor-element elementor-element-daa3b19 elementor-widget elementor-widget-wd_text_block\" data-id=\"daa3b19\" data-element_type=\"widget\" data-e-type=\"widget\" data-widget_type=\"wd_text_block.default\">\n\t\t\t\t<div class=\"elementor-widget-container\">\n\t\t\t\t\t\t\t<div class=\"wd-text-block reset-last-child text-center\">\n\t\t\t\n\t\t\t<h3>Bienfaits de l\u2019huile de nigelle : Pourquoi est-elle un atout pr\u00e9cieux pour votre sant\u00e9 ?<\/h3>\n\t\t\t\t\t<\/div>\n\t\t\t\t\t\t<\/div>\n\t\t\t\t<\/div>\n\t\t\t\t<div class=\"elementor-element elementor-element-2e1d6ee elementor-widget elementor-widget-wd_text_block\" data-id=\"2e1d6ee\" data-element_type=\"widget\" data-e-type=\"widget\" data-widget_type=\"wd_text_block.default\">\n\t\t\t\t<div class=\"elementor-widget-container\">\n\t\t\t\t\t\t\t<div class=\"wd-text-block reset-last-child text-center\">\n\t\t\t\n\t\t\t<p>La plupart des avantages proviennent de <b>Huile de nigelle<\/b> Gr\u00e2ce \u00e0 sa forte concentration en thymoquinone et \u00e0 ses multiples propri\u00e9t\u00e9s \u2014 anti-inflammatoires, antioxydantes et stimulantes pour l\u2019immunit\u00e9. Voici ses principaux bienfaits :<\/p><ul><li><p><b>Soutien du syst\u00e8me immunitaire:<\/b> L\u2019huile de nigelle est un puissant stimulant immunitaire qui renforce les d\u00e9fenses de l\u2019organisme contre les maladies et infections, contribuant \u00e0 l\u2019\u00e9quilibre du syst\u00e8me immunitaire.<\/p><\/li><li><p><b>Puissantes propri\u00e9t\u00e9s anti-inflammatoires:<\/b> La thymquinone aide \u00e0 r\u00e9duire l\u2019inflammation dans le corps, ce qui la rend utile pour soulager les sympt\u00f4mes de maladies inflammatoires comme la polyarthrite rhumato\u00efde, l\u2019asthme et la sinusite.<\/p><\/li><li><p><b>Antioxydant<\/b> Il combat les radicaux libres nocifs dans le corps, r\u00e9duisant le stress oxydatif et prot\u00e9geant les cellules des dommages, contribuant \u00e0 la pr\u00e9vention des maladies chroniques et du vieillissement pr\u00e9matur\u00e9.<\/p><\/li><li><p><b>Pour la sant\u00e9 respiratoire :<\/b> Utilis\u00e9 pour aider \u00e0 :<\/p><ul><li><p>Soulage l\u2019asthme, la toux et l\u2019essoufflement gr\u00e2ce \u00e0 ses propri\u00e9t\u00e9s anti-inflammatoires et bronchodilatatrices.<\/p><\/li><li><p>R\u00e9duit la congestion nasale et les infections des voies respiratoires sup\u00e9rieures<\/p><\/li><\/ul><\/li><li><p><b>Soutien \u00e0 la sant\u00e9 digestive\u00a0:<\/b><\/p><ul><li><p>Aide \u00e0 soulager l\u2019indigestion, les gaz, les ballonnements et les douleurs gastriques.<\/p><\/li><li><p>Contribue \u00e0 prot\u00e9ger la muqueuse de l\u2019estomac contre les ulc\u00e8res.<\/p><\/li><li><p>Il peut r\u00e9duire la croissance des bact\u00e9ries nuisibles dans les intestins.<\/p><\/li><\/ul><\/li><li><p><b>Pour la sant\u00e9 de la peau et du teint :<\/b><\/p><ul><li><p><b>Apaisement des probl\u00e8mes de peau:<\/b> Il aide \u00e0 soulager les sympt\u00f4mes de l\u2019ecz\u00e9ma, du psoriasis, de l\u2019acn\u00e9 et de la dermatite gr\u00e2ce \u00e0 ses propri\u00e9t\u00e9s anti-inflammatoires et antimicrobiennes.<\/p><\/li><li><p><b>Hydratation et r\u00e9g\u00e9n\u00e9ration:<\/b> Il hydrate et nourrit la peau, et peut aider \u00e0 acc\u00e9l\u00e9rer la cicatrisation des blessures et des cicatrices.<\/p><\/li><\/ul><\/li><li><p><b>Pour la sant\u00e9 des cheveux :<\/b><\/p><ul><li><p>Nourrit le cuir chevelu, stimule la pousse des cheveux et r\u00e9duit la chute.<\/p><\/li><li><p>Il peut aider \u00e0 combattre les pellicules et \u00e0 am\u00e9liorer la sant\u00e9 g\u00e9n\u00e9rale des cheveux.<\/p><\/li><\/ul><\/li><li><p><b>Gestion du taux de sucre dans le sang:<\/b> Certaines \u00e9tudes sugg\u00e8rent qu\u2019il pourrait aider \u00e0 am\u00e9liorer la r\u00e9gulation de la glyc\u00e9mie et la sensibilit\u00e9 \u00e0 l\u2019insuline.<\/p><\/li><li><p><b>Antimicrobien :<\/b> Il poss\u00e8de des propri\u00e9t\u00e9s antibact\u00e9riennes, antivirales et antifongiques, ce qui le rend efficace contre les infections.<\/p><\/li><\/ul>\n\t\t\t\t\t<\/div>\n\t\t\t\t\t\t<\/div>\n\t\t\t\t<\/div>\n\t\t\t\t<\/div>\n\t\t<div class=\"elementor-element elementor-element-04d421e e-con-full e-flex e-con e-child\" data-id=\"04d421e\" data-element_type=\"container\" data-e-type=\"container\">\n\t\t\t\t<div class=\"elementor-element elementor-element-3c14082 elementor-widget elementor-widget-wd_text_block\" data-id=\"3c14082\" data-element_type=\"widget\" data-e-type=\"widget\" data-widget_type=\"wd_text_block.default\">\n\t\t\t\t<div class=\"elementor-widget-container\">\n\t\t\t\t\t\t\t<div class=\"wd-text-block reset-last-child text-center\">\n\t\t\t\n\t\t\t<p>\u00a0Pourquoi les experts font confiance \u00e0 l\u2019huile de nigelle : un h\u00e9ritage prouv\u00e9 et des recherches continues !<\/p>\n\t\t\t\t\t<\/div>\n\t\t\t\t\t\t<\/div>\n\t\t\t\t<\/div>\n\t\t\t\t<div class=\"elementor-element elementor-element-618a8ab elementor-widget elementor-widget-wd_text_block\" data-id=\"618a8ab\" data-element_type=\"widget\" data-e-type=\"widget\" data-widget_type=\"wd_text_block.default\">\n\t\t\t\t<div class=\"elementor-widget-container\">\n\t\t\t\t\t\t\t<div class=\"wd-text-block reset-last-child text-center\">\n\t\t\t\n\t\t\t<p>L\u2019huile de nigelle est tr\u00e8s appr\u00e9ci\u00e9e par les scientifiques, les m\u00e9decins de m\u00e9decine alternative et les experts en herboristerie pour sa large gamme de bienfaits pour la sant\u00e9. Elle est consid\u00e9r\u00e9e comme un compl\u00e9ment naturel puissant pour soutenir l\u2019immunit\u00e9, combattre l\u2019inflammation et am\u00e9liorer la sant\u00e9 globale. Les recherches scientifiques, notamment sur le compos\u00e9 thymoquinone, soulignent ses propri\u00e9t\u00e9s antioxydantes, anti-inflammatoires et antimicrobiennes, avec des \u00e9tudes prometteuses sur son r\u00f4le dans le soutien de certaines conditions de sant\u00e9. La confiance envers l\u2019huile de nigelle provient de sa longue histoire d\u2019utilisation s\u00fbre et efficace (lorsqu\u2019elle est correctement utilis\u00e9e) sur des milliers d\u2019ann\u00e9es, ainsi que des preuves scientifiques croissantes confirmant son statut comme l\u2019un des tr\u00e9sors naturels les plus pr\u00e9cieux pour la gu\u00e9rison et le bien-\u00eatre.<\/p>\n\t\t\t\t\t<\/div>\n\t\t\t\t\t\t<\/div>\n\t\t\t\t<\/div>\n\t\t\t\t<\/div>\n\t\t\t\t<\/div>\n\t\t\t\t\t<\/div>\n\t\t\t\t<\/div>\n\t\t\t\t<\/div>","protected":false},"excerpt":{"rendered":"<p>Qu\u2019est-ce que l\u2019huile de nigelle : une petite graine aux grands bienfaits ! C\u2019est une huile naturelle ancestrale reconnue pour ses propri\u00e9t\u00e9s th\u00e9rapeutiques \u00e9tendues et sa capacit\u00e9 \u00e0 soutenir le<\/p>","protected":false},"featured_media":3941,"comment_status":"open","ping_status":"closed","template":"","meta":[],"product_brand":[],"product_cat":[68],"product_tag":[],"class_list":{"0":"post-3228","1":"product","2":"type-product","3":"status-publish","4":"has-post-thumbnail","6":"product_cat-68","7":"pa_-30-ml","9":"first","10":"instock","11":"shipping-taxable","12":"purchasable","13":"product-type-variable"},"jetpack_sharing_enabled":true,"_links":{"self":[{"href":"https:\/\/sfb.ma\/fr\/wp-json\/wp\/v2\/product\/3228","targetHints":{"allow":["GET"]}}],"collection":[{"href":"https:\/\/sfb.ma\/fr\/wp-json\/wp\/v2\/product"}],"about":[{"href":"https:\/\/sfb.ma\/fr\/wp-json\/wp\/v2\/types\/product"}],"replies":[{"embeddable":true,"href":"https:\/\/sfb.ma\/fr\/wp-json\/wp\/v2\/comments?post=3228"}],"version-history":[{"count":0,"href":"https:\/\/sfb.ma\/fr\/wp-json\/wp\/v2\/product\/3228\/revisions"}],"wp:featuredmedia":[{"embeddable":true,"href":"https:\/\/sfb.ma\/fr\/wp-json\/wp\/v2\/media\/3941"}],"wp:attachment":[{"href":"https:\/\/sfb.ma\/fr\/wp-json\/wp\/v2\/media?parent=3228"}],"wp:term":[{"taxonomy":"product_brand","embeddable":true,"href":"https:\/\/sfb.ma\/fr\/wp-json\/wp\/v2\/product_brand?post=3228"},{"taxonomy":"product_cat","embeddable":true,"href":"https:\/\/sfb.ma\/fr\/wp-json\/wp\/v2\/product_cat?post=3228"},{"taxonomy":"product_tag","embeddable":true,"href":"https:\/\/sfb.ma\/fr\/wp-json\/wp\/v2\/product_tag?post=3228"}],"curies":[{"name":"wp","href":"https:\/\/api.w.org\/{rel}","templated":true}]}}