{"id":3268,"date":"2025-07-18T09:46:51","date_gmt":"2025-07-18T09:46:51","guid":{"rendered":"https:\/\/sfb.ma\/?post_type=product&#038;p=3268"},"modified":"2026-01-13T16:24:49","modified_gmt":"2026-01-13T16:24:49","slug":"huile-de-rose","status":"publish","type":"product","link":"https:\/\/sfb.ma\/fr\/produit\/huile-de-rose\/","title":{"rendered":"Huile de rose"},"content":{"rendered":"<div data-elementor-type=\"product-post\" data-elementor-id=\"3268\" class=\"elementor elementor-3268\" data-elementor-post-type=\"product\">\n\t\t\t\t<div class=\"wd-negative-gap elementor-element elementor-element-61d84cd e-flex e-con-boxed e-con e-parent\" data-id=\"61d84cd\" data-element_type=\"container\" data-e-type=\"container\">\n\t\t\t\t\t<div class=\"e-con-inner\">\n\t\t<div class=\"elementor-element elementor-element-26426a5 e-con-full e-flex e-con e-child\" data-id=\"26426a5\" data-element_type=\"container\" data-e-type=\"container\">\n\t\t<div class=\"elementor-element elementor-element-fe09537 e-con-full e-flex e-con e-child\" data-id=\"fe09537\" data-element_type=\"container\" data-e-type=\"container\">\n\t\t\t\t<div class=\"elementor-element elementor-element-e7d6ac7 elementor-widget elementor-widget-wd_text_block\" data-id=\"e7d6ac7\" data-element_type=\"widget\" data-e-type=\"widget\" data-widget_type=\"wd_text_block.default\">\n\t\t\t\t<div class=\"elementor-widget-container\">\n\t\t\t\t\t\t\t<div class=\"wd-text-block reset-last-child text-center\">\n\t\t\t\n\t\t\t<h3>Qu\u2019est-ce que l\u2019huile de rose ? L\u2019essence des p\u00e9tales de la reine des fleurs, riche en bienfaits envo\u00fbtants !<\/h3>\n\t\t\t\t\t<\/div>\n\t\t\t\t\t\t<\/div>\n\t\t\t\t<\/div>\n\t\t\t\t<div class=\"elementor-element elementor-element-c88fffa elementor-widget elementor-widget-wd_text_block\" data-id=\"c88fffa\" data-element_type=\"widget\" data-e-type=\"widget\" data-widget_type=\"wd_text_block.default\">\n\t\t\t\t<div class=\"elementor-widget-container\">\n\t\t\t\t\t\t\t<div class=\"wd-text-block reset-last-child text-center\">\n\t\t\t\n\t\t\t<p>\u00cates-vous \u00e0 la recherche d\u2019une huile essentielle parmi les plus pr\u00e9cieuses au monde, r\u00e9put\u00e9e pour son parfum luxueux qui captive les sens, ainsi que pour ses propri\u00e9t\u00e9s apaisantes, am\u00e9liorant l\u2019humeur et nourrissant la peau ? Plongez dans l\u2019univers de <b>\u0632\u064a\u062a \u0627\u0644\u0648\u0631\u062f (Rose Oil)<\/b>, extrait des p\u00e9tales de rose, notamment la rose de Damas (<i>Rosa damascena<\/i>) et rose centifolia (<i>Rosa centifolia<\/i>Cette huile essentielle, souvent appel\u00e9e \u00ab Roi des huiles \u00bb ou \u00ab Or liquide \u00bb en raison de sa raret\u00e9 et de sa valeur, est utilis\u00e9e depuis des si\u00e8cles dans les parfums, les cosm\u00e9tiques et l\u2019aromath\u00e9rapie.<\/p><p>L\u2019huile de rose n\u2019est pas qu\u2019une simple huile parfum\u00e9e ; elle est riche en centaines de compos\u00e9s chimiques complexes, tels que <b>Citronellol<\/b>, <b>G\u00e9raniol<\/b>et<b>Alcool ph\u00e9nyl\u00e9thylique<\/b>qui lui conf\u00e8rent ses propri\u00e9t\u00e9s curatives uniques : anti-inflammatoire, antimicrobienne, antioxydante et apaisante. Quels secrets renferment ces gouttes claires dor\u00e9es ou jaune p\u00e2le pour enchanter votre peau, nourrir vos cheveux et rafra\u00eechir votre esprit ? D\u00e9couvrons ensemble la puissance de l\u2019huile de rose, une touche de luxe et de gu\u00e9rison venue du c\u0153ur de la nature !<\/p>\n\t\t\t\t\t<\/div>\n\t\t\t\t\t\t<\/div>\n\t\t\t\t<\/div>\n\t\t\t\t<\/div>\n\t\t<div class=\"elementor-element elementor-element-0ef91e4 e-con-full e-flex e-con e-child\" data-id=\"0ef91e4\" data-element_type=\"container\" data-e-type=\"container\">\n\t\t\t\t<div class=\"elementor-element elementor-element-5148412 elementor-widget elementor-widget-wd_text_block\" data-id=\"5148412\" data-element_type=\"widget\" data-e-type=\"widget\" data-widget_type=\"wd_text_block.default\">\n\t\t\t\t<div class=\"elementor-widget-container\">\n\t\t\t\t\t\t\t<div class=\"wd-text-block reset-last-child text-center\">\n\t\t\t\n\t\t\t<h3>Bienfaits de l\u2019huile de rose : pourquoi les experts font confiance \u00e0 ses multiples vertus<\/h3>\n\t\t\t\t\t<\/div>\n\t\t\t\t\t\t<\/div>\n\t\t\t\t<\/div>\n\t\t\t\t<div class=\"elementor-element elementor-element-dccf090 elementor-widget elementor-widget-wd_text_block\" data-id=\"dccf090\" data-element_type=\"widget\" data-e-type=\"widget\" data-widget_type=\"wd_text_block.default\">\n\t\t\t\t<div class=\"elementor-widget-container\">\n\t\t\t\t\t\t\t<div class=\"wd-text-block reset-last-child text-center\">\n\t\t\t\n\t\t\t<p>La plupart des avantages proviennent de <b>Huile de rose<\/b> Gr\u00e2ce \u00e0 sa composition complexe et \u00e0 ses propri\u00e9t\u00e9s aromatiques qui agissent sur l\u2019esprit et le corps, voici ses principaux bienfaits :<\/p><ul><li><p><b>Pour le soutien \u00e9motionnel et psychologique (avantage cl\u00e9) :<\/b><\/p><ul><li><p><b>Anti-stress et soulagement de l\u2019anxi\u00e9t\u00e9<\/b> Son parfum aromatique luxueux aide \u00e0 apaiser le syst\u00e8me nerveux et \u00e0 r\u00e9duire les niveaux de cortisol (l\u2019hormone du stress), favorisant la relaxation et le calme. Utilis\u00e9 largement pour soulager le stress, l\u2019anxi\u00e9t\u00e9, et m\u00eame les sympt\u00f4mes de d\u00e9pression l\u00e9g\u00e8re.<\/p><\/li><li><p><b>Am\u00e9liorant de l\u2019humeur:<\/b> Il contribue \u00e0 \u00e9lever le moral, renforcer les \u00e9motions positives et favoriser un sentiment de bonheur et de s\u00e9r\u00e9nit\u00e9.<\/p><\/li><li><p><b>Am\u00e9liore la qualit\u00e9 du sommeil:<\/b> Il peut aider \u00e0 combattre l\u2019insomnie et favoriser un sommeil profond et r\u00e9parateur gr\u00e2ce \u00e0 son effet apaisant.<\/p><\/li><li><p><b>Soutien de la confiance en soi et gu\u00e9rison \u00e9motionnelle:<\/b> On pense qu\u2019il contribue \u00e0 renforcer les sentiments d\u2019amour de soi et de compassion, et il est utilis\u00e9 en aromath\u00e9rapie pour aider \u00e0 traiter le chagrin ou les traumatismes \u00e9motionnels.<\/p><\/li><\/ul><\/li><li><p><b>Pour la sant\u00e9 de la peau et du teint (cosm\u00e9tique et th\u00e9rapeutique)<\/b><\/p><ul><li><p><b>Hydratation et r\u00e9g\u00e9n\u00e9ration:<\/b> C\u2019est un excellent hydratant pour la peau, il aide \u00e0 retenir l\u2019humidit\u00e9 et favorise le renouvellement cellulaire, rendant la peau plus douce et \u00e9clatante.<\/p><\/li><li><p><b>Anti-inflammatoire et antimicrobien:<\/b> Aide \u00e0 r\u00e9duire les rougeurs et irritations, et apaise les peaux sensibles, sujettes \u00e0 l\u2019acn\u00e9, \u00e0 l\u2019ecz\u00e9ma ou \u00e0 la rosac\u00e9e gr\u00e2ce \u00e0 ses propri\u00e9t\u00e9s antiseptiques.<\/p><\/li><li><p><b>Anti-\u00e2ge<\/b> Riche en antioxydants qui combattent les radicaux libres, r\u00e9duisent l\u2019apparence des ridules et des rides, et am\u00e9liorent l\u2019\u00e9lasticit\u00e9 de la peau.<\/p><\/li><li><p><b>Uniformisation du teint:<\/b> Il peut aider \u00e0 r\u00e9duire les taches sombres et la pigmentation, am\u00e9liorant l\u2019\u00e9clat et l\u2019uniformit\u00e9 de la peau.<\/p><\/li><li><p><b>Cicatrisation des plaies et des cicatrices:<\/b> Il aide \u00e0 acc\u00e9l\u00e9rer la cicatrisation des petites blessures et peut r\u00e9duire la visibilit\u00e9 des cicatrices.<\/p><\/li><\/ul><\/li><li><p><b>Pour des cheveux et un cuir chevelu en bonne sant\u00e9:<\/b><\/p><ul><li><p><b>Hydratation et Nutrition :<\/b> Nourrit les cheveux, leur apporte de la brillance et aide \u00e0 hydrater le cuir chevelu sec.<\/p><\/li><li><p><b>Anti-pelliculaire:<\/b> Ses propri\u00e9t\u00e9s antimicrobiennes peuvent aider \u00e0 lutter contre les pellicules et les probl\u00e8mes du cuir chevelu.<\/p><\/li><\/ul><\/li><li><p><b>Pour r\u00e9duire la douleur et les crampes:<\/b><\/p><ul><li><p>Lorsqu\u2019il est utilis\u00e9 en massage, il peut aider \u00e0 soulager les douleurs musculaires, les crampes menstruelles et certains types de maux de t\u00eate gr\u00e2ce \u00e0 ses propri\u00e9t\u00e9s anti-inflammatoires et apaisantes.<\/p><\/li><\/ul><\/li><\/ul>\n\t\t\t\t\t<\/div>\n\t\t\t\t\t\t<\/div>\n\t\t\t\t<\/div>\n\t\t\t\t<\/div>\n\t\t<div class=\"elementor-element elementor-element-dd6de2a e-con-full e-flex e-con e-child\" data-id=\"dd6de2a\" data-element_type=\"container\" data-e-type=\"container\">\n\t\t\t\t<div class=\"elementor-element elementor-element-46a7d28 elementor-widget elementor-widget-wd_text_block\" data-id=\"46a7d28\" data-element_type=\"widget\" data-e-type=\"widget\" data-widget_type=\"wd_text_block.default\">\n\t\t\t\t<div class=\"elementor-widget-container\">\n\t\t\t\t\t\t\t<div class=\"wd-text-block reset-last-child text-center\">\n\t\t\t\n\t\t\t<h3>Experts' Take on Rose Oil: The Gem of Aromatherapy with Proven Benefits!<\/h3>\n\t\t\t\t\t<\/div>\n\t\t\t\t\t\t<\/div>\n\t\t\t\t<\/div>\n\t\t\t\t<div class=\"elementor-element elementor-element-eeee24e elementor-widget elementor-widget-wd_text_block\" data-id=\"eeee24e\" data-element_type=\"widget\" data-e-type=\"widget\" data-widget_type=\"wd_text_block.default\">\n\t\t\t\t<div class=\"elementor-widget-container\">\n\t\t\t\t\t\t\t<div class=\"wd-text-block reset-last-child text-center\">\n\t\t\t\n\t\t\t<p>Les experts accordent une grande confiance \u00e0 l\u2019huile de rose, la consid\u00e9rant comme l\u2019une des huiles essentielles les plus puissantes et efficaces pour le bien-\u00eatre \u00e9motionnel et physique. Recommand\u00e9e par les aromath\u00e9rapeutes, les dermatologues et les experts en bien-\u00eatre, elle est appr\u00e9ci\u00e9e pour ses propri\u00e9t\u00e9s apaisantes, anti-inflammatoires, ainsi que ses effets positifs sur la peau et l\u2019humeur. De nombreuses \u00e9tudes scientifiques montrent qu\u2019elle peut r\u00e9duire l\u2019anxi\u00e9t\u00e9, am\u00e9liorer le sommeil, soulager les douleurs menstruelles et soutenir la sant\u00e9 de la peau. La confiance envers l\u2019huile de rose d\u00e9coule de sa valeur historique mill\u00e9naire, de ses r\u00e9sultats visibles et des recherches r\u00e9centes qui confirment son statut de rem\u00e8de naturel luxueux et efficace pour le bien-\u00eatre global.<\/p><p>\u00a0<\/p>\n\t\t\t\t\t<\/div>\n\t\t\t\t\t\t<\/div>\n\t\t\t\t<\/div>\n\t\t\t\t<\/div>\n\t\t\t\t<\/div>\n\t\t\t\t\t<\/div>\n\t\t\t\t<\/div>\n\t\t\t\t<\/div>","protected":false},"excerpt":{"rendered":"<p>Qu\u2019est-ce que l\u2019huile de rose ? L\u2019essence des p\u00e9tales de la reine des fleurs aux bienfaits envo\u00fbtants ! Cherchez-vous une huile parfum\u00e9e reconnue comme l\u2019une des plus pr\u00e9cieuses dans<\/p>","protected":false},"featured_media":4266,"comment_status":"open","ping_status":"closed","template":"","meta":[],"product_brand":[],"product_cat":[68],"product_tag":[],"class_list":{"0":"post-3268","1":"product","2":"type-product","3":"status-publish","4":"has-post-thumbnail","6":"product_cat-68","7":"pa_-30-ml","9":"first","10":"instock","11":"shipping-taxable","12":"purchasable","13":"product-type-variable"},"jetpack_sharing_enabled":true,"_links":{"self":[{"href":"https:\/\/sfb.ma\/fr\/wp-json\/wp\/v2\/product\/3268","targetHints":{"allow":["GET"]}}],"collection":[{"href":"https:\/\/sfb.ma\/fr\/wp-json\/wp\/v2\/product"}],"about":[{"href":"https:\/\/sfb.ma\/fr\/wp-json\/wp\/v2\/types\/product"}],"replies":[{"embeddable":true,"href":"https:\/\/sfb.ma\/fr\/wp-json\/wp\/v2\/comments?post=3268"}],"version-history":[{"count":0,"href":"https:\/\/sfb.ma\/fr\/wp-json\/wp\/v2\/product\/3268\/revisions"}],"wp:featuredmedia":[{"embeddable":true,"href":"https:\/\/sfb.ma\/fr\/wp-json\/wp\/v2\/media\/4266"}],"wp:attachment":[{"href":"https:\/\/sfb.ma\/fr\/wp-json\/wp\/v2\/media?parent=3268"}],"wp:term":[{"taxonomy":"product_brand","embeddable":true,"href":"https:\/\/sfb.ma\/fr\/wp-json\/wp\/v2\/product_brand?post=3268"},{"taxonomy":"product_cat","embeddable":true,"href":"https:\/\/sfb.ma\/fr\/wp-json\/wp\/v2\/product_cat?post=3268"},{"taxonomy":"product_tag","embeddable":true,"href":"https:\/\/sfb.ma\/fr\/wp-json\/wp\/v2\/product_tag?post=3268"}],"curies":[{"name":"wp","href":"https:\/\/api.w.org\/{rel}","templated":true}]}}