{"id":3276,"date":"2025-07-18T10:00:22","date_gmt":"2025-07-18T10:00:22","guid":{"rendered":"https:\/\/sfb.ma\/?post_type=product&#038;p=3276"},"modified":"2026-01-13T16:23:13","modified_gmt":"2026-01-13T16:23:13","slug":"huile-d-ail","status":"publish","type":"product","link":"https:\/\/sfb.ma\/fr\/produit\/huile-d-ail\/","title":{"rendered":"Huile d'ail"},"content":{"rendered":"<div data-elementor-type=\"product-post\" data-elementor-id=\"3276\" class=\"elementor elementor-3276\" data-elementor-post-type=\"product\">\n\t\t\t\t<div class=\"wd-negative-gap elementor-element elementor-element-5052efa e-flex e-con-boxed e-con e-parent\" data-id=\"5052efa\" data-element_type=\"container\" data-e-type=\"container\">\n\t\t\t\t\t<div class=\"e-con-inner\">\n\t\t<div class=\"elementor-element elementor-element-21c36c9 e-con-full e-flex e-con e-child\" data-id=\"21c36c9\" data-element_type=\"container\" data-e-type=\"container\">\n\t\t<div class=\"elementor-element elementor-element-c68c996 e-con-full e-flex e-con e-child\" data-id=\"c68c996\" data-element_type=\"container\" data-e-type=\"container\">\n\t\t\t\t<div class=\"elementor-element elementor-element-3d32ebb elementor-widget elementor-widget-wd_text_block\" data-id=\"3d32ebb\" data-element_type=\"widget\" data-e-type=\"widget\" data-widget_type=\"wd_text_block.default\">\n\t\t\t\t<div class=\"elementor-widget-container\">\n\t\t\t\t\t\t\t<div class=\"wd-text-block reset-last-child text-center\">\n\t\t\t\n\t\t\t<h3>Qu\u2019est-ce que l\u2019huile d\u2019ail ? Un concentr\u00e9 liquide aux innombrables bienfaits !<\/h3>\n\t\t\t\t\t<\/div>\n\t\t\t\t\t\t<\/div>\n\t\t\t\t<\/div>\n\t\t\t\t<div class=\"elementor-element elementor-element-32e39f9 elementor-widget elementor-widget-wd_text_block\" data-id=\"32e39f9\" data-element_type=\"widget\" data-e-type=\"widget\" data-widget_type=\"wd_text_block.default\">\n\t\t\t\t<div class=\"elementor-widget-container\">\n\t\t\t\t\t\t\t<div class=\"wd-text-block reset-last-child text-center\">\n\t\t\t\n\t\t\t<p>Vous recherchez une huile naturelle reconnue pour ses propri\u00e9t\u00e9s antibact\u00e9riennes et antifongiques, sa capacit\u00e9 \u00e0 renforcer la sant\u00e9 des cheveux et de la peau, et \u00e0 soutenir le syst\u00e8me immunitaire ? Plongez dans l\u2019univers de <b>Huile d'ail (\u0632\u064a\u062a \u0627\u0644\u062b\u0648\u0645)<\/b>, extrait de gousses d\u2019ail (<i>Allium sativum<\/i>). L\u2019ail lui-m\u00eame est utilis\u00e9 depuis des milliers d\u2019ann\u00e9es en m\u00e9decine traditionnelle \u00e0 travers diff\u00e9rentes civilisations pour ses multiples bienfaits, et son huile concentr\u00e9e offre une grande partie de ces bienfaits sous forme liquide.<\/p><p>L\u2019huile d\u2019ail n\u2019est pas une huile ordinaire ; elle est riche en compos\u00e9s soufr\u00e9s actifs, notamment <b>Allicine<\/b>, le compos\u00e9 responsable de l\u2019odeur caract\u00e9ristique de l\u2019ail et de la plupart de ses propri\u00e9t\u00e9s th\u00e9rapeutiques. En plus de l\u2019allicine, l\u2019huile d\u2019ail contient <b>Antioxydants<\/b>et<b>Vitamines<\/b> (comme les vitamines C et B6), et<b>Min\u00e9raux<\/b> (Comme le s\u00e9l\u00e9nium, le zinc et le cuivre). Alors, quels secrets renferment ces gouttes odorantes pour nourrir vos cheveux, am\u00e9liorer votre peau et fortifier votre corps ? D\u00e9couvrons ensemble la puissance de l\u2019huile d\u2019ail, le gu\u00e9risseur naturel polyvalent !<\/p>\n\t\t\t\t\t<\/div>\n\t\t\t\t\t\t<\/div>\n\t\t\t\t<\/div>\n\t\t\t\t<\/div>\n\t\t<div class=\"elementor-element elementor-element-fce14de e-con-full e-flex e-con e-child\" data-id=\"fce14de\" data-element_type=\"container\" data-e-type=\"container\">\n\t\t\t\t<div class=\"elementor-element elementor-element-bc0520e elementor-widget elementor-widget-wd_text_block\" data-id=\"bc0520e\" data-element_type=\"widget\" data-e-type=\"widget\" data-widget_type=\"wd_text_block.default\">\n\t\t\t\t<div class=\"elementor-widget-container\">\n\t\t\t\t\t\t\t<div class=\"wd-text-block reset-last-child text-center\">\n\t\t\t\n\t\t\t<h3>Bienfaits de l\u2019huile d\u2019ail : Pourquoi les experts font-ils confiance \u00e0 son pouvoir th\u00e9rapeutique ?<\/h3>\n\t\t\t\t\t<\/div>\n\t\t\t\t\t\t<\/div>\n\t\t\t\t<\/div>\n\t\t\t\t<div class=\"elementor-element elementor-element-cd5dd51 elementor-widget elementor-widget-wd_text_block\" data-id=\"cd5dd51\" data-element_type=\"widget\" data-e-type=\"widget\" data-widget_type=\"wd_text_block.default\">\n\t\t\t\t<div class=\"elementor-widget-container\">\n\t\t\t\t\t\t\t<div class=\"wd-text-block reset-last-child text-center\">\n\t\t\t\n\t\t\t<p>La plupart des avantages proviennent de <b>Huile d'ail<\/b> Contenant des compos\u00e9s sulfur\u00e9s actifs, notamment l\u2019allicine, reconnue pour ses propri\u00e9t\u00e9s antimicrobiennes et anti-inflammatoires. Voici les principaux bienfaits :<\/p><ul><li><p><b>Pour la sant\u00e9 des cheveux et du cuir chevelu (avantage principal) :<\/b><\/p><ul><li><p><b>Stimule la croissance des cheveux et pr\u00e9vient la chute<\/b> L\u2019huile d\u2019ail stimule la circulation sanguine du cuir chevelu, nourrissant les follicules pileux et favorisant une croissance saine tout en r\u00e9duisant la chute des cheveux. Elle contribue \u00e9galement \u00e0 la production de collag\u00e8ne n\u00e9cessaire pour renforcer les cheveux.<\/p><\/li><li><p><b>Traitement anti-pelliculaire et antifongique :<\/b> Ses propri\u00e9t\u00e9s antifongiques et antibact\u00e9riennes aident \u00e0 \u00e9liminer les pellicules, les d\u00e9mangeaisons et les infections fongiques du cuir chevelu.<\/p><\/li><li><p><b>Renforcer et nourrir les cheveux<\/b> Il fournit des vitamines et min\u00e9raux qui renforcent les cheveux de la racine aux pointes, am\u00e9liorent la brillance et la souplesse, et r\u00e9duisent la casse.<\/p><\/li><li><p><b>Traitement pour cheveux ab\u00eem\u00e9s et secs :<\/b> Hydrate profond\u00e9ment les cheveux et r\u00e9duit les frisottis, id\u00e9al pour les cheveux secs et ab\u00eem\u00e9s.<\/p><\/li><\/ul><\/li><li><p><b>Pour la sant\u00e9 de la peau et du teint :<\/b><\/p><ul><li><p><b>Anti-acn\u00e9 et anti-inflammatoire<\/b> Ses propri\u00e9t\u00e9s antibact\u00e9riennes et anti-inflammatoires aident \u00e0 combattre les bact\u00e9ries responsables de l\u2019acn\u00e9 et \u00e0 r\u00e9duire l\u2019inflammation et les rougeurs li\u00e9es aux boutons.<\/p><\/li><li><p><b>Traitement des infections fongiques de la peau :<\/b> Il aide \u00e0 traiter certaines infections fongiques de la peau comme le pied d\u2019athl\u00e8te (tinea pedis) et la teigne, gr\u00e2ce \u00e0 ses propri\u00e9t\u00e9s antifongiques.<\/p><\/li><li><p><b>Acc\u00e9l\u00e8re la cicatrisation des plaies :<\/b> Il aide \u00e0 d\u00e9sinfecter les petites blessures et acc\u00e9l\u00e8re la cicatrisation des tissus.<\/p><\/li><li><p><b>Antioxydant et anti-\u00e2ge:<\/b> Il contient des antioxydants qui prot\u00e8gent la peau des dommages des radicaux libres et r\u00e9duisent l\u2019apparence des rides et des ridules.<\/p><\/li><li><p><b>Nourrit la peau et am\u00e9liore son \u00e9clat:<\/b> Il stimule la circulation sanguine de la peau, lui donnant un aspect sain et \u00e9clatant.<\/p><\/li><\/ul><\/li><li><p><b>Pour soutenir la sant\u00e9 g\u00e9n\u00e9rale (lorsqu\u2019il est consomm\u00e9 comme aliment ou compl\u00e9ment) :<\/b><\/p><ul><li><p><b>Renforcement du syst\u00e8me immunitaire :<\/b> Riche en antioxydants et compos\u00e9s soufr\u00e9s qui renforcent la capacit\u00e9 du corps \u00e0 combattre infections, virus et bact\u00e9ries.<\/p><\/li><li><p><b>Sant\u00e9 cardiaque et cardiovasculaire:<\/b> Il aide \u00e0 r\u00e9duire le taux de mauvais cholest\u00e9rol, r\u00e9guler la tension art\u00e9rielle et pr\u00e9venir l\u2019ath\u00e9roscl\u00e9rose.<\/p><\/li><li><p><b>Anti-inflammatoire<\/b> Il aide \u00e0 r\u00e9duire l'inflammation g\u00e9n\u00e9rale du corps, ce qui est b\u00e9n\u00e9fique pour des affections comme l\u2019arthrite.<\/p><\/li><li><p><b>Sant\u00e9 digestive :<\/b> Il peut aider \u00e0 combattre certaines bact\u00e9ries nuisibles du syst\u00e8me digestif, comme Helicobacter pylori (bact\u00e9rie de l\u2019estomac).<\/p><\/li><\/ul><\/li><\/ul>\n\t\t\t\t\t<\/div>\n\t\t\t\t\t\t<\/div>\n\t\t\t\t<\/div>\n\t\t\t\t<\/div>\n\t\t<div class=\"elementor-element elementor-element-6c34623 e-con-full e-flex e-con e-child\" data-id=\"6c34623\" data-element_type=\"container\" data-e-type=\"container\">\n\t\t\t\t<div class=\"elementor-element elementor-element-002fbf4 elementor-widget elementor-widget-wd_text_block\" data-id=\"002fbf4\" data-element_type=\"widget\" data-e-type=\"widget\" data-widget_type=\"wd_text_block.default\">\n\t\t\t\t<div class=\"elementor-widget-container\">\n\t\t\t\t\t\t\t<div class=\"wd-text-block reset-last-child text-center\">\n\t\t\t\n\t\t\t<p>\u00a0Pourquoi les experts font confiance \u00e0 l\u2019huile d\u2019ail : un pouvoir naturel avec prudence !<\/p>\n\t\t\t\t\t<\/div>\n\t\t\t\t\t\t<\/div>\n\t\t\t\t<\/div>\n\t\t\t\t<div class=\"elementor-element elementor-element-5cb7f66 elementor-widget elementor-widget-wd_text_block\" data-id=\"5cb7f66\" data-element_type=\"widget\" data-e-type=\"widget\" data-widget_type=\"wd_text_block.default\">\n\t\t\t\t<div class=\"elementor-widget-container\">\n\t\t\t\t\t\t\t<div class=\"wd-text-block reset-last-child text-center\">\n\t\t\t\n\t\t\t<p>Les experts consid\u00e8rent l\u2019huile d\u2019ail comme un rem\u00e8de naturel puissant aux multiples propri\u00e9t\u00e9s th\u00e9rapeutiques, notamment pour la sant\u00e9 des cheveux et du cuir chevelu ainsi que ses effets antimicrobiens. L\u2019ail et son huile sont des atouts pr\u00e9cieux pour les routines de sant\u00e9 gr\u00e2ce \u00e0 leur forte teneur en antioxydants et compos\u00e9s actifs.<\/p><p>De nombreuses \u00e9tudes soulignent son efficacit\u00e9 contre la chute des cheveux, la r\u00e9duction des pellicules et la lutte contre certaines infections cutan\u00e9es. Ses bienfaits pour renforcer l\u2019immunit\u00e9 et soutenir la sant\u00e9 cardiovasculaire sont largement reconnus en m\u00e9decine alternative et traditionnelle.<\/p><p>Cependant, les experts insistent sur le fait que <b>L\u2019importance de l\u2019utiliser avec une grande prudence et dilu\u00e9<\/b>En raison de sa haute concentration et de son parfum fort, il peut provoquer des irritations chez certaines personnes. Il est toujours conseill\u00e9 de consulter un sp\u00e9cialiste avant toute utilisation interne ou \u00e0 des fins th\u00e9rapeutiques sp\u00e9cifiques.<\/p>\n\t\t\t\t\t<\/div>\n\t\t\t\t\t\t<\/div>\n\t\t\t\t<\/div>\n\t\t\t\t<\/div>\n\t\t\t\t<\/div>\n\t\t\t\t\t<\/div>\n\t\t\t\t<\/div>\n\t\t\t\t<\/div>","protected":false},"excerpt":{"rendered":"<p>Qu\u2019est-ce que l\u2019huile d\u2019ail ? Un liquide concentr\u00e9 aux multiples bienfaits ! Cherchez-vous une huile naturelle reconnue pour ses propri\u00e9t\u00e9s antibact\u00e9riennes et antifongiques, ainsi que sa capacit\u00e9 \u00e0<\/p>","protected":false},"featured_media":4267,"comment_status":"open","ping_status":"closed","template":"","meta":[],"product_brand":[],"product_cat":[68],"product_tag":[],"class_list":{"0":"post-3276","1":"product","2":"type-product","3":"status-publish","4":"has-post-thumbnail","6":"product_cat-68","7":"pa_-30-ml","9":"first","10":"instock","11":"shipping-taxable","12":"purchasable","13":"product-type-variable"},"jetpack_sharing_enabled":true,"_links":{"self":[{"href":"https:\/\/sfb.ma\/fr\/wp-json\/wp\/v2\/product\/3276","targetHints":{"allow":["GET"]}}],"collection":[{"href":"https:\/\/sfb.ma\/fr\/wp-json\/wp\/v2\/product"}],"about":[{"href":"https:\/\/sfb.ma\/fr\/wp-json\/wp\/v2\/types\/product"}],"replies":[{"embeddable":true,"href":"https:\/\/sfb.ma\/fr\/wp-json\/wp\/v2\/comments?post=3276"}],"version-history":[{"count":0,"href":"https:\/\/sfb.ma\/fr\/wp-json\/wp\/v2\/product\/3276\/revisions"}],"wp:featuredmedia":[{"embeddable":true,"href":"https:\/\/sfb.ma\/fr\/wp-json\/wp\/v2\/media\/4267"}],"wp:attachment":[{"href":"https:\/\/sfb.ma\/fr\/wp-json\/wp\/v2\/media?parent=3276"}],"wp:term":[{"taxonomy":"product_brand","embeddable":true,"href":"https:\/\/sfb.ma\/fr\/wp-json\/wp\/v2\/product_brand?post=3276"},{"taxonomy":"product_cat","embeddable":true,"href":"https:\/\/sfb.ma\/fr\/wp-json\/wp\/v2\/product_cat?post=3276"},{"taxonomy":"product_tag","embeddable":true,"href":"https:\/\/sfb.ma\/fr\/wp-json\/wp\/v2\/product_tag?post=3276"}],"curies":[{"name":"wp","href":"https:\/\/api.w.org\/{rel}","templated":true}]}}