{"id":3291,"date":"2025-07-18T18:59:06","date_gmt":"2025-07-18T18:59:06","guid":{"rendered":"https:\/\/sfb.ma\/?post_type=product&#038;p=3291"},"modified":"2026-01-13T16:18:39","modified_gmt":"2026-01-13T16:18:39","slug":"huile-de-moutarde","status":"publish","type":"product","link":"https:\/\/sfb.ma\/fr\/produit\/huile-de-moutarde\/","title":{"rendered":"Huile de moutarde"},"content":{"rendered":"<div data-elementor-type=\"product-post\" data-elementor-id=\"3291\" class=\"elementor elementor-3291\" data-elementor-post-type=\"product\">\n\t\t\t\t<div class=\"wd-negative-gap elementor-element elementor-element-9604d27 e-flex e-con-boxed e-con e-parent\" data-id=\"9604d27\" data-element_type=\"container\" data-e-type=\"container\">\n\t\t\t\t\t<div class=\"e-con-inner\">\n\t\t<div class=\"elementor-element elementor-element-f7eb36b e-con-full e-flex e-con e-child\" data-id=\"f7eb36b\" data-element_type=\"container\" data-e-type=\"container\">\n\t\t<div class=\"elementor-element elementor-element-e951451 e-con-full e-flex e-con e-child\" data-id=\"e951451\" data-element_type=\"container\" data-e-type=\"container\">\n\t\t\t\t<div class=\"elementor-element elementor-element-e3f915f elementor-widget elementor-widget-wd_text_block\" data-id=\"e3f915f\" data-element_type=\"widget\" data-e-type=\"widget\" data-widget_type=\"wd_text_block.default\">\n\t\t\t\t<div class=\"elementor-widget-container\">\n\t\t\t\t\t\t\t<div class=\"wd-text-block reset-last-child text-center\">\n\t\t\t\n\t\t\t<h3>Qu\u2019est-ce que l\u2019huile de moutarde ? Une huile puissante aux propri\u00e9t\u00e9s uniques !<\/h3>\n\t\t\t\t\t<\/div>\n\t\t\t\t\t\t<\/div>\n\t\t\t\t<\/div>\n\t\t\t\t<div class=\"elementor-element elementor-element-628ceed elementor-widget elementor-widget-wd_text_block\" data-id=\"628ceed\" data-element_type=\"widget\" data-e-type=\"widget\" data-widget_type=\"wd_text_block.default\">\n\t\t\t\t<div class=\"elementor-widget-container\">\n\t\t\t\t\t\t\t<div class=\"wd-text-block reset-last-child text-center\">\n\t\t\t\n\t\t\t<p>Vous cherchez une huile naturelle au go\u00fbt \u00e9pic\u00e9 puissant et \u00e0 l\u2019odeur p\u00e9n\u00e9trante, reconnue pour stimuler la circulation sanguine, nourrir les cheveux et r\u00e9chauffer le corps ? Plongez dans l\u2019univers de <b>Huile de moutarde (\u0632\u064a\u062a \u0627\u0644\u062e\u0631\u062f\u0644)<\/b>, extrait des graines de moutarde (<i>Brassica juncea<\/i> ou <i>Sinapis alba<\/i>). Cette huile, ingr\u00e9dient de base dans les cuisines indienne et bangladaise depuis des mill\u00e9naires, est \u00e9galement tr\u00e8s appr\u00e9ci\u00e9e en m\u00e9decine ayurv\u00e9dique et traditionnelle pour ses bienfaits th\u00e9rapeutiques et cosm\u00e9tiques.<\/p><p>L\u2019huile de moutarde n\u2019est pas une huile ordinaire ; elle est riche en <b>Acides gras monoinsatur\u00e9s (AGMI)<\/b> comme l\u2019acide \u00e9rucique (Erucic Acid) et l\u2019acide ol\u00e9ique (Oleic Acid), ainsi que <b>Acides gras om\u00e9ga-3 (Acide alpha-linol\u00e9nique - ALA)<\/b> et<b>Om\u00e9ga-6 (acide linol\u00e9ique)<\/b>Il contient \u00e9galement <b>Antioxydants<\/b> Et des compos\u00e9s de soufre tels que <b>Allyl isothiocyanate<\/b>, qui lui conf\u00e8rent son parfum et go\u00fbt distinctifs, ainsi que des propri\u00e9t\u00e9s antimicrobiennes et anti-inflammatoires. Quels secrets ces gouttes dor\u00e9es renferment-elles pour stimuler vos cheveux, r\u00e9chauffer vos muscles, et parfumer vos plats? D\u00e9couvrons ensemble la puissance de l\u2019huile de moutarde, ce tr\u00e9sor \u00e9pic\u00e9 aux multiples usages !<\/p>\n\t\t\t\t\t<\/div>\n\t\t\t\t\t\t<\/div>\n\t\t\t\t<\/div>\n\t\t\t\t<\/div>\n\t\t<div class=\"elementor-element elementor-element-8952961 e-con-full e-flex e-con e-child\" data-id=\"8952961\" data-element_type=\"container\" data-e-type=\"container\">\n\t\t\t\t<div class=\"elementor-element elementor-element-c11d0a5 elementor-widget elementor-widget-wd_text_block\" data-id=\"c11d0a5\" data-element_type=\"widget\" data-e-type=\"widget\" data-widget_type=\"wd_text_block.default\">\n\t\t\t\t<div class=\"elementor-widget-container\">\n\t\t\t\t\t\t\t<div class=\"wd-text-block reset-last-child text-center\">\n\t\t\t\n\t\t\t<h3>Bienfaits de l\u2019huile de moutarde : Pourquoi les experts font confiance \u00e0 sa puissance chauffante et nourrissante<\/h3>\n\t\t\t\t\t<\/div>\n\t\t\t\t\t\t<\/div>\n\t\t\t\t<\/div>\n\t\t\t\t<div class=\"elementor-element elementor-element-ee4fa74 elementor-widget elementor-widget-wd_text_block\" data-id=\"ee4fa74\" data-element_type=\"widget\" data-e-type=\"widget\" data-widget_type=\"wd_text_block.default\">\n\t\t\t\t<div class=\"elementor-widget-container\">\n\t\t\t\t\t\t\t<div class=\"wd-text-block reset-last-child text-center\">\n\t\t\t\n\t\t\t<p>La plupart des avantages proviennent de <b>Huile de moutarde<\/b> Sa composition unique en acides gras et compos\u00e9s actifs lui conf\u00e8re des propri\u00e9t\u00e9s stimulantes. Voici ses principaux bienfaits :<\/p><ul><li><p><b>Pour la sant\u00e9 des cheveux et du cuir chevelu (avantage principal) :<\/b><\/p><ul><li><p><b>Hydratation et assouplissement des cheveux:<\/b> L\u2019huile de moutarde est r\u00e9put\u00e9e pour stimuler les follicules pileux et am\u00e9liorer la circulation sanguine du cuir chevelu gr\u00e2ce \u00e0 ses propri\u00e9t\u00e9s chauffantes et tonifiantes, favorisant une pousse plus rapide et plus saine des cheveux.<\/p><\/li><li><p><b>Renforce les cheveux et pr\u00e9vient la chute:<\/b> Nourrit les cheveux d\u00e8s la racine, r\u00e9duit la casse et les pointes fourchues, et renforce les fibres capillaires, aidant \u00e0 limiter la chute des cheveux.<\/p><\/li><li><p><b>Antibact\u00e9rien et antifongique:<\/b> Ses propri\u00e9t\u00e9s antimicrobiennes aident \u00e0 combattre les pellicules, les d\u00e9mangeaisons et les inflammations du cuir chevelu.<\/p><\/li><li><p><b>Hydratation et Nutrition :<\/b> Contribue \u00e0 hydrater les cheveux secs en leur apportant brillance et douceur.<\/p><\/li><\/ul><\/li><li><p><b>Pour la sant\u00e9 de la peau et du corps (pour massage local) :<\/b><\/p><ul><li><p><b>Effet chauffant et anti-inflammatoire :<\/b> Lors du massage, il procure une sensation de chaleur et aide \u00e0 soulager les douleurs musculaires et articulaires ainsi que les inflammations, notamment en cas d\u2019arthrite.<\/p><\/li><li><p><b>Antimicrobien :<\/b> Il peut \u00eatre utilis\u00e9 pour aider \u00e0 prot\u00e9ger la peau contre certains types d\u2019infections bact\u00e9riennes et fongiques.<\/p><\/li><li><p><b>Am\u00e9lioration de la circulation sanguine<\/b> Le massage \u00e0 l\u2019huile de moutarde stimule la circulation sanguine de la peau, am\u00e9liorant l\u2019\u00e9clat et le teint.<\/p><\/li><li><p><b>Nettoyant et d\u00e9toxifiant:<\/b> Nettoyant et d\u00e9toxifiant<\/p><\/li><\/ul><\/li><li><p><b>Pour la sant\u00e9 digestive et cardiaque (\u00e0 consommer avec pr\u00e9caution en usage alimentaire) :<\/b><\/p><ul><li><p><b>Stimulation de l\u2019app\u00e9tit et de la digestion :<\/b> Il contribue \u00e0 stimuler la s\u00e9cr\u00e9tion des sucs digestifs, facilitant ainsi la digestion et ouvrant l\u2019app\u00e9tit.<\/p><\/li><li><p><b>Sant\u00e9 cardiaque (pour certains types) :<\/b> Certaines huiles de moutarde (en particulier celles \u00e0 faible teneur en acide \u00e9rucique) sont r\u00e9put\u00e9es b\u00e9n\u00e9fiques pour la sant\u00e9 cardiaque gr\u00e2ce \u00e0 leur teneur en om\u00e9ga-3 et en acides gras monoinsatur\u00e9s.<\/p><\/li><li><p><b>Antibact\u00e9rien pour le syst\u00e8me digestif :<\/b> Il peut aider \u00e0 combattre certains types de bact\u00e9ries nocives dans l\u2019intestin.<\/p><\/li><\/ul><\/li><\/ul>\n\t\t\t\t\t<\/div>\n\t\t\t\t\t\t<\/div>\n\t\t\t\t<\/div>\n\t\t\t\t<\/div>\n\t\t<div class=\"elementor-element elementor-element-546574f e-con-full e-flex e-con e-child\" data-id=\"546574f\" data-element_type=\"container\" data-e-type=\"container\">\n\t\t\t\t<div class=\"elementor-element elementor-element-5fdadfc elementor-widget elementor-widget-wd_text_block\" data-id=\"5fdadfc\" data-element_type=\"widget\" data-e-type=\"widget\" data-widget_type=\"wd_text_block.default\">\n\t\t\t\t<div class=\"elementor-widget-container\">\n\t\t\t\t\t\t\t<div class=\"wd-text-block reset-last-child text-center\">\n\t\t\t\n\t\t\t<p>\u00a0Pourquoi les experts font-ils confiance \u00e0 l\u2019huile de moutarde ? Un h\u00e9ritage traditionnel appuy\u00e9 par la science !<\/p>\n\t\t\t\t\t<\/div>\n\t\t\t\t\t\t<\/div>\n\t\t\t\t<\/div>\n\t\t\t\t<div class=\"elementor-element elementor-element-be73976 elementor-widget elementor-widget-wd_text_block\" data-id=\"be73976\" data-element_type=\"widget\" data-e-type=\"widget\" data-widget_type=\"wd_text_block.default\">\n\t\t\t\t<div class=\"elementor-widget-container\">\n\t\t\t\t\t\t\t<div class=\"wd-text-block reset-last-child text-center\">\n\t\t\t\n\t\t\t<p>L\u2019huile de moutarde est tr\u00e8s appr\u00e9ci\u00e9e dans la cuisine asiatique et la m\u00e9decine ayurv\u00e9dique, o\u00f9 elle est consid\u00e9r\u00e9e comme une huile \u00ab chauffante \u00bb, connue pour stimuler la circulation, renforcer les cheveux et soulager les douleurs. Les herboristes et les praticiens de la m\u00e9decine traditionnelle la recommandent pour ses bienfaits stimulants.<\/p><p>Cependant, les avis des experts en Occident divergent quant \u00e0 l\u2019usage alimentaire de l\u2019huile de moutarde en raison de sa teneur en <b>Acide \u00e9rucique<\/b>Certaines \u00e9tudes animales indiquent que des niveaux \u00e9lev\u00e9s de cet acide pourraient \u00eatre nocifs pour le c\u0153ur \u00e0 long terme. Pour cette raison, dans certains pays occidentaux (comme le Canada et certaines r\u00e9gions d\u2019Europe), l\u2019huile de moutarde est autoris\u00e9e uniquement pour un usage externe ou, pour l\u2019alimentation, avec des teneurs tr\u00e8s limit\u00e9es en acide \u00e9rucique. En revanche, dans des pays comme l\u2019Inde et le Bangladesh, elle est largement consid\u00e9r\u00e9e comme une huile alimentaire courante et s\u00fbre lorsqu\u2019elle est utilis\u00e9e avec mod\u00e9ration dans le cadre d\u2019un r\u00e9gime traditionnel.<\/p><p>Ses bienfaits topiques pour les cheveux, la peau et les massages font l\u2019unanimit\u00e9, et il est reconnu comme \u00e9tant efficace. La confiance dans l\u2019huile de moutarde repose sur une longue tradition d\u2019usage, mais il est essentiel de conna\u00eetre les limites et les mises en garde li\u00e9es \u00e0 sa teneur en acide \u00e9rucique, en particulier lorsqu\u2019elle est consomm\u00e9e par voie alimentaire.<\/p>\n\t\t\t\t\t<\/div>\n\t\t\t\t\t\t<\/div>\n\t\t\t\t<\/div>\n\t\t\t\t<\/div>\n\t\t\t\t<\/div>\n\t\t\t\t\t<\/div>\n\t\t\t\t<\/div>\n\t\t\t\t<\/div>","protected":false},"excerpt":{"rendered":"<p>Qu\u2019est-ce que l\u2019huile de moutarde ? Une huile puissante aux propri\u00e9t\u00e9s uniques ! Cherchez-vous une huile naturelle reconnue pour sa saveur \u00e9pic\u00e9e intense et son ar\u00f4me p\u00e9n\u00e9trant, et connue pour<\/p>","protected":false},"featured_media":3965,"comment_status":"open","ping_status":"closed","template":"","meta":[],"product_brand":[],"product_cat":[68],"product_tag":[],"class_list":{"0":"post-3291","1":"product","2":"type-product","3":"status-publish","4":"has-post-thumbnail","6":"product_cat-68","7":"pa_-30-ml","9":"first","10":"instock","11":"shipping-taxable","12":"purchasable","13":"product-type-variable"},"jetpack_sharing_enabled":true,"_links":{"self":[{"href":"https:\/\/sfb.ma\/fr\/wp-json\/wp\/v2\/product\/3291","targetHints":{"allow":["GET"]}}],"collection":[{"href":"https:\/\/sfb.ma\/fr\/wp-json\/wp\/v2\/product"}],"about":[{"href":"https:\/\/sfb.ma\/fr\/wp-json\/wp\/v2\/types\/product"}],"replies":[{"embeddable":true,"href":"https:\/\/sfb.ma\/fr\/wp-json\/wp\/v2\/comments?post=3291"}],"version-history":[{"count":0,"href":"https:\/\/sfb.ma\/fr\/wp-json\/wp\/v2\/product\/3291\/revisions"}],"wp:featuredmedia":[{"embeddable":true,"href":"https:\/\/sfb.ma\/fr\/wp-json\/wp\/v2\/media\/3965"}],"wp:attachment":[{"href":"https:\/\/sfb.ma\/fr\/wp-json\/wp\/v2\/media?parent=3291"}],"wp:term":[{"taxonomy":"product_brand","embeddable":true,"href":"https:\/\/sfb.ma\/fr\/wp-json\/wp\/v2\/product_brand?post=3291"},{"taxonomy":"product_cat","embeddable":true,"href":"https:\/\/sfb.ma\/fr\/wp-json\/wp\/v2\/product_cat?post=3291"},{"taxonomy":"product_tag","embeddable":true,"href":"https:\/\/sfb.ma\/fr\/wp-json\/wp\/v2\/product_tag?post=3291"}],"curies":[{"name":"wp","href":"https:\/\/api.w.org\/{rel}","templated":true}]}}