{"id":3299,"date":"2025-07-23T08:18:50","date_gmt":"2025-07-23T08:18:50","guid":{"rendered":"https:\/\/sfb.ma\/?post_type=product&#038;p=3299"},"modified":"2026-01-13T15:21:13","modified_gmt":"2026-01-13T15:21:13","slug":"huile-de-figue-de-barbarie","status":"publish","type":"product","link":"https:\/\/sfb.ma\/fr\/produit\/huile-de-figue-de-barbarie\/","title":{"rendered":"Huile de figue de Barbarie"},"content":{"rendered":"<div data-elementor-type=\"product-post\" data-elementor-id=\"3299\" class=\"elementor elementor-3299\" data-elementor-post-type=\"product\">\n\t\t\t\t<div class=\"wd-negative-gap elementor-element elementor-element-13840b6 e-flex e-con-boxed e-con e-parent\" data-id=\"13840b6\" data-element_type=\"container\" data-e-type=\"container\">\n\t\t\t\t\t<div class=\"e-con-inner\">\n\t\t<div class=\"elementor-element elementor-element-8fe5ced e-con-full e-flex e-con e-child\" data-id=\"8fe5ced\" data-element_type=\"container\" data-e-type=\"container\">\n\t\t<div class=\"elementor-element elementor-element-6b8649e e-con-full e-flex e-con e-child\" data-id=\"6b8649e\" data-element_type=\"container\" data-e-type=\"container\">\n\t\t\t\t<div class=\"elementor-element elementor-element-065d7bc elementor-widget elementor-widget-wd_text_block\" data-id=\"065d7bc\" data-element_type=\"widget\" data-e-type=\"widget\" data-widget_type=\"wd_text_block.default\">\n\t\t\t\t<div class=\"elementor-widget-container\">\n\t\t\t\t\t\t\t<div class=\"wd-text-block reset-last-child text-center\">\n\t\t\t\n\t\t\t<h3>Qu\u2019est-ce que l\u2019huile de figue de barbarie ? L\u2019or liquide du d\u00e9sert pour une beaut\u00e9 \u00e9ternelle !<\/h3>\n\t\t\t\t\t<\/div>\n\t\t\t\t\t\t<\/div>\n\t\t\t\t<\/div>\n\t\t\t\t<div class=\"elementor-element elementor-element-0b7a56c elementor-widget elementor-widget-wd_text_block\" data-id=\"0b7a56c\" data-element_type=\"widget\" data-e-type=\"widget\" data-widget_type=\"wd_text_block.default\">\n\t\t\t\t<div class=\"elementor-widget-container\">\n\t\t\t\t\t\t\t<div class=\"wd-text-block reset-last-child text-center\">\n\t\t\t\n\t\t\t<p>Vous recherchez un secret de beaut\u00e9 naturelle, connu comme l\u2019une des huiles les plus rares et pr\u00e9cieuses au monde, offrant des bienfaits exceptionnels pour votre peau et vos cheveux ? Plongez dans l\u2019univers de <b>Huile de figue de barbarie ( \u0632\u064a\u062a \u0627\u0644\u062a\u064a\u0646 \u0627\u0644\u0634\u0648\u0643\u064a)<\/b>Cette huile pr\u00e9cieuse, extraite \u00e0 froid des petites graines de figues de Barbarie (<i>Opuntia ficus-indica<\/i>), il est consid\u00e9r\u00e9 comme un v\u00e9ritable tr\u00e9sor issu du c\u0153ur du d\u00e9sert marocain et d\u2019environnements arides similaires. La production d\u2019un seul litre de cette huile pr\u00e9cieuse n\u00e9cessite pr\u00e8s d\u2019une tonne de figues de barbarie, des milliers de graines, et un processus d\u2019extraction minutieux et exigeant \u2014 ce qui explique sa raret\u00e9 et son prix \u00e9lev\u00e9.<\/p><p>L\u2019huile de figue de barbarie n\u2019est pas une huile ordinaire ; elle est riche en <b>Vitamine E<\/b> (avec des concentrations bien plus \u00e9lev\u00e9es que l\u2019huile d\u2019argan), et<b>Vitamine K<\/b>et<b>Acides gras essentiels<\/b> (notamment l\u2019acide linol\u00e9ique Om\u00e9ga-6), et<b>Antioxydants puissants<\/b> (Comme les flavono\u00efdes et les polyph\u00e9nols). Ces ingr\u00e9dients actifs agissent en harmonie pour redonner vitalit\u00e9 \u00e0 votre peau, unifier son teint et lui offrir un \u00e9clat incomparable, ainsi que des bienfaits remarquables pour les cheveux et les ongles. Alors, quels secrets ce \u201cor liquide\u201d d\u00e9tient-il pour transformer votre peau et lui rendre jeunesse et fra\u00eecheur ? D\u00e9couvrons ensemble la puissance de l\u2019huile de p\u00e9pins de figue de Barbarie, votre alli\u00e9e secr\u00e8te pour une beaut\u00e9 \u00e9clatante !<\/p>\n\t\t\t\t\t<\/div>\n\t\t\t\t\t\t<\/div>\n\t\t\t\t<\/div>\n\t\t\t\t<\/div>\n\t\t<div class=\"elementor-element elementor-element-cce81b8 e-con-full e-flex e-con e-child\" data-id=\"cce81b8\" data-element_type=\"container\" data-e-type=\"container\">\n\t\t\t\t<div class=\"elementor-element elementor-element-b367e2e elementor-widget elementor-widget-wd_text_block\" data-id=\"b367e2e\" data-element_type=\"widget\" data-e-type=\"widget\" data-widget_type=\"wd_text_block.default\">\n\t\t\t\t<div class=\"elementor-widget-container\">\n\t\t\t\t\t\t\t<div class=\"wd-text-block reset-last-child text-center\">\n\t\t\t\n\t\t\t<h3>Bienfaits de l\u2019huile de figue de Barbarie : Pourquoi est-elle un tr\u00e9sor inestimable pour votre beaut\u00e9 ?<\/h3>\n\t\t\t\t\t<\/div>\n\t\t\t\t\t\t<\/div>\n\t\t\t\t<\/div>\n\t\t\t\t<div class=\"elementor-element elementor-element-1b26a6c elementor-widget elementor-widget-wd_text_block\" data-id=\"1b26a6c\" data-element_type=\"widget\" data-e-type=\"widget\" data-widget_type=\"wd_text_block.default\">\n\t\t\t\t<div class=\"elementor-widget-container\">\n\t\t\t\t\t\t\t<div class=\"wd-text-block reset-last-child text-center\">\n\t\t\t\n\t\t\t<p>La plupart des avantages proviennent de <b>Huile de figue de Barbarie<\/b> Sa formule unique, riche en antioxydants, vitamines et acides gras, lui conf\u00e8re une capacit\u00e9 exceptionnelle \u00e0 r\u00e9g\u00e9n\u00e9rer et am\u00e9liorer la peau et les cheveux. Voici ses principaux bienfaits :<\/p><ul><li><p><b>\u0645\u0643\u0627\u0641\u062d\u0629 \u0639\u0644\u0627\u0645\u0627\u062a \u0627\u0644\u0634\u064a\u062e\u0648\u062e\u0629 \u0648\u0627\u0644\u062a\u062c\u0627\u0639\u064a\u062f (\u0641\u0627\u0626\u062f\u0629 \u0628\u0627\u0631\u0632\u0629):<\/b><\/p><ul><li><p>C\u2019est l\u2019une des huiles les plus puissantes pour combattre <b>Radicaux libres<\/b> Gr\u00e2ce \u00e0 sa forte concentration en vitamine E et en antioxydants.<\/p><\/li><li><p>R\u00e9duit consid\u00e9rablement l\u2019apparence de <b>Rides et ridules<\/b>, et am\u00e9liore l\u2019\u00e9lasticit\u00e9 de la peau, offrant un aspect plus jeune.<\/p><\/li><\/ul><\/li><li><p><b>\u00c9claircissement des cernes sous les yeux et r\u00e9duction des poches<\/b><\/p><ul><li><p>Riche en vitamine K, qui aide \u00e0 r\u00e9duire l\u2019apparence des cernes sous les yeux et \u00e0 unifier le teint de cette zone d\u00e9licate.<\/p><\/li><li><p>R\u00e9duit les poches et am\u00e9liore la circulation sanguine, offrant un regard plus lumineux et plus \u00e9clatant.<\/p><\/li><\/ul><\/li><li><p><b>Hydratation profonde et nutrition sup\u00e9rieure pour la peau<\/b><\/p><ul><li><p>Offre une hydratation intense et durable sans obstruer les pores, ce qui le rend adapt\u00e9 \u00e0 tous les types de peau, y compris les peaux grasses et \u00e0 tendance acn\u00e9ique.<\/p><\/li><li><p>Nourrit la peau en vitamines et min\u00e9raux essentiels, contribuant \u00e0 sa sant\u00e9 et son \u00e9clat.<\/p><\/li><\/ul><\/li><li><p><b>Traitement des taches sombres et unification du teint<\/b><\/p><ul><li><p>Aide \u00e0 \u00e9claircir les pigments, les taches de soleil et les cicatrices d\u2019acn\u00e9, offrant \u00e0 la peau un teint uniforme et \u00e9clatant.<\/p><\/li><\/ul><\/li><li><p><b>Traitement de l\u2019acn\u00e9 et r\u00e9duction des inflammations<\/b><\/p><ul><li><p>Ses propri\u00e9t\u00e9s anti-inflammatoires et antibact\u00e9riennes aident \u00e0 apaiser la peau enflamm\u00e9e et \u00e0 r\u00e9duire l\u2019apparition de l\u2019acn\u00e9.<\/p><\/li><li><p>\u00c9quilibre la production de s\u00e9bum, ce qui le rend b\u00e9n\u00e9fique pour les peaux grasses.<\/p><\/li><\/ul><\/li><li><p><b>Renouvellement cellulaire et am\u00e9lioration de la texture de la peau<\/b><\/p><ul><li><p>Il acc\u00e9l\u00e8re le renouvellement des cellules de la peau, \u00e9liminant les cellules mortes et r\u00e9v\u00e9lant une peau plus douce et plus saine.<\/p><\/li><li><p>Am\u00e9liore la texture de la peau et lui donne un aspect doux et soyeux.<\/p><\/li><\/ul><\/li><li><p><b>Bienfaits pour les cheveux et les ongles<\/b><\/p><ul><li><p>Il peut \u00eatre utilis\u00e9 pour hydrater les cheveux secs, r\u00e9duire les frisottis, renforcer les ongles cassants et pr\u00e9venir leur casse.<\/p><\/li><\/ul><\/li><\/ul>\n\t\t\t\t\t<\/div>\n\t\t\t\t\t\t<\/div>\n\t\t\t\t<\/div>\n\t\t\t\t<\/div>\n\t\t<div class=\"elementor-element elementor-element-1235e97 e-con-full e-flex e-con e-child\" data-id=\"1235e97\" data-element_type=\"container\" data-e-type=\"container\">\n\t\t\t\t<div class=\"elementor-element elementor-element-8968630 elementor-widget elementor-widget-wd_text_block\" data-id=\"8968630\" data-element_type=\"widget\" data-e-type=\"widget\" data-widget_type=\"wd_text_block.default\">\n\t\t\t\t<div class=\"elementor-widget-container\">\n\t\t\t\t\t\t\t<div class=\"wd-text-block reset-last-child text-center\">\n\t\t\t\n\t\t\t<h3>Avis des experts sur l\u2019huile de figue de Barbarie : \u00c9loge mondial pour sa qualit\u00e9 et son efficacit\u00e9 !<\/h3>\n\t\t\t\t\t<\/div>\n\t\t\t\t\t\t<\/div>\n\t\t\t\t<\/div>\n\t\t\t\t<div class=\"elementor-element elementor-element-e2f324f elementor-widget elementor-widget-wd_text_block\" data-id=\"e2f324f\" data-element_type=\"widget\" data-e-type=\"widget\" data-widget_type=\"wd_text_block.default\">\n\t\t\t\t<div class=\"elementor-widget-container\">\n\t\t\t\t\t\t\t<div class=\"wd-text-block reset-last-child text-center\">\n\t\t\t\n\t\t\t<p>Les experts en soins de la peau, dermatologues et sp\u00e9cialistes de la beaut\u00e9 font grandement confiance \u00e0 l\u2019huile de p\u00e9pins de figue de barbarie, la consid\u00e9rant comme l\u2019une des huiles naturelles les plus efficaces contre le vieillissement et pour le renouvellement de la peau. Ils soulignent particuli\u00e8rement sa haute concentration en vitamine E et en acide linol\u00e9ique, ce qui la rend sup\u00e9rieure \u00e0 de nombreuses autres huiles.<\/p><p>Les recherches scientifiques soulignent les puissantes propri\u00e9t\u00e9s antioxydantes, anti-inflammatoires et r\u00e9g\u00e9n\u00e9ratrices cellulaires de cette huile. Recommand\u00e9e comme soin de nuit ou dans une routine quotidienne pour ceux qui recherchent une solution naturelle et efficace aux probl\u00e8mes de peau. La confiance envers l\u2019huile de figue de barbarie provient de sa raret\u00e9, sa puret\u00e9 et son efficacit\u00e9 prouv\u00e9e pour am\u00e9liorer visiblement l\u2019apparence et la sant\u00e9 de la peau.<\/p>\n\t\t\t\t\t<\/div>\n\t\t\t\t\t\t<\/div>\n\t\t\t\t<\/div>\n\t\t\t\t<\/div>\n\t\t\t\t<\/div>\n\t\t\t\t\t<\/div>\n\t\t\t\t<\/div>\n\t\t\t\t<\/div>","protected":false},"excerpt":{"rendered":"<p>Qu'est-ce que l'huile de figue de barbarie ? L\u2019or liquide du d\u00e9sert pour une beaut\u00e9 \u00e9ternelle ! Vous cherchez un secret de beaut\u00e9 naturel, reconnu comme l\u2019un des plus pr\u00e9cieux<\/p>","protected":false},"featured_media":3978,"comment_status":"open","ping_status":"closed","template":"","meta":[],"product_brand":[],"product_cat":[68],"product_tag":[],"class_list":{"0":"post-3299","1":"product","2":"type-product","3":"status-publish","4":"has-post-thumbnail","6":"product_cat-68","8":"first","9":"onbackorder","10":"shipping-taxable","11":"product-type-simple"},"jetpack_sharing_enabled":true,"_links":{"self":[{"href":"https:\/\/sfb.ma\/fr\/wp-json\/wp\/v2\/product\/3299","targetHints":{"allow":["GET"]}}],"collection":[{"href":"https:\/\/sfb.ma\/fr\/wp-json\/wp\/v2\/product"}],"about":[{"href":"https:\/\/sfb.ma\/fr\/wp-json\/wp\/v2\/types\/product"}],"replies":[{"embeddable":true,"href":"https:\/\/sfb.ma\/fr\/wp-json\/wp\/v2\/comments?post=3299"}],"version-history":[{"count":0,"href":"https:\/\/sfb.ma\/fr\/wp-json\/wp\/v2\/product\/3299\/revisions"}],"wp:featuredmedia":[{"embeddable":true,"href":"https:\/\/sfb.ma\/fr\/wp-json\/wp\/v2\/media\/3978"}],"wp:attachment":[{"href":"https:\/\/sfb.ma\/fr\/wp-json\/wp\/v2\/media?parent=3299"}],"wp:term":[{"taxonomy":"product_brand","embeddable":true,"href":"https:\/\/sfb.ma\/fr\/wp-json\/wp\/v2\/product_brand?post=3299"},{"taxonomy":"product_cat","embeddable":true,"href":"https:\/\/sfb.ma\/fr\/wp-json\/wp\/v2\/product_cat?post=3299"},{"taxonomy":"product_tag","embeddable":true,"href":"https:\/\/sfb.ma\/fr\/wp-json\/wp\/v2\/product_tag?post=3299"}],"curies":[{"name":"wp","href":"https:\/\/api.w.org\/{rel}","templated":true}]}}