{"id":3315,"date":"2025-07-20T16:00:15","date_gmt":"2025-07-20T16:00:15","guid":{"rendered":"https:\/\/sfb.ma\/?post_type=product&#038;p=3315"},"modified":"2026-01-13T16:10:57","modified_gmt":"2026-01-13T16:10:57","slug":"serum-au-curcuma","status":"publish","type":"product","link":"https:\/\/sfb.ma\/fr\/produit\/serum-au-curcuma\/","title":{"rendered":"S\u00e9rum au curcuma"},"content":{"rendered":"<div data-elementor-type=\"product-post\" data-elementor-id=\"3315\" class=\"elementor elementor-3315\" data-elementor-post-type=\"product\">\n\t\t\t\t<div class=\"wd-negative-gap elementor-element elementor-element-bf0023c e-flex e-con-boxed e-con e-parent\" data-id=\"bf0023c\" data-element_type=\"container\" data-e-type=\"container\">\n\t\t\t\t\t<div class=\"e-con-inner\">\n\t\t<div class=\"elementor-element elementor-element-287087d e-con-full e-flex e-con e-child\" data-id=\"287087d\" data-element_type=\"container\" data-e-type=\"container\">\n\t\t<div class=\"elementor-element elementor-element-c8145eb e-con-full e-flex e-con e-child\" data-id=\"c8145eb\" data-element_type=\"container\" data-e-type=\"container\">\n\t\t\t\t<div class=\"elementor-element elementor-element-b1bed0a elementor-widget elementor-widget-wd_text_block\" data-id=\"b1bed0a\" data-element_type=\"widget\" data-e-type=\"widget\" data-widget_type=\"wd_text_block.default\">\n\t\t\t\t<div class=\"elementor-widget-container\">\n\t\t\t\t\t\t\t<div class=\"wd-text-block reset-last-child text-center\">\n\t\t\t\n\t\t\t<h3 class=\"\">Qu\u2019est-ce que le s\u00e9rum de curcuma ? L\u2019\u00e9clat de la nature en bouteille !<\/h3>\n\t\t\t\t\t<\/div>\n\t\t\t\t\t\t<\/div>\n\t\t\t\t<\/div>\n\t\t\t\t<div class=\"elementor-element elementor-element-e294993 elementor-widget elementor-widget-wd_text_block\" data-id=\"e294993\" data-element_type=\"widget\" data-e-type=\"widget\" data-widget_type=\"wd_text_block.default\">\n\t\t\t\t<div class=\"elementor-widget-container\">\n\t\t\t\t\t\t\t<div class=\"wd-text-block reset-last-child text-center\">\n\t\t\t\n\t\t\t<p>Vous cherchez un s\u00e9rum naturel reconnu pour ses propri\u00e9t\u00e9s \u00e9tonnantes d\u2019\u00e9claircissement de la peau, de r\u00e9duction des taches, de lutte contre l\u2019acn\u00e9 et de r\u00e9sistance aux signes du vieillissement ? Plongez dans l\u2019univers de <b class=\"\">Huile de curcuma (\u0633\u064a\u0631\u0648\u0645 \u0627\u0644\u0643\u0631\u0643\u0645)<\/b>, extrait des racines de curcuma (<i class=\"\">Curcuma longa<\/i>connu sous le nom de \u00ab Roi des \u00e9pices dor\u00e9es \u00bb. Ce s\u00e9rum, tr\u00e9sor de la m\u00e9decine ayurv\u00e9dique et des cosm\u00e9tiques asiatiques depuis des mill\u00e9naires, suscite une attention mondiale gr\u00e2ce \u00e0 ses bienfaits exceptionnels pour la peau.<\/p><p>Le s\u00e9rum de curcuma n\u2019est pas une huile ordinaire ; il est riche en compos\u00e9s bioactifs puissants connus sous le nom de <b class=\"\">Curcumino\u00efdes<\/b>, et surtout <b class=\"\">Curcumine<\/b>, le compos\u00e9 responsable de la couleur dor\u00e9e du curcuma et de ses remarquables propri\u00e9t\u00e9s th\u00e9rapeutiques. En plus de la curcumine, le s\u00e9rum contient <b class=\"\">Antioxydants puissants<\/b>, et des compos\u00e9s aux propri\u00e9t\u00e9s <b class=\"\">Anti-inflammatoire<\/b> et<b class=\"\">Antimicrobien<\/b>Alors, quels secrets ces gouttes dor\u00e9es renferment-elles pour illuminer votre peau, unifier son teint et att\u00e9nuer ses imperfections ? D\u00e9couvrons ensemble la puissance du s\u00e9rum de curcuma, votre alli\u00e9 naturel pour une peau fra\u00eeche, claire et \u00e9clatante !<\/p>\n\t\t\t\t\t<\/div>\n\t\t\t\t\t\t<\/div>\n\t\t\t\t<\/div>\n\t\t\t\t<\/div>\n\t\t<div class=\"elementor-element elementor-element-da4a6f1 e-con-full e-flex e-con e-child\" data-id=\"da4a6f1\" data-element_type=\"container\" data-e-type=\"container\">\n\t\t\t\t<div class=\"elementor-element elementor-element-2077dc3 elementor-widget elementor-widget-wd_text_block\" data-id=\"2077dc3\" data-element_type=\"widget\" data-e-type=\"widget\" data-widget_type=\"wd_text_block.default\">\n\t\t\t\t<div class=\"elementor-widget-container\">\n\t\t\t\t\t\t\t<div class=\"wd-text-block reset-last-child text-center\">\n\t\t\t\n\t\t\t<h3 class=\"\">Bienfaits du s\u00e9rum au curcuma : Pourquoi les experts font confiance \u00e0 son pouvoir beaut\u00e9 et soin ?<\/h3>\n\t\t\t\t\t<\/div>\n\t\t\t\t\t\t<\/div>\n\t\t\t\t<\/div>\n\t\t\t\t<div class=\"elementor-element elementor-element-3dc5418 elementor-widget elementor-widget-wd_text_block\" data-id=\"3dc5418\" data-element_type=\"widget\" data-e-type=\"widget\" data-widget_type=\"wd_text_block.default\">\n\t\t\t\t<div class=\"elementor-widget-container\">\n\t\t\t\t\t\t\t<div class=\"wd-text-block reset-last-child text-center\">\n\t\t\t\n\t\t\t<p>La plupart des avantages proviennent de <b class=\"\">S\u00e9rum au curcuma<\/b> Parmi ses compos\u00e9s actifs, notamment la curcumine, qui cible les probl\u00e8mes de pigmentation, l\u2019inflammation et les dommages cellulaires de la peau. Voici ses principaux bienfaits :<\/p><ul><li><p><b class=\"\">\u00c9claircissement de la peau et r\u00e9duction des taches pigmentaires (b\u00e9n\u00e9fice cl\u00e9) :<\/b><\/p><ul><li><p><b class=\"\">Inhibition de la m\u00e9lanine<\/b> Le curcumin aide \u00e0 inhiber l\u2019enzyme tyrosinase, responsable de la production de m\u00e9lanine. Cela r\u00e9duit les taches sombres, le m\u00e9lasma, les taches de rousseur et les hyperpigmentations post-inflammatoires (comme les cicatrices d\u2019acn\u00e9), pour un teint plus lumineux et uniforme.<\/p><\/li><li><p><b class=\"\">\u00c9clat de la peau:<\/b> Donne \u00e0 la peau un \u00e9clat naturel et sain, la rendant plus vive et fra\u00eeche.<\/p><\/li><\/ul><\/li><li><p><b class=\"\">Anti-inflammatoire et apaisant pour la peau:<\/b><\/p><ul><li><p>Ses puissantes propri\u00e9t\u00e9s anti-inflammatoires aident \u00e0 apaiser la peau irrit\u00e9e, r\u00e9duire les rougeurs et soulager les inflammations li\u00e9es \u00e0 des affections cutan\u00e9es telles que l\u2019acn\u00e9, l\u2019ecz\u00e9ma et la rosac\u00e9e.<\/p><\/li><li><p>Contribue \u00e0 apaiser la peau apr\u00e8s une exposition aux agressions environnementales ou au soleil.<\/p><\/li><\/ul><\/li><li><p><b class=\"\">Antioxydant et anti-\u00e2ge:<\/b><\/p><ul><li><p>Riche en antioxydants qui combattent les radicaux libres nocifs, principale cause des signes pr\u00e9coces du vieillissement tels que rides et ridules.<\/p><\/li><li><p>Contribue \u00e0 pr\u00e9server la jeunesse et l\u2019\u00e9lasticit\u00e9 de la peau, et am\u00e9liore l\u2019apparence des peaux ternes ou fatigu\u00e9es.<\/p><\/li><\/ul><\/li><li><p><b class=\"\">Antimicrobien et traitement de l\u2019acn\u00e9:<\/b><\/p><ul><li><p>Ses propri\u00e9t\u00e9s antibact\u00e9riennes et antifongiques aident \u00e0 combattre les bact\u00e9ries responsables de l\u2019acn\u00e9 (comme <i class=\"\">P. acnes<\/i>) et r\u00e9duire l\u2019inflammation li\u00e9e aux boutons, contribuant \u00e0 une peau plus nette.<\/p><\/li><\/ul><\/li><li><p><b class=\"\">R\u00e9g\u00e9n\u00e9ration cellulaire et cicatrisation acc\u00e9l\u00e9r\u00e9e:<\/b><\/p><ul><li><p>On pense qu\u2019il aide \u00e0 stimuler la r\u00e9g\u00e9n\u00e9ration des cellules de la peau, ce qui peut contribuer \u00e0 acc\u00e9l\u00e9rer la cicatrisation des petites blessures et am\u00e9liorer l\u2019apparence des cicatrices.<\/p><\/li><\/ul><\/li><\/ul>\n\t\t\t\t\t<\/div>\n\t\t\t\t\t\t<\/div>\n\t\t\t\t<\/div>\n\t\t\t\t<\/div>\n\t\t<div class=\"elementor-element elementor-element-593a988 e-con-full e-flex e-con e-child\" data-id=\"593a988\" data-element_type=\"container\" data-e-type=\"container\">\n\t\t\t\t<div class=\"elementor-element elementor-element-9d09e7f elementor-widget elementor-widget-wd_text_block\" data-id=\"9d09e7f\" data-element_type=\"widget\" data-e-type=\"widget\" data-widget_type=\"wd_text_block.default\">\n\t\t\t\t<div class=\"elementor-widget-container\">\n\t\t\t\t\t\t\t<div class=\"wd-text-block reset-last-child text-center\">\n\t\t\t\n\t\t\t<p>\u00a0Pourquoi les experts font confiance au s\u00e9rum au curcuma : un antioxydant et un \u00e9claircissant prouv\u00e9s pour la peau !<\/p>\n\t\t\t\t\t<\/div>\n\t\t\t\t\t\t<\/div>\n\t\t\t\t<\/div>\n\t\t\t\t<div class=\"elementor-element elementor-element-2191f7c elementor-widget elementor-widget-wd_text_block\" data-id=\"2191f7c\" data-element_type=\"widget\" data-e-type=\"widget\" data-widget_type=\"wd_text_block.default\">\n\t\t\t\t<div class=\"elementor-widget-container\">\n\t\t\t\t\t\t\t<div class=\"wd-text-block reset-last-child text-center\">\n\t\t\t\n\t\t\t<p>Les experts en soins de la peau, dermatologues et sp\u00e9cialistes de la beaut\u00e9 font grandement confiance au s\u00e9rum de curcuma pour son efficacit\u00e9 remarquable \u00e0 \u00e9claircir la peau, r\u00e9duire les pigments et ses propri\u00e9t\u00e9s anti-inflammatoires et antioxydantes. Il est largement recommand\u00e9 comme traitement naturel pour divers probl\u00e8mes de peau.<\/p><p>De nombreuses \u00e9tudes scientifiques soulignent la capacit\u00e9 de la curcumine \u00e0 inhiber l\u2019enzyme tyrosinase (r\u00e9duisant la production de m\u00e9lanine), \u00e0 combattre les radicaux libres et \u00e0 diminuer l\u2019inflammation, ce qui en fait un ingr\u00e9dient pr\u00e9cieux dans les formulations anti-\u00e2ge, anti-acn\u00e9 et uniformisantes du teint.<\/p><p><span class=\"animating\">La confiance dans le s\u00e9rum de curcuma vient de son efficacit\u00e9 scientifiquement prouv\u00e9e et de ses applications r\u00e9ussies en cosm\u00e9tique, ainsi que de sa longue histoire en m\u00e9decine traditionnelle pour traiter les probl\u00e8mes de peau.<\/span><\/p>\n\t\t\t\t\t<\/div>\n\t\t\t\t\t\t<\/div>\n\t\t\t\t<\/div>\n\t\t\t\t<\/div>\n\t\t\t\t<\/div>\n\t\t\t\t\t<\/div>\n\t\t\t\t<\/div>\n\t\t\t\t<\/div>","protected":false},"excerpt":{"rendered":"<p>Qu\u2019est-ce que le s\u00e9rum au curcuma ? L\u2019\u00e9clat de la nature en flacon ! Cherchez-vous un s\u00e9rum naturel reconnu pour ses propri\u00e9t\u00e9s \u00e9tonnantes d\u2019\u00e9claircissement de la peau, de r\u00e9duction de<\/p>","protected":false},"featured_media":3973,"comment_status":"open","ping_status":"closed","template":"","meta":[],"product_brand":[],"product_cat":[68],"product_tag":[],"class_list":{"0":"post-3315","1":"product","2":"type-product","3":"status-publish","4":"has-post-thumbnail","6":"product_cat-68","7":"pa_-30-ml","9":"first","10":"instock","11":"shipping-taxable","12":"purchasable","13":"product-type-variable"},"jetpack_sharing_enabled":true,"_links":{"self":[{"href":"https:\/\/sfb.ma\/fr\/wp-json\/wp\/v2\/product\/3315","targetHints":{"allow":["GET"]}}],"collection":[{"href":"https:\/\/sfb.ma\/fr\/wp-json\/wp\/v2\/product"}],"about":[{"href":"https:\/\/sfb.ma\/fr\/wp-json\/wp\/v2\/types\/product"}],"replies":[{"embeddable":true,"href":"https:\/\/sfb.ma\/fr\/wp-json\/wp\/v2\/comments?post=3315"}],"version-history":[{"count":0,"href":"https:\/\/sfb.ma\/fr\/wp-json\/wp\/v2\/product\/3315\/revisions"}],"wp:featuredmedia":[{"embeddable":true,"href":"https:\/\/sfb.ma\/fr\/wp-json\/wp\/v2\/media\/3973"}],"wp:attachment":[{"href":"https:\/\/sfb.ma\/fr\/wp-json\/wp\/v2\/media?parent=3315"}],"wp:term":[{"taxonomy":"product_brand","embeddable":true,"href":"https:\/\/sfb.ma\/fr\/wp-json\/wp\/v2\/product_brand?post=3315"},{"taxonomy":"product_cat","embeddable":true,"href":"https:\/\/sfb.ma\/fr\/wp-json\/wp\/v2\/product_cat?post=3315"},{"taxonomy":"product_tag","embeddable":true,"href":"https:\/\/sfb.ma\/fr\/wp-json\/wp\/v2\/product_tag?post=3315"}],"curies":[{"name":"wp","href":"https:\/\/api.w.org\/{rel}","templated":true}]}}