{"id":3323,"date":"2025-07-20T16:22:59","date_gmt":"2025-07-20T16:22:59","guid":{"rendered":"https:\/\/sfb.ma\/?post_type=product&#038;p=3323"},"modified":"2026-01-13T16:08:03","modified_gmt":"2026-01-13T16:08:03","slug":"huile-d-hibiscus","status":"publish","type":"product","link":"https:\/\/sfb.ma\/fr\/produit\/huile-d-hibiscus\/","title":{"rendered":"Huile d\u2019hibiscus"},"content":{"rendered":"<div data-elementor-type=\"product-post\" data-elementor-id=\"3323\" class=\"elementor elementor-3323\" data-elementor-post-type=\"product\">\n\t\t\t\t<div class=\"wd-negative-gap elementor-element elementor-element-2dbdcfa e-flex e-con-boxed e-con e-parent\" data-id=\"2dbdcfa\" data-element_type=\"container\" data-e-type=\"container\">\n\t\t\t\t\t<div class=\"e-con-inner\">\n\t\t<div class=\"elementor-element elementor-element-8b050ef e-con-full e-flex e-con e-child\" data-id=\"8b050ef\" data-element_type=\"container\" data-e-type=\"container\">\n\t\t<div class=\"elementor-element elementor-element-0d5b0d5 e-con-full e-flex e-con e-child\" data-id=\"0d5b0d5\" data-element_type=\"container\" data-e-type=\"container\">\n\t\t\t\t<div class=\"elementor-element elementor-element-c732128 elementor-widget elementor-widget-wd_text_block\" data-id=\"c732128\" data-element_type=\"widget\" data-e-type=\"widget\" data-widget_type=\"wd_text_block.default\">\n\t\t\t\t<div class=\"elementor-widget-container\">\n\t\t\t\t\t\t\t<div class=\"wd-text-block reset-last-child text-center\">\n\t\t\t\n\t\t\t<h3>Qu\u2019est-ce que l\u2019huile d\u2019hibiscus ? Le nectar d\u2019une fleur tropicale pour une beaut\u00e9 \u00e9ternelle !<\/h3>\n\t\t\t\t\t<\/div>\n\t\t\t\t\t\t<\/div>\n\t\t\t\t<\/div>\n\t\t\t\t<div class=\"elementor-element elementor-element-3be1c1e elementor-widget elementor-widget-wd_text_block\" data-id=\"3be1c1e\" data-element_type=\"widget\" data-e-type=\"widget\" data-widget_type=\"wd_text_block.default\">\n\t\t\t\t<div class=\"elementor-widget-container\">\n\t\t\t\t\t\t\t<div class=\"wd-text-block reset-last-child text-center\">\n\t\t\t\n\t\t\t<p>Vous cherchez une huile naturelle unique qui allie la puissance de la nature \u00e0 des bienfaits beaut\u00e9 exceptionnels pour une peau ferme et des cheveux brillants ? Plongez dans l\u2019univers de <b>Huile d\u2019hibiscus (\u0632\u064a\u062a \u0627\u0644\u0643\u0631\u0643\u062f\u064a\u0647)<\/b>, extrait des fleurs de la plante d\u2019hibiscus (<i>Hibiscus sabdariffa<\/i>). L\u2019hibiscus est connu pour ses belles fleurs aux couleurs vives, mais il renferme aussi un secret de beaut\u00e9 profond dans son huile, devenue un ingr\u00e9dient cl\u00e9 des soins de la peau et des cheveux. Parfois surnomm\u00e9 la \u00ab plante Botox \u00bb naturelle.<\/p><p>L\u2019huile d\u2019hibiscus n\u2019est pas une huile ordinaire ; elle est riche en <b>Vitamine C<\/b>et<b>Vitamine A<\/b>et<b>Acides Alpha Hydroxy (AHA)<\/b> naturelle, en plus de <b>Acides amin\u00e9s<\/b> et<b>Antioxydants puissants<\/b> Comme les anthocyanes (Anthocyanins) et les flavono\u00efdes, ces ingr\u00e9dients actifs lui conf\u00e8rent une capacit\u00e9 unique \u00e0 combattre le vieillissement, stimuler la production de collag\u00e8ne, et hydrater en profondeur la peau et les cheveux. Quels secrets renferment ces gouttes ros\u00e9es pour redonner jeunesse \u00e0 votre peau et renforcer vos cheveux d\u00e8s la racine ? D\u00e9couvrons ensemble la puissance de l\u2019huile d\u2019hibiscus, l\u2019alli\u00e9 naturel d\u2019une beaut\u00e9 renouvel\u00e9e !<\/p>\n\t\t\t\t\t<\/div>\n\t\t\t\t\t\t<\/div>\n\t\t\t\t<\/div>\n\t\t\t\t<\/div>\n\t\t<div class=\"elementor-element elementor-element-23d03db e-con-full e-flex e-con e-child\" data-id=\"23d03db\" data-element_type=\"container\" data-e-type=\"container\">\n\t\t\t\t<div class=\"elementor-element elementor-element-83dccf3 elementor-widget elementor-widget-wd_text_block\" data-id=\"83dccf3\" data-element_type=\"widget\" data-e-type=\"widget\" data-widget_type=\"wd_text_block.default\">\n\t\t\t\t<div class=\"elementor-widget-container\">\n\t\t\t\t\t\t\t<div class=\"wd-text-block reset-last-child text-center\">\n\t\t\t\n\t\t\t<h3>Bienfaits de l\u2019huile d\u2019hibiscus : Pourquoi c\u2019est un tr\u00e9sor pour votre beaut\u00e9<\/h3>\n\t\t\t\t\t<\/div>\n\t\t\t\t\t\t<\/div>\n\t\t\t\t<\/div>\n\t\t\t\t<div class=\"elementor-element elementor-element-0abbff5 elementor-widget elementor-widget-wd_text_block\" data-id=\"0abbff5\" data-element_type=\"widget\" data-e-type=\"widget\" data-widget_type=\"wd_text_block.default\">\n\t\t\t\t<div class=\"elementor-widget-container\">\n\t\t\t\t\t\t\t<div class=\"wd-text-block reset-last-child text-center\">\n\t\t\t\n\t\t\t<p>La plupart des avantages proviennent de <b>Huile d\u2019hibiscus<\/b> Gr\u00e2ce \u00e0 sa composition riche en vitamines, acides alpha-hydroxyl\u00e9s (AHA) et antioxydants, qui agissent en synergie pour r\u00e9g\u00e9n\u00e9rer et am\u00e9liorer la peau et les cheveux. Voici ses principaux bienfaits :<\/p><ul><li><p><b>Lutte contre les signes du vieillissement et raffermissement de la peau (b\u00e9n\u00e9fice majeur) :<\/b><\/p><ul><li><p><b>\"Botox naturel\":<\/b> L\u2019hibiscus est reconnu pour sa capacit\u00e9 \u00e0 inhiber l\u2019activit\u00e9 de l\u2019\u00e9lastase, une enzyme responsable de la d\u00e9gradation de l\u2019\u00e9lastine, la prot\u00e9ine qui maintient l\u2019\u00e9lasticit\u00e9 de la peau. Cela aide \u00e0 <b>Raffermissement de la peau<\/b>, en am\u00e9liorant son \u00e9lasticit\u00e9 et en r\u00e9duisant l\u2019apparition de <b>Rides et ridules<\/b>.<\/p><\/li><li><p><b>Stimulation du collag\u00e8ne:<\/b> Riche en vitamine C, essentielle \u00e0 la production de collag\u00e8ne, ce qui favorise la jeunesse de la peau et am\u00e9liore sa texture.<\/p><\/li><li><p><b>Antioxydant<\/b> Prot\u00e8ge la peau des dommages caus\u00e9s par les radicaux libres responsables du vieillissement pr\u00e9matur\u00e9, gr\u00e2ce \u00e0 sa teneur \u00e9lev\u00e9e en antioxydants tels que les anthocyanines.<\/p><\/li><\/ul><\/li><li><p><b>\u00c9claircissement et unification du teint:<\/b><\/p><ul><li><p><b>Exfoliation douce:<\/b> Les acides alpha-hydroxy naturels (comme l\u2019acide citrique et l\u2019acide malique) pr\u00e9sents dans l\u2019hibiscus offrent un effet exfoliant doux, aidant \u00e0 acc\u00e9l\u00e9rer le renouvellement cellulaire, uniformiser le teint, et r\u00e9duire l\u2019apparence de <b>Taches fonc\u00e9es et pigmentation<\/b>.<\/p><\/li><li><p><b>Apporter fra\u00eecheur et \u00e9clat:<\/b> Il donne \u00e0 la peau une fra\u00eecheur, une vitalit\u00e9 et un \u00e9clat naturel.<\/p><\/li><\/ul><\/li><li><p><b>Hydratation profonde et apaisement de la peau:<\/b><\/p><ul><li><p>Il contient des r\u00e9sines qui renforcent la capacit\u00e9 de la peau \u00e0 retenir l'humidit\u00e9, ce qui en fait un excellent hydratant pour les peaux s\u00e8ches.<\/p><\/li><li><p>Il poss\u00e8de des propri\u00e9t\u00e9s <b>Anti-inflammatoire<\/b>Aide \u00e0 apaiser la peau irrit\u00e9e, r\u00e9duire les rougeurs, la rendant adapt\u00e9e aux peaux sensibles ou sujettes \u00e0 la rosac\u00e9e.<\/p><\/li><\/ul><\/li><li><p><b>Pour des cheveux et un cuir chevelu en bonne sant\u00e9:<\/b><\/p><ul><li><p><b>Stimule la croissance des cheveux et pr\u00e9vient la chute<\/b> Il nourrit les follicules pileux et stimule la circulation sanguine du cuir chevelu, favorisant la croissance de cheveux sains et r\u00e9duisant la chute. Il aide aussi \u00e0 la production de k\u00e9ratine n\u00e9cessaire pour renforcer les cheveux.<\/p><\/li><li><p><b>Lutte contre le grisonnement pr\u00e9matur\u00e9:<\/b> Gr\u00e2ce \u00e0 sa teneur en vitamine C et en antioxydants, on pense qu\u2019il aide \u00e0 retarder l\u2019apparition des cheveux blancs et \u00e0 pr\u00e9server la couleur naturelle des cheveux.<\/p><\/li><li><p><b>Traitement des pellicules:<\/b> Ses propri\u00e9t\u00e9s antimicrobiennes aident \u00e0 lutter contre les pellicules et les d\u00e9mangeaisons du cuir chevelu.<\/p><\/li><li><p><b>Assouplissement et nutrition des cheveux:<\/b> Agit comme un apr\u00e8s-shampoing naturel, laissant les cheveux doux et brillants tout en r\u00e9duisant les frisottis et les pointes fourchues.<\/p><\/li><\/ul><\/li><\/ul>\n\t\t\t\t\t<\/div>\n\t\t\t\t\t\t<\/div>\n\t\t\t\t<\/div>\n\t\t\t\t<\/div>\n\t\t<div class=\"elementor-element elementor-element-21811d5 e-con-full e-flex e-con e-child\" data-id=\"21811d5\" data-element_type=\"container\" data-e-type=\"container\">\n\t\t\t\t<div class=\"elementor-element elementor-element-3dfa842 elementor-widget elementor-widget-wd_text_block\" data-id=\"3dfa842\" data-element_type=\"widget\" data-e-type=\"widget\" data-widget_type=\"wd_text_block.default\">\n\t\t\t\t<div class=\"elementor-widget-container\">\n\t\t\t\t\t\t\t<div class=\"wd-text-block reset-last-child text-center\">\n\t\t\t\n\t\t\t<p>\u00a0Pourquoi les experts font confiance \u00e0 l\u2019huile d\u2019hibiscus : lou\u00e9e pour ses propri\u00e9t\u00e9s anti-\u00e2ge !<\/p>\n\t\t\t\t\t<\/div>\n\t\t\t\t\t\t<\/div>\n\t\t\t\t<\/div>\n\t\t\t\t<div class=\"elementor-element elementor-element-39d38e4 elementor-widget elementor-widget-wd_text_block\" data-id=\"39d38e4\" data-element_type=\"widget\" data-e-type=\"widget\" data-widget_type=\"wd_text_block.default\">\n\t\t\t\t<div class=\"elementor-widget-container\">\n\t\t\t\t\t\t\t<div class=\"wd-text-block reset-last-child text-center\">\n\t\t\t\n\t\t\t<p>Skincare and haircare experts trust hibiscus oil and praise its multiple benefits, especially in fighting signs of aging and improving hair health. It is seen as an excellent natural alternative to certain chemical ingredients, thanks to its rich content of vitamin C, alpha hydroxy acids, and antioxidants.<\/p><p>Les recherches montrent qu\u2019il stimule efficacement la production de collag\u00e8ne et d\u2019\u00e9lastine, am\u00e9liorant la fermet\u00e9 et l\u2019\u00e9lasticit\u00e9 de la peau. Ses propri\u00e9t\u00e9s exfoliantes et apaisantes am\u00e9liorent la texture et le teint de la peau. Pour les cheveux, il nourrit et renforce, aidant \u00e0 r\u00e9duire la chute et \u00e0 combattre le grisonnement.<\/p><p>La confiance dans l\u2019huile d\u2019hibiscus repose sur son efficacit\u00e9 scientifiquement prouv\u00e9e et ses applications r\u00e9ussies en cosm\u00e9tique, ainsi que sur sa longue histoire en m\u00e9decine traditionnelle.<\/p>\n\t\t\t\t\t<\/div>\n\t\t\t\t\t\t<\/div>\n\t\t\t\t<\/div>\n\t\t\t\t<\/div>\n\t\t\t\t<\/div>\n\t\t\t\t\t<\/div>\n\t\t\t\t<\/div>\n\t\t\t\t<\/div>","protected":false},"excerpt":{"rendered":"<p>Qu\u2019est-ce que l\u2019huile d\u2019hibiscus ? Le nectar d\u2019une fleur tropicale pour une beaut\u00e9 \u00e9ternelle ! Vous cherchez une huile naturelle unique qui allie la puissance de la nature<\/p>","protected":false},"featured_media":3980,"comment_status":"open","ping_status":"closed","template":"","meta":[],"product_brand":[],"product_cat":[68],"product_tag":[],"class_list":{"0":"post-3323","1":"product","2":"type-product","3":"status-publish","4":"has-post-thumbnail","6":"product_cat-68","7":"pa_-30-ml","9":"first","10":"instock","11":"shipping-taxable","12":"purchasable","13":"product-type-variable"},"jetpack_sharing_enabled":true,"_links":{"self":[{"href":"https:\/\/sfb.ma\/fr\/wp-json\/wp\/v2\/product\/3323","targetHints":{"allow":["GET"]}}],"collection":[{"href":"https:\/\/sfb.ma\/fr\/wp-json\/wp\/v2\/product"}],"about":[{"href":"https:\/\/sfb.ma\/fr\/wp-json\/wp\/v2\/types\/product"}],"replies":[{"embeddable":true,"href":"https:\/\/sfb.ma\/fr\/wp-json\/wp\/v2\/comments?post=3323"}],"version-history":[{"count":0,"href":"https:\/\/sfb.ma\/fr\/wp-json\/wp\/v2\/product\/3323\/revisions"}],"wp:featuredmedia":[{"embeddable":true,"href":"https:\/\/sfb.ma\/fr\/wp-json\/wp\/v2\/media\/3980"}],"wp:attachment":[{"href":"https:\/\/sfb.ma\/fr\/wp-json\/wp\/v2\/media?parent=3323"}],"wp:term":[{"taxonomy":"product_brand","embeddable":true,"href":"https:\/\/sfb.ma\/fr\/wp-json\/wp\/v2\/product_brand?post=3323"},{"taxonomy":"product_cat","embeddable":true,"href":"https:\/\/sfb.ma\/fr\/wp-json\/wp\/v2\/product_cat?post=3323"},{"taxonomy":"product_tag","embeddable":true,"href":"https:\/\/sfb.ma\/fr\/wp-json\/wp\/v2\/product_tag?post=3323"}],"curies":[{"name":"wp","href":"https:\/\/api.w.org\/{rel}","templated":true}]}}