{"id":3330,"date":"2025-07-20T17:35:05","date_gmt":"2025-07-20T17:35:05","guid":{"rendered":"https:\/\/sfb.ma\/?post_type=product&#038;p=3330"},"modified":"2026-01-07T11:47:52","modified_gmt":"2026-01-07T11:47:52","slug":"pollen-d-abeille","status":"publish","type":"product","link":"https:\/\/sfb.ma\/fr\/produit\/pollen-d-abeille\/","title":{"rendered":"Pollen d\u2019abeille"},"content":{"rendered":"<div data-elementor-type=\"product-post\" data-elementor-id=\"3330\" class=\"elementor elementor-3330\" data-elementor-post-type=\"product\">\n\t\t\t\t<div class=\"wd-negative-gap elementor-element elementor-element-f6dfa20 e-flex e-con-boxed e-con e-parent\" data-id=\"f6dfa20\" data-element_type=\"container\" data-e-type=\"container\">\n\t\t\t\t\t<div class=\"e-con-inner\">\n\t\t<div class=\"elementor-element elementor-element-74d5944 e-con-full e-flex e-con e-child\" data-id=\"74d5944\" data-element_type=\"container\" data-e-type=\"container\">\n\t\t<div class=\"elementor-element elementor-element-87e1860 e-con-full e-flex e-con e-child\" data-id=\"87e1860\" data-element_type=\"container\" data-e-type=\"container\">\n\t\t\t\t<div class=\"elementor-element elementor-element-7d3ed91 elementor-widget elementor-widget-wd_text_block\" data-id=\"7d3ed91\" data-element_type=\"widget\" data-e-type=\"widget\" data-widget_type=\"wd_text_block.default\">\n\t\t\t\t<div class=\"elementor-widget-container\">\n\t\t\t\t\t\t\t<div class=\"wd-text-block reset-last-child text-center\">\n\t\t\t\n\t\t\t<h3>Qu\u2019est-ce que le pollen d\u2019abeille ? Un cadeau de la nature issu du royaume des abeilles !<\/h3>\n\t\t\t\t\t<\/div>\n\t\t\t\t\t\t<\/div>\n\t\t\t\t<\/div>\n\t\t\t\t<div class=\"elementor-element elementor-element-61ee633 elementor-widget elementor-widget-wd_text_block\" data-id=\"61ee633\" data-element_type=\"widget\" data-e-type=\"widget\" data-widget_type=\"wd_text_block.default\">\n\t\t\t\t<div class=\"elementor-widget-container\">\n\t\t\t\t\t\t\t<div class=\"wd-text-block reset-last-child text-center\">\n\t\t\t\n\t\t\t<p>Vous recherchez un compl\u00e9ment alimentaire naturel de haute qualit\u00e9, connu comme l\u2019\u00ab aliment complet \u00bb, offrant une large gamme de bienfaits pour la sant\u00e9 et la beaut\u00e9 ? Plongez dans l\u2019univers de <b>pollen-d-abeille<\/b>Ce sont de fines granules r\u00e9colt\u00e9es par les abeilles ouvri\u00e8res sur les fleurs de diff\u00e9rentes plantes, puis m\u00e9lang\u00e9es \u00e0 du nectar et \u00e0 des enzymes sp\u00e9ciales provenant de leur corps, avant d\u2019\u00eatre stock\u00e9es dans les alv\u00e9oles de la ruche. Ces granules multicolores (allant du jaune vif au brun fonc\u00e9) constituent la principale source de nourriture des abeilles et sont consid\u00e9r\u00e9es comme l\u2019une des sources naturelles les plus riches en nutriments.<\/p><p>Le pollen d\u2019abeille n\u2019est pas seulement la nourriture des abeilles ; il est riche en <b>Prot\u00e9ines<\/b> (repr\u00e9sentant environ 40 % de sa composition et contenant tous les acides amin\u00e9s essentiels), et<b>Glucides<\/b>et<b>Vitamines<\/b> (comme les vitamines B complexes et la vitamine C) et<b>Min\u00e9raux<\/b> (\u0645\u062b\u0644 \u0627\u0644\u0643\u0627\u0644\u0633\u064a\u0648\u0645\u060c \u0627\u0644\u0645\u063a\u0646\u064a\u0633\u064a\u0648\u0645\u060c \u0627\u0644\u0632\u0646\u0643\u060c \u0627\u0644\u062d\u062f\u064a\u062f\u060c \u0648\u0627\u0644\u0633\u064a\u0644\u064a\u0646\u064a\u0648\u0645)\u060c \u0648<b>Bioenzymes<\/b>et<b>Antioxydants<\/b> (Comme les flavono\u00efdes et les carot\u00e9no\u00efdes). Alors, quels secrets ces petites granules renferment-elles pour stimuler votre \u00e9nergie, renforcer votre immunit\u00e9 et apporter de l\u2019\u00e9clat \u00e0 votre peau ? D\u00e9couvrons ensemble la puissance du pollen d\u2019abeille, le compl\u00e9ment naturel complet pour am\u00e9liorer votre sant\u00e9 et votre beaut\u00e9 de l\u2019int\u00e9rieur !<\/p>\n\t\t\t\t\t<\/div>\n\t\t\t\t\t\t<\/div>\n\t\t\t\t<\/div>\n\t\t\t\t<\/div>\n\t\t<div class=\"elementor-element elementor-element-96121d1 e-con-full e-flex e-con e-child\" data-id=\"96121d1\" data-element_type=\"container\" data-e-type=\"container\">\n\t\t\t\t<div class=\"elementor-element elementor-element-d9f7105 elementor-widget elementor-widget-wd_text_block\" data-id=\"d9f7105\" data-element_type=\"widget\" data-e-type=\"widget\" data-widget_type=\"wd_text_block.default\">\n\t\t\t\t<div class=\"elementor-widget-container\">\n\t\t\t\t\t\t\t<div class=\"wd-text-block reset-last-child text-center\">\n\t\t\t\n\t\t\t<h3>Les bienfaits du pollen d\u2019abeille : pourquoi c\u2019est un ajout pr\u00e9cieux \u00e0 votre mode de vie sain?<\/h3>\n\t\t\t\t\t<\/div>\n\t\t\t\t\t\t<\/div>\n\t\t\t\t<\/div>\n\t\t\t\t<div class=\"elementor-element elementor-element-d634973 elementor-widget elementor-widget-wd_text_block\" data-id=\"d634973\" data-element_type=\"widget\" data-e-type=\"widget\" data-widget_type=\"wd_text_block.default\">\n\t\t\t\t<div class=\"elementor-widget-container\">\n\t\t\t\t\t\t\t<div class=\"wd-text-block reset-last-child text-center\">\n\t\t\t\n\t\t\t<p>La plupart des avantages proviennent de <b>Pollen d\u2019abeille<\/b> En raison de sa composition nutritionnelle complexe et de sa richesse en micronutriments qui soutiennent les diff\u00e9rentes fonctions du corps, voici ses principaux bienfaits :<\/p><ul><li><p><b>Renfort puissant d\u2019\u00e9nergie et d\u2019endurance (avantage cl\u00e9) :<\/b><\/p><ul><li><p>Gr\u00e2ce \u00e0 leur haute teneur en glucides, prot\u00e9ines et vitamines B, le pollen d\u2019abeille offre une source naturelle et durable d\u2019\u00e9nergie, r\u00e9duisant la fatigue et am\u00e9liorant les performances physiques et mentales. C\u2019est pourquoi il est appr\u00e9ci\u00e9 des sportifs et des amateurs de fitness.<\/p><\/li><\/ul><\/li><li><p><b>Renforcement du syst\u00e8me immunitaire :<\/b><\/p><ul><li><p>Riche en antioxydants qui combattent les radicaux libres, r\u00e9duisent l'inflammation et stimulent la production des cellules immunitaires.<\/p><\/li><li><p>Elle poss\u00e8de des propri\u00e9t\u00e9s antimicrobiennes, antibact\u00e9riennes et antivirales, aidant le corps \u00e0 r\u00e9sister aux infections et aux maladies.<\/p><\/li><\/ul><\/li><li><p><b>Soutien \u00e0 la sant\u00e9 digestive\u00a0:<\/b><\/p><ul><li><p>Contient des enzymes digestives qui aident \u00e0 d\u00e9composer les aliments et \u00e0 am\u00e9liorer l\u2019absorption des nutriments.<\/p><\/li><li><p>Elle aide \u00e0 maintenir l\u2019\u00e9quilibre des bonnes bact\u00e9ries intestinales, favorisant la sant\u00e9 digestive et r\u00e9duisant les probl\u00e8mes tels que la constipation.<\/p><\/li><\/ul><\/li><li><p><b>Pour la sant\u00e9 de la peau et la beaut\u00e9 :<\/b><\/p><ul><li><p>Riche en vitamines, min\u00e9raux et antioxydants qui nourrissent la peau de l\u2019int\u00e9rieur, am\u00e9liorant son \u00e9clat et sa luminosit\u00e9.<\/p><\/li><li><p>\u062a\u064f\u0633\u0627\u0639\u062f \u0641\u064a \u062a\u0642\u0644\u064a\u0644 \u0639\u0644\u0627\u0645\u0627\u062a \u0627\u0644\u0634\u064a\u062e\u0648\u062e\u0629 \u0628\u0641\u0636\u0644 \u0645\u0636\u0627\u062f\u0627\u062a \u0627\u0644\u0623\u0643\u0633\u062f\u0629 \u0627\u0644\u062a\u064a \u062a\u064f\u062d\u0627\u0631\u0628 \u062a\u0644\u0641 \u0627\u0644\u062e\u0644\u0627\u064a\u0627.<\/p><\/li><li><p>Ses propri\u00e9t\u00e9s anti-inflammatoires peuvent aider \u00e0 apaiser les probl\u00e8mes de peau tels que l\u2019acn\u00e9 ou l\u2019ecz\u00e9ma (lorsqu\u2019utilis\u00e9es en usage interne ou externe avec pr\u00e9caution).<\/p><\/li><\/ul><\/li><li><p><b>Soulage les sympt\u00f4mes des allergies saisonni\u00e8res\u00a0:<\/b><\/p><ul><li><p>On pense que consommer de petites quantit\u00e9s de pollen d\u2019abeille local peut aider le corps \u00e0 d\u00e9velopper une immunit\u00e9 contre le pollen allerg\u00e8ne (immunoth\u00e9rapie par exposition), r\u00e9duisant ainsi la gravit\u00e9 des sympt\u00f4mes d\u2019allergies saisonni\u00e8res au fil du temps.<\/p><\/li><\/ul><\/li><li><p><b>Soutient la sant\u00e9 cardiaque :<\/b><\/p><ul><li><p>Gr\u00e2ce \u00e0 sa teneur en acides gras essentiels et en antioxydants, il peut contribuer \u00e0 r\u00e9duire les niveaux de mauvais cholest\u00e9rol et \u00e0 prot\u00e9ger les vaisseaux sanguins.<\/p><\/li><\/ul><\/li><li><p><b>Aide \u00e0 la gestion du poids :<\/b><\/p><ul><li><p>Peut contribuer \u00e0 une sensation de sati\u00e9t\u00e9 et \u00e0 r\u00e9duire l\u2019app\u00e9tit gr\u00e2ce \u00e0 sa teneur \u00e9lev\u00e9e en prot\u00e9ines et en fibres.<\/p><\/li><\/ul><\/li><\/ul>\n\t\t\t\t\t<\/div>\n\t\t\t\t\t\t<\/div>\n\t\t\t\t<\/div>\n\t\t\t\t<\/div>\n\t\t<div class=\"elementor-element elementor-element-535714b e-con-full e-flex e-con e-child\" data-id=\"535714b\" data-element_type=\"container\" data-e-type=\"container\">\n\t\t\t\t<div class=\"elementor-element elementor-element-70ca01e elementor-widget elementor-widget-wd_text_block\" data-id=\"70ca01e\" data-element_type=\"widget\" data-e-type=\"widget\" data-widget_type=\"wd_text_block.default\">\n\t\t\t\t<div class=\"elementor-widget-container\">\n\t\t\t\t\t\t\t<div class=\"wd-text-block reset-last-child text-center\">\n\t\t\t\n\t\t\t<h3>Avis des experts sur le pollen d\u2019abeille : un tr\u00e9sor nutritionnel avec une n\u00e9cessit\u00e9 de prudence face aux allergies !<\/h3>\n\t\t\t\t\t<\/div>\n\t\t\t\t\t\t<\/div>\n\t\t\t\t<\/div>\n\t\t\t\t<div class=\"elementor-element elementor-element-071ef04 elementor-widget elementor-widget-wd_text_block\" data-id=\"071ef04\" data-element_type=\"widget\" data-e-type=\"widget\" data-widget_type=\"wd_text_block.default\">\n\t\t\t\t<div class=\"elementor-widget-container\">\n\t\t\t\t\t\t\t<div class=\"wd-text-block reset-last-child text-center\">\n\t\t\t\n\t\t\t<p>Les experts en nutrition et m\u00e9decine alternative accordent une grande confiance au pollen d\u2019abeille, qu\u2019ils consid\u00e8rent comme un super-aliment riche en prot\u00e9ines, vitamines, min\u00e9raux et antioxydants. Les recherches montrent que sa composition complexe contribue \u00e0 soutenir le syst\u00e8me immunitaire, \u00e0 augmenter l\u2019\u00e9nergie et \u00e0 am\u00e9liorer la sant\u00e9 digestive et de la peau.<\/p><p>Cependant, les experts insistent fortement sur <b>L\u2019importance du test d\u2019allergie<\/b> Avant de consommer du pollen d\u2019abeille, surtout pour les personnes ayant des ant\u00e9c\u00e9dents d\u2019allergies au pollen v\u00e9g\u00e9tal, aux piq\u00fbres d\u2019abeilles ou \u00e0 d\u2019autres produits de la ruche (comme le miel et la gel\u00e9e royale).<\/p><p>La confiance dans le pollen d\u2019abeille provient de sa longue histoire en m\u00e9decine traditionnelle, de sa composition nutritionnelle riche, et du nombre croissant d\u2019\u00e9tudes d\u00e9montrant ses bienfaits potentiels pour la sant\u00e9.<\/p>\n\t\t\t\t\t<\/div>\n\t\t\t\t\t\t<\/div>\n\t\t\t\t<\/div>\n\t\t\t\t<\/div>\n\t\t\t\t<\/div>\n\t\t\t\t\t<\/div>\n\t\t\t\t<\/div>\n\t\t\t\t<\/div>","protected":false},"excerpt":{"rendered":"<p>Qu\u2019est-ce que le pollen d\u2019abeille ? Cadeau de la nature du royaume des abeilles ! Vous cherchez un compl\u00e9ment naturel de haute qualit\u00e9 appel\u00e9 \u00ab\u202fla nourriture<\/p>","protected":false},"featured_media":4258,"comment_status":"open","ping_status":"closed","template":"","meta":[],"product_brand":[],"product_cat":[67],"product_tag":[],"class_list":{"0":"post-3330","1":"product","2":"type-product","3":"status-publish","4":"has-post-thumbnail","6":"product_cat-67","7":"pa_-1-kg","8":"pa_-100-g","9":"pa_-250-g","10":"pa_-500-g","12":"first","13":"instock","14":"shipping-taxable","15":"purchasable","16":"product-type-variable"},"jetpack_sharing_enabled":true,"_links":{"self":[{"href":"https:\/\/sfb.ma\/fr\/wp-json\/wp\/v2\/product\/3330","targetHints":{"allow":["GET"]}}],"collection":[{"href":"https:\/\/sfb.ma\/fr\/wp-json\/wp\/v2\/product"}],"about":[{"href":"https:\/\/sfb.ma\/fr\/wp-json\/wp\/v2\/types\/product"}],"replies":[{"embeddable":true,"href":"https:\/\/sfb.ma\/fr\/wp-json\/wp\/v2\/comments?post=3330"}],"version-history":[{"count":0,"href":"https:\/\/sfb.ma\/fr\/wp-json\/wp\/v2\/product\/3330\/revisions"}],"wp:featuredmedia":[{"embeddable":true,"href":"https:\/\/sfb.ma\/fr\/wp-json\/wp\/v2\/media\/4258"}],"wp:attachment":[{"href":"https:\/\/sfb.ma\/fr\/wp-json\/wp\/v2\/media?parent=3330"}],"wp:term":[{"taxonomy":"product_brand","embeddable":true,"href":"https:\/\/sfb.ma\/fr\/wp-json\/wp\/v2\/product_brand?post=3330"},{"taxonomy":"product_cat","embeddable":true,"href":"https:\/\/sfb.ma\/fr\/wp-json\/wp\/v2\/product_cat?post=3330"},{"taxonomy":"product_tag","embeddable":true,"href":"https:\/\/sfb.ma\/fr\/wp-json\/wp\/v2\/product_tag?post=3330"}],"curies":[{"name":"wp","href":"https:\/\/api.w.org\/{rel}","templated":true}]}}