{"id":3349,"date":"2025-07-20T18:18:18","date_gmt":"2025-07-20T18:18:18","guid":{"rendered":"https:\/\/sfb.ma\/?post_type=product&#038;p=3349"},"modified":"2025-11-21T17:10:26","modified_gmt":"2025-11-21T17:10:26","slug":"miel-d-eucalyptus","status":"publish","type":"product","link":"https:\/\/sfb.ma\/fr\/produit\/miel-d-eucalyptus\/","title":{"rendered":"Miel d\u2019Eucalyptus"},"content":{"rendered":"<div data-elementor-type=\"product-post\" data-elementor-id=\"3349\" class=\"elementor elementor-3349\" data-elementor-post-type=\"product\">\n\t\t\t\t<div class=\"wd-negative-gap elementor-element elementor-element-ef162cb e-flex e-con-boxed e-con e-parent\" data-id=\"ef162cb\" data-element_type=\"container\" data-e-type=\"container\">\n\t\t\t\t\t<div class=\"e-con-inner\">\n\t\t<div class=\"elementor-element elementor-element-32612aa e-con-full e-flex e-con e-child\" data-id=\"32612aa\" data-element_type=\"container\" data-e-type=\"container\">\n\t\t<div class=\"elementor-element elementor-element-5bfe230 e-con-full e-flex e-con e-child\" data-id=\"5bfe230\" data-element_type=\"container\" data-e-type=\"container\">\n\t\t\t\t<div class=\"elementor-element elementor-element-d1f1677 elementor-widget elementor-widget-wd_text_block\" data-id=\"d1f1677\" data-element_type=\"widget\" data-e-type=\"widget\" data-widget_type=\"wd_text_block.default\">\n\t\t\t\t<div class=\"elementor-widget-container\">\n\t\t\t\t\t\t\t<div class=\"wd-text-block reset-last-child text-center\">\n\t\t\t\n\t\t\t<h3>Qu\u2019est-ce que le miel d\u2019eucalyptus ? Le nectar parfum\u00e9 de l\u2019arbre \u00e0 gomme !<\/h3>\n\t\t\t\t\t<\/div>\n\t\t\t\t\t\t<\/div>\n\t\t\t\t<\/div>\n\t\t\t\t<div class=\"elementor-element elementor-element-49ee2f8 elementor-widget elementor-widget-wd_text_block\" data-id=\"49ee2f8\" data-element_type=\"widget\" data-e-type=\"widget\" data-widget_type=\"wd_text_block.default\">\n\t\t\t\t<div class=\"elementor-widget-container\">\n\t\t\t\t\t\t\t<div class=\"wd-text-block reset-last-child text-center\">\n\t\t\t\n\t\t\t<p>Vous cherchez un miel au go\u00fbt puissant et rafra\u00eechissant, avec des bienfaits concentr\u00e9s, sp\u00e9cialement pour soutenir la sant\u00e9 respiratoire ? Plongez dans l\u2019univers de <b>Miel d\u2019Eucalyptus<\/b>C\u2019est un miel monofloral produit par les abeilles \u00e0 partir du nectar des fleurs d\u2019eucalyptus ( <i>Eucalyptus<\/i>) Ces arbres, connus pour leur odeur forte et leurs propri\u00e9t\u00e9s m\u00e9dicinales, sont cultiv\u00e9s dans diverses r\u00e9gions du monde, notamment en Australie et dans le bassin m\u00e9diterran\u00e9en. Ce miel se caract\u00e9rise par sa couleur ambre tendant vers le fonc\u00e9, et son go\u00fbt fort et distinctif qui laisse une sensation de fra\u00eecheur et de refroidissement dans la gorge, avec un parfum aromatique rappelant les feuilles d\u2019eucalyptus.<\/p><p>Le miel d\u2019eucalyptus n\u2019est pas seulement un \u00e9dulcorant naturel ; il est riche en <b>Antioxydants<\/b> puissants (comme les flavono\u00efdes et les compos\u00e9s ph\u00e9noliques), et<b>Huiles essentielles<\/b> Extraite du nectar d\u2019eucalyptus, qui lui conf\u00e8re ses propri\u00e9t\u00e9s curatives uniques. Il contient \u00e9galement une large gamme de <b>Vitamines<\/b> et<b>Min\u00e9raux<\/b> et<b>Bioenzymes<\/b>Ces ingr\u00e9dients puissants lui conf\u00e8rent des propri\u00e9t\u00e9s antibact\u00e9riennes, anti-inflammatoires et un renforcement g\u00e9n\u00e9ral du syst\u00e8me immunitaire. Quels secrets ce miel d\u00e9tient-il pour vous aider \u00e0 mieux respirer, soulager la toux et renforcer votre immunit\u00e9 ? D\u00e9couvrons ensemble la puissance du miel d\u2019eucalyptus, ce tr\u00e9sor aromatique pour la sant\u00e9 de vos voies respiratoires !<\/p>\n\t\t\t\t\t<\/div>\n\t\t\t\t\t\t<\/div>\n\t\t\t\t<\/div>\n\t\t\t\t<\/div>\n\t\t<div class=\"elementor-element elementor-element-29bd0f6 e-con-full e-flex e-con e-child\" data-id=\"29bd0f6\" data-element_type=\"container\" data-e-type=\"container\">\n\t\t\t\t<div class=\"elementor-element elementor-element-b9d365b elementor-widget elementor-widget-wd_text_block\" data-id=\"b9d365b\" data-element_type=\"widget\" data-e-type=\"widget\" data-widget_type=\"wd_text_block.default\">\n\t\t\t\t<div class=\"elementor-widget-container\">\n\t\t\t\t\t\t\t<div class=\"wd-text-block reset-last-child text-center\">\n\t\t\t\n\t\t\t<h3>Les bienfaits du miel d\u2019eucalyptus : pourquoi est-il le meilleur choix pour la sant\u00e9 respiratoire ?<\/h3>\n\t\t\t\t\t<\/div>\n\t\t\t\t\t\t<\/div>\n\t\t\t\t<\/div>\n\t\t\t\t<div class=\"elementor-element elementor-element-f507c2c elementor-widget elementor-widget-wd_text_block\" data-id=\"f507c2c\" data-element_type=\"widget\" data-e-type=\"widget\" data-widget_type=\"wd_text_block.default\">\n\t\t\t\t<div class=\"elementor-widget-container\">\n\t\t\t\t\t\t\t<div class=\"wd-text-block reset-last-child text-center\">\n\t\t\t\n\t\t\t<p>La plupart des avantages proviennent de <b>Miel d\u2019Eucalyptus<\/b> Gr\u00e2ce \u00e0 ses fortes concentrations en compos\u00e9s actifs issus de l\u2019arbre d\u2019eucalyptus, il offre des propri\u00e9t\u00e9s th\u00e9rapeutiques uniques pour le syst\u00e8me respiratoire. Voici ses principaux bienfaits :<\/p><ul><li><p><b>Soutient la sant\u00e9 respiratoire et soulage la toux (avantage cl\u00e9) :<\/b><\/p><ul><li><p>Le miel d\u2019eucalyptus est particuli\u00e8rement efficace pour apaiser la gorge, soulager la toux s\u00e8che et grasse, et expulser le mucus gr\u00e2ce \u00e0 ses propri\u00e9t\u00e9s expectorantes.<\/p><\/li><li><p>Il aide \u00e0 ouvrir les voies respiratoires et \u00e0 am\u00e9liorer la respiration, ce qui le rend utile pour les rhumes, la grippe, la bronchite et la congestion nasale et thoracique.<\/p><\/li><li><p>Il peut r\u00e9duire la gravit\u00e9 des crises d\u2019asthme allergique et purifier les poumons et les voies respiratoires, m\u00eame apr\u00e8s l\u2019arr\u00eat du tabac.<\/p><\/li><\/ul><\/li><li><p><b>Agent puissant antibact\u00e9rien et antimicrobien :<\/b><\/p><ul><li><p>Il contient des propri\u00e9t\u00e9s antiseptiques, antibact\u00e9riennes et antifongiques qui aident le corps \u00e0 combattre les infections.<\/p><\/li><li><p>Efficace pour \u00e9liminer les germes dans les voies respiratoires et la bouche, et contribue \u00e0 traiter les infections des gencives.<\/p><\/li><\/ul><\/li><li><p><b>Renforceur du syst\u00e8me immunitaire :<\/b><\/p><ul><li><p>Gr\u00e2ce \u00e0 sa richesse en antioxydants, le miel d\u2019eucalyptus renforce les d\u00e9fenses de l\u2019organisme contre les radicaux libres, fortifie le syst\u00e8me immunitaire et augmente la r\u00e9sistance aux maladies et inflammations.<\/p><\/li><\/ul><\/li><li><p><b>Soutien \u00e0 la sant\u00e9 digestive\u00a0:<\/b><\/p><ul><li><p>Contribue \u00e0 am\u00e9liorer la digestion, soulage les ballonnements et les gaz, et aide \u00e0 expulser les vers intestinaux.<\/p><\/li><li><p>Il peut r\u00e9duire l\u2019acidit\u00e9 et soigner les ulc\u00e8res gastriques.<\/p><\/li><\/ul><\/li><li><p><b>Soulagement des douleurs corporelles :<\/b><\/p><ul><li><p>Ses propri\u00e9t\u00e9s anti-inflammatoires aident \u00e0 soulager les douleurs musculaires et articulaires.<\/p><\/li><\/ul><\/li><li><p><b>Dynamisant &amp; Anti-fatigue :<\/b><\/p><ul><li><p>Il est une source naturelle d\u2019\u00e9nergie qui aide \u00e0 revitaliser le corps et r\u00e9duit la fatigue, l\u2019\u00e9puisement et la faiblesse musculaire.<\/p><\/li><\/ul><\/li><li><p><b>Sant\u00e9 bucco-dentaire et des gencives :<\/b><\/p><ul><li><p>Gr\u00e2ce \u00e0 ses propri\u00e9t\u00e9s antiseptiques, il aide \u00e0 combattre les bact\u00e9ries responsables des inflammations des gencives et des caries dentaires.<\/p><\/li><\/ul><\/li><\/ul>\n\t\t\t\t\t<\/div>\n\t\t\t\t\t\t<\/div>\n\t\t\t\t<\/div>\n\t\t\t\t<\/div>\n\t\t<div class=\"elementor-element elementor-element-9690a7b e-con-full e-flex e-con e-child\" data-id=\"9690a7b\" data-element_type=\"container\" data-e-type=\"container\">\n\t\t\t\t<div class=\"elementor-element elementor-element-169ce2e elementor-widget elementor-widget-wd_text_block\" data-id=\"169ce2e\" data-element_type=\"widget\" data-e-type=\"widget\" data-widget_type=\"wd_text_block.default\">\n\t\t\t\t<div class=\"elementor-widget-container\">\n\t\t\t\t\t\t\t<div class=\"wd-text-block reset-last-child text-center\">\n\t\t\t\n\t\t\t<p>\u00a0Pourquoi les experts font confiance au miel d\u2019eucalyptus : large reconnaissance de ses propri\u00e9t\u00e9s m\u00e9dicinales !<\/p>\n\t\t\t\t\t<\/div>\n\t\t\t\t\t\t<\/div>\n\t\t\t\t<\/div>\n\t\t\t\t<div class=\"elementor-element elementor-element-d76a9ea elementor-widget elementor-widget-wd_text_block\" data-id=\"d76a9ea\" data-element_type=\"widget\" data-e-type=\"widget\" data-widget_type=\"wd_text_block.default\">\n\t\t\t\t<div class=\"elementor-widget-container\">\n\t\t\t\t\t\t\t<div class=\"wd-text-block reset-last-child text-center\">\n\t\t\t\n\t\t\t<p>Les nutritionnistes, les sp\u00e9cialistes de la m\u00e9decine alternative et de nombreux chercheurs font pleinement confiance au miel d\u2019eucalyptus, le recommandant comme rem\u00e8de naturel efficace contre les probl\u00e8mes respiratoires. Les \u00e9tudes montrent que les huiles volatiles pr\u00e9sentes dans le nectar d\u2019eucalyptus, qui se retrouvent dans le miel, lui conf\u00e8rent des propri\u00e9t\u00e9s puissantes : antimicrobiennes, anti-inflammatoires et expectorantes.<\/p><p>Ce miel est un choix populaire pour soulager les sympt\u00f4mes du rhume, la toux et les maux de gorge, avec un effet apaisant et rafra\u00eechissant sur le syst\u00e8me respiratoire. La confiance envers le miel d\u2019eucalyptus d\u00e9coule de sa longue histoire d\u2019utilisation traditionnelle, ainsi que du soutien scientifique croissant \u00e0 ses bienfaits.<\/p>\n\t\t\t\t\t<\/div>\n\t\t\t\t\t\t<\/div>\n\t\t\t\t<\/div>\n\t\t\t\t<\/div>\n\t\t\t\t<\/div>\n\t\t\t\t\t<\/div>\n\t\t\t\t<\/div>\n\t\t\t\t<\/div>","protected":false},"excerpt":{"rendered":"<p>Qu\u2019est-ce que le Miel d\u2019Eucalyptus ? Nectar aromatique ! Vous cherchez un miel au go\u00fbt fort et rafra\u00eechissant, avec des bienfaits sant\u00e9 concentr\u00e9s, surtout pour le soutien<\/p>","protected":false},"featured_media":0,"comment_status":"open","ping_status":"closed","template":"","meta":[],"product_brand":[],"product_cat":[67],"product_tag":[],"class_list":{"0":"post-3349","1":"product","2":"type-product","3":"status-publish","5":"product_cat-67","6":"pa_-1-kg","7":"pa_-500-g","9":"first","10":"onbackorder","11":"shipping-taxable","12":"purchasable","13":"product-type-variable"},"jetpack_sharing_enabled":true,"_links":{"self":[{"href":"https:\/\/sfb.ma\/fr\/wp-json\/wp\/v2\/product\/3349","targetHints":{"allow":["GET"]}}],"collection":[{"href":"https:\/\/sfb.ma\/fr\/wp-json\/wp\/v2\/product"}],"about":[{"href":"https:\/\/sfb.ma\/fr\/wp-json\/wp\/v2\/types\/product"}],"replies":[{"embeddable":true,"href":"https:\/\/sfb.ma\/fr\/wp-json\/wp\/v2\/comments?post=3349"}],"version-history":[{"count":0,"href":"https:\/\/sfb.ma\/fr\/wp-json\/wp\/v2\/product\/3349\/revisions"}],"wp:attachment":[{"href":"https:\/\/sfb.ma\/fr\/wp-json\/wp\/v2\/media?parent=3349"}],"wp:term":[{"taxonomy":"product_brand","embeddable":true,"href":"https:\/\/sfb.ma\/fr\/wp-json\/wp\/v2\/product_brand?post=3349"},{"taxonomy":"product_cat","embeddable":true,"href":"https:\/\/sfb.ma\/fr\/wp-json\/wp\/v2\/product_cat?post=3349"},{"taxonomy":"product_tag","embeddable":true,"href":"https:\/\/sfb.ma\/fr\/wp-json\/wp\/v2\/product_tag?post=3349"}],"curies":[{"name":"wp","href":"https:\/\/api.w.org\/{rel}","templated":true}]}}