{"id":3355,"date":"2025-07-20T18:31:47","date_gmt":"2025-07-20T18:31:47","guid":{"rendered":"https:\/\/sfb.ma\/?post_type=product&#038;p=3355"},"modified":"2026-01-08T10:43:56","modified_gmt":"2026-01-08T10:43:56","slug":"miel-de-fleur-d-oranger","status":"publish","type":"product","link":"https:\/\/sfb.ma\/fr\/produit\/miel-de-fleur-d-oranger\/","title":{"rendered":"Miel de Fleurs d\u2019Oranger"},"content":{"rendered":"<div data-elementor-type=\"product-post\" data-elementor-id=\"3355\" class=\"elementor elementor-3355\" data-elementor-post-type=\"product\">\n\t\t\t\t<div class=\"wd-negative-gap elementor-element elementor-element-62b4c33 e-flex e-con-boxed e-con e-parent\" data-id=\"62b4c33\" data-element_type=\"container\" data-e-type=\"container\">\n\t\t\t\t\t<div class=\"e-con-inner\">\n\t\t<div class=\"elementor-element elementor-element-9e4e4bc e-con-full e-flex e-con e-child\" data-id=\"9e4e4bc\" data-element_type=\"container\" data-e-type=\"container\">\n\t\t<div class=\"elementor-element elementor-element-61223d3 e-con-full e-flex e-con e-child\" data-id=\"61223d3\" data-element_type=\"container\" data-e-type=\"container\">\n\t\t\t\t<div class=\"elementor-element elementor-element-56e71b5 elementor-widget elementor-widget-wd_text_block\" data-id=\"56e71b5\" data-element_type=\"widget\" data-e-type=\"widget\" data-widget_type=\"wd_text_block.default\">\n\t\t\t\t<div class=\"elementor-widget-container\">\n\t\t\t\t\t\t\t<div class=\"wd-text-block reset-last-child text-center\">\n\t\t\t\n\t\t\t<h3>Qu\u2019est-ce que le miel de fleur d\u2019oranger ? La chaleur du soleil dans chaque goutte !<\/h3>\n\t\t\t\t\t<\/div>\n\t\t\t\t\t\t<\/div>\n\t\t\t\t<\/div>\n\t\t\t\t<div class=\"elementor-element elementor-element-746c208 elementor-widget elementor-widget-wd_text_block\" data-id=\"746c208\" data-element_type=\"widget\" data-e-type=\"widget\" data-widget_type=\"wd_text_block.default\">\n\t\t\t\t<div class=\"elementor-widget-container\">\n\t\t\t\t\t\t\t<div class=\"wd-text-block reset-last-child text-center\">\n\t\t\t\n\t\t\t<p>Vous cherchez un miel au go\u00fbt sucr\u00e9, au parfum floral rappelant les fleurs d\u2019agrumes, aux bienfaits apaisants et fortifiants ? Plongez dans l\u2019univers de <b>Miel de Fleur d'Oranger<\/b>C\u2019est un miel monofloral produit par les abeilles \u00e0 partir du nectar des fleurs d\u2019oranger (<i>Citrus sinensis<\/i>) Ce miel est l\u2019un des types les plus connus et populaires au monde, surtout dans les r\u00e9gions de culture d\u2019agrumes comme le Maroc, l\u2019Espagne, l\u2019Italie, les \u00c9tats-Unis (Floride et Californie) et le Mexique. Il se caract\u00e9rise par une couleur dor\u00e9e claire \u00e0 ambr\u00e9e, une texture lisse et une saveur sucr\u00e9e souvent accompagn\u00e9e de notes subtiles d\u2019agrumes.<\/p><p>Le miel d\u2019orange n\u2019est pas qu\u2019un simple \u00e9dulcorant d\u00e9licieux ; il est riche en <b>Antioxydants<\/b> puissants (comme les flavono\u00efdes et les compos\u00e9s ph\u00e9noliques), et<b>Vitamines<\/b> (en particulier la vitamine C et les vitamines B), et<b>Min\u00e9raux<\/b> (comme le potassium, le calcium et le magn\u00e9sium), et<b>Bioenzymes<\/b>et<b>Pollen d\u2019abeille<\/b> Ces ingr\u00e9dients actifs lui conf\u00e8rent des propri\u00e9t\u00e9s apaisantes, antimicrobiennes et renfor\u00e7ant le syst\u00e8me immunitaire. Quels secrets renferme ce miel pour am\u00e9liorer votre sommeil, calmer vos nerfs et renforcer votre immunit\u00e9 ? D\u00e9couvrons ensemble la puissance du miel d\u2019orange, ce doux cadeau des vergers d\u2019agrumes !<\/p>\n\t\t\t\t\t<\/div>\n\t\t\t\t\t\t<\/div>\n\t\t\t\t<\/div>\n\t\t\t\t<\/div>\n\t\t<div class=\"elementor-element elementor-element-7a2d82b e-con-full e-flex e-con e-child\" data-id=\"7a2d82b\" data-element_type=\"container\" data-e-type=\"container\">\n\t\t\t\t<div class=\"elementor-element elementor-element-3b0d226 elementor-widget elementor-widget-wd_text_block\" data-id=\"3b0d226\" data-element_type=\"widget\" data-e-type=\"widget\" data-widget_type=\"wd_text_block.default\">\n\t\t\t\t<div class=\"elementor-widget-container\">\n\t\t\t\t\t\t\t<div class=\"wd-text-block reset-last-child text-center\">\n\t\t\t\n\t\t\t<h3>Bienfaits du miel d\u2019oranger : Pourquoi c\u2019est un excellent choix pour votre sant\u00e9 et votre bien-\u00eatre<\/h3>\n\t\t\t\t\t<\/div>\n\t\t\t\t\t\t<\/div>\n\t\t\t\t<\/div>\n\t\t\t\t<div class=\"elementor-element elementor-element-40685a0 elementor-widget elementor-widget-wd_text_block\" data-id=\"40685a0\" data-element_type=\"widget\" data-e-type=\"widget\" data-widget_type=\"wd_text_block.default\">\n\t\t\t\t<div class=\"elementor-widget-container\">\n\t\t\t\t\t\t\t<div class=\"wd-text-block reset-last-child text-center\">\n\t\t\t\n\t\t\t<p>La plupart des avantages proviennent de <b>Miel de Fleur d'Oranger<\/b> Gr\u00e2ce \u00e0 sa composition nutritionnelle riche et \u00e0 ses propri\u00e9t\u00e9s apaisantes issues des fleurs d\u2019agrumes, voici ses principaux bienfaits :<\/p><ul><li><p><b>Apaisant et aide \u00e0 la relaxation (B\u00e9n\u00e9fice cl\u00e9) :<\/b><\/p><ul><li><p>Le miel d\u2019orange est reconnu pour ses propri\u00e9t\u00e9s apaisantes qui aident \u00e0 r\u00e9duire le stress et l\u2019anxi\u00e9t\u00e9.<\/p><\/li><li><p>Il contribue \u00e0 am\u00e9liorer la qualit\u00e9 du sommeil et est un excellent choix pour les personnes souffrant d\u2019insomnie, surtout lorsqu\u2019il est consomm\u00e9 avant le coucher.<\/p><\/li><li><p>Aide \u00e0 apaiser les nerfs et le corps en g\u00e9n\u00e9ral gr\u00e2ce \u00e0 son parfum aromatique distinctif.<\/p><\/li><\/ul><\/li><li><p><b>Antimicrobien et antibact\u00e9rien :<\/b><\/p><ul><li><p>Il poss\u00e8de des propri\u00e9t\u00e9s antiseptiques et antibact\u00e9riennes, ce qui le rend efficace contre certaines infections, notamment les infections des voies respiratoires sup\u00e9rieures.<\/p><\/li><li><p>Aide \u00e0 apaiser les maux de gorge et la toux dus au rhume et \u00e0 la grippe.<\/p><\/li><\/ul><\/li><li><p><b>Renforceur du syst\u00e8me immunitaire :<\/b><\/p><ul><li><p>Riche en antioxydants et vitamines, il renforce le syst\u00e8me immunitaire, aidant le corps \u00e0 lutter contre les maladies et inflammations.<\/p><\/li><li><p>Am\u00e9liore la sant\u00e9 g\u00e9n\u00e9rale et augmente la capacit\u00e9 du corps \u00e0 se r\u00e9tablir.<\/p><\/li><\/ul><\/li><li><p><b>Soutien \u00e0 la sant\u00e9 digestive\u00a0:<\/b><\/p><ul><li><p>Aide \u00e0 am\u00e9liorer la digestion et soulage des probl\u00e8mes comme la constipation et les ballonnements.<\/p><\/li><li><p>Il poss\u00e8de des propri\u00e9t\u00e9s apaisantes pour l\u2019estomac et peut aider \u00e0 soulager les br\u00fblures d\u2019estomac l\u00e9g\u00e8res.<\/p><\/li><\/ul><\/li><li><p><b>Une source rapide d\u2019\u00e9nergie :<\/b><\/p><ul><li><p>Offre une source naturelle et rapide d\u2019\u00e9nergie gr\u00e2ce \u00e0 ses sucres naturels (fructose et glucose), ce qui le rend utile pour les sportifs ou ceux qui ont besoin d\u2019un coup de fouet.<\/p><\/li><\/ul><\/li><li><p><b>Pour la sant\u00e9 et la beaut\u00e9 de la peau (en usage externe) :<\/b><\/p><ul><li><p>Peut \u00eatre utilis\u00e9 comme masque naturel pour hydrater et nourrir la peau, gr\u00e2ce \u00e0 ses propri\u00e9t\u00e9s hydratantes et antioxydantes.<\/p><\/li><li><p>Aide \u00e0 apaiser la peau irrit\u00e9e et \u00e0 lui redonner \u00e9clat et fra\u00eecheur.<\/p><\/li><\/ul><\/li><\/ul>\n\t\t\t\t\t<\/div>\n\t\t\t\t\t\t<\/div>\n\t\t\t\t<\/div>\n\t\t\t\t<\/div>\n\t\t<div class=\"elementor-element elementor-element-fa91e10 e-con-full e-flex e-con e-child\" data-id=\"fa91e10\" data-element_type=\"container\" data-e-type=\"container\">\n\t\t\t\t<div class=\"elementor-element elementor-element-a9ebf42 elementor-widget elementor-widget-wd_text_block\" data-id=\"a9ebf42\" data-element_type=\"widget\" data-e-type=\"widget\" data-widget_type=\"wd_text_block.default\">\n\t\t\t\t<div class=\"elementor-widget-container\">\n\t\t\t\t\t\t\t<div class=\"wd-text-block reset-last-child text-center\">\n\t\t\t\n\t\t\t<h3>Avis des experts sur le miel d\u2019orange : largement reconnu pour ses bienfaits apaisants et immunitaires !<\/h3>\n\t\t\t\t\t<\/div>\n\t\t\t\t\t\t<\/div>\n\t\t\t\t<\/div>\n\t\t\t\t<div class=\"elementor-element elementor-element-4b5cd83 elementor-widget elementor-widget-wd_text_block\" data-id=\"4b5cd83\" data-element_type=\"widget\" data-e-type=\"widget\" data-widget_type=\"wd_text_block.default\">\n\t\t\t\t<div class=\"elementor-widget-container\">\n\t\t\t\t\t\t\t<div class=\"wd-text-block reset-last-child text-center\">\n\t\t\t\n\t\t\t<p>Les experts en nutrition et m\u00e9decine alternative font confiance au miel d\u2019orange pour ses propri\u00e9t\u00e9s apaisantes et renfor\u00e7ant l\u2019immunit\u00e9. Les recherches montrent que tous les miels naturels, y compris le miel d\u2019orange, poss\u00e8dent des effets antibact\u00e9riens et antioxydants gr\u00e2ce \u00e0 leurs flavono\u00efdes et compos\u00e9s ph\u00e9noliques. Sa saveur aromatique unique provenant des fleurs d\u2019agrumes lui conf\u00e8re un effet calmant et relaxant.<\/p><p>Recommand\u00e9 pour am\u00e9liorer la qualit\u00e9 du sommeil et r\u00e9duire le stress, ainsi que pour soutenir le syst\u00e8me respiratoire et lutter contre les rhumes. Le miel d\u2019orange est reconnu pour son histoire longue et ses bienfaits s\u00fbrs et efficaces.<\/p><p>\u00a0<\/p>\n\t\t\t\t\t<\/div>\n\t\t\t\t\t\t<\/div>\n\t\t\t\t<\/div>\n\t\t\t\t<\/div>\n\t\t\t\t<\/div>\n\t\t\t\t\t<\/div>\n\t\t\t\t<\/div>\n\t\t\t\t<\/div>","protected":false},"excerpt":{"rendered":"<p>Qu\u2019est-ce que le Miel d\u2019Orange ? Soleil \u00e0 chaque goutte ! Go\u00fbtez sa douceur et son parfum floral d\u00e9licat.<\/p>","protected":false},"featured_media":0,"comment_status":"open","ping_status":"closed","template":"","meta":[],"product_brand":[],"product_cat":[67],"product_tag":[],"class_list":{"0":"post-3355","1":"product","2":"type-product","3":"status-publish","5":"product_cat-67","6":"pa_-1-kg","7":"pa_-500-g","9":"first","10":"outofstock","11":"shipping-taxable","12":"purchasable","13":"product-type-variable"},"jetpack_sharing_enabled":true,"_links":{"self":[{"href":"https:\/\/sfb.ma\/fr\/wp-json\/wp\/v2\/product\/3355","targetHints":{"allow":["GET"]}}],"collection":[{"href":"https:\/\/sfb.ma\/fr\/wp-json\/wp\/v2\/product"}],"about":[{"href":"https:\/\/sfb.ma\/fr\/wp-json\/wp\/v2\/types\/product"}],"replies":[{"embeddable":true,"href":"https:\/\/sfb.ma\/fr\/wp-json\/wp\/v2\/comments?post=3355"}],"version-history":[{"count":0,"href":"https:\/\/sfb.ma\/fr\/wp-json\/wp\/v2\/product\/3355\/revisions"}],"wp:attachment":[{"href":"https:\/\/sfb.ma\/fr\/wp-json\/wp\/v2\/media?parent=3355"}],"wp:term":[{"taxonomy":"product_brand","embeddable":true,"href":"https:\/\/sfb.ma\/fr\/wp-json\/wp\/v2\/product_brand?post=3355"},{"taxonomy":"product_cat","embeddable":true,"href":"https:\/\/sfb.ma\/fr\/wp-json\/wp\/v2\/product_cat?post=3355"},{"taxonomy":"product_tag","embeddable":true,"href":"https:\/\/sfb.ma\/fr\/wp-json\/wp\/v2\/product_tag?post=3355"}],"curies":[{"name":"wp","href":"https:\/\/api.w.org\/{rel}","templated":true}]}}