{"id":3369,"date":"2025-07-20T19:15:28","date_gmt":"2025-07-20T19:15:28","guid":{"rendered":"https:\/\/sfb.ma\/?post_type=product&#038;p=3369"},"modified":"2026-01-30T17:05:19","modified_gmt":"2026-01-30T17:05:19","slug":"miel-de-jujubier","status":"publish","type":"product","link":"https:\/\/sfb.ma\/fr\/produit\/miel-de-jujubier\/","title":{"rendered":"Miel de Sidr"},"content":{"rendered":"<div data-elementor-type=\"product-post\" data-elementor-id=\"3369\" class=\"elementor elementor-3369\" data-elementor-post-type=\"product\">\n\t\t\t\t<div class=\"wd-negative-gap elementor-element elementor-element-bfc9a89 e-flex e-con-boxed e-con e-parent\" data-id=\"bfc9a89\" data-element_type=\"container\" data-e-type=\"container\">\n\t\t\t\t\t<div class=\"e-con-inner\">\n\t\t<div class=\"elementor-element elementor-element-2c1902a e-con-full e-flex e-con e-child\" data-id=\"2c1902a\" data-element_type=\"container\" data-e-type=\"container\">\n\t\t<div class=\"elementor-element elementor-element-5304418 e-con-full e-flex e-con e-child\" data-id=\"5304418\" data-element_type=\"container\" data-e-type=\"container\">\n\t\t\t\t<div class=\"elementor-element elementor-element-cca0616 elementor-widget elementor-widget-wd_text_block\" data-id=\"cca0616\" data-element_type=\"widget\" data-e-type=\"widget\" data-widget_type=\"wd_text_block.default\">\n\t\t\t\t<div class=\"elementor-widget-container\">\n\t\t\t\t\t\t\t<div class=\"wd-text-block reset-last-child text-center\">\n\t\t\t\n\t\t\t<h3>Qu\u2019est-ce que le miel de jujubier ? Le nectar du jujubier issu des sommets montagneux !<\/h3>\n\t\t\t\t\t<\/div>\n\t\t\t\t\t\t<\/div>\n\t\t\t\t<\/div>\n\t\t\t\t<div class=\"elementor-element elementor-element-31dcdd5 elementor-widget elementor-widget-wd_text_block\" data-id=\"31dcdd5\" data-element_type=\"widget\" data-e-type=\"widget\" data-widget_type=\"wd_text_block.default\">\n\t\t\t\t<div class=\"elementor-widget-container\">\n\t\t\t\t\t\t\t<div class=\"wd-text-block reset-last-child text-center\">\n\t\t\t\n\t\t\t<p>Vous recherchez un miel rare, consid\u00e9r\u00e9 comme l\u2019un des plus pr\u00e9cieux et de meilleure qualit\u00e9 au monde, reconnu pour ses vertus nutritionnelles et th\u00e9rapeutiques exceptionnelles ? Plongez dans l\u2019univers de <b>Miel de Sidr<\/b>Un miel monofloral produit par les abeilles \u00e0 partir du nectar des fleurs de jujubier<i>Ziziphus spina-christi<\/i> ou <i>Ziziphus jujuba<\/i>) un arbre b\u00e9ni et p\u00e9renne, \u00e9galement connu sous les noms de \u00ab\u00a0Nabq\u00a0\u00bb ou \u00ab\u00a0Al-\u2018ilb\u00a0\u00bb dans certaines r\u00e9gions. Les jujubiers poussent naturellement dans les zones d\u00e9sertiques et montagneuses.<\/p><p>Le miel de jujubier se distingue par sa couleur ambre dor\u00e9 fonc\u00e9, qui peut s\u2019assombrir avec le temps. Sa texture est \u00e9paisse et visqueuse, avec une saveur riche, forte et distinctive rappelant les fleurs aromatiques du jujubier, qui reste stable. Ce qui le rend unique, c\u2019est sa composition chimique complexe et sa richesse en compos\u00e9s actifs.<\/p><p>Le miel de jujubier n\u2019est pas seulement un \u00e9dulcorant de luxe ; il est riche en <b>Antioxydants<\/b> puissants (comme les flavono\u00efdes et les compos\u00e9s ph\u00e9noliques), et<b>Vitamines<\/b> (comme les vitamines B complexes et la vitamine C) et<b>Min\u00e9raux<\/b> (comme le fer, le calcium, le magn\u00e9sium, le potassium) et<b>Bioenzymes<\/b>et<b>Compos\u00e9s antimicrobiens<\/b>Ces ingr\u00e9dients puissants conf\u00e8rent au miel de jujubier des propri\u00e9t\u00e9s th\u00e9rapeutiques exceptionnelles en tant qu\u2019antibiotique naturel, stimulant de l\u2019immunit\u00e9 et soutien de la sant\u00e9 g\u00e9n\u00e9rale. Quels secrets renferme ce miel dor\u00e9 pour augmenter votre \u00e9nergie, renforcer votre syst\u00e8me immunitaire et aider \u00e0 gu\u00e9rir votre corps de l\u2019int\u00e9rieur comme de l\u2019ext\u00e9rieur ? D\u00e9couvrons ensemble la puissance du miel de jujubier \u2014 le cadeau divin pour le bien-\u00eatre de l\u2019humanit\u00e9 !<\/p>\n\t\t\t\t\t<\/div>\n\t\t\t\t\t\t<\/div>\n\t\t\t\t<\/div>\n\t\t\t\t<\/div>\n\t\t<div class=\"elementor-element elementor-element-9a5a14c e-con-full e-flex e-con e-child\" data-id=\"9a5a14c\" data-element_type=\"container\" data-e-type=\"container\">\n\t\t\t\t<div class=\"elementor-element elementor-element-3e28272 elementor-widget elementor-widget-wd_text_block\" data-id=\"3e28272\" data-element_type=\"widget\" data-e-type=\"widget\" data-widget_type=\"wd_text_block.default\">\n\t\t\t\t<div class=\"elementor-widget-container\">\n\t\t\t\t\t\t\t<div class=\"wd-text-block reset-last-child text-center\">\n\t\t\t\n\t\t\t<h3>Les bienfaits du miel de jujubier : pourquoi c\u2019est le choix num\u00e9ro un pour les rem\u00e8des naturels?<\/h3>\n\t\t\t\t\t<\/div>\n\t\t\t\t\t\t<\/div>\n\t\t\t\t<\/div>\n\t\t\t\t<div class=\"elementor-element elementor-element-c7a13cc elementor-widget elementor-widget-wd_text_block\" data-id=\"c7a13cc\" data-element_type=\"widget\" data-e-type=\"widget\" data-widget_type=\"wd_text_block.default\">\n\t\t\t\t<div class=\"elementor-widget-container\">\n\t\t\t\t\t\t\t<div class=\"wd-text-block reset-last-child text-center\">\n\t\t\t\n\t\t\t<p class=\"translation-block\">La plupart des avantages du miel de jujubier  proviennent de son environnement pur o\u00f9 pousse l\u2019arbre de jujubier, ainsi que de sa composition chimique riche en nutriments et compos\u00e9s actifs. Voici ses principaux bienfaits :<\/p><ul><li><p><b>Antibiotique naturel et antimicrobien (Avantage cl\u00e9) :<\/b><\/p><ul><li><p>Le miel de jujubier est l\u2019un des types de miel les plus puissants contre les bact\u00e9ries, virus et champignons, y compris certaines souches r\u00e9sistantes aux antibiotiques (comme la bact\u00e9rie MRSA).<\/p><\/li><li><p>Il est utilis\u00e9 efficacement pour traiter les maux de gorge, la toux, les rhumes et la grippe, aidant \u00e0 soulager rapidement leurs sympt\u00f4mes.<\/p><\/li><\/ul><\/li><li><p><b>Puissant stimulant du syst\u00e8me immunitaire :<\/b><\/p><ul><li><p>Riche en antioxydants qui combattent les radicaux libres nocifs, r\u00e9duisent l\u2019inflammation et stimulent la production de cellules immunitaires, renfor\u00e7ant ainsi les d\u00e9fenses de l\u2019organisme contre les maladies.<\/p><\/li><li><p>Il contribue \u00e0 am\u00e9liorer la sant\u00e9 g\u00e9n\u00e9rale et renforce la r\u00e9sistance du corps aux infections.<\/p><\/li><\/ul><\/li><li><p><b>Soutien \u00e0 la sant\u00e9 digestive\u00a0:<\/b><\/p><ul><li><p>Il est consid\u00e9r\u00e9 comme un stimulant du syst\u00e8me digestif, car il aide \u00e0 am\u00e9liorer la digestion et \u00e0 soulager des probl\u00e8mes tels que la constipation, les ballonnements, l\u2019acidit\u00e9 excessive et les ulc\u00e8res d\u2019estomac.<\/p><\/li><li><p>Il aide \u00e0 \u00e9liminer les toxines du corps et am\u00e9liore la sant\u00e9 intestinale.<\/p><\/li><\/ul><\/li><li><p><b>\u0645\u0635\u062f\u0631 \u0644\u0644\u0637\u0627\u0642\u0629 \u0648\u0627\u0644\u062d\u064a\u0648\u064a\u0629:<\/b><\/p><ul><li><p>\u064a\u062d\u062a\u0648\u064a \u0639\u0644\u0649 \u0633\u0643\u0631\u064a\u0627\u062a \u0637\u0628\u064a\u0639\u064a\u0629 (\u062c\u0644\u0648\u0643\u0648\u0632 \u0648\u0641\u0631\u0643\u062a\u0648\u0632) \u062a\u064f\u0648\u0641\u0631 \u0637\u0627\u0642\u0629 \u0641\u0648\u0631\u064a\u0629 \u0648\u0645\u0633\u062a\u062f\u0627\u0645\u0629 \u0644\u0644\u062c\u0633\u0645\u060c \u0645\u0645\u0627 \u064a\u064f\u0642\u0644\u0644 \u0645\u0646 \u0627\u0644\u062a\u0639\u0628 \u0648\u0627\u0644\u0625\u0631\u0647\u0627\u0642\u060c \u0648\u064a\u064f\u062d\u0633\u0646 \u0645\u0646 \u0627\u0644\u0623\u062f\u0627\u0621 \u0627\u0644\u0628\u062f\u0646\u064a \u0648\u0627\u0644\u0630\u0647\u0646\u064a.<\/p><\/li><\/ul><\/li><li><p><b>Pour la sant\u00e9 de la peau et la cicatrisation des plaies :<\/b><\/p><ul><li><p>\u064a\u064f\u0633\u062a\u062e\u062f\u0645 \u0645\u0648\u0636\u0639\u064a\u064b\u0627 \u0644\u062a\u0633\u0631\u064a\u0639 \u0634\u0641\u0627\u0621 \u0627\u0644\u062c\u0631\u0648\u062d\u060c \u0627\u0644\u062d\u0631\u0648\u0642\u060c \u0627\u0644\u0643\u062f\u0645\u0627\u062a\u060c \u0648\u0627\u0644\u062a\u0642\u0631\u062d\u0627\u062a \u0628\u0641\u0636\u0644 \u062e\u0635\u0627\u0626\u0635\u0647 \u0627\u0644\u0645\u0637\u0647\u0631\u0629 \u0648\u0627\u0644\u0645\u062c\u062f\u062f\u0629 \u0644\u0644\u062e\u0644\u0627\u064a\u0627.<\/p><\/li><li><p>\u064a\u064f\u0633\u0627\u0639\u062f \u0641\u064a \u062a\u0631\u0637\u064a\u0628 \u0627\u0644\u0628\u0634\u0631\u0629\u060c \u062a\u0646\u0642\u064a\u062a\u0647\u0627 \u0645\u0646 \u0627\u0644\u0634\u0648\u0627\u0626\u0628\u060c \u0648\u0639\u0644\u0627\u062c \u0628\u0639\u0636 \u0627\u0644\u0623\u0645\u0631\u0627\u0636 \u0627\u0644\u062c\u0644\u062f\u064a\u0629 \u0645\u062b\u0644 \u062d\u0628 \u0627\u0644\u0634\u0628\u0627\u0628 \u0648\u0627\u0644\u0625\u0643\u0632\u064a\u0645\u0627\u060c \u0648\u064a\u064f\u0642\u0644\u0644 \u0645\u0646 \u0639\u0644\u0627\u0645\u0627\u062a \u0627\u0644\u0634\u064a\u062e\u0648\u062e\u0629.<\/p><\/li><\/ul><\/li><li><p><b>\u0645\u064f\u0641\u064a\u062f \u0644\u0644\u0639\u064a\u0648\u0646:<\/b><\/p><ul><li><p>\u064a\u064f\u0633\u062a\u062e\u062f\u0645 \u062a\u0642\u0644\u064a\u062f\u064a\u064b\u0627 \u0641\u064a \u0639\u0644\u0627\u062c \u0628\u0639\u0636 \u0645\u0634\u0627\u0643\u0644 \u0627\u0644\u0639\u064a\u0646 \u0645\u062b\u0644 \u0627\u0644\u062a\u0647\u0627\u0628 \u0627\u0644\u062c\u0641\u0648\u0646\u060c \u0627\u0644\u0639\u0634\u0649 \u0627\u0644\u0644\u064a\u0644\u064a\u060c \u0648\u0627\u0644\u062c\u0641\u0627\u0641\u060c \u0648\u064a\u064f\u0633\u0627\u0647\u0645 \u0641\u064a \u062a\u0642\u0648\u064a\u0629 \u0627\u0644\u0646\u0638\u0631 \u0648\u062a\u0642\u0644\u064a\u0644 \u0627\u0644\u0647\u0627\u0644\u0627\u062a \u0627\u0644\u0633\u0648\u062f\u0627\u0621 \u062d\u0648\u0644 \u0627\u0644\u0639\u064a\u0646.<\/p><\/li><\/ul><\/li><li><p><b>Soutien de la sant\u00e9 sexuelle et de la fertilit\u00e9 :<\/b><\/p><ul><li><p>\u064a\u064f\u0639\u062a\u0642\u062f \u0623\u0646\u0647 \u064a\u064f\u0633\u0627\u0647\u0645 \u0641\u064a \u062a\u0639\u0632\u064a\u0632 \u0627\u0644\u0635\u062d\u0629 \u0627\u0644\u062c\u0646\u0633\u064a\u0629 \u0648\u0632\u064a\u0627\u062f\u0629 \u0627\u0644\u062e\u0635\u0648\u0628\u0629 \u0644\u062f\u0649 \u0627\u0644\u0631\u062c\u0627\u0644 \u0648\u0627\u0644\u0646\u0633\u0627\u0621.<\/p><\/li><\/ul><\/li><li><p><b>\u062a\u0648\u0627\u0632\u0646 \u0645\u0633\u062a\u0648\u064a\u0627\u062a \u0627\u0644\u0633\u0643\u0631 \u0641\u064a \u0627\u0644\u062f\u0645:<\/b><\/p><ul><li><p>\u0639\u0644\u0649 \u0627\u0644\u0631\u063a\u0645 \u0645\u0646 \u0643\u0648\u0646\u0647 \u0639\u0633\u0644\u064b\u0627\u060c \u062a\u064f\u0634\u064a\u0631 \u0628\u0639\u0636 \u0627\u0644\u062f\u0631\u0627\u0633\u0627\u062a \u0625\u0644\u0649 \u0623\u0646\u0647 \u0642\u062f \u064a\u064f\u0633\u0627\u0639\u062f \u0641\u064a \u062a\u0646\u0638\u064a\u0645 \u0645\u0633\u062a\u0648\u064a\u0627\u062a \u0627\u0644\u0633\u0643\u0631 \u0641\u064a \u0627\u0644\u062f\u0645 \u0628\u0641\u0636\u0644 \u062e\u0635\u0627\u0626\u0635\u0647 \u0627\u0644\u0641\u0631\u064a\u062f\u0629.<\/p><\/li><\/ul><\/li><\/ul>\n\t\t\t\t\t<\/div>\n\t\t\t\t\t\t<\/div>\n\t\t\t\t<\/div>\n\t\t\t\t<\/div>\n\t\t<div class=\"elementor-element elementor-element-a93820a e-con-full e-flex e-con e-child\" data-id=\"a93820a\" data-element_type=\"container\" data-e-type=\"container\">\n\t\t\t\t<div class=\"elementor-element elementor-element-b11075b elementor-widget elementor-widget-wd_text_block\" data-id=\"b11075b\" data-element_type=\"widget\" data-e-type=\"widget\" data-widget_type=\"wd_text_block.default\">\n\t\t\t\t<div class=\"elementor-widget-container\">\n\t\t\t\t\t\t\t<div class=\"wd-text-block reset-last-child text-center\">\n\t\t\t\n\t\t\t<h3>Avis des experts sur le miel de jujubier : Un consensus mondial sur sa valeur exceptionnelle !<\/h3>\n\t\t\t\t\t<\/div>\n\t\t\t\t\t\t<\/div>\n\t\t\t\t<\/div>\n\t\t\t\t<div class=\"elementor-element elementor-element-9025471 elementor-widget elementor-widget-wd_text_block\" data-id=\"9025471\" data-element_type=\"widget\" data-e-type=\"widget\" data-widget_type=\"wd_text_block.default\">\n\t\t\t\t<div class=\"elementor-widget-container\">\n\t\t\t\t\t\t\t<div class=\"wd-text-block reset-last-child text-center\">\n\t\t\t\n\t\t\t<p>Les experts en nutrition, dermatologues, praticiens de la m\u00e9decine alternative et de nombreux chercheurs font grandement confiance au miel de jujubier et le consid\u00e8rent comme l\u2019un des meilleurs et des plus puissants miels m\u00e9dicinaux. Des \u00e9tudes scientifiques r\u00e9centes indiquent que le miel de jujubier poss\u00e8de des propri\u00e9t\u00e9s <b>Antioxydante, antimicrobienne et anti-inflammatoire<\/b> Il surpasse de nombreux autres types de miel.<\/p><p>Il est largement recommand\u00e9 en m\u00e9decine traditionnelle comme rem\u00e8de naturel pour de nombreuses affections \u2014 des infections respiratoires aux troubles digestifs, et m\u00eame pour soutenir la sant\u00e9 de la peau et la cicatrisation des plaies. Sa r\u00e9putation mondiale en tant que \u201cRoi des miels\u201d renforce la confiance en ses bienfaits, en faisant un investissement sant\u00e9 pr\u00e9cieux.<\/p>\n\t\t\t\t\t<\/div>\n\t\t\t\t\t\t<\/div>\n\t\t\t\t<\/div>\n\t\t\t\t<\/div>\n\t\t\t\t<\/div>\n\t\t\t\t\t<\/div>\n\t\t\t\t<\/div>\n\t\t\t\t<\/div>","protected":false},"excerpt":{"rendered":"<p>Qu\u2019est-ce que le Miel de Sidr ? Nectar des sommets ! Un miel rare, parmi les plus fins et chers.<\/p>","protected":false},"featured_media":4265,"comment_status":"open","ping_status":"closed","template":"","meta":[],"product_brand":[],"product_cat":[67],"product_tag":[],"class_list":{"0":"post-3369","1":"product","2":"type-product","3":"status-publish","4":"has-post-thumbnail","6":"product_cat-67","7":"pa_-1-kg","8":"pa_-500-g","10":"first","11":"instock","12":"shipping-taxable","13":"purchasable","14":"product-type-variable"},"jetpack_sharing_enabled":true,"_links":{"self":[{"href":"https:\/\/sfb.ma\/fr\/wp-json\/wp\/v2\/product\/3369","targetHints":{"allow":["GET"]}}],"collection":[{"href":"https:\/\/sfb.ma\/fr\/wp-json\/wp\/v2\/product"}],"about":[{"href":"https:\/\/sfb.ma\/fr\/wp-json\/wp\/v2\/types\/product"}],"replies":[{"embeddable":true,"href":"https:\/\/sfb.ma\/fr\/wp-json\/wp\/v2\/comments?post=3369"}],"version-history":[{"count":0,"href":"https:\/\/sfb.ma\/fr\/wp-json\/wp\/v2\/product\/3369\/revisions"}],"wp:featuredmedia":[{"embeddable":true,"href":"https:\/\/sfb.ma\/fr\/wp-json\/wp\/v2\/media\/4265"}],"wp:attachment":[{"href":"https:\/\/sfb.ma\/fr\/wp-json\/wp\/v2\/media?parent=3369"}],"wp:term":[{"taxonomy":"product_brand","embeddable":true,"href":"https:\/\/sfb.ma\/fr\/wp-json\/wp\/v2\/product_brand?post=3369"},{"taxonomy":"product_cat","embeddable":true,"href":"https:\/\/sfb.ma\/fr\/wp-json\/wp\/v2\/product_cat?post=3369"},{"taxonomy":"product_tag","embeddable":true,"href":"https:\/\/sfb.ma\/fr\/wp-json\/wp\/v2\/product_tag?post=3369"}],"curies":[{"name":"wp","href":"https:\/\/api.w.org\/{rel}","templated":true}]}}