{"id":3375,"date":"2025-07-20T19:36:23","date_gmt":"2025-07-20T19:36:23","guid":{"rendered":"https:\/\/sfb.ma\/?post_type=product&#038;p=3375"},"modified":"2025-11-19T16:22:26","modified_gmt":"2025-11-19T16:22:26","slug":"miel-aux-herbes","status":"publish","type":"product","link":"https:\/\/sfb.ma\/fr\/produit\/miel-aux-herbes\/","title":{"rendered":"Miel aux Herbes"},"content":{"rendered":"<div data-elementor-type=\"product-post\" data-elementor-id=\"3375\" class=\"elementor elementor-3375\" data-elementor-post-type=\"product\">\n\t\t\t\t<div class=\"wd-negative-gap elementor-element elementor-element-2afa660 e-flex e-con-boxed e-con e-parent\" data-id=\"2afa660\" data-element_type=\"container\" data-e-type=\"container\">\n\t\t\t\t\t<div class=\"e-con-inner\">\n\t\t<div class=\"elementor-element elementor-element-82fcc30 e-con-full e-flex e-con e-child\" data-id=\"82fcc30\" data-element_type=\"container\" data-e-type=\"container\">\n\t\t<div class=\"elementor-element elementor-element-9e10686 e-con-full e-flex e-con e-child\" data-id=\"9e10686\" data-element_type=\"container\" data-e-type=\"container\">\n\t\t\t\t<div class=\"elementor-element elementor-element-20cc767 elementor-widget elementor-widget-wd_text_block\" data-id=\"20cc767\" data-element_type=\"widget\" data-e-type=\"widget\" data-widget_type=\"wd_text_block.default\">\n\t\t\t\t<div class=\"elementor-widget-container\">\n\t\t\t\t\t\t\t<div class=\"wd-text-block reset-last-child text-center\">\n\t\t\t\n\t\t\t<h3>Qu\u2019est-ce que le miel aux herbes ? Un m\u00e9lange unique de tr\u00e9sors floraux !<\/h3>\n\t\t\t\t\t<\/div>\n\t\t\t\t\t\t<\/div>\n\t\t\t\t<\/div>\n\t\t\t\t<div class=\"elementor-element elementor-element-2bc7192 elementor-widget elementor-widget-wd_text_block\" data-id=\"2bc7192\" data-element_type=\"widget\" data-e-type=\"widget\" data-widget_type=\"wd_text_block.default\">\n\t\t\t\t<div class=\"elementor-widget-container\">\n\t\t\t\t\t\t\t<div class=\"wd-text-block reset-last-child text-center\">\n\t\t\t\n\t\t\t<p>Vous cherchez un miel qui allie la douceur de la nature \u00e0 de nombreux bienfaits pour la sant\u00e9, issu du nectar de diverses plantes aromatiques et m\u00e9dicinales ? Plongez dans l\u2019univers de <b>Miel aux Herbes<\/b>C\u2019est un miel multifloral produit par les abeilles \u00e0 partir du nectar d\u2019une grande vari\u00e9t\u00e9 de fleurs d\u2019herbes, et non d\u2019un seul type de plante. Ce m\u00e9lange peut inclure le nectar de plantes telles que le thym, la sauge, le romarin, la lavande, les chardons, et de nombreuses fleurs sauvages qui fleurissent dans des r\u00e9gions riches en biodiversit\u00e9. Ce miel se distingue par sa couleur allant du dor\u00e9 clair \u00e0 l\u2019ambre fonc\u00e9, sa texture qui varie selon la teneur en pollen et nectar, et sa saveur riche et complexe refl\u00e9tant la diversit\u00e9 des fleurs butin\u00e9es par les abeilles.<\/p><p>Le miel aux herbes n\u2019est pas seulement un \u00e9dulcorant ; c\u2019est <b>Concentr\u00e9 nutritionnel naturel<\/b> Riche en <b>Antioxydants<\/b> puissants (comme les flavono\u00efdes et les compos\u00e9s ph\u00e9noliques), et<b>Vitamines<\/b> (en particulier les vitamines B complexes), et<b>Min\u00e9raux<\/b> (comme le potassium, le calcium, le magn\u00e9sium, le fer), et<b>Bioenzymes<\/b>et<b>Pollen d\u2019abeille<\/b> Ces ingr\u00e9dients actifs lui conf\u00e8rent des propri\u00e9t\u00e9s compl\u00e8tes en tant qu\u2019antibact\u00e9rien, anti-inflammatoire et tonique g\u00e9n\u00e9ral du syst\u00e8me immunitaire, en faisant un ajout pr\u00e9cieux \u00e0 votre alimentation saine. Quels secrets ce miel renferme-t-il pour am\u00e9liorer votre sant\u00e9 de mani\u00e8re globale ? D\u00e9couvrons ensemble la puissance du miel aux herbes, ce cadeau vari\u00e9 des vergers de la nature !<\/p>\n\t\t\t\t\t<\/div>\n\t\t\t\t\t\t<\/div>\n\t\t\t\t<\/div>\n\t\t\t\t<\/div>\n\t\t<div class=\"elementor-element elementor-element-dd4e75a e-con-full e-flex e-con e-child\" data-id=\"dd4e75a\" data-element_type=\"container\" data-e-type=\"container\">\n\t\t\t\t<div class=\"elementor-element elementor-element-6e96e33 elementor-widget elementor-widget-wd_text_block\" data-id=\"6e96e33\" data-element_type=\"widget\" data-e-type=\"widget\" data-widget_type=\"wd_text_block.default\">\n\t\t\t\t<div class=\"elementor-widget-container\">\n\t\t\t\t\t\t\t<div class=\"wd-text-block reset-last-child text-center\">\n\t\t\t\n\t\t\t<h3>Les bienfaits du miel aux herbes : pourquoi c\u2019est un excellent choix pour la sant\u00e9 globale<span style=\"font-size: 28px; color: rgb(0, 0, 0); background-color: transparent;\"><\/span><\/h3>\n\t\t\t\t\t<\/div>\n\t\t\t\t\t\t<\/div>\n\t\t\t\t<\/div>\n\t\t\t\t<div class=\"elementor-element elementor-element-81eae26 elementor-widget elementor-widget-wd_text_block\" data-id=\"81eae26\" data-element_type=\"widget\" data-e-type=\"widget\" data-widget_type=\"wd_text_block.default\">\n\t\t\t\t<div class=\"elementor-widget-container\">\n\t\t\t\t\t\t\t<div class=\"wd-text-block reset-last-child text-center\">\n\t\t\t\n\t\t\t<p>La plupart des avantages proviennent de <b>Miel aux Herbes<\/b> Gr\u00e2ce \u00e0 sa composition vari\u00e9e r\u00e9unissant plusieurs propri\u00e9t\u00e9s du nectar de diff\u00e9rentes plantes, il exerce un effet global sur le corps. Voici ses principaux bienfaits :<\/p><ul><li><p><b>Renfort puissant du syst\u00e8me immunitaire (avantage cl\u00e9) :<\/b><\/p><ul><li><p>Gr\u00e2ce \u00e0 sa diversit\u00e9 en antioxydants et nutriments provenant de multiples sources florales, le miel aux herbes renforce efficacement le syst\u00e8me immunitaire et aide le corps \u00e0 combattre les infections bact\u00e9riennes, virales et fongiques.<\/p><\/li><li><p>Il agit comme un bouclier protecteur contre les maladies saisonni\u00e8res telles que le rhume et la grippe.<\/p><\/li><\/ul><\/li><li><p><b>Soutient la sant\u00e9 respiratoire :<\/b><\/p><ul><li><p>Aide \u00e0 apaiser la toux et les maux de gorge, et soulage la congestion thoracique.<\/p><\/li><li><p>Contribue \u00e0 \u00e9liminer le mucus et am\u00e9liore les fonctions respiratoires globales.<\/p><\/li><\/ul><\/li><li><p><b>Antibact\u00e9rien et anti-inflammatoire :<\/b><\/p><ul><li><p>Il poss\u00e8de des propri\u00e9t\u00e9s antiseptiques et anti-inflammatoires gr\u00e2ce aux compos\u00e9s actifs qu\u2019il puise dans diverses herbes, ce qui le rend efficace pour r\u00e9duire les inflammations internes et externes.<\/p><\/li><li><p>Aide \u00e0 combattre les bact\u00e9ries nuisibles dans le corps.<\/p><\/li><\/ul><\/li><li><p><b>Soutien \u00e0 la sant\u00e9 digestive\u00a0:<\/b><\/p><ul><li><p>Contribue \u00e0 am\u00e9liorer la digestion et soulage les probl\u00e8mes digestifs tels que les ballonnements, les gaz et la constipation.<\/p><\/li><li><p>Peut aider \u00e0 apaiser l\u2019estomac et \u00e0 prot\u00e9ger sa muqueuse.<\/p><\/li><\/ul><\/li><li><p><b>Une source naturelle d\u2019\u00e9nergie\u00a0:<\/b><\/p><ul><li><p>Fournit une source d\u2019\u00e9nergie rapide et durable gr\u00e2ce \u00e0 sa teneur en sucres naturels (fructose et glucose), ce qui le rend id\u00e9al pour stimuler les performances physiques et mentales.<\/p><\/li><\/ul><\/li><li><p><b>Propri\u00e9t\u00e9s apaisantes et favorisant le sommeil :<\/b><\/p><ul><li><p>Il peut aider \u00e0 apaiser les nerfs et \u00e0 r\u00e9duire le stress, surtout s\u2019il contient du nectar provenant de plantes reconnues pour leurs propri\u00e9t\u00e9s calmantes (comme la lavande ou la camomille).<\/p><\/li><li><p>Peut aider \u00e0 am\u00e9liorer la qualit\u00e9 du sommeil.<\/p><\/li><\/ul><\/li><li><p><b>Pour la sant\u00e9 de la peau et la cicatrisation des plaies (en usage topique) :<\/b><\/p><ul><li><p>Il peut \u00eatre utilis\u00e9 localement pour acc\u00e9l\u00e9rer la cicatrisation des petites plaies et des br\u00fblures, gr\u00e2ce \u00e0 ses propri\u00e9t\u00e9s antibact\u00e9riennes et r\u00e9g\u00e9n\u00e9ratrices cellulaires.<\/p><\/li><li><p>Aide \u00e0 hydrater et nourrir la peau.<\/p><\/li><\/ul><\/li><\/ul>\n\t\t\t\t\t<\/div>\n\t\t\t\t\t\t<\/div>\n\t\t\t\t<\/div>\n\t\t\t\t<\/div>\n\t\t<div class=\"elementor-element elementor-element-0a5e81c e-con-full e-flex e-con e-child\" data-id=\"0a5e81c\" data-element_type=\"container\" data-e-type=\"container\">\n\t\t\t\t<div class=\"elementor-element elementor-element-7f4131e elementor-widget elementor-widget-wd_text_block\" data-id=\"7f4131e\" data-element_type=\"widget\" data-e-type=\"widget\" data-widget_type=\"wd_text_block.default\">\n\t\t\t\t<div class=\"elementor-widget-container\">\n\t\t\t\t\t\t\t<div class=\"wd-text-block reset-last-child text-center\">\n\t\t\t\n\t\t\t<h3>Avis des experts sur le miel aux herbes : une reconnaissance pour ses bienfaits vari\u00e9s et son effet global !<\/h3>\n\t\t\t\t\t<\/div>\n\t\t\t\t\t\t<\/div>\n\t\t\t\t<\/div>\n\t\t\t\t<div class=\"elementor-element elementor-element-0a8ea0f elementor-widget elementor-widget-wd_text_block\" data-id=\"0a8ea0f\" data-element_type=\"widget\" data-e-type=\"widget\" data-widget_type=\"wd_text_block.default\">\n\t\t\t\t<div class=\"elementor-widget-container\">\n\t\t\t\t\t\t\t<div class=\"wd-text-block reset-last-child text-center\">\n\t\t\t\n\t\t\t<p>Les experts en nutrition et en m\u00e9decine alternative font confiance au miel aux herbes pour sa haute valeur nutritionnelle et ses nombreux bienfaits issus du nectar de diverses plantes. Ce miel est un excellent choix pour ceux qui recherchent un soutien sant\u00e9 global, alliant des propri\u00e9t\u00e9s antioxydantes, antimicrobiennes et renfor\u00e7ant le syst\u00e8me immunitaire gr\u00e2ce \u00e0 sa composition riche.<\/p><p>Recommand\u00e9 dans le cadre d\u2019une alimentation saine et \u00e9quilibr\u00e9e, il constitue un ajout pr\u00e9cieux pour renforcer la sant\u00e9 g\u00e9n\u00e9rale et pr\u00e9venir les maladies. La confiance dans le miel aux herbes provient de la diversit\u00e9 de ses sources florales et de ses propri\u00e9t\u00e9s communes avec d\u2019autres types de miel, ce qui en fait un choix fiable pour am\u00e9liorer le bien-\u00eatre.<\/p>\n\t\t\t\t\t<\/div>\n\t\t\t\t\t\t<\/div>\n\t\t\t\t<\/div>\n\t\t\t\t<\/div>\n\t\t\t\t<\/div>\n\t\t\t\t\t<\/div>\n\t\t\t\t<\/div>\n\t\t\t\t<\/div>","protected":false},"excerpt":{"rendered":"<p>Qu\u2019est-ce que le Miel aux Herbes ? Un m\u00e9lange unique de tr\u00e9sors floraux ! Vous cherchez un miel qui allie douceur naturelle et bienfaits pour la sant\u00e9 ?<\/p>","protected":false},"featured_media":0,"comment_status":"open","ping_status":"closed","template":"","meta":[],"product_brand":[],"product_cat":[67],"product_tag":[],"class_list":{"0":"post-3375","1":"product","2":"type-product","3":"status-publish","5":"product_cat-67","6":"pa_-1-kg","7":"pa_-250-g","8":"pa_-500-g","10":"first","11":"outofstock","12":"shipping-taxable","13":"purchasable","14":"product-type-variable"},"jetpack_sharing_enabled":true,"_links":{"self":[{"href":"https:\/\/sfb.ma\/fr\/wp-json\/wp\/v2\/product\/3375","targetHints":{"allow":["GET"]}}],"collection":[{"href":"https:\/\/sfb.ma\/fr\/wp-json\/wp\/v2\/product"}],"about":[{"href":"https:\/\/sfb.ma\/fr\/wp-json\/wp\/v2\/types\/product"}],"replies":[{"embeddable":true,"href":"https:\/\/sfb.ma\/fr\/wp-json\/wp\/v2\/comments?post=3375"}],"version-history":[{"count":0,"href":"https:\/\/sfb.ma\/fr\/wp-json\/wp\/v2\/product\/3375\/revisions"}],"wp:attachment":[{"href":"https:\/\/sfb.ma\/fr\/wp-json\/wp\/v2\/media?parent=3375"}],"wp:term":[{"taxonomy":"product_brand","embeddable":true,"href":"https:\/\/sfb.ma\/fr\/wp-json\/wp\/v2\/product_brand?post=3375"},{"taxonomy":"product_cat","embeddable":true,"href":"https:\/\/sfb.ma\/fr\/wp-json\/wp\/v2\/product_cat?post=3375"},{"taxonomy":"product_tag","embeddable":true,"href":"https:\/\/sfb.ma\/fr\/wp-json\/wp\/v2\/product_tag?post=3375"}],"curies":[{"name":"wp","href":"https:\/\/api.w.org\/{rel}","templated":true}]}}