{"id":3389,"date":"2025-07-21T09:29:51","date_gmt":"2025-07-21T09:29:51","guid":{"rendered":"https:\/\/sfb.ma\/?post_type=product&#038;p=3389"},"modified":"2026-01-30T17:09:14","modified_gmt":"2026-01-30T17:09:14","slug":"miel-de-montagne","status":"publish","type":"product","link":"https:\/\/sfb.ma\/fr\/produit\/miel-de-montagne\/","title":{"rendered":"Miel de Montagne"},"content":{"rendered":"<div data-elementor-type=\"product-post\" data-elementor-id=\"3389\" class=\"elementor elementor-3389\" data-elementor-post-type=\"product\">\n\t\t\t\t<div class=\"wd-negative-gap elementor-element elementor-element-f24c8a5 e-flex e-con-boxed e-con e-parent\" data-id=\"f24c8a5\" data-element_type=\"container\" data-e-type=\"container\">\n\t\t\t\t\t<div class=\"e-con-inner\">\n\t\t<div class=\"elementor-element elementor-element-cd44391 e-con-full e-flex e-con e-child\" data-id=\"cd44391\" data-element_type=\"container\" data-e-type=\"container\">\n\t\t<div class=\"elementor-element elementor-element-d3890bd e-con-full e-flex e-con e-child\" data-id=\"d3890bd\" data-element_type=\"container\" data-e-type=\"container\">\n\t\t\t\t<div class=\"elementor-element elementor-element-bfca094 elementor-widget elementor-widget-wd_text_block\" data-id=\"bfca094\" data-element_type=\"widget\" data-e-type=\"widget\" data-widget_type=\"wd_text_block.default\">\n\t\t\t\t<div class=\"elementor-widget-container\">\n\t\t\t\t\t\t\t<div class=\"wd-text-block reset-last-child text-center\">\n\t\t\t\n\t\t\t<h3>Qu\u2019est-ce que le miel de montagne marocain ? Un tr\u00e9sor sauvage venu des sommets de l\u2019Atlas !<\/h3>\n\t\t\t\t\t<\/div>\n\t\t\t\t\t\t<\/div>\n\t\t\t\t<\/div>\n\t\t\t\t<div class=\"elementor-element elementor-element-e414431 elementor-widget elementor-widget-wd_text_block\" data-id=\"e414431\" data-element_type=\"widget\" data-e-type=\"widget\" data-widget_type=\"wd_text_block.default\">\n\t\t\t\t<div class=\"elementor-widget-container\">\n\t\t\t\t\t\t\t<div class=\"wd-text-block reset-last-child text-center\">\n\t\t\t\n\t\t\t<p>Vous cherchez un miel rare, au go\u00fbt fort et unique, qui incarne la puret\u00e9 de la nature vierge et les bienfaits des herbes sauvages ? Plongez dans l\u2019univers de <b>Miel des montagnes marocaines<\/b>Il s\u2019agit d\u2019un miel multi-fleurs produit par les abeilles \u00e0 partir du nectar d\u2019un large \u00e9ventail de fleurs sauvages poussant en altitude dans les majestueuses montagnes de l\u2019Atlas et d\u2019autres r\u00e9gions montagneuses du Maroc. Ces zones riches en biodiversit\u00e9 abritent des centaines d\u2019esp\u00e8ces de fleurs, d\u2019herbes et d\u2019arbres non expos\u00e9es aux pesticides ni aux produits chimiques agricoles. Ce miel se distingue par sa couleur \u2014 allant du dor\u00e9 clair \u00e0 l\u2019ambre tr\u00e8s fonc\u00e9 \u2014 sa texture \u00e9paisse, et sa saveur unique et complexe, un m\u00e9lange aromatique des fleurs sauvages de la montagne.<\/p><p>Le miel des montagnes marocaines n\u2019est pas seulement un d\u00e9licieux \u00e9dulcorant ; c\u2019est <b>Compl\u00e9ment nutritionnel naturel de haute qualit\u00e9<\/b>Riche en <b>Antioxydants<\/b> puissants (comme les flavono\u00efdes et les compos\u00e9s ph\u00e9noliques), et<b>Vitamines<\/b> (notamment les vitamines B complexes et la vitamine C), et<b>Min\u00e9raux<\/b> (comme le potassium, le calcium, le magn\u00e9sium, le fer, le zinc), et<b>Bioenzymes<\/b>et<b>Pollen d\u2019abeille<\/b> Ces composants actifs vari\u00e9s lui conf\u00e8rent des propri\u00e9t\u00e9s compl\u00e8tes en tant qu\u2019antibact\u00e9rien, anti-inflammatoire et tonique g\u00e9n\u00e9ral du syst\u00e8me immunitaire, faisant de lui un ajout pr\u00e9cieux \u00e0 votre r\u00e9gime alimentaire sain. Alors, quels secrets ce miel d\u00e9tient-il pour am\u00e9liorer votre sant\u00e9 globale ? D\u00e9couvrons ensemble la puissance du miel de montagne marocain, le cadeau pur du c\u0153ur de la nature sauvage !<\/p>\n\t\t\t\t\t<\/div>\n\t\t\t\t\t\t<\/div>\n\t\t\t\t<\/div>\n\t\t\t\t<\/div>\n\t\t<div class=\"elementor-element elementor-element-957f4d9 e-con-full e-flex e-con e-child\" data-id=\"957f4d9\" data-element_type=\"container\" data-e-type=\"container\">\n\t\t\t\t<div class=\"elementor-element elementor-element-cd28457 elementor-widget elementor-widget-wd_text_block\" data-id=\"cd28457\" data-element_type=\"widget\" data-e-type=\"widget\" data-widget_type=\"wd_text_block.default\">\n\t\t\t\t<div class=\"elementor-widget-container\">\n\t\t\t\t\t\t\t<div class=\"wd-text-block reset-last-child text-center\">\n\t\t\t\n\t\t\t<h3>Herbes, fleurs et arbres des montagnes du Maroc : le secret de l\u2019unicit\u00e9 de son miel !<\/h3>\n\t\t\t\t\t<\/div>\n\t\t\t\t\t\t<\/div>\n\t\t\t\t<\/div>\n\t\t\t\t<div class=\"elementor-element elementor-element-6cf7ca6 elementor-widget elementor-widget-wd_text_block\" data-id=\"6cf7ca6\" data-element_type=\"widget\" data-e-type=\"widget\" data-widget_type=\"wd_text_block.default\">\n\t\t\t\t<div class=\"elementor-widget-container\">\n\t\t\t\t\t\t\t<div class=\"wd-text-block reset-last-child text-center\">\n\t\t\t\n\t\t\t<p>La grande diversit\u00e9 v\u00e9g\u00e9tale des montagnes du Maroc, en particulier la cha\u00eene de l'Atlas, est le secret derri\u00e8re la composition unique et les propri\u00e9t\u00e9s th\u00e9rapeutiques de son miel. Les abeilles collectent le nectar de :<\/p><ul><li><p><b>Herbes Sauvages Aromatiques et M\u00e9dicinales<\/b><\/p><ul><li><p><b>Thym<\/b> L\u2019une des principales sources de nectar, le miel offre de puissantes propri\u00e9t\u00e9s antibact\u00e9riennes et aide \u00e0 traiter les affections respiratoires.<\/p><\/li><li><p><b>Romarin (Rosmarinus officinalis) :<\/b> Il contribue aux propri\u00e9t\u00e9s antioxydantes et stimulantes du miel.<\/p><\/li><li><p><b>Lavande (Lavandula) :<\/b> Il apporte une saveur aromatique apaisante et des propri\u00e9t\u00e9s relaxantes pour les nerfs.<\/p><\/li><li><p><b>Sauge<\/b> Connue pour ses propri\u00e9t\u00e9s anti-inflammatoires et ses bienfaits digestifs.<\/p><\/li><li><p><b>Chardons:<\/b> Elles contribuent aux propri\u00e9t\u00e9s du miel favorisant la sant\u00e9 du foie et ses effets antioxydants.<\/p><\/li><li><p><b>Za\u2019atar, Marjolaine, Absinthe<\/b> D\u2019autres herbes qui apportent diversit\u00e9 de saveurs et bienfaits pour la sant\u00e9.<\/p><\/li><\/ul><\/li><li><p><b>Une vari\u00e9t\u00e9 de fleurs sauvages :<\/b><\/p><ul><li><p>Une vari\u00e9t\u00e9 innombrable de fleurs sauvages de montagne qui fleurissent \u00e0 diff\u00e9rentes saisons, comme les coquelicots sauvages, les chrysanth\u00e8mes de montagne, ainsi que divers types de tr\u00e8fle et de luzerne sauvage. Ces fleurs enrichissent le miel en antioxydants vari\u00e9s et contribuent \u00e0 sa saveur unique.<\/p><\/li><\/ul><\/li><li><p><b>Arbres et arbustes de montagne :<\/b><\/p><ul><li><p><b>Ch\u00eanes (Quercus) :<\/b> Contribue \u00e0 la production de miel fonc\u00e9 riche en min\u00e9raux et en antioxydants.<\/p><\/li><li><p><b>C\u00e8dres<\/b> Elle conf\u00e8re au miel des caract\u00e9ristiques uniques et un ar\u00f4me bois\u00e9.<\/p><\/li><li><p><b>Arbres fruitiers sauvages :<\/b> Comme les figuiers sauvages et les amandiers sauvages dans certaines r\u00e9gions, ils ajoutent des saveurs distinctives.<\/p><\/li><\/ul><\/li><\/ul><p>Cette biodiversit\u00e9 garantit que le miel de montagne marocain n\u2019est pas seulement un miel multifloral, mais qu\u2019il combine \u00e9galement les bienfaits th\u00e9rapeutiques d\u2019un large \u00e9ventail de plantes, ce qui lui conf\u00e8re une grande valeur pour la sant\u00e9.<\/p>\n\t\t\t\t\t<\/div>\n\t\t\t\t\t\t<\/div>\n\t\t\t\t<\/div>\n\t\t\t\t<\/div>\n\t\t<div class=\"elementor-element elementor-element-af9fc21 e-con-full e-flex e-con e-child\" data-id=\"af9fc21\" data-element_type=\"container\" data-e-type=\"container\">\n\t\t\t\t<div class=\"elementor-element elementor-element-e311584 elementor-widget elementor-widget-wd_text_block\" data-id=\"e311584\" data-element_type=\"widget\" data-e-type=\"widget\" data-widget_type=\"wd_text_block.default\">\n\t\t\t\t<div class=\"elementor-widget-container\">\n\t\t\t\t\t\t\t<div class=\"wd-text-block reset-last-child text-center\">\n\t\t\t\n\t\t\t<p>\u00a0Pourquoi les experts font confiance au miel de montagne marocain : lou\u00e9 pour sa puret\u00e9 et sa composition riche !<\/p>\n\t\t\t\t\t<\/div>\n\t\t\t\t\t\t<\/div>\n\t\t\t\t<\/div>\n\t\t\t\t<div class=\"elementor-element elementor-element-8dccb38 elementor-widget elementor-widget-wd_text_block\" data-id=\"8dccb38\" data-element_type=\"widget\" data-e-type=\"widget\" data-widget_type=\"wd_text_block.default\">\n\t\t\t\t<div class=\"elementor-widget-container\">\n\t\t\t\t\t\t\t<div class=\"wd-text-block reset-last-child text-center\">\n\t\t\t\n\t\t\t<p>Les nutritionnistes, experts en m\u00e9decine alternative et apiculteurs font grandement confiance au miel des montagnes marocaines, le consid\u00e9rant comme un miel de qualit\u00e9 sup\u00e9rieure et pur. Ils louent sa riche diversit\u00e9 de nectar, qui offre une large gamme de bienfaits pour la sant\u00e9 d\u00e9passant ceux du miel monofloral.<\/p><p>Les recherches scientifiques confirment que le miel multifloral, particuli\u00e8rement celui provenant de r\u00e9gions montagneuses vierges riches en diversit\u00e9 v\u00e9g\u00e9tale, poss\u00e8de des niveaux plus \u00e9lev\u00e9s d\u2019antioxydants et de compos\u00e9s ph\u00e9noliques par rapport aux autres types de miel. Il est recommand\u00e9 comme \u00e9l\u00e9ment essentiel d\u2019une alimentation saine pour renforcer l\u2019immunit\u00e9, soutenir les syst\u00e8mes respiratoire et digestif, et servir de source naturelle d\u2019\u00e9nergie. La confiance dans le miel des montagnes marocaines provient de sa puret\u00e9, de sa composition riche et de l\u2019appui des sp\u00e9cialistes.<\/p>\n\t\t\t\t\t<\/div>\n\t\t\t\t\t\t<\/div>\n\t\t\t\t<\/div>\n\t\t\t\t<\/div>\n\t\t\t\t<\/div>\n\t\t\t\t\t<\/div>\n\t\t\t\t<\/div>\n\t\t\t\t<\/div>","protected":false},"excerpt":{"rendered":"<p>Qu\u2019est-ce que le Miel des Montagnes du Maroc ? Un tr\u00e9sor sauvage des sommets de l\u2019Atlas ! Vous cherchez un miel rare et savoureux qui incarne<\/p>","protected":false},"featured_media":4264,"comment_status":"open","ping_status":"closed","template":"","meta":[],"product_brand":[],"product_cat":[67],"product_tag":[],"class_list":{"0":"post-3389","1":"product","2":"type-product","3":"status-publish","4":"has-post-thumbnail","6":"product_cat-67","7":"pa_-1-kg","8":"pa_-500-g","10":"first","11":"instock","12":"shipping-taxable","13":"purchasable","14":"product-type-variable"},"jetpack_sharing_enabled":true,"_links":{"self":[{"href":"https:\/\/sfb.ma\/fr\/wp-json\/wp\/v2\/product\/3389","targetHints":{"allow":["GET"]}}],"collection":[{"href":"https:\/\/sfb.ma\/fr\/wp-json\/wp\/v2\/product"}],"about":[{"href":"https:\/\/sfb.ma\/fr\/wp-json\/wp\/v2\/types\/product"}],"replies":[{"embeddable":true,"href":"https:\/\/sfb.ma\/fr\/wp-json\/wp\/v2\/comments?post=3389"}],"version-history":[{"count":0,"href":"https:\/\/sfb.ma\/fr\/wp-json\/wp\/v2\/product\/3389\/revisions"}],"wp:featuredmedia":[{"embeddable":true,"href":"https:\/\/sfb.ma\/fr\/wp-json\/wp\/v2\/media\/4264"}],"wp:attachment":[{"href":"https:\/\/sfb.ma\/fr\/wp-json\/wp\/v2\/media?parent=3389"}],"wp:term":[{"taxonomy":"product_brand","embeddable":true,"href":"https:\/\/sfb.ma\/fr\/wp-json\/wp\/v2\/product_brand?post=3389"},{"taxonomy":"product_cat","embeddable":true,"href":"https:\/\/sfb.ma\/fr\/wp-json\/wp\/v2\/product_cat?post=3389"},{"taxonomy":"product_tag","embeddable":true,"href":"https:\/\/sfb.ma\/fr\/wp-json\/wp\/v2\/product_tag?post=3389"}],"curies":[{"name":"wp","href":"https:\/\/api.w.org\/{rel}","templated":true}]}}