{"id":3410,"date":"2025-07-21T11:27:29","date_gmt":"2025-07-21T11:27:29","guid":{"rendered":"https:\/\/sfb.ma\/?post_type=product&#038;p=3410"},"modified":"2026-01-13T15:56:10","modified_gmt":"2026-01-13T15:56:10","slug":"serum-au-safran","status":"publish","type":"product","link":"https:\/\/sfb.ma\/fr\/produit\/serum-au-safran\/","title":{"rendered":"S\u00e9rum au Safran"},"content":{"rendered":"<div data-elementor-type=\"product-post\" data-elementor-id=\"3410\" class=\"elementor elementor-3410\" data-elementor-post-type=\"product\">\n\t\t\t\t<div class=\"wd-negative-gap elementor-element elementor-element-8212e63 e-flex e-con-boxed e-con e-parent\" data-id=\"8212e63\" data-element_type=\"container\" data-e-type=\"container\">\n\t\t\t\t\t<div class=\"e-con-inner\">\n\t\t<div class=\"elementor-element elementor-element-5f63b3f e-con-full e-flex e-con e-child\" data-id=\"5f63b3f\" data-element_type=\"container\" data-e-type=\"container\">\n\t\t<div class=\"elementor-element elementor-element-92d0dc9 e-con-full e-flex e-con e-child\" data-id=\"92d0dc9\" data-element_type=\"container\" data-e-type=\"container\">\n\t\t\t\t<div class=\"elementor-element elementor-element-bdda92e elementor-widget elementor-widget-wd_text_block\" data-id=\"bdda92e\" data-element_type=\"widget\" data-e-type=\"widget\" data-widget_type=\"wd_text_block.default\">\n\t\t\t\t<div class=\"elementor-widget-container\">\n\t\t\t\t\t\t\t<div class=\"wd-text-block reset-last-child text-center\">\n\t\t\t\n\t\t\t<h3>Qu\u2019est-ce que le s\u00e9rum au safran ? Des gouttes de lumi\u00e8re pour une beaut\u00e9 \u00e9ternelle !<\/h3>\n\t\t\t\t\t<\/div>\n\t\t\t\t\t\t<\/div>\n\t\t\t\t<\/div>\n\t\t\t\t<div class=\"elementor-element elementor-element-1722827 elementor-widget elementor-widget-wd_text_block\" data-id=\"1722827\" data-element_type=\"widget\" data-e-type=\"widget\" data-widget_type=\"wd_text_block.default\">\n\t\t\t\t<div class=\"elementor-widget-container\">\n\t\t\t\t\t\t\t<div class=\"wd-text-block reset-last-child text-center\">\n\t\t\t\n\t\t\t<p>Vous cherchez un soin de la peau luxueux qui allie la puissance de la nature \u00e0 des propri\u00e9t\u00e9s esth\u00e9tiques exceptionnelles pour vous offrir une peau \u00e9clatante, uniforme et jeune ? Plongez dans l\u2019univers de <b>S\u00e9rum de safran (\u0633\u064a\u0631\u0648\u0645 \u0627\u0644\u0632\u0639\u0641\u0631\u0627\u0646)<\/b>Ce s\u00e9rum pr\u00e9cieux est un m\u00e9lange de <b>Huile de safran extraite avec le plus grand soin<\/b> \u00c0 partir de pr\u00e9cieux filaments de safran (<i>Crocus sativus<\/i>). Le safran est connu sous le nom d\u2019\u00ab\u202fOr rouge\u202f\u00bb non seulement pour sa raret\u00e9 et son prix \u00e9lev\u00e9, mais aussi pour ses propri\u00e9t\u00e9s \u00e9tonnantes : \u00e9claircissement de la peau, r\u00e9g\u00e9n\u00e9ration cellulaire et lutte contre les signes du vieillissement.<\/p><p>Le s\u00e9rum au safran est un ajout luxueux \u00e0 votre routine de soin de la peau. Bien plus qu\u2019une simple huile, il est riche en <b>Carot\u00e9no\u00efdes<\/b>et<b>Crocine<\/b>et<b>Picrocrocine<\/b>et<b>Safranal<\/b>, ce sont des compos\u00e9s actifs qui lui conf\u00e8rent sa couleur dor\u00e9e et ses propri\u00e9t\u00e9s th\u00e9rapeutiques uniques. Il contient \u00e9galement une large gamme de <b>Antioxydants puissants<\/b>et<b>Vitamines<\/b>et<b>Min\u00e9raux<\/b>Ces ingr\u00e9dients agissent en harmonie pour redonner vitalit\u00e9 \u00e0 votre peau, unifier son teint et lui offrir un \u00e9clat incomparable. Quels secrets renferment ces gouttes dor\u00e9es pour transformer votre peau en une \u0153uvre d\u2019art de fra\u00eecheur et de beaut\u00e9 ? D\u00e9couvrons ensemble la puissance du s\u00e9rum au safran, l\u2019alli\u00e9 secret d\u2019une peau \u00e9clatante !<\/p>\n\t\t\t\t\t<\/div>\n\t\t\t\t\t\t<\/div>\n\t\t\t\t<\/div>\n\t\t\t\t<\/div>\n\t\t<div class=\"elementor-element elementor-element-3fe02f2 e-con-full e-flex e-con e-child\" data-id=\"3fe02f2\" data-element_type=\"container\" data-e-type=\"container\">\n\t\t\t\t<div class=\"elementor-element elementor-element-6bdc808 elementor-widget elementor-widget-wd_text_block\" data-id=\"6bdc808\" data-element_type=\"widget\" data-e-type=\"widget\" data-widget_type=\"wd_text_block.default\">\n\t\t\t\t<div class=\"elementor-widget-container\">\n\t\t\t\t\t\t\t<div class=\"wd-text-block reset-last-child text-center\">\n\t\t\t\n\t\t\t<h3>Bienfaits du s\u00e9rum de safran : Pourquoi est-il un tr\u00e9sor pour votre peau ?<\/h3>\n\t\t\t\t\t<\/div>\n\t\t\t\t\t\t<\/div>\n\t\t\t\t<\/div>\n\t\t\t\t<div class=\"elementor-element elementor-element-27f96ce elementor-widget elementor-widget-wd_text_block\" data-id=\"27f96ce\" data-element_type=\"widget\" data-e-type=\"widget\" data-widget_type=\"wd_text_block.default\">\n\t\t\t\t<div class=\"elementor-widget-container\">\n\t\t\t\t\t\t\t<div class=\"wd-text-block reset-last-child text-center\">\n\t\t\t\n\t\t\t<p>La plupart des avantages proviennent de <b>S\u00e9rum au Safran<\/b> Sa formule riche en carot\u00e9no\u00efdes et puissants antioxydants lui conf\u00e8re une capacit\u00e9 unique \u00e0 renouveler et am\u00e9liorer la peau. Voici ses principaux bienfaits :<\/p><ul><li><p><b>\u00c9claircissement et unification du teint (b\u00e9n\u00e9fice principal) :<\/b><\/p><ul><li><p>Le safran est reconnu pour sa capacit\u00e9 \u00e0 <b>\u00c9claircissement des taches fonc\u00e9es<\/b>, le m\u00e9lasma et les pigments.<\/p><\/li><li><p>Am\u00e9liore l\u2019\u00e9clat de la peau, lui apportant fra\u00eecheur et luminosit\u00e9 naturelles.<\/p><\/li><li><p>Aide \u00e0 unifier le teint de la peau, la rendant plus homog\u00e8ne et belle.<\/p><\/li><\/ul><\/li><li><p><b>Lutte contre les signes du vieillissement et les rides:<\/b><\/p><ul><li><p>Tr\u00e8s riche en <b>Antioxydants puissants<\/b> Qui combat les radicaux libres responsables du vieillissement pr\u00e9matur\u00e9 de la peau.<\/p><\/li><li><p>Am\u00e9liore l\u2019\u00e9lasticit\u00e9 de la peau et r\u00e9duit l\u2019apparence de <b>Rides et ridules<\/b>, aidant \u00e0 donner un aspect plus jeune.<\/p><\/li><\/ul><\/li><li><p><b>Hydratation profonde et nutrition sup\u00e9rieure<\/b><\/p><ul><li><p>Offre une hydratation intense \u00e0 la peau, pr\u00e9servant sa douceur et sa souplesse.<\/p><\/li><li><p>Il nourrit la peau avec des \u00e9l\u00e9ments nutritifs essentiels, contribuant \u00e0 sa sant\u00e9 et vitalit\u00e9.<\/p><\/li><\/ul><\/li><li><p><b>Traitement de l'acn\u00e9 et apaisement des inflammations:<\/b><\/p><ul><li><p>poss\u00e8de des propri\u00e9t\u00e9s <b>Antibact\u00e9rien et anti-inflammatoire<\/b>, aidant \u00e0 traiter l\u2019acn\u00e9 et \u00e0 r\u00e9duire les rougeurs et irritations qu\u2019elle provoque.<\/p><\/li><li><p>Contribue \u00e0 apaiser les peaux sensibles ou irrit\u00e9es.<\/p><\/li><\/ul><\/li><li><p><b>R\u00e9paration de la peau ab\u00eem\u00e9e et renouvellement cellulaire:<\/b><\/p><ul><li><p>Aide \u00e0 acc\u00e9l\u00e9rer le renouvellement des cellules de la peau, favorisant la cicatrisation des petites cicatrices et taches.<\/p><\/li><li><p>Renforce la capacit\u00e9 de la peau \u00e0 se r\u00e9parer des dommages environnementaux.<\/p><\/li><\/ul><\/li><li><p><b>Donner \u00e0 la peau un \u00e9clat sain:<\/b><\/p><ul><li><p>Apporte \u00e0 la peau un \u00e9clat naturel et lumineux, la rendant plus vive et attrayante.<\/p><\/li><\/ul><\/li><\/ul>\n\t\t\t\t\t<\/div>\n\t\t\t\t\t\t<\/div>\n\t\t\t\t<\/div>\n\t\t\t\t<\/div>\n\t\t<div class=\"elementor-element elementor-element-947669b e-con-full e-flex e-con e-child\" data-id=\"947669b\" data-element_type=\"container\" data-e-type=\"container\">\n\t\t\t\t<div class=\"elementor-element elementor-element-833cb66 elementor-widget elementor-widget-wd_text_block\" data-id=\"833cb66\" data-element_type=\"widget\" data-e-type=\"widget\" data-widget_type=\"wd_text_block.default\">\n\t\t\t\t<div class=\"elementor-widget-container\">\n\t\t\t\t\t\t\t<div class=\"wd-text-block reset-last-child text-center\">\n\t\t\t\n\t\t\t<h3>Avis des experts sur le s\u00e9rum de safran : Lou\u00e9 pour ses propri\u00e9t\u00e9s esth\u00e9tiques et th\u00e9rapeutiques !<\/h3>\n\t\t\t\t\t<\/div>\n\t\t\t\t\t\t<\/div>\n\t\t\t\t<\/div>\n\t\t\t\t<div class=\"elementor-element elementor-element-58a55e9 elementor-widget elementor-widget-wd_text_block\" data-id=\"58a55e9\" data-element_type=\"widget\" data-e-type=\"widget\" data-widget_type=\"wd_text_block.default\">\n\t\t\t\t<div class=\"elementor-widget-container\">\n\t\t\t\t\t\t\t<div class=\"wd-text-block reset-last-child text-center\">\n\t\t\t\n\t\t\t<p>Les experts en soins de la peau et dermatologues font confiance au s\u00e9rum au safran pour ses multiples bienfaits, notamment l\u2019\u00e9claircissement, l\u2019uniformisation du teint et ses propri\u00e9t\u00e9s anti-\u00e2ge. Il est appr\u00e9ci\u00e9 comme ingr\u00e9dient naturel et efficace gr\u00e2ce \u00e0 ses antioxydants puissants et ses compos\u00e9s actifs tels que la crocine.<\/p><p>Les recherches et \u00e9tudes soulignent l\u2019efficacit\u00e9 du safran pour r\u00e9duire les pigments et am\u00e9liorer l\u2019\u00e9clat de la peau. Ses propri\u00e9t\u00e9s anti-inflammatoires et antioxydantes en font un choix excellent pour prot\u00e9ger la peau des agressions environnementales et lutter contre les signes du vieillissement. La confiance envers le s\u00e9rum au safran repose sur son efficacit\u00e9 scientifiquement prouv\u00e9e, ses applications r\u00e9ussies dans les cosm\u00e9tiques de luxe, ainsi que sa longue histoire en m\u00e9decine traditionnelle et en soins esth\u00e9tiques.<\/p>\n\t\t\t\t\t<\/div>\n\t\t\t\t\t\t<\/div>\n\t\t\t\t<\/div>\n\t\t\t\t<\/div>\n\t\t\t\t<\/div>\n\t\t\t\t\t<\/div>\n\t\t\t\t<\/div>\n\t\t\t\t<\/div>","protected":false},"excerpt":{"rendered":"<p>Qu\u2019est-ce que le s\u00e9rum au safran ? Des gouttes de lumi\u00e8re pour une beaut\u00e9 \u00e9ternelle ! Cherchez-vous un produit de soin de la peau luxueux qui allie la puissance de la nature<\/p>","protected":false},"featured_media":3972,"comment_status":"open","ping_status":"closed","template":"","meta":[],"product_brand":[],"product_cat":[68],"product_tag":[],"class_list":{"0":"post-3410","1":"product","2":"type-product","3":"status-publish","4":"has-post-thumbnail","6":"product_cat-68","8":"first","9":"instock","10":"shipping-taxable","11":"purchasable","12":"product-type-simple"},"jetpack_sharing_enabled":true,"_links":{"self":[{"href":"https:\/\/sfb.ma\/fr\/wp-json\/wp\/v2\/product\/3410","targetHints":{"allow":["GET"]}}],"collection":[{"href":"https:\/\/sfb.ma\/fr\/wp-json\/wp\/v2\/product"}],"about":[{"href":"https:\/\/sfb.ma\/fr\/wp-json\/wp\/v2\/types\/product"}],"replies":[{"embeddable":true,"href":"https:\/\/sfb.ma\/fr\/wp-json\/wp\/v2\/comments?post=3410"}],"version-history":[{"count":0,"href":"https:\/\/sfb.ma\/fr\/wp-json\/wp\/v2\/product\/3410\/revisions"}],"wp:featuredmedia":[{"embeddable":true,"href":"https:\/\/sfb.ma\/fr\/wp-json\/wp\/v2\/media\/3972"}],"wp:attachment":[{"href":"https:\/\/sfb.ma\/fr\/wp-json\/wp\/v2\/media?parent=3410"}],"wp:term":[{"taxonomy":"product_brand","embeddable":true,"href":"https:\/\/sfb.ma\/fr\/wp-json\/wp\/v2\/product_brand?post=3410"},{"taxonomy":"product_cat","embeddable":true,"href":"https:\/\/sfb.ma\/fr\/wp-json\/wp\/v2\/product_cat?post=3410"},{"taxonomy":"product_tag","embeddable":true,"href":"https:\/\/sfb.ma\/fr\/wp-json\/wp\/v2\/product_tag?post=3410"}],"curies":[{"name":"wp","href":"https:\/\/api.w.org\/{rel}","templated":true}]}}