{"id":3425,"date":"2025-07-21T13:22:15","date_gmt":"2025-07-21T13:22:15","guid":{"rendered":"https:\/\/sfb.ma\/?post_type=product&#038;p=3425"},"modified":"2026-01-13T16:05:07","modified_gmt":"2026-01-13T16:05:07","slug":"serum-capillaire","status":"publish","type":"product","link":"https:\/\/sfb.ma\/fr\/produit\/serum-capillaire\/","title":{"rendered":"S\u00e9rum pour cheveux"},"content":{"rendered":"<div data-elementor-type=\"product-post\" data-elementor-id=\"3425\" class=\"elementor elementor-3425\" data-elementor-post-type=\"product\">\n\t\t\t\t<div class=\"wd-negative-gap elementor-element elementor-element-f1ce50d e-flex e-con-boxed e-con e-parent\" data-id=\"f1ce50d\" data-element_type=\"container\" data-e-type=\"container\">\n\t\t\t\t\t<div class=\"e-con-inner\">\n\t\t<div class=\"elementor-element elementor-element-8f12f5e e-con-full e-flex e-con e-child\" data-id=\"8f12f5e\" data-element_type=\"container\" data-e-type=\"container\">\n\t\t<div class=\"elementor-element elementor-element-3eee028 e-con-full e-flex e-con e-child\" data-id=\"3eee028\" data-element_type=\"container\" data-e-type=\"container\">\n\t\t\t\t<div class=\"elementor-element elementor-element-490949f elementor-widget elementor-widget-wd_text_block\" data-id=\"490949f\" data-element_type=\"widget\" data-e-type=\"widget\" data-widget_type=\"wd_text_block.default\">\n\t\t\t\t<div class=\"elementor-widget-container\">\n\t\t\t\t\t\t\t<div class=\"wd-text-block reset-last-child text-center\">\n\t\t\t\n\t\t\t<h3>Qu\u2019est-ce que le s\u00e9rum capillaire ? Un m\u00e9lange magique de la nature pour des cheveux parfaits !<\/h3>\n\t\t\t\t\t<\/div>\n\t\t\t\t\t\t<\/div>\n\t\t\t\t<\/div>\n\t\t\t\t<div class=\"elementor-element elementor-element-e555432 elementor-widget elementor-widget-wd_text_block\" data-id=\"e555432\" data-element_type=\"widget\" data-e-type=\"widget\" data-widget_type=\"wd_text_block.default\">\n\t\t\t\t<div class=\"elementor-widget-container\">\n\t\t\t\t\t\t\t<div class=\"wd-text-block reset-last-child text-center\">\n\t\t\t\n\t\t\t<p>Vous r\u00eavez de cheveux longs, forts, doux et brillants, sans pellicules ni probl\u00e8mes ? Plongez dans l\u2019univers de <b>S\u00e9rum capillaire<\/b>, un m\u00e9lange unique et puissant soigneusement extrait de <b>Herbes et huiles v\u00e9g\u00e9tales<\/b> Reconnue pour ses bienfaits exceptionnels pour les cheveux, cette s\u00e9rum n\u2019est pas qu\u2019un produit de beaut\u00e9 ; c\u2019est un traitement naturel concentr\u00e9 qui nourrit le cuir chevelu et renforce les follicules pileux des racines jusqu\u2019aux pointes, pour des cheveux sains et \u00e9clatants de beaut\u00e9.<\/p><p>Le s\u00e9rum capillaire aux herbes allie la puissance des plantes traditionnelles aux huiles v\u00e9g\u00e9tales riches en vitamines, min\u00e9raux et acides gras essentiels. Une formule unique qui agit en harmonie pour <b>Croissance des cheveux<\/b> Naturellement, <b>Renforcement des m\u00e8ches de cheveux<\/b> contre la casse et la chute des cheveux <b>Adoucit sa texture<\/b> Pour le rendre doux comme la soie, <b>Apporter de la brillance<\/b> Brillant et attrayant, et <b>Lutter contre les pellicules<\/b> Efficacement. Ce s\u00e9rum est la solution id\u00e9ale pour celles qui recherchent des cheveux sains, beaux et sans probl\u00e8mes, inspir\u00e9 par les bienfaits de la nature. Quels secrets renferme ce m\u00e9lange magique pour transformer vos cheveux en une couronne de beaut\u00e9 ? D\u00e9couvrons ensemble la puissance du s\u00e9rum capillaire aux herbes \u2014 le secret de vos cheveux parfaits !<\/p>\n\t\t\t\t\t<\/div>\n\t\t\t\t\t\t<\/div>\n\t\t\t\t<\/div>\n\t\t\t\t<\/div>\n\t\t<div class=\"elementor-element elementor-element-6b5c918 e-con-full e-flex e-con e-child\" data-id=\"6b5c918\" data-element_type=\"container\" data-e-type=\"container\">\n\t\t\t\t<div class=\"elementor-element elementor-element-9f27142 elementor-widget elementor-widget-wd_text_block\" data-id=\"9f27142\" data-element_type=\"widget\" data-e-type=\"widget\" data-widget_type=\"wd_text_block.default\">\n\t\t\t\t<div class=\"elementor-widget-container\">\n\t\t\t\t\t\t\t<div class=\"wd-text-block reset-last-child text-center\">\n\t\t\t\n\t\t\t<h3>Bienfaits du s\u00e9rum capillaire : Pourquoi est-il essentiel pour la beaut\u00e9 de vos cheveux ?<\/h3>\n\t\t\t\t\t<\/div>\n\t\t\t\t\t\t<\/div>\n\t\t\t\t<\/div>\n\t\t\t\t<div class=\"elementor-element elementor-element-cd53bc7 elementor-widget elementor-widget-wd_text_block\" data-id=\"cd53bc7\" data-element_type=\"widget\" data-e-type=\"widget\" data-widget_type=\"wd_text_block.default\">\n\t\t\t\t<div class=\"elementor-widget-container\">\n\t\t\t\t\t\t\t<div class=\"wd-text-block reset-last-child text-center\">\n\t\t\t\n\t\t\t<p>La plupart des avantages proviennent de <b>S\u00e9rum capillaire <\/b>D\u2019une composition riche et \u00e9quilibr\u00e9e d\u2019herbes et d\u2019huiles v\u00e9g\u00e9tales qui agissent en synergie pour offrir des r\u00e9sultats incroyables \u00e0 vos cheveux. Voici les principaux bienfaits :<\/p><ul><li><p><b>Allongement et stimulation de la pousse des cheveux (avantage cl\u00e9) :<\/b><\/p><ul><li><p>Contient des herbes et des huiles v\u00e9g\u00e9tales qui stimulent la circulation sanguine du cuir chevelu, nourrissant les follicules pileux et favorisant une croissance naturelle et saine des cheveux.<\/p><\/li><li><p>Aide \u00e0 r\u00e9duire la chute des cheveux due \u00e0 la casse, offrant \u00e0 vos cheveux une apparence plus longue et plus dense.<\/p><\/li><\/ul><\/li><li><p><b>Renforcer les cheveux des racines aux pointes:<\/b><\/p><ul><li><p>Une formule riche en prot\u00e9ines, vitamines et min\u00e9raux qui nourrit les fibres capillaires, renfor\u00e7ant leur force et leur souplesse.<\/p><\/li><li><p>R\u00e9duit la casse et les pointes fourchues, rendant les cheveux plus r\u00e9sistants aux agressions ext\u00e9rieures et \u00e0 la coiffure thermique.<\/p><\/li><\/ul><\/li><li><p><b>Adoucit les cheveux et leur donne une texture soyeuse:<\/b><\/p><ul><li><p>Il contient des huiles v\u00e9g\u00e9tales naturelles qui enveloppent les cheveux et restituent l\u2019hydratation perdue, rendant la texture douce et facile \u00e0 coiffer.<\/p><\/li><li><p>R\u00e9duit les n\u0153uds des cheveux et leur apporte douceur et brillance naturelles.<\/p><\/li><\/ul><\/li><li><p><b>Apporte une brillance \u00e9clatante et s\u00e9duisante:<\/b><\/p><ul><li><p>Nourrit profond\u00e9ment les cheveux et am\u00e9liore la r\u00e9flexion de la lumi\u00e8re, leur offrant une brillance saine et attrayante qui capte les regards.<\/p><\/li><\/ul><\/li><li><p><b>Combat efficacement les pellicules:<\/b><\/p><ul><li><p>Il contient des herbes et des huiles v\u00e9g\u00e9tales aux propri\u00e9t\u00e9s antifongiques et anti-inflammatoires qui apaisent le cuir chevelu et r\u00e9duisent les pellicules et les d\u00e9mangeaisons associ\u00e9es.<\/p><\/li><li><p>Aide \u00e0 maintenir un cuir chevelu sain et propre.<\/p><\/li><\/ul><\/li><\/ul>\n\t\t\t\t\t<\/div>\n\t\t\t\t\t\t<\/div>\n\t\t\t\t<\/div>\n\t\t\t\t<\/div>\n\t\t<div class=\"elementor-element elementor-element-336a22c e-con-full e-flex e-con e-child\" data-id=\"336a22c\" data-element_type=\"container\" data-e-type=\"container\">\n\t\t\t\t<div class=\"elementor-element elementor-element-2545adb elementor-widget elementor-widget-wd_text_block\" data-id=\"2545adb\" data-element_type=\"widget\" data-e-type=\"widget\" data-widget_type=\"wd_text_block.default\">\n\t\t\t\t<div class=\"elementor-widget-container\">\n\t\t\t\t\t\t\t<div class=\"wd-text-block reset-last-child text-center\">\n\t\t\t\n\t\t\t<h3>Avis des experts sur le s\u00e9rum capillaire : Un hommage \u00e0 la puissance de la nature pour les soins des cheveux !<\/h3>\n\t\t\t\t\t<\/div>\n\t\t\t\t\t\t<\/div>\n\t\t\t\t<\/div>\n\t\t\t\t<div class=\"elementor-element elementor-element-747684c elementor-widget elementor-widget-wd_text_block\" data-id=\"747684c\" data-element_type=\"widget\" data-e-type=\"widget\" data-widget_type=\"wd_text_block.default\">\n\t\t\t\t<div class=\"elementor-widget-container\">\n\t\t\t\t\t\t\t<div class=\"wd-text-block reset-last-child text-center\">\n\t\t\t\n\t\t\t<p>Les experts en soin capillaire et sp\u00e9cialistes des rem\u00e8des naturels font confiance \u00e0 la puissance des plantes et huiles v\u00e9g\u00e9tales pour am\u00e9liorer la sant\u00e9 et la beaut\u00e9 des cheveux. Le s\u00e9rum capillaire est consid\u00e9r\u00e9 comme un produit naturel efficace combinant de nombreux bienfaits pour les cheveux et le cuir chevelu.<\/p><p>Les experts saluent la capacit\u00e9 des herbes et des huiles naturelles \u00e0 nourrir et renforcer les cheveux de l\u2019int\u00e9rieur, am\u00e9liorant visiblement leur apparence. L\u2019utilisation d\u2019ingr\u00e9dients naturels est un choix doux et s\u00fbr \u00e0 long terme, \u00e9vitant les produits chimiques agressifs qui peuvent ab\u00eemer et dess\u00e9cher les cheveux. La confiance dans les s\u00e9rums capillaires provient de l\u2019usage traditionnel des herbes et des huiles \u00e0 travers les cultures, soutenue par des recherches mettant en avant les bienfaits de ces ingr\u00e9dients pour les cheveux et le cuir chevelu.<\/p>\n\t\t\t\t\t<\/div>\n\t\t\t\t\t\t<\/div>\n\t\t\t\t<\/div>\n\t\t\t\t<\/div>\n\t\t\t\t<\/div>\n\t\t\t\t\t<\/div>\n\t\t\t\t<\/div>\n\t\t\t\t<\/div>","protected":false},"excerpt":{"rendered":"<p>Qu\u2019est-ce que le s\u00e9rum capillaire ? Un m\u00e9lange magique de la nature pour des cheveux parfaits ! R\u00eavez-vous d\u2019avoir des cheveux longs, forts, doux, brillants et sans pellicules ?<\/p>","protected":false},"featured_media":3975,"comment_status":"open","ping_status":"closed","template":"","meta":[],"product_brand":[],"product_cat":[68],"product_tag":[],"class_list":{"0":"post-3425","1":"product","2":"type-product","3":"status-publish","4":"has-post-thumbnail","6":"product_cat-68","8":"first","9":"instock","10":"shipping-taxable","11":"purchasable","12":"product-type-simple"},"jetpack_sharing_enabled":true,"_links":{"self":[{"href":"https:\/\/sfb.ma\/fr\/wp-json\/wp\/v2\/product\/3425","targetHints":{"allow":["GET"]}}],"collection":[{"href":"https:\/\/sfb.ma\/fr\/wp-json\/wp\/v2\/product"}],"about":[{"href":"https:\/\/sfb.ma\/fr\/wp-json\/wp\/v2\/types\/product"}],"replies":[{"embeddable":true,"href":"https:\/\/sfb.ma\/fr\/wp-json\/wp\/v2\/comments?post=3425"}],"version-history":[{"count":0,"href":"https:\/\/sfb.ma\/fr\/wp-json\/wp\/v2\/product\/3425\/revisions"}],"wp:featuredmedia":[{"embeddable":true,"href":"https:\/\/sfb.ma\/fr\/wp-json\/wp\/v2\/media\/3975"}],"wp:attachment":[{"href":"https:\/\/sfb.ma\/fr\/wp-json\/wp\/v2\/media?parent=3425"}],"wp:term":[{"taxonomy":"product_brand","embeddable":true,"href":"https:\/\/sfb.ma\/fr\/wp-json\/wp\/v2\/product_brand?post=3425"},{"taxonomy":"product_cat","embeddable":true,"href":"https:\/\/sfb.ma\/fr\/wp-json\/wp\/v2\/product_cat?post=3425"},{"taxonomy":"product_tag","embeddable":true,"href":"https:\/\/sfb.ma\/fr\/wp-json\/wp\/v2\/product_tag?post=3425"}],"curies":[{"name":"wp","href":"https:\/\/api.w.org\/{rel}","templated":true}]}}