{"id":3432,"date":"2025-07-21T14:01:21","date_gmt":"2025-07-21T14:01:21","guid":{"rendered":"https:\/\/sfb.ma\/?post_type=product&#038;p=3432"},"modified":"2026-01-13T16:01:54","modified_gmt":"2026-01-13T16:01:54","slug":"serum-anti-rides","status":"publish","type":"product","link":"https:\/\/sfb.ma\/fr\/produit\/serum-anti-rides\/","title":{"rendered":"S\u00e9rum Anti-Rides"},"content":{"rendered":"<div data-elementor-type=\"product-post\" data-elementor-id=\"3432\" class=\"elementor elementor-3432\" data-elementor-post-type=\"product\">\n\t\t\t\t<div class=\"wd-negative-gap elementor-element elementor-element-1852a0a e-flex e-con-boxed e-con e-parent\" data-id=\"1852a0a\" data-element_type=\"container\" data-e-type=\"container\">\n\t\t\t\t\t<div class=\"e-con-inner\">\n\t\t<div class=\"elementor-element elementor-element-8c3654d e-con-full e-flex e-con e-child\" data-id=\"8c3654d\" data-element_type=\"container\" data-e-type=\"container\">\n\t\t<div class=\"elementor-element elementor-element-0155e52 e-con-full e-flex e-con e-child\" data-id=\"0155e52\" data-element_type=\"container\" data-e-type=\"container\">\n\t\t\t\t<div class=\"elementor-element elementor-element-85b3741 elementor-widget elementor-widget-wd_text_block\" data-id=\"85b3741\" data-element_type=\"widget\" data-e-type=\"widget\" data-widget_type=\"wd_text_block.default\">\n\t\t\t\t<div class=\"elementor-widget-container\">\n\t\t\t\t\t\t\t<div class=\"wd-text-block reset-last-child text-center\">\n\t\t\t\n\t\t\t<h3>Qu\u2019est-ce qu\u2019un s\u00e9rum anti-rides ? Votre secret pour une peau jeune et revitalis\u00e9e !<\/h3>\n\t\t\t\t\t<\/div>\n\t\t\t\t\t\t<\/div>\n\t\t\t\t<\/div>\n\t\t\t\t<div class=\"elementor-element elementor-element-42d57f8 elementor-widget elementor-widget-wd_text_block\" data-id=\"42d57f8\" data-element_type=\"widget\" data-e-type=\"widget\" data-widget_type=\"wd_text_block.default\">\n\t\t\t\t<div class=\"elementor-widget-container\">\n\t\t\t\t\t\t\t<div class=\"wd-text-block reset-last-child text-center\">\n\t\t\t\n\t\t\t<p>R\u00eavez-vous d\u2019une peau lisse, ferme et \u00e9clatante, sans rides ni signes de vieillissement pr\u00e9matur\u00e9 ? Plongez dans l\u2019univers de <b>serum anti rides (\u0633\u064a\u0631\u0648\u0645 \u0636\u062f \u0627\u0644\u062a\u062c\u0627\u0639\u064a\u062f \u0648\u0627\u0644\u0634\u064a\u062e\u0648\u062e\u0629)<\/b>Ce s\u00e9rum avanc\u00e9 est une formule scientifique concentr\u00e9e, sp\u00e9cialement con\u00e7ue pour p\u00e9n\u00e9trer en profondeur dans les couches de votre peau \u2014 non seulement pour traiter les signes visibles du vieillissement, mais aussi pour renforcer sa capacit\u00e9 naturelle \u00e0 se r\u00e9g\u00e9n\u00e9rer et \u00e0 gu\u00e9rir de l\u2019int\u00e9rieur.<\/p><p>Un s\u00e9rum anti-rides est bien plus qu\u2019un simple soin en surface ; il agit pour <b>P\u00e9n\u00e9tration et p\u00e9n\u00e9tration des couches profondes de la peau<\/b>L\u00e0 o\u00f9 commence le vieillissement. Sa formule unique est riche en ingr\u00e9dients actifs qui ciblent la racine du probl\u00e8me \u2014 stimulant la production de collag\u00e8ne et d\u2019\u00e9lastine, r\u00e9parant les cellules endommag\u00e9es et prot\u00e9geant la peau des agressions futures. Ce s\u00e9rum est un investissement pour une peau plus jeune, offrant des r\u00e9sultats visibles et une efficacit\u00e9 durable, pour un teint plus jeune, frais et naturellement \u00e9clatant. Quels secrets renferme ce s\u00e9rum innovant pour transformer votre peau et lui redonner vitalit\u00e9 et jeunesse ? D\u00e9couvrons ensemble la puissance de ce s\u00e9rum anti-rides, votre alli\u00e9 id\u00e9al dans votre qu\u00eate de beaut\u00e9 !<\/p>\n\t\t\t\t\t<\/div>\n\t\t\t\t\t\t<\/div>\n\t\t\t\t<\/div>\n\t\t\t\t<\/div>\n\t\t<div class=\"elementor-element elementor-element-3541a7e e-con-full e-flex e-con e-child\" data-id=\"3541a7e\" data-element_type=\"container\" data-e-type=\"container\">\n\t\t\t\t<div class=\"elementor-element elementor-element-a0af1fa elementor-widget elementor-widget-wd_text_block\" data-id=\"a0af1fa\" data-element_type=\"widget\" data-e-type=\"widget\" data-widget_type=\"wd_text_block.default\">\n\t\t\t\t<div class=\"elementor-widget-container\">\n\t\t\t\t\t\t\t<div class=\"wd-text-block reset-last-child text-center\">\n\t\t\t\n\t\t\t<h3>Les bienfaits du s\u00e9rum anti-rides et anti-\u00e2ge : Pourquoi il est indispensable \u00e0 votre routine beaut\u00e9<\/h3>\n\t\t\t\t\t<\/div>\n\t\t\t\t\t\t<\/div>\n\t\t\t\t<\/div>\n\t\t\t\t<div class=\"elementor-element elementor-element-655a87e elementor-widget elementor-widget-wd_text_block\" data-id=\"655a87e\" data-element_type=\"widget\" data-e-type=\"widget\" data-widget_type=\"wd_text_block.default\">\n\t\t\t\t<div class=\"elementor-widget-container\">\n\t\t\t\t\t\t\t<div class=\"wd-text-block reset-last-child text-center\">\n\t\t\t\n\t\t\t<p>La plupart des avantages proviennent de <b>serum anti rides<\/b> Gr\u00e2ce \u00e0 sa capacit\u00e9 unique \u00e0 p\u00e9n\u00e9trer les couches profondes de la peau, permettant aux ingr\u00e9dients actifs d\u2019agir plus efficacement au niveau cellulaire. Voici ses principaux bienfaits :<\/p><ul><li><p><b>Lutte contre les rides et les ridules (avantage cl\u00e9) :<\/b><\/p><ul><li><p>Aide \u00e0 r\u00e9duire la profondeur de <b>Rides et ridules<\/b> De mani\u00e8re visible, surtout autour des yeux, de la bouche et du front.<\/p><\/li><li><p>Il agit en repulpant la peau de l\u2019int\u00e9rieur, lui donnant un aspect plus lisse et plus rebondi.<\/p><\/li><\/ul><\/li><li><p><b>P\u00e9n\u00e8tre les couches profondes et favorise la gu\u00e9rison<\/b><\/p><ul><li><p>Les mol\u00e9cules du s\u00e9rum sont con\u00e7ues pour \u00eatre suffisamment petites afin de p\u00e9n\u00e9trer les couches profondes du derme, o\u00f9 le collag\u00e8ne et l\u2019\u00e9lastine sont produits.<\/p><\/li><li><p>Renforce la capacit\u00e9 de la peau \u00e0 <b>Auto-gu\u00e9rison<\/b> Et la r\u00e9paration des dommages cellulaires, contribuant \u00e0 son renouvellement et \u00e0 sa vitalit\u00e9.<\/p><\/li><\/ul><\/li><li><p><b>Stimulation de la production de collag\u00e8ne et d\u2019\u00e9lastine:<\/b><\/p><ul><li><p>Il stimule les cellules fibroblastiques responsables de la production de <b>Collag\u00e8ne et \u00e9lastine<\/b>, qui sont les deux prot\u00e9ines essentielles \u00e0 l\u2019\u00e9lasticit\u00e9 et \u00e0 la jeunesse de la peau.<\/p><\/li><li><p>Aide \u00e0 raffermir la peau et \u00e0 am\u00e9liorer son \u00e9lasticit\u00e9, lui donnant un aspect plus jeune et plus tonique.<\/p><\/li><\/ul><\/li><li><p><b>Renouvellement cellulaire et am\u00e9lioration de la texture de la peau<\/b><\/p><ul><li><p>Il acc\u00e9l\u00e8re le renouvellement cellulaire de la peau, \u00e9limine les cellules mortes et r\u00e9v\u00e8le une peau plus fra\u00eeche et plus saine.<\/p><\/li><li><p>Am\u00e9liore la texture de la peau, la rendant plus douce et \u00e9clatante.<\/p><\/li><\/ul><\/li><li><p><b>Hydratation en profondeur et lutte contre la s\u00e9cheresse:<\/b><\/p><ul><li><p>Offre une hydratation intense et durable, aidant \u00e0 pr\u00e9server la barri\u00e8re protectrice de la peau et \u00e0 pr\u00e9venir la s\u00e9cheresse qui acc\u00e9l\u00e8re l\u2019apparition des rides.<\/p><\/li><li><p>Donne \u00e0 la peau un aspect repulp\u00e9 et sain.<\/p><\/li><\/ul><\/li><li><p><b>Antioxydant et protection contre les agressions environnementales.<\/b><\/p><ul><li><p>Riche en antioxydants puissants qui combattent les radicaux libres caus\u00e9s par la pollution et les rayons UV, responsables du vieillissement cutan\u00e9.<\/p><\/li><li><p>Forme une barri\u00e8re protectrice pour la peau, r\u00e9duisant les dommages futurs.<\/p><\/li><\/ul><\/li><\/ul>\n\t\t\t\t\t<\/div>\n\t\t\t\t\t\t<\/div>\n\t\t\t\t<\/div>\n\t\t\t\t<\/div>\n\t\t<div class=\"elementor-element elementor-element-c19bc80 e-con-full e-flex e-con e-child\" data-id=\"c19bc80\" data-element_type=\"container\" data-e-type=\"container\">\n\t\t\t\t<div class=\"elementor-element elementor-element-3b43cd3 elementor-widget elementor-widget-wd_text_block\" data-id=\"3b43cd3\" data-element_type=\"widget\" data-e-type=\"widget\" data-widget_type=\"wd_text_block.default\">\n\t\t\t\t<div class=\"elementor-widget-container\">\n\t\t\t\t\t\t\t<div class=\"wd-text-block reset-last-child text-center\">\n\t\t\t\n\t\t\t<h3>Avis des experts sur le s\u00e9rum anti-rides et anti-\u00e2ge : une \u00e9tape essentielle de votre routine beaut\u00e9 !<\/h3>\n\t\t\t\t\t<\/div>\n\t\t\t\t\t\t<\/div>\n\t\t\t\t<\/div>\n\t\t\t\t<div class=\"elementor-element elementor-element-b409f69 elementor-widget elementor-widget-wd_text_block\" data-id=\"b409f69\" data-element_type=\"widget\" data-e-type=\"widget\" data-widget_type=\"wd_text_block.default\">\n\t\t\t\t<div class=\"elementor-widget-container\">\n\t\t\t\t\t\t\t<div class=\"wd-text-block reset-last-child text-center\">\n\t\t\t\n\t\t\t<p>Les experts en soins de la peau et les dermatologues font pleinement confiance \u00e0 l\u2019efficacit\u00e9 des s\u00e9rums anti-rides et anti-\u00e2ge, les consid\u00e9rant comme indispensables dans toute routine pour combattre les signes du vieillissement. Ils saluent leur capacit\u00e9 \u00e0 d\u00e9livrer des ingr\u00e9dients actifs en haute concentration, permettant une p\u00e9n\u00e9tration profonde de la peau et une action efficace au niveau cellulaire.<\/p><p>Les \u00e9tudes confirment que les ingr\u00e9dients courants de ce s\u00e9rum am\u00e9liorent consid\u00e9rablement l\u2019\u00e9lasticit\u00e9 de la peau, r\u00e9duisent les rides et renforcent l\u2019\u00e9clat. Il est recommand\u00e9 comme premi\u00e8re \u00e9tape apr\u00e8s le nettoyage et la tonification, et avant l\u2019hydratation, pour garantir une absorption et une efficacit\u00e9 maximales. La confiance envers ce s\u00e9rum anti-rides et anti-\u00e2ge repose sur sa capacit\u00e9 scientifiquement prouv\u00e9e \u00e0 renouveler la peau et \u00e0 am\u00e9liorer visiblement son apparence.<\/p><p>\u00a0<\/p>\n\t\t\t\t\t<\/div>\n\t\t\t\t\t\t<\/div>\n\t\t\t\t<\/div>\n\t\t\t\t<\/div>\n\t\t\t\t<\/div>\n\t\t\t\t\t<\/div>\n\t\t\t\t<\/div>\n\t\t\t\t<\/div>","protected":false},"excerpt":{"rendered":"<p>Qu\u2019est-ce qu\u2019un s\u00e9rum anti-rides et anti-\u00e2ge ? Votre cl\u00e9 pour une peau jeune et revitalis\u00e9e ! R\u00eavez-vous d\u2019une peau douce, ferme et \u00e9clatante, sans rides ni signes de<\/p>","protected":false},"featured_media":3976,"comment_status":"open","ping_status":"closed","template":"","meta":[],"product_brand":[],"product_cat":[68],"product_tag":[],"class_list":{"0":"post-3432","1":"product","2":"type-product","3":"status-publish","4":"has-post-thumbnail","6":"product_cat-68","8":"first","9":"onbackorder","10":"shipping-taxable","11":"purchasable","12":"product-type-simple"},"jetpack_sharing_enabled":true,"_links":{"self":[{"href":"https:\/\/sfb.ma\/fr\/wp-json\/wp\/v2\/product\/3432","targetHints":{"allow":["GET"]}}],"collection":[{"href":"https:\/\/sfb.ma\/fr\/wp-json\/wp\/v2\/product"}],"about":[{"href":"https:\/\/sfb.ma\/fr\/wp-json\/wp\/v2\/types\/product"}],"replies":[{"embeddable":true,"href":"https:\/\/sfb.ma\/fr\/wp-json\/wp\/v2\/comments?post=3432"}],"version-history":[{"count":0,"href":"https:\/\/sfb.ma\/fr\/wp-json\/wp\/v2\/product\/3432\/revisions"}],"wp:featuredmedia":[{"embeddable":true,"href":"https:\/\/sfb.ma\/fr\/wp-json\/wp\/v2\/media\/3976"}],"wp:attachment":[{"href":"https:\/\/sfb.ma\/fr\/wp-json\/wp\/v2\/media?parent=3432"}],"wp:term":[{"taxonomy":"product_brand","embeddable":true,"href":"https:\/\/sfb.ma\/fr\/wp-json\/wp\/v2\/product_brand?post=3432"},{"taxonomy":"product_cat","embeddable":true,"href":"https:\/\/sfb.ma\/fr\/wp-json\/wp\/v2\/product_cat?post=3432"},{"taxonomy":"product_tag","embeddable":true,"href":"https:\/\/sfb.ma\/fr\/wp-json\/wp\/v2\/product_tag?post=3432"}],"curies":[{"name":"wp","href":"https:\/\/api.w.org\/{rel}","templated":true}]}}