{"id":3438,"date":"2025-07-21T14:23:31","date_gmt":"2025-07-21T14:23:31","guid":{"rendered":"https:\/\/sfb.ma\/?post_type=product&#038;p=3438"},"modified":"2026-01-13T15:46:55","modified_gmt":"2026-01-13T15:46:55","slug":"serum-de-gomme-du-desert","status":"publish","type":"product","link":"https:\/\/sfb.ma\/fr\/produit\/serum-de-gomme-du-desert\/","title":{"rendered":"S\u00e9rum au mastic du d\u00e9sert"},"content":{"rendered":"<div data-elementor-type=\"product-post\" data-elementor-id=\"3438\" class=\"elementor elementor-3438\" data-elementor-post-type=\"product\">\n\t\t\t\t<div class=\"wd-negative-gap elementor-element elementor-element-e3f467a e-flex e-con-boxed e-con e-parent\" data-id=\"e3f467a\" data-element_type=\"container\" data-e-type=\"container\">\n\t\t\t\t\t<div class=\"e-con-inner\">\n\t\t<div class=\"elementor-element elementor-element-e9c77f2 e-con-full e-flex e-con e-child\" data-id=\"e9c77f2\" data-element_type=\"container\" data-e-type=\"container\">\n\t\t<div class=\"elementor-element elementor-element-0f5fce0 e-con-full e-flex e-con e-child\" data-id=\"0f5fce0\" data-element_type=\"container\" data-e-type=\"container\">\n\t\t\t\t<div class=\"elementor-element elementor-element-07dc71c elementor-widget elementor-widget-wd_text_block\" data-id=\"07dc71c\" data-element_type=\"widget\" data-e-type=\"widget\" data-widget_type=\"wd_text_block.default\">\n\t\t\t\t<div class=\"elementor-widget-container\">\n\t\t\t\t\t\t\t<div class=\"wd-text-block reset-last-child text-center\">\n\t\t\t\n\t\t\t<h3>Qu\u2019est-ce que le s\u00e9rum de gomme du d\u00e9sert ? L\u2019or liquide de la nature pour une peau \u00e9clatante !<\/h3>\n\t\t\t\t\t<\/div>\n\t\t\t\t\t\t<\/div>\n\t\t\t\t<\/div>\n\t\t\t\t<div class=\"elementor-element elementor-element-dac7f7a elementor-widget elementor-widget-wd_text_block\" data-id=\"dac7f7a\" data-element_type=\"widget\" data-e-type=\"widget\" data-widget_type=\"wd_text_block.default\">\n\t\t\t\t<div class=\"elementor-widget-container\">\n\t\t\t\t\t\t\t<div class=\"wd-text-block reset-last-child text-center\">\n\t\t\t\n\t\t\t<p>Vous cherchez un produit naturel unique offrant des solutions efficaces aux probl\u00e8mes de peau, inspir\u00e9 des tr\u00e9sors du d\u00e9sert marocain ? Plongez dans l\u2019univers de <b>S\u00e9rum \u00e0 la gomme du d\u00e9sert (\u0633\u064a\u0631\u0648\u0645 \u0627\u0644\u0639\u0644\u0643 \u0627\u0644\u0635\u062d\u0631\u0627\u0648\u064a)<\/b>Ce s\u00e9rum pr\u00e9cieux est un extrait pur de <b>Gomme d\u2019acacia<\/b>, extrait de l\u2019\u00e9corce des arbres d\u2019Acacia qui poussent dans des environnements d\u00e9sertiques rudes. Nous avons <b>Faire fondre soigneusement cette r\u00e9sine naturelle<\/b> Pour cr\u00e9er un s\u00e9rum concentr\u00e9 qui renferme toutes ses propri\u00e9t\u00e9s th\u00e9rapeutiques et cosm\u00e9tiques.<\/p><p>Le s\u00e9rum de mastic du d\u00e9sert est un tr\u00e9sor pour la peau ; ce n\u2019est pas un simple s\u00e9rum ou liquide \u2014 il est riche en <b>Collag\u00e8ne naturel<\/b>, reconnu pour son r\u00f4le essentiel dans le maintien de la jeunesse et de l\u2019\u00e9lasticit\u00e9 de la peau. Il contient \u00e9galement une large gamme de <b>Antioxydants<\/b>et<b>Polysaccharides<\/b>et<b>Min\u00e9raux<\/b> qui nourrit la peau en profondeur. Sa formule unique agit en harmonie pour <b>\u00c9limination des taches noires et des d\u00e9colorations<\/b>, <b>Lutte contre les rides et les signes du vieillissement<\/b>, <b>Hydratation profonde de la peau<\/b>...et la nourrir pour la rendre plus douce et \u00e9clatante. Ce s\u00e9rum est la solution id\u00e9ale pour celles qui recherchent une peau claire, uniforme et lumineuse avec une touche de magie du d\u00e9sert. Quels secrets ces gouttes dor\u00e9es renferment-elles pour transformer votre peau et lui redonner son \u00e9clat naturel ? D\u00e9couvrons ensemble la puissance du s\u00e9rum \u00e0 la r\u00e9sine du d\u00e9sert, votre alli\u00e9 naturel beaut\u00e9 !<\/p>\n\t\t\t\t\t<\/div>\n\t\t\t\t\t\t<\/div>\n\t\t\t\t<\/div>\n\t\t\t\t<\/div>\n\t\t<div class=\"elementor-element elementor-element-a3295ef e-con-full e-flex e-con e-child\" data-id=\"a3295ef\" data-element_type=\"container\" data-e-type=\"container\">\n\t\t\t\t<div class=\"elementor-element elementor-element-bedba58 elementor-widget elementor-widget-wd_text_block\" data-id=\"bedba58\" data-element_type=\"widget\" data-e-type=\"widget\" data-widget_type=\"wd_text_block.default\">\n\t\t\t\t<div class=\"elementor-widget-container\">\n\t\t\t\t\t\t\t<div class=\"wd-text-block reset-last-child text-center\">\n\t\t\t\n\t\t\t<h3>Bienfaits du s\u00e9rum \u00e0 la mastic du d\u00e9sert : Pourquoi c\u2019est un tr\u00e9sor pour votre peau ?<\/h3>\n\t\t\t\t\t<\/div>\n\t\t\t\t\t\t<\/div>\n\t\t\t\t<\/div>\n\t\t\t\t<div class=\"elementor-element elementor-element-1b002e0 elementor-widget elementor-widget-wd_text_block\" data-id=\"1b002e0\" data-element_type=\"widget\" data-e-type=\"widget\" data-widget_type=\"wd_text_block.default\">\n\t\t\t\t<div class=\"elementor-widget-container\">\n\t\t\t\t\t\t\t<div class=\"wd-text-block reset-last-child text-center\">\n\t\t\t\n\t\t\t<p>La plupart des avantages proviennent de <b>S\u00e9rum au mastic du d\u00e9sert<\/b> Gr\u00e2ce \u00e0 sa haute concentration en collag\u00e8ne naturel et en compos\u00e9s actifs extraits de la gomme d\u2019acacia, voici ses principaux bienfaits :<\/p><ul><li><p><b>\u00c9limine les taches noires et unifie le teint (Avantage cl\u00e9):<\/b><\/p><ul><li><p>Le s\u00e9rum aide \u00e0 <b>\u00c9claircissement des taches fonc\u00e9es<\/b> R\u00e9sultant de l\u2019exposition au soleil, de l\u2019acn\u00e9 ou du vieillissement.<\/p><\/li><li><p>Il unifie le teint, le rendant plus clair et homog\u00e8ne.<\/p><\/li><\/ul><\/li><li><p><b>Anti-rides et anti-\u00e2ge:<\/b><\/p><ul><li><p>Riche en <b>Collag\u00e8ne naturel<\/b> qui est la prot\u00e9ine essentielle \u00e0 l'\u00e9lasticit\u00e9 de la peau. Elle contribue \u00e0 raffermir la peau et \u00e0 r\u00e9duire l'apparence de <b>Rides et ridules<\/b>, am\u00e9liorant son apparence g\u00e9n\u00e9rale pour un aspect plus jeune.<\/p><\/li><li><p>Contient de puissants antioxydants qui combattent les radicaux libres responsables du vieillissement pr\u00e9matur\u00e9 de la peau.<\/p><\/li><\/ul><\/li><li><p><b>Hydratation profonde et intense de la peau:<\/b><\/p><ul><li><p>Offre une hydratation profonde et durable qui conserve la douceur et l\u2019\u00e9lasticit\u00e9, tout en pr\u00e9venant la s\u00e9cheresse et les ger\u00e7ures.<\/p><\/li><li><p>Elle forme une couche protectrice naturelle sur la peau qui aide \u00e0 retenir l\u2019humidit\u00e9.<\/p><\/li><\/ul><\/li><li><p><b>Nutrition intense et am\u00e9lioration de l\u2019\u00e9lasticit\u00e9 de la peau<\/b><\/p><ul><li><p>Il nourrit la peau en \u00e9l\u00e9ments essentiels comme les vitamines et min\u00e9raux, renfor\u00e7ant sa sant\u00e9 et vitalit\u00e9.<\/p><\/li><li><p>Improves skin elasticity and makes it more resistant to external factors that accelerate aging.<\/p><\/li><\/ul><\/li><li><p><b>Favoriser la gu\u00e9rison de la peau et le renouvellement cellulaire:<\/b><\/p><ul><li><p>Il contribue \u00e0 acc\u00e9l\u00e9rer le renouvellement des cellules de la peau, aidant \u00e0 r\u00e9parer les dommages cellulaires et \u00e0 am\u00e9liorer la texture g\u00e9n\u00e9rale de la peau.<\/p><\/li><li><p>Il peut renforcer la capacit\u00e9 de la peau \u00e0 cicatriser les petites cicatrices.<\/p><\/li><\/ul><\/li><\/ul>\n\t\t\t\t\t<\/div>\n\t\t\t\t\t\t<\/div>\n\t\t\t\t<\/div>\n\t\t\t\t<\/div>\n\t\t<div class=\"elementor-element elementor-element-3529ed2 e-con-full e-flex e-con e-child\" data-id=\"3529ed2\" data-element_type=\"container\" data-e-type=\"container\">\n\t\t\t\t<div class=\"elementor-element elementor-element-a2e04b1 elementor-widget elementor-widget-wd_text_block\" data-id=\"a2e04b1\" data-element_type=\"widget\" data-e-type=\"widget\" data-widget_type=\"wd_text_block.default\">\n\t\t\t\t<div class=\"elementor-widget-container\">\n\t\t\t\t\t\t\t<div class=\"wd-text-block reset-last-child text-center\">\n\t\t\t\n\t\t\t<h3>Avis des experts sur le s\u00e9rum de mastic du d\u00e9sert : une reconnaissance des ingr\u00e9dients naturels puissants !<\/h3>\n\t\t\t\t\t<\/div>\n\t\t\t\t\t\t<\/div>\n\t\t\t\t<\/div>\n\t\t\t\t<div class=\"elementor-element elementor-element-e9c132f elementor-widget elementor-widget-wd_text_block\" data-id=\"e9c132f\" data-element_type=\"widget\" data-e-type=\"widget\" data-widget_type=\"wd_text_block.default\">\n\t\t\t\t<div class=\"elementor-widget-container\">\n\t\t\t\t\t\t\t<div class=\"wd-text-block reset-last-child text-center\">\n\t\t\t\n\t\t\t<p>Les experts en soins de la peau et les sp\u00e9cialistes de la m\u00e9decine alternative font confiance \u00e0 l\u2019efficacit\u00e9 des ingr\u00e9dients naturels comme la gomme d\u2019acacia pour am\u00e9liorer la sant\u00e9 et la beaut\u00e9 de la peau. Le s\u00e9rum \u00e0 la gomme d\u2019acacia du d\u00e9sert est consid\u00e9r\u00e9 comme un produit naturel prometteur, notamment gr\u00e2ce \u00e0 sa teneur en collag\u00e8ne naturel et ses propri\u00e9t\u00e9s antioxydantes et hydratantes.<\/p><p>Les experts louent la gomme d'acacia du d\u00e9sert pour son hydratation profonde de la peau, ses effets raffermissants et l'am\u00e9lioration g\u00e9n\u00e9rale de l'apparence cutan\u00e9e. Sa capacit\u00e9 \u00e0 \u00e9claircir les taches fonc\u00e9es est un avantage pr\u00e9cieux suppl\u00e9mentaire. La confiance dans le s\u00e9rum \u00e0 la gomme d'acacia du d\u00e9sert provient de son utilisation traditionnelle dans les cultures d\u00e9sertiques pour les soins de la peau, ainsi que de la compr\u00e9hension scientifique croissante des bienfaits des ingr\u00e9dients naturels en cosm\u00e9tique.<\/p>\n\t\t\t\t\t<\/div>\n\t\t\t\t\t\t<\/div>\n\t\t\t\t<\/div>\n\t\t\t\t<\/div>\n\t\t\t\t<\/div>\n\t\t\t\t\t<\/div>\n\t\t\t\t<\/div>\n\t\t\t\t<\/div>","protected":false},"excerpt":{"rendered":"<p>Qu\u2019est-ce que le S\u00e9rum au mastic du d\u00e9sert? L\u2019or liquide de la nature pour une peau \u00e9clatante ! Vous cherchez un produit naturel unique qui offre des solutions efficaces pour<\/p>","protected":false},"featured_media":3981,"comment_status":"open","ping_status":"closed","template":"","meta":[],"product_brand":[],"product_cat":[68],"product_tag":[],"class_list":{"0":"post-3438","1":"product","2":"type-product","3":"status-publish","4":"has-post-thumbnail","6":"product_cat-68","8":"first","9":"onbackorder","10":"shipping-taxable","11":"purchasable","12":"product-type-simple"},"jetpack_sharing_enabled":true,"_links":{"self":[{"href":"https:\/\/sfb.ma\/fr\/wp-json\/wp\/v2\/product\/3438","targetHints":{"allow":["GET"]}}],"collection":[{"href":"https:\/\/sfb.ma\/fr\/wp-json\/wp\/v2\/product"}],"about":[{"href":"https:\/\/sfb.ma\/fr\/wp-json\/wp\/v2\/types\/product"}],"replies":[{"embeddable":true,"href":"https:\/\/sfb.ma\/fr\/wp-json\/wp\/v2\/comments?post=3438"}],"version-history":[{"count":0,"href":"https:\/\/sfb.ma\/fr\/wp-json\/wp\/v2\/product\/3438\/revisions"}],"wp:featuredmedia":[{"embeddable":true,"href":"https:\/\/sfb.ma\/fr\/wp-json\/wp\/v2\/media\/3981"}],"wp:attachment":[{"href":"https:\/\/sfb.ma\/fr\/wp-json\/wp\/v2\/media?parent=3438"}],"wp:term":[{"taxonomy":"product_brand","embeddable":true,"href":"https:\/\/sfb.ma\/fr\/wp-json\/wp\/v2\/product_brand?post=3438"},{"taxonomy":"product_cat","embeddable":true,"href":"https:\/\/sfb.ma\/fr\/wp-json\/wp\/v2\/product_cat?post=3438"},{"taxonomy":"product_tag","embeddable":true,"href":"https:\/\/sfb.ma\/fr\/wp-json\/wp\/v2\/product_tag?post=3438"}],"curies":[{"name":"wp","href":"https:\/\/api.w.org\/{rel}","templated":true}]}}