{"id":3445,"date":"2025-07-21T14:51:47","date_gmt":"2025-07-21T14:51:47","guid":{"rendered":"https:\/\/sfb.ma\/?post_type=product&#038;p=3445"},"modified":"2026-01-30T17:15:13","modified_gmt":"2026-01-30T17:15:13","slug":"traitement-de-la-calvitie-pathologique","status":"publish","type":"product","link":"https:\/\/sfb.ma\/fr\/produit\/traitement-de-la-calvitie-pathologique\/","title":{"rendered":"Traitement de la calvitie pathologique"},"content":{"rendered":"<div data-elementor-type=\"product-post\" data-elementor-id=\"3445\" class=\"elementor elementor-3445\" data-elementor-post-type=\"product\">\n\t\t\t\t<div class=\"wd-negative-gap elementor-element elementor-element-4cf4bf2 e-flex e-con-boxed e-con e-parent\" data-id=\"4cf4bf2\" data-element_type=\"container\" data-e-type=\"container\">\n\t\t\t\t\t<div class=\"e-con-inner\">\n\t\t<div class=\"elementor-element elementor-element-c4cb19c e-con-full e-flex e-con e-child\" data-id=\"c4cb19c\" data-element_type=\"container\" data-e-type=\"container\">\n\t\t<div class=\"elementor-element elementor-element-822d2e1 e-con-full e-flex e-con e-child\" data-id=\"822d2e1\" data-element_type=\"container\" data-e-type=\"container\">\n\t\t\t\t<div class=\"elementor-element elementor-element-c19a7b0 elementor-widget elementor-widget-wd_text_block\" data-id=\"c19a7b0\" data-element_type=\"widget\" data-e-type=\"widget\" data-widget_type=\"wd_text_block.default\">\n\t\t\t\t<div class=\"elementor-widget-container\">\n\t\t\t\t\t\t\t<div class=\"wd-text-block reset-last-child text-center\">\n\t\t\t\n\t\t\t<h3>Quel est le traitement de la calvitie pathologique ? Une lueur d\u2019espoir pour vos follicules pileux !<\/h3>\n\t\t\t\t\t<\/div>\n\t\t\t\t\t\t<\/div>\n\t\t\t\t<\/div>\n\t\t\t\t<div class=\"elementor-element elementor-element-0601e48 elementor-widget elementor-widget-wd_text_block\" data-id=\"0601e48\" data-element_type=\"widget\" data-e-type=\"widget\" data-widget_type=\"wd_text_block.default\">\n\t\t\t\t<div class=\"elementor-widget-container\">\n\t\t\t\t\t\t\t<div class=\"wd-text-block reset-last-child text-center\">\n\t\t\t\n\t\t\t<p>Vous souffrez d\u2019une chute de cheveux s\u00e9v\u00e8re laissant des zones clairsem\u00e9es ou d\u00e9garnies, et vous cherchez une solution efficace et nourrissante pour stimuler la repousse ? Plongez dans l\u2019univers de <b>Traitement de l\u2019alop\u00e9cie pathologique (\u0639\u0644\u0627\u062c \u0627\u0644\u0635\u0644\u0639 \u0627\u0644\u0645\u0631\u0636\u064a)<\/b>Ce produit sp\u00e9cialis\u00e9 est con\u00e7u sp\u00e9cialement pour offrir un soutien cibl\u00e9 aux follicules pileux ab\u00eem\u00e9s et fragiles, dans le but de <b>nourrit en profondeur pour stimuler la croissance<\/b> Et retrouvez la densit\u00e9 naturelle de vos cheveux.<\/p><p>La chute de cheveux pathologique, qu\u2019elle soit due \u00e0 des facteurs g\u00e9n\u00e9tiques, hormonaux, \u00e0 une carence nutritionnelle, au stress ou \u00e0 des conditions m\u00e9dicales, n\u00e9cessite une approche th\u00e9rapeutique cibl\u00e9e visant la racine du probl\u00e8me des follicules. Ce traitement de la chute pathologique n\u2019est pas un simple produit cosm\u00e9tique superficiel ; il cr\u00e9e un environnement id\u00e9al pour que les follicules capillaires dormants ou faibles retrouvent leur activit\u00e9. Sa formule unique est riche en ingr\u00e9dients actifs qui ciblent le c\u0153ur du probl\u00e8me en stimulant la circulation sanguine du cuir chevelu, en fournissant les nutriments essentiels, et en renfor\u00e7ant les follicules pour produire des cheveux plus \u00e9pais et en meilleure sant\u00e9. Quels secrets ce traitement innovant d\u00e9tient-il pour transformer vos cheveux et restaurer leur densit\u00e9 et vitalit\u00e9 ? D\u00e9couvrons ensemble la puissance du traitement de la chute de cheveux pathologique, votre alli\u00e9 parfait dans le parcours pour retrouver la beaut\u00e9 naturelle de vos cheveux !<\/p>\n\t\t\t\t\t<\/div>\n\t\t\t\t\t\t<\/div>\n\t\t\t\t<\/div>\n\t\t\t\t<\/div>\n\t\t<div class=\"elementor-element elementor-element-6cdf6d5 e-con-full e-flex e-con e-child\" data-id=\"6cdf6d5\" data-element_type=\"container\" data-e-type=\"container\">\n\t\t\t\t<div class=\"elementor-element elementor-element-68467a0 elementor-widget elementor-widget-wd_text_block\" data-id=\"68467a0\" data-element_type=\"widget\" data-e-type=\"widget\" data-widget_type=\"wd_text_block.default\">\n\t\t\t\t<div class=\"elementor-widget-container\">\n\t\t\t\t\t\t\t<div class=\"wd-text-block reset-last-child text-center\">\n\t\t\t\n\t\t\t<h3>Les bienfaits du traitement de la calvitie pathologique : pourquoi est-il essentiel pour retrouver la densit\u00e9 de vos cheveux ?<\/h3>\n\t\t\t\t\t<\/div>\n\t\t\t\t\t\t<\/div>\n\t\t\t\t<\/div>\n\t\t\t\t<div class=\"elementor-element elementor-element-5bc2ccb elementor-widget elementor-widget-wd_text_block\" data-id=\"5bc2ccb\" data-element_type=\"widget\" data-e-type=\"widget\" data-widget_type=\"wd_text_block.default\">\n\t\t\t\t<div class=\"elementor-widget-container\">\n\t\t\t\t\t\t\t<div class=\"wd-text-block reset-last-child text-center\">\n\t\t\t\n\t\t\t<p>La plupart des avantages proviennent de <b>Traitement de la calvitie pathologique<\/b> Gr\u00e2ce \u00e0 sa capacit\u00e9 \u00e0 cibler directement les follicules pileux et \u00e0 leur apporter le soutien n\u00e9cessaire, leur permettant de repousser forts et en bonne sant\u00e9. Voici ses principaux bienfaits :<\/p><ul><li><p><b>Nourrit les follicules pileux et stimule la croissance (avantage cl\u00e9) :<\/b><\/p><ul><li><p>Ce traitement est riche en nutriments essentiels (comme les vitamines, min\u00e9raux et prot\u00e9ines) qui apportent un soutien direct aux follicules, les stimulant \u00e0 entrer en phase de croissance active (phase anag\u00e8ne).<\/p><\/li><li><p>Aide \u00e0 activer les follicules dormants, favorisant la repousse des cheveux dans les zones affect\u00e9es.<\/p><\/li><\/ul><\/li><li><p><b>Renforcer les cheveux d\u00e8s la racine:<\/b><\/p><ul><li><p>Il contribue \u00e0 renforcer les follicules pileux, les fixant plus solidement dans le cuir chevelu, r\u00e9duisant ainsi significativement la chute des cheveux.<\/p><\/li><li><p>Il rend les nouveaux cheveux plus forts et plus r\u00e9sistants \u00e0 la casse et \u00e0 la fragilit\u00e9.<\/p><\/li><\/ul><\/li><li><p><b>Augmenter la densit\u00e9 et l'\u00e9paisseur des cheveux:<\/b><\/p><ul><li><p>En stimulant la pousse de nouveaux cheveux et en renfor\u00e7ant les cheveux existants, le traitement aide \u00e0 augmenter la densit\u00e9 globale et \u00e0 combler les zones clairsem\u00e9es.<\/p><\/li><li><p>Contribue \u00e0 rendre chaque m\u00e8che de cheveux plus \u00e9paisse et plus forte.<\/p><\/li><\/ul><\/li><li><p><b>Am\u00e9liore la circulation sanguine du cuir chevelu<\/b><\/p><ul><li><p>De nombreuses formules pour traiter l\u2019alop\u00e9cie m\u00e9dicale contiennent des ingr\u00e9dients qui am\u00e9liorent la circulation sanguine du cuir chevelu. Cela favorise l\u2019apport en oxyg\u00e8ne et nutriments aux follicules pileux, stimulant leur croissance.<\/p><\/li><\/ul><\/li><li><p><b>R\u00e9duction des inflammations et apaisement du cuir chevelu:<\/b><\/p><ul><li><p>Il peut contenir des ingr\u00e9dients aux propri\u00e9t\u00e9s anti-inflammatoires aidant \u00e0 apaiser le cuir chevelu et \u00e0 r\u00e9duire les irritations pouvant contribuer \u00e0 la chute des cheveux.<\/p><\/li><\/ul><\/li><\/ul>\n\t\t\t\t\t<\/div>\n\t\t\t\t\t\t<\/div>\n\t\t\t\t<\/div>\n\t\t\t\t<\/div>\n\t\t<div class=\"elementor-element elementor-element-204c322 e-con-full e-flex e-con e-child\" data-id=\"204c322\" data-element_type=\"container\" data-e-type=\"container\">\n\t\t\t\t<div class=\"elementor-element elementor-element-41ca147 elementor-widget elementor-widget-wd_text_block\" data-id=\"41ca147\" data-element_type=\"widget\" data-e-type=\"widget\" data-widget_type=\"wd_text_block.default\">\n\t\t\t\t<div class=\"elementor-widget-container\">\n\t\t\t\t\t\t\t<div class=\"wd-text-block reset-last-child text-center\">\n\t\t\t\n\t\t\t<h3>Avis des experts sur le traitement de la calvitie pathologique : une \u00e9tape cl\u00e9 pour retrouver vos cheveux !<\/h3>\n\t\t\t\t\t<\/div>\n\t\t\t\t\t\t<\/div>\n\t\t\t\t<\/div>\n\t\t\t\t<div class=\"elementor-element elementor-element-5fe2fe7 elementor-widget elementor-widget-wd_text_block\" data-id=\"5fe2fe7\" data-element_type=\"widget\" data-e-type=\"widget\" data-widget_type=\"wd_text_block.default\">\n\t\t\t\t<div class=\"elementor-widget-container\">\n\t\t\t\t\t\t\t<div class=\"wd-text-block reset-last-child text-center\">\n\t\t\t\n\t\t\t<p>Les dermatologues et sp\u00e9cialistes capillaires font confiance \u00e0 l\u2019efficacit\u00e9 des traitements de la calvitie pathologique visant \u00e0 nourrir et stimuler les follicules pileux. Ils insistent sur l\u2019importance d\u2019un diagnostic pr\u00e9cis du type et des causes de la calvitie, ainsi que sur l\u2019utilisation r\u00e9guli\u00e8re du produit.<\/p><p>Les recherches d\u00e9montrent que les ingr\u00e9dients actifs de ce traitement am\u00e9liorent significativement la sant\u00e9 du cuir chevelu, renforcent les follicules et stimulent la croissance des cheveux. Recommand\u00e9 dans le cadre d\u2019un plan global incluant des modifications alimentaires et du mode de vie. La confiance dans le traitement de la calvitie pathologique repose sur son efficacit\u00e9 scientifiquement prouv\u00e9e \u00e0 soutenir la croissance naturelle des cheveux et \u00e0 combattre la perte de cheveux s\u00e9v\u00e8re.<\/p>\n\t\t\t\t\t<\/div>\n\t\t\t\t\t\t<\/div>\n\t\t\t\t<\/div>\n\t\t\t\t<\/div>\n\t\t\t\t<\/div>\n\t\t\t\t\t<\/div>\n\t\t\t\t<\/div>\n\t\t\t\t<\/div>","protected":false},"excerpt":{"rendered":"<p>Quel est le traitement de la calvitie pathologique ? Une lueur d\u2019espoir pour vos follicules pileux ! Souffrez-vous d\u2019une perte de cheveux importante entra\u00eenant des zones clairsem\u00e9es<\/p>","protected":false},"featured_media":3971,"comment_status":"open","ping_status":"closed","template":"","meta":[],"product_brand":[],"product_cat":[68],"product_tag":[],"class_list":{"0":"post-3445","1":"product","2":"type-product","3":"status-publish","4":"has-post-thumbnail","6":"product_cat-68","8":"first","9":"onbackorder","10":"shipping-taxable","11":"product-type-simple"},"jetpack_sharing_enabled":true,"_links":{"self":[{"href":"https:\/\/sfb.ma\/fr\/wp-json\/wp\/v2\/product\/3445","targetHints":{"allow":["GET"]}}],"collection":[{"href":"https:\/\/sfb.ma\/fr\/wp-json\/wp\/v2\/product"}],"about":[{"href":"https:\/\/sfb.ma\/fr\/wp-json\/wp\/v2\/types\/product"}],"replies":[{"embeddable":true,"href":"https:\/\/sfb.ma\/fr\/wp-json\/wp\/v2\/comments?post=3445"}],"version-history":[{"count":0,"href":"https:\/\/sfb.ma\/fr\/wp-json\/wp\/v2\/product\/3445\/revisions"}],"wp:featuredmedia":[{"embeddable":true,"href":"https:\/\/sfb.ma\/fr\/wp-json\/wp\/v2\/media\/3971"}],"wp:attachment":[{"href":"https:\/\/sfb.ma\/fr\/wp-json\/wp\/v2\/media?parent=3445"}],"wp:term":[{"taxonomy":"product_brand","embeddable":true,"href":"https:\/\/sfb.ma\/fr\/wp-json\/wp\/v2\/product_brand?post=3445"},{"taxonomy":"product_cat","embeddable":true,"href":"https:\/\/sfb.ma\/fr\/wp-json\/wp\/v2\/product_cat?post=3445"},{"taxonomy":"product_tag","embeddable":true,"href":"https:\/\/sfb.ma\/fr\/wp-json\/wp\/v2\/product_tag?post=3445"}],"curies":[{"name":"wp","href":"https:\/\/api.w.org\/{rel}","templated":true}]}}