{"id":3463,"date":"2025-07-21T16:24:46","date_gmt":"2025-07-21T16:24:46","guid":{"rendered":"https:\/\/sfb.ma\/?post_type=product&#038;p=3463"},"modified":"2026-01-30T17:33:07","modified_gmt":"2026-01-30T17:33:07","slug":"serum-amirat-2","status":"publish","type":"product","link":"https:\/\/sfb.ma\/fr\/produit\/serum-amirat-2\/","title":{"rendered":"S\u00e9rum Amirat"},"content":{"rendered":"<div data-elementor-type=\"product-post\" data-elementor-id=\"3463\" class=\"elementor elementor-3463\" data-elementor-post-type=\"product\">\n\t\t\t\t<div class=\"wd-negative-gap elementor-element elementor-element-4292169 e-flex e-con-boxed e-con e-parent\" data-id=\"4292169\" data-element_type=\"container\" data-e-type=\"container\">\n\t\t\t\t\t<div class=\"e-con-inner\">\n\t\t<div class=\"elementor-element elementor-element-9227822 e-con-full e-flex e-con e-child\" data-id=\"9227822\" data-element_type=\"container\" data-e-type=\"container\">\n\t\t<div class=\"elementor-element elementor-element-b181b8c e-con-full e-flex e-con e-child\" data-id=\"b181b8c\" data-element_type=\"container\" data-e-type=\"container\">\n\t\t\t\t<div class=\"elementor-element elementor-element-3a6a7a3 elementor-widget elementor-widget-wd_text_block\" data-id=\"3a6a7a3\" data-element_type=\"widget\" data-e-type=\"widget\" data-widget_type=\"wd_text_block.default\">\n\t\t\t\t<div class=\"elementor-widget-container\">\n\t\t\t\t\t\t\t<div class=\"wd-text-block reset-last-child text-center\">\n\t\t\t\n\t\t\t<h3>Qu\u2019est-ce qu\u2019un s\u00e9rum <b>Amirat<\/b>Le secret de l\u2019\u00e9clat venu du c\u0153ur de la nature !<\/h3>\n\t\t\t\t\t<\/div>\n\t\t\t\t\t\t<\/div>\n\t\t\t\t<\/div>\n\t\t\t\t<div class=\"elementor-element elementor-element-6f1a5fc elementor-widget elementor-widget-wd_text_block\" data-id=\"6f1a5fc\" data-element_type=\"widget\" data-e-type=\"widget\" data-widget_type=\"wd_text_block.default\">\n\t\t\t\t<div class=\"elementor-widget-container\">\n\t\t\t\t\t\t\t<div class=\"wd-text-block reset-last-child text-center\">\n\t\t\t\n\t\t\t<p>R\u00eavez-vous d\u2019une peau au teint uniforme, sans taches sombres, rayonnante de fra\u00eecheur et de jeunesse ? Plongez dans l\u2019univers de <b>S\u00e9rum Amirat (\u0633\u064a\u0631\u0648\u0645 \u0627\u0644\u0623\u0645\u064a\u0631\u0627\u062a)<\/b>Ce s\u00e9rum unique est un m\u00e9lange concentr\u00e9 d\u2019ingr\u00e9dients naturels riches, sp\u00e9cialement con\u00e7u pour offrir \u00e0 votre peau les soins exceptionnels qu\u2019elle m\u00e9rite, lui redonnant \u00e9clat et fra\u00eecheur naturels.<\/p><p>C\u2019est un s\u00e9rum <b>Amirat <\/b>Bien plus qu\u2019un simple produit de beaut\u00e9 ; il cible efficacement plusieurs probl\u00e8mes de peau gr\u00e2ce \u00e0 une formule puissante riche en <b>Antioxydants<\/b>et<b>Vitamines<\/b>et<b>extraits v\u00e9g\u00e9taux<\/b> R\u00e9put\u00e9 pour sa capacit\u00e9 \u00e0 renouveler les cellules et unifier le teint, sa formule unique garantit une absorption profonde, permettant aux actifs d\u2019agir au niveau cellulaire pour des r\u00e9sultats optimaux. Quels secrets renferme ce s\u00e9rum pour transformer votre peau et lui redonner \u00e9clat et beaut\u00e9 naturels ? D\u00e9couvrons ensemble la puissance de ce s\u00e9rum. <b>Amirat<\/b>, votre cl\u00e9 pour une peau \u00e9clatante !<\/p>\n\t\t\t\t\t<\/div>\n\t\t\t\t\t\t<\/div>\n\t\t\t\t<\/div>\n\t\t\t\t<\/div>\n\t\t<div class=\"elementor-element elementor-element-c1e21b2 e-con-full e-flex e-con e-child\" data-id=\"c1e21b2\" data-element_type=\"container\" data-e-type=\"container\">\n\t\t\t\t<div class=\"elementor-element elementor-element-0502775 elementor-widget elementor-widget-wd_text_block\" data-id=\"0502775\" data-element_type=\"widget\" data-e-type=\"widget\" data-widget_type=\"wd_text_block.default\">\n\t\t\t\t<div class=\"elementor-widget-container\">\n\t\t\t\t\t\t\t<div class=\"wd-text-block reset-last-child text-center\">\n\t\t\t\n\t\t\t<h3>Bienfaits du S\u00e9rum Amirat : Pourquoi il est essentiel \u00e0 votre routine beaut\u00e9<\/h3>\n\t\t\t\t\t<\/div>\n\t\t\t\t\t\t<\/div>\n\t\t\t\t<\/div>\n\t\t\t\t<div class=\"elementor-element elementor-element-0155b38 elementor-widget elementor-widget-wd_text_block\" data-id=\"0155b38\" data-element_type=\"widget\" data-e-type=\"widget\" data-widget_type=\"wd_text_block.default\">\n\t\t\t\t<div class=\"elementor-widget-container\">\n\t\t\t\t\t\t\t<div class=\"wd-text-block reset-last-child text-center\">\n\t\t\t\n\t\t\t<p>La plupart des avantages proviennent de <b>S\u00e9rum Amirat <\/b>Gr\u00e2ce \u00e0 sa formule \u00e9quilibr\u00e9e alliant des ingr\u00e9dients naturels efficaces, S\u00e9rum Amirat offre un soin complet qui am\u00e9liore l\u2019apparence et la sant\u00e9 de votre peau. Voici ses principaux bienfaits :<\/p><ul><li><p><b>R\u00e9duit les taches fonc\u00e9es et unifie le teint (b\u00e9n\u00e9fice cl\u00e9):<\/b><\/p><ul><li><p>Le s\u00e9rum aide \u00e0 <b>R\u00e9duction de l\u2019apparition des taches sombres<\/b> R\u00e9sultant de l\u2019exposition au soleil, des pigmentation et des cicatrices d\u2019acn\u00e9.<\/p><\/li><li><p>Il unifie visiblement le teint de la peau, lui offrant un aspect plus homog\u00e8ne et lumineux.<\/p><\/li><\/ul><\/li><li><p><b>\u00c9clat de la peau et am\u00e9lioration de sa fra\u00eecheur:<\/b><\/p><ul><li><p>Amplifie l\u2019\u00e9clat naturel de la peau et lui donne un teint sain, la rendant plus \u00e9clatante et attrayante.<\/p><\/li><\/ul><\/li><li><p><b>Anti-\u00e2ge et lutte contre les rides:<\/b><\/p><ul><li><p>Contribue \u00e0 <b>R\u00e9duit l\u2019apparence des ridules et des rides<\/b>et am\u00e9liore l\u2019\u00e9lasticit\u00e9 de la peau gr\u00e2ce \u00e0 ses ingr\u00e9dients qui stimulent la production de collag\u00e8ne.<\/p><\/li><li><p>Riche en antioxydants qui combattent les radicaux libres responsables du vieillissement pr\u00e9matur\u00e9 de la peau.<\/p><\/li><\/ul><\/li><li><p><b>Hydratation profonde et nutrition intensive:<\/b><\/p><ul><li><p>Offre une hydratation longue dur\u00e9e pour la peau, pr\u00e9servant sa douceur et sa souplesse tout en r\u00e9duisant la s\u00e9cheresse.<\/p><\/li><li><p>Il nourrit la peau avec des \u00e9l\u00e9ments nutritifs essentiels, contribuant \u00e0 sa sant\u00e9 et vitalit\u00e9.<\/p><\/li><\/ul><\/li><li><p><b>Am\u00e9lioration de la texture de la peau:<\/b><\/p><ul><li><p>Aide \u00e0 adoucir la peau, la rendant plus soyeuse et \u00e9clatante.<\/p><\/li><\/ul><\/li><li><p><b>Favorise la gu\u00e9rison et le renouvellement cellulaire:<\/b><\/p><ul><li><p>Il contribue \u00e0 acc\u00e9l\u00e9rer le renouvellement des cellules de la peau, aidant \u00e0 r\u00e9parer les dommages cellulaires et \u00e0 am\u00e9liorer la texture g\u00e9n\u00e9rale de la peau.<\/p><\/li><\/ul><\/li><\/ul>\n\t\t\t\t\t<\/div>\n\t\t\t\t\t\t<\/div>\n\t\t\t\t<\/div>\n\t\t\t\t<\/div>\n\t\t<div class=\"elementor-element elementor-element-1d9e143 e-con-full e-flex e-con e-child\" data-id=\"1d9e143\" data-element_type=\"container\" data-e-type=\"container\">\n\t\t\t\t<div class=\"elementor-element elementor-element-5b82b28 elementor-widget elementor-widget-wd_text_block\" data-id=\"5b82b28\" data-element_type=\"widget\" data-e-type=\"widget\" data-widget_type=\"wd_text_block.default\">\n\t\t\t\t<div class=\"elementor-widget-container\">\n\t\t\t\t\t\t\t<div class=\"wd-text-block reset-last-child text-center\">\n\t\t\t\n\t\t\t<h3>Avis des experts sur le s\u00e9rum <b>Amirat<\/b>Un hommage \u00e0 une formule compl\u00e8te et \u00e9quilibr\u00e9e !<\/h3>\n\t\t\t\t\t<\/div>\n\t\t\t\t\t\t<\/div>\n\t\t\t\t<\/div>\n\t\t\t\t<div class=\"elementor-element elementor-element-c068330 elementor-widget elementor-widget-wd_text_block\" data-id=\"c068330\" data-element_type=\"widget\" data-e-type=\"widget\" data-widget_type=\"wd_text_block.default\">\n\t\t\t\t<div class=\"elementor-widget-container\">\n\t\t\t\t\t\t\t<div class=\"wd-text-block reset-last-child text-center\">\n\t\t\t\n\t\t\t<p>Les experts en soins de la peau et les dermatologues font confiance aux produits offrant plusieurs solutions pour la peau, comme les s\u00e9rums <b>Amirat<\/b>Il est consid\u00e9r\u00e9 comme un produit complet ciblant un large \u00e9ventail de probl\u00e8mes de peau gr\u00e2ce \u00e0 sa formule riche en ingr\u00e9dients actifs qui \u00e9claircissent la peau, combattent le vieillissement et hydratent en profondeur.<\/p><p>Les experts louent sa capacit\u00e9 \u00e0 r\u00e9duire les pigments et \u00e0 am\u00e9liorer l\u2019\u00e9clat de la peau, ainsi que ses propri\u00e9t\u00e9s anti-\u00e2ge qui aident \u00e0 conserver une peau jeune et ferme. Il est recommand\u00e9 comme un \u00e9l\u00e9ment essentiel de la routine quotidienne de soins, surtout pour ceux qui recherchent un produit traitant plusieurs probl\u00e8mes simultan\u00e9ment. La confiance envers le S\u00e9rum Ameriat provient de l\u2019efficacit\u00e9 de ses ingr\u00e9dients et des r\u00e9sultats visibles qu\u2019il offre, avec une formule combinant plusieurs bienfaits pour sublimer la beaut\u00e9 et la sant\u00e9 de la peau.<\/p>\n\t\t\t\t\t<\/div>\n\t\t\t\t\t\t<\/div>\n\t\t\t\t<\/div>\n\t\t\t\t<\/div>\n\t\t\t\t<\/div>\n\t\t\t\t\t<\/div>\n\t\t\t\t<\/div>\n\t\t\t\t<\/div>","protected":false},"excerpt":{"rendered":"<p>Qu\u2019est-ce que le S\u00e9rum des Amirat? Le secret de l\u2019\u00e9clat venu tout droit du c\u0153ur de la nature ! R\u00eavez-vous d\u2019un teint uniforme, sans taches sombres, et lumineux ?<\/p>","protected":false},"featured_media":3982,"comment_status":"open","ping_status":"closed","template":"","meta":[],"product_brand":[],"product_cat":[68],"product_tag":[],"class_list":{"0":"post-3463","1":"product","2":"type-product","3":"status-publish","4":"has-post-thumbnail","6":"product_cat-68","8":"first","9":"instock","10":"shipping-taxable","11":"product-type-simple"},"jetpack_sharing_enabled":true,"_links":{"self":[{"href":"https:\/\/sfb.ma\/fr\/wp-json\/wp\/v2\/product\/3463","targetHints":{"allow":["GET"]}}],"collection":[{"href":"https:\/\/sfb.ma\/fr\/wp-json\/wp\/v2\/product"}],"about":[{"href":"https:\/\/sfb.ma\/fr\/wp-json\/wp\/v2\/types\/product"}],"replies":[{"embeddable":true,"href":"https:\/\/sfb.ma\/fr\/wp-json\/wp\/v2\/comments?post=3463"}],"version-history":[{"count":0,"href":"https:\/\/sfb.ma\/fr\/wp-json\/wp\/v2\/product\/3463\/revisions"}],"wp:featuredmedia":[{"embeddable":true,"href":"https:\/\/sfb.ma\/fr\/wp-json\/wp\/v2\/media\/3982"}],"wp:attachment":[{"href":"https:\/\/sfb.ma\/fr\/wp-json\/wp\/v2\/media?parent=3463"}],"wp:term":[{"taxonomy":"product_brand","embeddable":true,"href":"https:\/\/sfb.ma\/fr\/wp-json\/wp\/v2\/product_brand?post=3463"},{"taxonomy":"product_cat","embeddable":true,"href":"https:\/\/sfb.ma\/fr\/wp-json\/wp\/v2\/product_cat?post=3463"},{"taxonomy":"product_tag","embeddable":true,"href":"https:\/\/sfb.ma\/fr\/wp-json\/wp\/v2\/product_tag?post=3463"}],"curies":[{"name":"wp","href":"https:\/\/api.w.org\/{rel}","templated":true}]}}