{"id":3476,"date":"2025-07-22T08:52:13","date_gmt":"2025-07-22T08:52:13","guid":{"rendered":"https:\/\/sfb.ma\/?post_type=product&#038;p=3476"},"modified":"2026-01-13T15:27:45","modified_gmt":"2026-01-13T15:27:45","slug":"pommade-douleurs-articulaires-et-rhumatismes","status":"publish","type":"product","link":"https:\/\/sfb.ma\/fr\/produit\/pommade-douleurs-articulaires-et-rhumatismes\/","title":{"rendered":"Pommade contre les douleurs articulaires et rhumatismales"},"content":{"rendered":"<div data-elementor-type=\"product-post\" data-elementor-id=\"3476\" class=\"elementor elementor-3476\" data-elementor-post-type=\"product\">\n\t\t\t\t<div class=\"wd-negative-gap elementor-element elementor-element-fad5203 e-flex e-con-boxed e-con e-parent\" data-id=\"fad5203\" data-element_type=\"container\" data-e-type=\"container\">\n\t\t\t\t\t<div class=\"e-con-inner\">\n\t\t<div class=\"elementor-element elementor-element-d36b776 e-con-full e-flex e-con e-child\" data-id=\"d36b776\" data-element_type=\"container\" data-e-type=\"container\">\n\t\t<div class=\"elementor-element elementor-element-c5bc0fd e-con-full e-flex e-con e-child\" data-id=\"c5bc0fd\" data-element_type=\"container\" data-e-type=\"container\">\n\t\t\t\t<div class=\"elementor-element elementor-element-1e34ee1 elementor-widget elementor-widget-wd_text_block\" data-id=\"1e34ee1\" data-element_type=\"widget\" data-e-type=\"widget\" data-widget_type=\"wd_text_block.default\">\n\t\t\t\t<div class=\"elementor-widget-container\">\n\t\t\t\t\t\t\t<div class=\"wd-text-block reset-last-child text-center\">\n\t\t\t\n\t\t\t<h3>D\u00e9couvrez la pommade douleurs articulaires et rhumatismes : soulagement rapide des douleurs, rhumatismes et raideurs du genou. Formule 100% naturelle, s\u00fbre. Essayez !<\/h3>\n\t\t\t\t\t<\/div>\n\t\t\t\t\t\t<\/div>\n\t\t\t\t<\/div>\n\t\t\t\t<div class=\"elementor-element elementor-element-b23dc2d elementor-widget elementor-widget-wd_text_block\" data-id=\"b23dc2d\" data-element_type=\"widget\" data-e-type=\"widget\" data-widget_type=\"wd_text_block.default\">\n\t\t\t\t<div class=\"elementor-widget-container\">\n\t\t\t\t\t\t\t<div class=\"wd-text-block reset-last-child text-center\">\n\t\t\t\n\t\t\t<p>Souffrez-vous de douleurs articulaires g\u00eanantes, d\u2019arthrose du genou ou de rhumatismes qui restreignent vos mouvements et impactent la qualit\u00e9 de votre vie quotidienne ? Plongez dans un univers de <b>Pommade contre les douleurs articulaires et rhumatismales (\u0645\u0631\u0647\u0645 \u0622\u0644\u0627\u0645 \u0627\u0644\u0645\u0641\u0627\u0635\u0644 \u0648\u0627\u0644\u0631\u0648\u0645\u0627\u062a\u064a\u0632\u0645)<\/b>Cette pommade est un produit topique sp\u00e9cialement con\u00e7u pour soulager les douleurs li\u00e9es \u00e0 l\u2019arthrite, au rhumatisme, \u00e0 l\u2019arthrose du genou et aux douleurs musculaires associ\u00e9es. Elle offre un soulagement imm\u00e9diat et aide \u00e0 am\u00e9liorer la flexibilit\u00e9 et la mobilit\u00e9 des articulations.<\/p><p>Les douleurs articulaires et les rhumatismes peuvent \u00eatre caus\u00e9s par divers facteurs : vieillissement, inflammations, blessures ou maladies chroniques. La pommade douleurs articulaires et rhumatismes n\u2019est pas un simple analg\u00e9sique de surface ; elle agit gr\u00e2ce \u00e0 une formule puissante \u00e0 base d\u2019ingr\u00e9dients naturels aux propri\u00e9t\u00e9s anti-inflammatoires, antalgiques et stimulantes de la circulation sanguine. Elle favorise la r\u00e9g\u00e9n\u00e9ration des tissus et r\u00e9duit la raideur. Cette pommade vous offre une solution directe pour soulager vos douleurs et retrouver votre confort quotidien et votre libert\u00e9 de mouvement. Quels sont donc les secrets de cette pommade qui apaise vos douleurs et redonne de la souplesse \u00e0 vos articulations ? D\u00e9couvrez la puissance de notre pommade douleurs articulaires et rhumatismes \u2014 votre alli\u00e9e id\u00e9ale pour plus de confort et de mobilit\u00e9 !<\/p>\n\t\t\t\t\t<\/div>\n\t\t\t\t\t\t<\/div>\n\t\t\t\t<\/div>\n\t\t\t\t<\/div>\n\t\t<div class=\"elementor-element elementor-element-374aab3 e-con-full e-flex e-con e-child\" data-id=\"374aab3\" data-element_type=\"container\" data-e-type=\"container\">\n\t\t\t\t<div class=\"elementor-element elementor-element-6830f5d elementor-widget elementor-widget-wd_text_block\" data-id=\"6830f5d\" data-element_type=\"widget\" data-e-type=\"widget\" data-widget_type=\"wd_text_block.default\">\n\t\t\t\t<div class=\"elementor-widget-container\">\n\t\t\t\t\t\t\t<div class=\"wd-text-block reset-last-child text-center\">\n\t\t\t\n\t\t\t<h3>Bienfaits de la pommade douleurs articulaires et rhumatismes : pourquoi elle est essentielle \u00e0 votre confort<\/h3>\n\t\t\t\t\t<\/div>\n\t\t\t\t\t\t<\/div>\n\t\t\t\t<\/div>\n\t\t\t\t<div class=\"elementor-element elementor-element-6a42f26 elementor-widget elementor-widget-wd_text_block\" data-id=\"6a42f26\" data-element_type=\"widget\" data-e-type=\"widget\" data-widget_type=\"wd_text_block.default\">\n\t\t\t\t<div class=\"elementor-widget-container\">\n\t\t\t\t\t\t\t<div class=\"wd-text-block reset-last-child text-center\">\n\t\t\t\n\t\t\t<p>La plupart des avantages proviennent de <b>Pommade contre les douleurs articulaires et rhumatismales<\/b> Sa capacit\u00e9 \u00e0 cibler directement la source de la douleur dans les articulations et les muscles offre un soulagement rapide et efficace. Voici ses principaux bienfaits :<\/p><ul><li><p><b>Soulage les douleurs articulaires et le rhumatisme (b\u00e9n\u00e9fice majeur)<\/b><\/p><ul><li><p>Aide \u00e0 r\u00e9duire la douleur et la raideur associ\u00e9es \u00e0 l\u2019arthrite, au rhumatisme et \u00e0 l\u2019arthrose du genou, vous permettant de bouger plus librement.<\/p><\/li><\/ul><\/li><li><p><b>R\u00e9duire l'inflammation et le gonflement:<\/b><\/p><ul><li><p>Contient des ingr\u00e9dients puissants aux propri\u00e9t\u00e9s anti-inflammatoires, qui aident \u00e0 r\u00e9duire l\u2019enflure et les rougeurs au niveau des articulations et des muscles enflamm\u00e9s.<\/p><\/li><\/ul><\/li><li><p><b>Am\u00e9lioration de la flexibilit\u00e9 des articulations:<\/b><\/p><ul><li><p>Aide \u00e0 d\u00e9tendre les muscles autour des articulations et r\u00e9duit la raideur, am\u00e9liorant ainsi l'amplitude des mouvements et la souplesse.<\/p><\/li><\/ul><\/li><li><p><b>Am\u00e9lioration de la circulation sanguine locale:<\/b><\/p><ul><li><p>Certains ingr\u00e9dients de la pommade stimulent la circulation sanguine dans la zone affect\u00e9e, ce qui acc\u00e9l\u00e8re l'apport de nutriments et d'oxyg\u00e8ne aux tissus endommag\u00e9s et favorise la gu\u00e9rison.<\/p><\/li><\/ul><\/li><li><p><b>Chauffer la zone pour offrir une sensation de confort:<\/b><\/p><ul><li><p>Il peut offrir une sensation de chaleur et de confort lorsqu'il est appliqu\u00e9, aidant \u00e0 soulager la douleur et \u00e0 d\u00e9tendre les muscles.<\/p><\/li><\/ul><\/li><\/ul>\n\t\t\t\t\t<\/div>\n\t\t\t\t\t\t<\/div>\n\t\t\t\t<\/div>\n\t\t\t\t<\/div>\n\t\t<div class=\"elementor-element elementor-element-d4fe61a e-con-full e-flex e-con e-child\" data-id=\"d4fe61a\" data-element_type=\"container\" data-e-type=\"container\">\n\t\t\t\t<div class=\"elementor-element elementor-element-7be98f8 elementor-widget elementor-widget-wd_text_block\" data-id=\"7be98f8\" data-element_type=\"widget\" data-e-type=\"widget\" data-widget_type=\"wd_text_block.default\">\n\t\t\t\t<div class=\"elementor-widget-container\">\n\t\t\t\t\t\t\t<div class=\"wd-text-block reset-last-child text-center\">\n\t\t\t\n\t\t\t<h3>Ce qui distingue le baume contre les douleurs articulaires et le rhumatisme : une formule naturelle ancestrale pour une gu\u00e9rison efficace !<\/h3>\n\t\t\t\t\t<\/div>\n\t\t\t\t\t\t<\/div>\n\t\t\t\t<\/div>\n\t\t\t\t<div class=\"elementor-element elementor-element-d01e80f elementor-widget elementor-widget-wd_text_block\" data-id=\"d01e80f\" data-element_type=\"widget\" data-e-type=\"widget\" data-widget_type=\"wd_text_block.default\">\n\t\t\t\t<div class=\"elementor-widget-container\">\n\t\t\t\t\t\t\t<div class=\"wd-text-block reset-last-child text-center\">\n\t\t\t\n\t\t\t<p>Il est dot\u00e9 de <b>Pommade contre les douleurs articulaires et rhumatismales<\/b> avec sa formule unique, cette pommade vous assure un traitement efficace et s\u00fbr contre les douleurs articulaires et musculaires. <b>extrait d\u2019un m\u00e9lange rare d\u2019huiles v\u00e9g\u00e9tales et d\u2019ingr\u00e9dients m\u00e9dicinaux traditionnels<\/b> Elles sont utilis\u00e9es depuis des si\u00e8cles dans la m\u00e9decine traditionnelle et alternative. Ces ingr\u00e9dients naturels agissent en harmonie pour offrir une efficacit\u00e9 maximale sans provoquer d'effets secondaires ind\u00e9sirables.<\/p><p>plus important encore, cette pommade <b>sans cortisone ni aucun compos\u00e9 chimique irritant<\/b>cela garantit une application douce sur la peau tout en r\u00e9duisant les risques d\u2019allergies ou d\u2019effets secondaires courants li\u00e9s \u00e0 certains autres traitements. Gr\u00e2ce \u00e0 sa formule pure et s\u00fbre, la pommade contre les douleurs articulaires et le rhumatisme est un choix fiable qui peut <b>utilisez-le en toute confiance quand vous en avez besoin ; il est s\u00fbr pour les femmes comme pour les hommes.<\/b> de la m\u00eame mani\u00e8re, il vise \u00e0 vous offrir le confort et la gu\u00e9rison que vous m\u00e9ritez, vous permettant de retrouver votre \u00e9nergie et votre vitalit\u00e9.<\/p>\n\t\t\t\t\t<\/div>\n\t\t\t\t\t\t<\/div>\n\t\t\t\t<\/div>\n\t\t\t\t<\/div>\n\t\t\t\t<\/div>\n\t\t\t\t\t<\/div>\n\t\t\t\t<\/div>\n\t\t\t\t<\/div>","protected":false},"excerpt":{"rendered":"<p>Qu\u2019est-ce que la pommade contre les douleurs articulaires et rhumatismales ? Dites adieu \u00e0 la douleur, et bonjour \u00e0 la libert\u00e9 ! Souffrez-vous de douleurs g\u00eanantes aux articulations, de raideur du genou, ou<\/p>","protected":false},"featured_media":4131,"comment_status":"open","ping_status":"closed","template":"","meta":[],"product_brand":[],"product_cat":[68],"product_tag":[],"class_list":{"0":"post-3476","1":"product","2":"type-product","3":"status-publish","4":"has-post-thumbnail","6":"product_cat-68","8":"first","9":"instock","10":"shipping-taxable","11":"purchasable","12":"product-type-simple"},"jetpack_sharing_enabled":true,"_links":{"self":[{"href":"https:\/\/sfb.ma\/fr\/wp-json\/wp\/v2\/product\/3476","targetHints":{"allow":["GET"]}}],"collection":[{"href":"https:\/\/sfb.ma\/fr\/wp-json\/wp\/v2\/product"}],"about":[{"href":"https:\/\/sfb.ma\/fr\/wp-json\/wp\/v2\/types\/product"}],"replies":[{"embeddable":true,"href":"https:\/\/sfb.ma\/fr\/wp-json\/wp\/v2\/comments?post=3476"}],"version-history":[{"count":0,"href":"https:\/\/sfb.ma\/fr\/wp-json\/wp\/v2\/product\/3476\/revisions"}],"wp:featuredmedia":[{"embeddable":true,"href":"https:\/\/sfb.ma\/fr\/wp-json\/wp\/v2\/media\/4131"}],"wp:attachment":[{"href":"https:\/\/sfb.ma\/fr\/wp-json\/wp\/v2\/media?parent=3476"}],"wp:term":[{"taxonomy":"product_brand","embeddable":true,"href":"https:\/\/sfb.ma\/fr\/wp-json\/wp\/v2\/product_brand?post=3476"},{"taxonomy":"product_cat","embeddable":true,"href":"https:\/\/sfb.ma\/fr\/wp-json\/wp\/v2\/product_cat?post=3476"},{"taxonomy":"product_tag","embeddable":true,"href":"https:\/\/sfb.ma\/fr\/wp-json\/wp\/v2\/product_tag?post=3476"}],"curies":[{"name":"wp","href":"https:\/\/api.w.org\/{rel}","templated":true}]}}