{"id":3483,"date":"2025-07-22T10:00:53","date_gmt":"2025-07-22T10:00:53","guid":{"rendered":"https:\/\/sfb.ma\/?post_type=product&#038;p=3483"},"modified":"2026-01-13T15:24:41","modified_gmt":"2026-01-13T15:24:41","slug":"pommade-pour-leczema-et-le-psoriasis","status":"publish","type":"product","link":"https:\/\/sfb.ma\/fr\/produit\/pommade-pour-leczema-et-le-psoriasis\/","title":{"rendered":"Pommade contre l'ecz\u00e9ma et le psoriasis"},"content":{"rendered":"<div data-elementor-type=\"product-post\" data-elementor-id=\"3483\" class=\"elementor elementor-3483\" data-elementor-post-type=\"product\">\n\t\t\t\t<div class=\"wd-negative-gap elementor-element elementor-element-373b2e6 e-flex e-con-boxed e-con e-parent\" data-id=\"373b2e6\" data-element_type=\"container\" data-e-type=\"container\">\n\t\t\t\t\t<div class=\"e-con-inner\">\n\t\t<div class=\"elementor-element elementor-element-2a81414 e-con-full e-flex e-con e-child\" data-id=\"2a81414\" data-element_type=\"container\" data-e-type=\"container\">\n\t\t<div class=\"elementor-element elementor-element-b13d2b5 e-con-full e-flex e-con e-child\" data-id=\"b13d2b5\" data-element_type=\"container\" data-e-type=\"container\">\n\t\t\t\t<div class=\"elementor-element elementor-element-914b5e1 elementor-widget elementor-widget-wd_text_block\" data-id=\"914b5e1\" data-element_type=\"widget\" data-e-type=\"widget\" data-widget_type=\"wd_text_block.default\">\n\t\t\t\t<div class=\"elementor-widget-container\">\n\t\t\t\t\t\t\t<div class=\"wd-text-block reset-last-child text-center\">\n\t\t\t\n\t\t\t<h3>Qu'est-ce que la pommade contre l'ecz\u00e9ma et le psoriasis ? Dites adieu aux d\u00e9mangeaisons et aux irritations, et bienvenue au confort !<\/h3>\n\t\t\t\t\t<\/div>\n\t\t\t\t\t\t<\/div>\n\t\t\t\t<\/div>\n\t\t\t\t<div class=\"elementor-element elementor-element-b480292 elementor-widget elementor-widget-wd_text_block\" data-id=\"b480292\" data-element_type=\"widget\" data-e-type=\"widget\" data-widget_type=\"wd_text_block.default\">\n\t\t\t\t<div class=\"elementor-widget-container\">\n\t\t\t\t\t\t\t<div class=\"wd-text-block reset-last-child text-center\">\n\t\t\t\n\t\t\t<p>Souffrez-vous de l\u2019inconfort caus\u00e9 par l\u2019ecz\u00e9ma ou le psoriasis, accompagn\u00e9 de fortes d\u00e9mangeaisons, de s\u00e9cheresse, de rougeurs et de desquamation ? Plongez dans un monde de <b>pommade contre l'ecz\u00e9ma et le psoriasis (\u0645\u0631\u0647\u0645 \u0627\u0644\u0623\u0643\u0632\u064a\u0645\u0627 \u0648\u0627\u0644\u0635\u062f\u0641\u064a\u0629)<\/b>cette pommade est un soin topique sp\u00e9cialement formul\u00e9 pour apaiser la peau enflamm\u00e9e, soulager les d\u00e9mangeaisons et r\u00e9duire les rougeurs et la desquamation li\u00e9es \u00e0 ces affections cutan\u00e9es chroniques. Elle procure un soulagement imm\u00e9diat et aide \u00e0 restaurer la barri\u00e8re protectrice de la peau.<\/p><p>l'ecz\u00e9ma et le psoriasis sont des affections cutan\u00e9es inflammatoires qui provoquent une irritation importante de la peau. La pommade contre l\u2019ecz\u00e9ma et le psoriasis n\u2019est pas simplement un calmant \u2014 c\u2019est une formule puissante qui combine des agents hydratants en profondeur, des anti-inflammatoires et des ingr\u00e9dients r\u00e9g\u00e9n\u00e9rants. Cette combinaison favorise la gu\u00e9rison de la peau et r\u00e9duit l\u2019intensit\u00e9 des sympt\u00f4mes. Elle offre une solution directe aux probl\u00e8mes caus\u00e9s par ces maladies de peau, vous permettant de retrouver votre confort quotidien et d\u2019am\u00e9liorer la qualit\u00e9 de votre peau.\nQuels sont donc les secrets de cette pommade pour soulager vos souffrances et redonner \u00e0 votre peau sant\u00e9 et \u00e9clat ? D\u00e9couvrons ensemble la puissance de la pommade contre l\u2019ecz\u00e9ma et le psoriasis, votre alli\u00e9e id\u00e9ale pour le confort et la gu\u00e9rison !<\/p>\n\t\t\t\t\t<\/div>\n\t\t\t\t\t\t<\/div>\n\t\t\t\t<\/div>\n\t\t\t\t<\/div>\n\t\t<div class=\"elementor-element elementor-element-19c7287 e-con-full e-flex e-con e-child\" data-id=\"19c7287\" data-element_type=\"container\" data-e-type=\"container\">\n\t\t\t\t<div class=\"elementor-element elementor-element-ae65ce0 elementor-widget elementor-widget-wd_text_block\" data-id=\"ae65ce0\" data-element_type=\"widget\" data-e-type=\"widget\" data-widget_type=\"wd_text_block.default\">\n\t\t\t\t<div class=\"elementor-widget-container\">\n\t\t\t\t\t\t\t<div class=\"wd-text-block reset-last-child text-center\">\n\t\t\t\n\t\t\t<h3>Les bienfaits de la pommade contre l\u2019ecz\u00e9ma et le psoriasis : Pourquoi est-elle essentielle au confort de votre peau ?<\/h3>\n\t\t\t\t\t<\/div>\n\t\t\t\t\t\t<\/div>\n\t\t\t\t<\/div>\n\t\t\t\t<div class=\"elementor-element elementor-element-39b9711 elementor-widget elementor-widget-wd_text_block\" data-id=\"39b9711\" data-element_type=\"widget\" data-e-type=\"widget\" data-widget_type=\"wd_text_block.default\">\n\t\t\t\t<div class=\"elementor-widget-container\">\n\t\t\t\t\t\t\t<div class=\"wd-text-block reset-last-child text-center\">\n\t\t\t\n\t\t\t<p>La plupart des avantages proviennent de <b>Pommade contre l'ecz\u00e9ma et le psoriasis<\/b> sa capacit\u00e9 \u00e0 cibler la source de l'inflammation et des d\u00e9mangeaisons cutan\u00e9es offre un soulagement rapide et efficace, tout en contribuant \u00e0 am\u00e9liorer l'\u00e9tat g\u00e9n\u00e9ral de la peau. Voici ses principaux bienfaits :<\/p><ul><li><p><b>Soulage les d\u00e9mangeaisons et les irritations (Avantage principal):<\/b><\/p><ul><li><p>cette pommade est particuli\u00e8rement efficace pour apaiser les d\u00e9mangeaisons intenses, le sympt\u00f4me le plus g\u00eanant de l\u2019ecz\u00e9ma et du psoriasis. En r\u00e9duisant l\u2019envie de se gratter, elle aide \u00e0 \u00e9viter l\u2019aggravation de la condition.<\/p><\/li><li><p>Aide \u00e0 apaiser la peau irrit\u00e9e et rougie.<\/p><\/li><\/ul><\/li><li><p><b>R\u00e9duction de l'inflammation et des rougeurs :<\/b><\/p><ul><li><p>Il contient des ingr\u00e9dients aux puissantes propri\u00e9t\u00e9s anti-inflammatoires qui aident \u00e0 r\u00e9duire l\u2019inflammation pr\u00e9sente dans les couches superficielles de la peau, diminuant ainsi les rougeurs et les gonflements.<\/p><\/li><\/ul><\/li><li><p><b>Hydratation en profondeur et lutte contre la s\u00e9cheresse:<\/b><\/p><ul><li><p>Offre une hydratation intense pour les peaux s\u00e8ches et craquel\u00e9es, redonnant douceur et \u00e9lasticit\u00e9.<\/p><\/li><li><p>Il cr\u00e9e une barri\u00e8re protectrice \u00e0 la surface de la peau qui r\u00e9duit la perte d'humidit\u00e9 et aide \u00e0 r\u00e9parer la barri\u00e8re cutan\u00e9e endommag\u00e9e.<\/p><\/li><\/ul><\/li><li><p><b>R\u00e9duit les desquamations et adoucit la peau<\/b><\/p><ul><li><p>Aide \u00e0 \u00e9liminer l'accumulation de cellules mortes qui provoquent la desquamation dans les cas s\u00e9v\u00e8res de psoriasis et d\u2019ecz\u00e9ma.<\/p><\/li><li><p>Am\u00e9liore la texture de la peau, la rendant plus douce et plus lisse.<\/p><\/li><\/ul><\/li><li><p><b>Favoriser la gu\u00e9rison de la peau et le renouvellement cellulaire:<\/b><\/p><ul><li><p>Il contribue \u00e0 soutenir le processus de r\u00e9g\u00e9n\u00e9ration des cellules de la peau, acc\u00e9l\u00e9rant ainsi la gu\u00e9rison des zones endommag\u00e9es et am\u00e9liorant l'apparence de la peau.<\/p><\/li><\/ul><\/li><\/ul>\n\t\t\t\t\t<\/div>\n\t\t\t\t\t\t<\/div>\n\t\t\t\t<\/div>\n\t\t\t\t<\/div>\n\t\t<div class=\"elementor-element elementor-element-029ef12 e-con-full e-flex e-con e-child\" data-id=\"029ef12\" data-element_type=\"container\" data-e-type=\"container\">\n\t\t\t\t<div class=\"elementor-element elementor-element-e41aa3b elementor-widget elementor-widget-wd_text_block\" data-id=\"e41aa3b\" data-element_type=\"widget\" data-e-type=\"widget\" data-widget_type=\"wd_text_block.default\">\n\t\t\t\t<div class=\"elementor-widget-container\">\n\t\t\t\t\t\t\t<div class=\"wd-text-block reset-last-child text-center\">\n\t\t\t\n\t\t\t<h3>Ce qui distingue la pommade contre l\u2019ecz\u00e9ma et le psoriasis : une formule naturelle h\u00e9rit\u00e9e pour une gu\u00e9rison efficace !<\/h3>\n\t\t\t\t\t<\/div>\n\t\t\t\t\t\t<\/div>\n\t\t\t\t<\/div>\n\t\t\t\t<div class=\"elementor-element elementor-element-3233b5a elementor-widget elementor-widget-wd_text_block\" data-id=\"3233b5a\" data-element_type=\"widget\" data-e-type=\"widget\" data-widget_type=\"wd_text_block.default\">\n\t\t\t\t<div class=\"elementor-widget-container\">\n\t\t\t\t\t\t\t<div class=\"wd-text-block reset-last-child text-center\">\n\t\t\t\n\t\t\t<p>Il est dot\u00e9 de <b>Pommade contre l'ecz\u00e9ma et le psoriasis<\/b> avec sa formule unique qui garantit un traitement efficace et s\u00fbr pour l\u2019ecz\u00e9ma et le psoriasis. Cette pommade <b>extrait d\u2019un m\u00e9lange rare d\u2019huiles v\u00e9g\u00e9tales et d\u2019ingr\u00e9dients m\u00e9dicinaux traditionnels<\/b> Elles sont utilis\u00e9es depuis des si\u00e8cles dans la m\u00e9decine traditionnelle et alternative. Ces ingr\u00e9dients naturels agissent en harmonie pour offrir une efficacit\u00e9 maximale sans provoquer d'effets secondaires ind\u00e9sirables.<\/p><p>plus important encore, cette pommade <b>sans cortisone ni aucun compos\u00e9 chimique irritant<\/b>garantissant une application douce sur les peaux sensibles et irrit\u00e9es, tout en r\u00e9duisant les risques d\u2019amincissement de la peau ou de r\u00e9actions allergiques souvent li\u00e9es \u00e0 certains autres traitements. Gr\u00e2ce \u00e0 cette formule pure et s\u00fbre, la pommade contre l\u2019ecz\u00e9ma et le psoriasis est un choix fiable qui peut... <b>utilisez-le en toute confiance quand vous en avez besoin ; il est s\u00fbr pour les femmes comme pour les hommes.<\/b> de la m\u00eame mani\u00e8re, il est con\u00e7u pour vous offrir le confort et la gu\u00e9rison que vous m\u00e9ritez, tout en vous aidant \u00e0 retrouver la sant\u00e9 et l\u2019\u00e9clat de votre peau.<\/p>\n\t\t\t\t\t<\/div>\n\t\t\t\t\t\t<\/div>\n\t\t\t\t<\/div>\n\t\t\t\t<\/div>\n\t\t\t\t<\/div>\n\t\t\t\t\t<\/div>\n\t\t\t\t<\/div>\n\t\t\t\t<\/div>","protected":false},"excerpt":{"rendered":"<p>Qu\u2019est-ce que la pommade contre l\u2019ecz\u00e9ma et le psoriasis ? Dites adieu aux d\u00e9mangeaisons et aux irritations, et bienvenue au confort ! Souffrez-vous d\u2019ecz\u00e9ma ou de psoriasis, accompagn\u00e9s de<\/p>","protected":false},"featured_media":4132,"comment_status":"open","ping_status":"closed","template":"","meta":[],"product_brand":[],"product_cat":[68],"product_tag":[],"class_list":{"0":"post-3483","1":"product","2":"type-product","3":"status-publish","4":"has-post-thumbnail","6":"product_cat-68","8":"first","9":"instock","10":"shipping-taxable","11":"purchasable","12":"product-type-simple"},"jetpack_sharing_enabled":true,"_links":{"self":[{"href":"https:\/\/sfb.ma\/fr\/wp-json\/wp\/v2\/product\/3483","targetHints":{"allow":["GET"]}}],"collection":[{"href":"https:\/\/sfb.ma\/fr\/wp-json\/wp\/v2\/product"}],"about":[{"href":"https:\/\/sfb.ma\/fr\/wp-json\/wp\/v2\/types\/product"}],"replies":[{"embeddable":true,"href":"https:\/\/sfb.ma\/fr\/wp-json\/wp\/v2\/comments?post=3483"}],"version-history":[{"count":0,"href":"https:\/\/sfb.ma\/fr\/wp-json\/wp\/v2\/product\/3483\/revisions"}],"wp:featuredmedia":[{"embeddable":true,"href":"https:\/\/sfb.ma\/fr\/wp-json\/wp\/v2\/media\/4132"}],"wp:attachment":[{"href":"https:\/\/sfb.ma\/fr\/wp-json\/wp\/v2\/media?parent=3483"}],"wp:term":[{"taxonomy":"product_brand","embeddable":true,"href":"https:\/\/sfb.ma\/fr\/wp-json\/wp\/v2\/product_brand?post=3483"},{"taxonomy":"product_cat","embeddable":true,"href":"https:\/\/sfb.ma\/fr\/wp-json\/wp\/v2\/product_cat?post=3483"},{"taxonomy":"product_tag","embeddable":true,"href":"https:\/\/sfb.ma\/fr\/wp-json\/wp\/v2\/product_tag?post=3483"}],"curies":[{"name":"wp","href":"https:\/\/api.w.org\/{rel}","templated":true}]}}