{"id":3925,"date":"2025-10-15T19:47:48","date_gmt":"2025-10-15T19:47:48","guid":{"rendered":"https:\/\/sfb.ma\/?post_type=product&#038;p=3925"},"modified":"2025-10-16T17:42:32","modified_gmt":"2025-10-16T17:42:32","slug":"indigo-2","status":"publish","type":"product","link":"https:\/\/sfb.ma\/fr\/produit\/indigo-2\/","title":{"rendered":"Indigo"},"content":{"rendered":"<div data-elementor-type=\"product-post\" data-elementor-id=\"3925\" class=\"elementor elementor-3925\" data-elementor-post-type=\"product\">\n\t\t\t\t<div class=\"wd-negative-gap elementor-element elementor-element-8036697 e-flex e-con-boxed e-con e-parent\" data-id=\"8036697\" data-element_type=\"container\" data-e-type=\"container\">\n\t\t\t\t\t<div class=\"e-con-inner\">\n\t\t<div class=\"elementor-element elementor-element-ecb2367 e-con-full e-flex e-con e-child\" data-id=\"ecb2367\" data-element_type=\"container\" data-e-type=\"container\">\n\t\t<div class=\"elementor-element elementor-element-5cd15c6 e-con-full e-flex e-con e-child\" data-id=\"5cd15c6\" data-element_type=\"container\" data-e-type=\"container\">\n\t\t\t\t<div class=\"elementor-element elementor-element-144ba14 elementor-widget elementor-widget-wd_text_block\" data-id=\"144ba14\" data-element_type=\"widget\" data-e-type=\"widget\" data-widget_type=\"wd_text_block.default\">\n\t\t\t\t<div class=\"elementor-widget-container\">\n\t\t\t\t\t\t\t<div class=\"wd-text-block reset-last-child text-center\">\n\t\t\t\n\t\t\t<h3>Qu\u2019est-ce que l\u2019herbe Indigo ? La teinture naturelle s\u00fbre pour des cheveux \u00e9clatants !<\/h3>\n\t\t\t\t\t<\/div>\n\t\t\t\t\t\t<\/div>\n\t\t\t\t<\/div>\n\t\t\t\t<div class=\"elementor-element elementor-element-cc89d30 elementor-widget elementor-widget-wd_text_block\" data-id=\"cc89d30\" data-element_type=\"widget\" data-e-type=\"widget\" data-widget_type=\"wd_text_block.default\">\n\t\t\t\t<div class=\"elementor-widget-container\">\n\t\t\t\t\t\t\t<div class=\"wd-text-block reset-last-child text-center\">\n\t\t\t\n\t\t\t<p>Vous recherchez une alternative naturelle et s\u00fbre aux colorations chimiques, offrant une couleur riche, couvrant efficacement les cheveux blancs et nourrissant profond\u00e9ment vos m\u00e8ches ? Plongez dans l\u2019univers de <b>Herbe Indigo (Indigofera tinctoria)<\/b>\u00e9galement connue sous le nom de <b>\u00ab\u202fHenn\u00e9 noir\u202f\u00bb<\/b> ou <b>\u202f\u201dIndigo\u201d<\/b>Cette plante herbac\u00e9e fournit une teinture naturelle bleu-indigo \u00e0 partir de ses feuilles, utilis\u00e9e depuis des milliers d\u2019ann\u00e9es en Inde, au Maroc et dans de nombreuses autres civilisations comme teinture pour les cheveux et les tissus.<\/p><p>La poudre d\u2019indigo n\u2019est pas seulement une teinture ; c\u2019est un soin capillaire complet. Elle se distingue par le fait qu\u2019elle est <b>Enti\u00e8rement exempt de produits chimiques nocifs<\/b> Sans ammoniaque, PPD ni parab\u00e8nes, ce qui en fait le choix id\u00e9al pour celles et ceux sensibles aux colorations chimiques ou \u00e0 la recherche de solutions naturelles pour leur beaut\u00e9. L\u2019indigo agit en harmonie avec le henn\u00e9 traditionnel pour offrir des nuances allant du brun fonc\u00e9 au noir profond, tout en apportant force, brillance et vitalit\u00e9 \u00e0 vos cheveux. Alors, quels secrets renferme cette plante pour transformer vos cheveux en v\u00e9ritable \u0153uvre d\u2019art naturelle ? D\u00e9couvrons ensemble la puissance de l\u2019Indigo, le meilleur alli\u00e9 de vos cheveux !<\/p><p>\u00a0<\/p>\n\t\t\t\t\t<\/div>\n\t\t\t\t\t\t<\/div>\n\t\t\t\t<\/div>\n\t\t\t\t<\/div>\n\t\t<div class=\"elementor-element elementor-element-22d179f e-con-full e-flex e-con e-child\" data-id=\"22d179f\" data-element_type=\"container\" data-e-type=\"container\">\n\t\t\t\t<div class=\"elementor-element elementor-element-4155695 elementor-widget elementor-widget-wd_text_block\" data-id=\"4155695\" data-element_type=\"widget\" data-e-type=\"widget\" data-widget_type=\"wd_text_block.default\">\n\t\t\t\t<div class=\"elementor-widget-container\">\n\t\t\t\t\t\t\t<div class=\"wd-text-block reset-last-child text-center\">\n\t\t\t\n\t\t\t<h3>Les incroyables bienfaits de l\u2019herbe Indigo pour les cheveux : beaut\u00e9 et force r\u00e9unies en un seul produit !<\/h3>\n\t\t\t\t\t<\/div>\n\t\t\t\t\t\t<\/div>\n\t\t\t\t<\/div>\n\t\t\t\t<div class=\"elementor-element elementor-element-f50f412 elementor-widget elementor-widget-wd_text_block\" data-id=\"f50f412\" data-element_type=\"widget\" data-e-type=\"widget\" data-widget_type=\"wd_text_block.default\">\n\t\t\t\t<div class=\"elementor-widget-container\">\n\t\t\t\t\t\t\t<div class=\"wd-text-block reset-last-child text-center\">\n\t\t\t\n\t\t\t<p>La formulation naturelle et pure de l\u2019herbe <b>Indigo<\/b> En faisant un v\u00e9ritable tr\u00e9sor pour les soins capillaires, notamment pour la coloration et le traitement naturels. Voici ses principaux bienfaits concentr\u00e9s pour les cheveux :<\/p><ul><li><p><b>Couverture des cheveux gris et coloration naturelle (le principal avantage) :<\/b><\/p><ul><li><p><b>Une alternative s\u00fbre aux colorations :<\/b> C\u2019est la solution naturelle id\u00e9ale pour couvrir efficacement les cheveux blancs sans aucun produit chimique nocif.<\/p><\/li><li><p><b>Nuances de couleur riches :<\/b> Utilis\u00e9e avec le henn\u00e9 traditionnel pour obtenir une gamme de teintes fonc\u00e9es, allant de <b>Du brun fonc\u00e9 au noir naturel<\/b>, offrant \u00e0 vos cheveux une couleur \u00e9clatante et uniforme.<\/p><\/li><li><p><b>Tenue de la couleur :<\/b> Aide \u00e0 fixer la couleur et pr\u00e9vient temporairement l\u2019apparition des cheveux blancs en cas d\u2019utilisation r\u00e9guli\u00e8re.<\/p><\/li><\/ul><\/li><li><p><b>Renforcement des cheveux et stimulation de la croissance :<\/b><\/p><ul><li><p><b>Renforcement des follicules :<\/b> Nourrit et renforce les follicules capillaires d\u00e8s la racine, ce qui <b>R\u00e9duit la chute des cheveux<\/b> Et aide \u00e0 pr\u00e9venir la casse des cheveux.<\/p><\/li><li><p><b>Augmenter la vitalit\u00e9 :<\/b> Elle am\u00e9liore la circulation sanguine vers le cuir chevelu, favorisant la croissance des cheveux et leur apportant vitalit\u00e9 et force visibles.<\/p><\/li><\/ul><\/li><li><p><b>Brillance et douceur exceptionnelles :<\/b><\/p><ul><li><p><b>Lissage de la texture\u202f:<\/b> Agit comme un apr\u00e8s-shampoing naturel, am\u00e9liorant la texture des cheveux et les rendant plus <b>Douceur et fluidit\u00e9<\/b>.<\/p><\/li><li><p><b>Apporte de la brillance :<\/b> Nourrit les cheveux <b>Pour une brillance naturelle<\/b> et attrayant, mettant en valeur sa beaut\u00e9 et sa sant\u00e9.<\/p><\/li><\/ul><\/li><li><p><b>Traitement des pellicules et des probl\u00e8mes du cuir chevelu\u202f:<\/b><\/p><ul><li><p><b>Antibact\u00e9rien et antifongique :<\/b> Elle contient des propri\u00e9t\u00e9s antibact\u00e9riennes et antifongiques naturelles, ce qui aide \u00e0 <b>Traitement des pellicules<\/b> et apaiser le cuir chevelu irrit\u00e9.<\/p><\/li><li><p><b>\u00c9quilibre des graisses\u202f:<\/b> Aide \u00e0 \u00e9quilibrer la production de s\u00e9bum sur le cuir chevelu, r\u00e9duisant d\u00e9mangeaisons et inflammations.<\/p><\/li><\/ul><\/li><\/ul>\n\t\t\t\t\t<\/div>\n\t\t\t\t\t\t<\/div>\n\t\t\t\t<\/div>\n\t\t\t\t<\/div>\n\t\t<div class=\"elementor-element elementor-element-900e564 e-con-full e-flex e-con e-child\" data-id=\"900e564\" data-element_type=\"container\" data-e-type=\"container\">\n\t\t\t\t<div class=\"elementor-element elementor-element-fbbb1b3 elementor-widget elementor-widget-wd_text_block\" data-id=\"fbbb1b3\" data-element_type=\"widget\" data-e-type=\"widget\" data-widget_type=\"wd_text_block.default\">\n\t\t\t\t<div class=\"elementor-widget-container\">\n\t\t\t\t\t\t\t<div class=\"wd-text-block reset-last-child text-center\">\n\t\t\t\n\t\t\t<h3>Pourquoi les experts font-ils confiance \u00e0 l\u2019herbe Indigo ? Une solution naturelle, sans produits chimiques !<\/h3>\n\t\t\t\t\t<\/div>\n\t\t\t\t\t\t<\/div>\n\t\t\t\t<\/div>\n\t\t\t\t<div class=\"elementor-element elementor-element-cab0654 elementor-widget elementor-widget-wd_text_block\" data-id=\"cab0654\" data-element_type=\"widget\" data-e-type=\"widget\" data-widget_type=\"wd_text_block.default\">\n\t\t\t\t<div class=\"elementor-widget-container\">\n\t\t\t\t\t\t\t<div class=\"wd-text-block reset-last-child text-center\">\n\t\t\t\n\t\t\t<p>Les experts en beaut\u00e9 et soins capillaires font confiance \u00e0 l\u2019herbe <b>Indigo<\/b> Pour deux raisons principales : son long historique dans la m\u00e9decine alternative et traditionnelle, et sa s\u00e9curit\u00e9 totale par rapport aux colorations chimiques. L\u2019indigo est consid\u00e9r\u00e9 comme un choix fiable car il :<\/p><ol start=\"1\"><li><p><b>100\u202f% Naturelle\u202f:<\/b> Elle est fabriqu\u00e9e \u00e0 partir de poudre de feuilles de plante pure, sans aucun additif, ce qui \u00e9vite les r\u00e9actions allergiques s\u00e9v\u00e8res caus\u00e9es par des produits chimiques tels que le PPD.<\/p><\/li><li><p><b>Traitement complet :<\/b> Son r\u00f4le ne se limite pas \u00e0 la coloration ; il\/elle <b>Un soin nourrissant<\/b> Renforce les cheveux de l\u2019int\u00e9rieur gr\u00e2ce \u00e0 ses compos\u00e9s naturels et vitamines.<\/p><\/li><li><p><b>R\u00e9sultats garantis lorsqu\u2019ils sont combin\u00e9s :<\/b> Les experts saluent son efficacit\u00e9 <b>Le syst\u00e8me en deux \u00e9tapes (Henn\u00e9 d\u2019abord, puis Indigo)<\/b> pour obtenir la couleur noire, ou <b>M\u00e9lang\u00e9e avec du henn\u00e9<\/b> Pour obtenir des nuances de brun fonc\u00e9 en toute s\u00e9curit\u00e9 et avec des r\u00e9sultats satisfaisants.<\/p><\/li><\/ol>\n\t\t\t\t\t<\/div>\n\t\t\t\t\t\t<\/div>\n\t\t\t\t<\/div>\n\t\t\t\t<\/div>\n\t\t\t\t<\/div>\n\t\t\t\t\t<\/div>\n\t\t\t\t<\/div>\n\t\t\t\t<\/div>","protected":false},"excerpt":{"rendered":"<p>\u0645\u0627 \u0647\u064a \u0639\u0634\u0628\u0629 \u0627\u0644\u0623\u0646\u062f\u064a\u0643\u0648\u061f \u0635\u0628\u063a\u0629 \u0627\u0644\u0637\u0628\u064a\u0639\u0629 \u0627\u0644\u0622\u0645\u0646\u0629 \u0644\u0634\u0639\u0631 \u062d\u064a\u0648\u064a! \u0647\u0644 \u062a\u0628\u062d\u062b\u064a\u0646 \u0639\u0646 \u0628\u062f\u064a\u0644 \u0637\u0628\u064a\u0639\u064a \u0648\u0622\u0645\u0646 \u0644\u0635\u0628\u063a\u0627\u062a \u0627\u0644\u0634\u0639\u0631 \u0627\u0644\u0643\u064a\u0645\u064a\u0627\u0626\u064a\u0629\u060c \u064a\u0645\u0646\u062d\u0643\u0650 \u0644\u0648\u0646\u064b\u0627<\/p>","protected":false},"featured_media":3911,"comment_status":"open","ping_status":"closed","template":"","meta":[],"product_brand":[],"product_cat":[65],"product_tag":[],"class_list":{"0":"post-3925","1":"product","2":"type-product","3":"status-publish","4":"has-post-thumbnail","6":"product_cat-65","7":"pa_-1-kg","8":"pa_-250-g","9":"pa_-500-g","11":"first","12":"instock","13":"shipping-taxable","14":"purchasable","15":"product-type-variable"},"jetpack_sharing_enabled":true,"_links":{"self":[{"href":"https:\/\/sfb.ma\/fr\/wp-json\/wp\/v2\/product\/3925","targetHints":{"allow":["GET"]}}],"collection":[{"href":"https:\/\/sfb.ma\/fr\/wp-json\/wp\/v2\/product"}],"about":[{"href":"https:\/\/sfb.ma\/fr\/wp-json\/wp\/v2\/types\/product"}],"replies":[{"embeddable":true,"href":"https:\/\/sfb.ma\/fr\/wp-json\/wp\/v2\/comments?post=3925"}],"version-history":[{"count":0,"href":"https:\/\/sfb.ma\/fr\/wp-json\/wp\/v2\/product\/3925\/revisions"}],"wp:featuredmedia":[{"embeddable":true,"href":"https:\/\/sfb.ma\/fr\/wp-json\/wp\/v2\/media\/3911"}],"wp:attachment":[{"href":"https:\/\/sfb.ma\/fr\/wp-json\/wp\/v2\/media?parent=3925"}],"wp:term":[{"taxonomy":"product_brand","embeddable":true,"href":"https:\/\/sfb.ma\/fr\/wp-json\/wp\/v2\/product_brand?post=3925"},{"taxonomy":"product_cat","embeddable":true,"href":"https:\/\/sfb.ma\/fr\/wp-json\/wp\/v2\/product_cat?post=3925"},{"taxonomy":"product_tag","embeddable":true,"href":"https:\/\/sfb.ma\/fr\/wp-json\/wp\/v2\/product_tag?post=3925"}],"curies":[{"name":"wp","href":"https:\/\/api.w.org\/{rel}","templated":true}]}}