{"id":3937,"date":"2025-10-16T17:06:02","date_gmt":"2025-10-16T17:06:02","guid":{"rendered":"https:\/\/sfb.ma\/?post_type=product&#038;p=3937"},"modified":"2025-10-23T09:09:59","modified_gmt":"2025-10-23T09:09:59","slug":"graine-noire","status":"publish","type":"product","link":"https:\/\/sfb.ma\/fr\/produit\/graine-noire\/","title":{"rendered":"Graine noire"},"content":{"rendered":"<div data-elementor-type=\"product-post\" data-elementor-id=\"3937\" class=\"elementor elementor-3937\" data-elementor-post-type=\"product\">\n\t\t\t\t<div class=\"wd-negative-gap elementor-element elementor-element-1ff255d e-flex e-con-boxed e-con e-parent\" data-id=\"1ff255d\" data-element_type=\"container\" data-e-type=\"container\">\n\t\t\t\t\t<div class=\"e-con-inner\">\n\t\t<div class=\"elementor-element elementor-element-d587f57 e-con-full e-flex e-con e-child\" data-id=\"d587f57\" data-element_type=\"container\" data-e-type=\"container\">\n\t\t<div class=\"elementor-element elementor-element-74b5457 e-con-full e-flex e-con e-child\" data-id=\"74b5457\" data-element_type=\"container\" data-e-type=\"container\">\n\t\t\t\t<div class=\"elementor-element elementor-element-873f304 elementor-widget elementor-widget-wd_text_block\" data-id=\"873f304\" data-element_type=\"widget\" data-e-type=\"widget\" data-widget_type=\"wd_text_block.default\">\n\t\t\t\t<div class=\"elementor-widget-container\">\n\t\t\t\t\t\t\t<div class=\"wd-text-block reset-last-child text-center\">\n\t\t\t\n\t\t\t<h2>Les bienfaits du cumin noir pour la sant\u00e9<\/h2>\n\t\t\t\t\t<\/div>\n\t\t\t\t\t\t<\/div>\n\t\t\t\t<\/div>\n\t\t\t\t<div class=\"elementor-element elementor-element-39aa4f9 elementor-widget elementor-widget-wd_text_block\" data-id=\"39aa4f9\" data-element_type=\"widget\" data-e-type=\"widget\" data-widget_type=\"wd_text_block.default\">\n\t\t\t\t<div class=\"elementor-widget-container\">\n\t\t\t\t\t\t\t<div class=\"wd-text-block reset-last-child text-center\">\n\t\t\t\n\t\t\t<p>La plupart des bienfaits pour la sant\u00e9 de la graine noire sont attribu\u00e9s au compos\u00e9 <b>Thymoquinone<\/b>qui est un puissant antioxydant et anti-inflammatoire,<\/p><ul><li><p><b>Renforcement du syst\u00e8me immunitaire :<\/b> Aide \u00e0 renforcer le syst\u00e8me immunitaire et \u00e0 lutter contre les maladies et infections.<\/p><\/li><li><p><b>Anti-inflammatoire et antioxydant :<\/b> Elle poss\u00e8de de puissantes propri\u00e9t\u00e9s anti-inflammatoires et antioxydantes, contribuant \u00e0 soulager la douleur et les inflammations g\u00e9n\u00e9rales.<\/p><\/li><li><p><b>Soutien de la sant\u00e9 cardiaque et cardiovasculaire:<\/b> Peut aider \u00e0 <b>R\u00e9duction du taux de cholest\u00e9rol<\/b> Nocif (<b>LDL<\/b>) et<b>Am\u00e9lioration des niveaux de tension art\u00e9rielle<\/b>, contribuant \u00e0 la sant\u00e9 cardiaque.<\/p><\/li><li><p><b>R\u00e9gulation de la glyc\u00e9mie :<\/b> Certaines recherches indiquent qu\u2019elle pourrait contribuer \u00e0 <b>Favorise des niveaux de sucre sanguin sains<\/b> Et la r\u00e9duction du taux d\u2019HbA1c chez les patients diab\u00e9tiques.<\/p><\/li><li><p><b>Sant\u00e9 respiratoire :<\/b> Peut aider \u00e0 soulager les sympt\u00f4mes de certains probl\u00e8mes respiratoires, tels que <b>Asthme<\/b> Et dans certains cas de maladies pulmonaires chroniques, notamment pour soutenir la fonction pulmonaire.<\/p><\/li><li><p><b>Soutient les fonctions r\u00e9nales et h\u00e9patiques :<\/b> Les recherches sugg\u00e8rent qu\u2019elle pourrait avoir des propri\u00e9t\u00e9s protectrices pour le foie et les reins, et pourrait aider dans des cas tels que <b>Calculs r\u00e9naux<\/b>.<\/p><\/li><li><p><b>Am\u00e9lioration de la digestion:<\/b> Elles contribuent \u00e0 am\u00e9liorer la sant\u00e9 digestive et peuvent \u00eatre utilis\u00e9es pour traiter certains probl\u00e8mes digestifs.<\/p><\/li><li><p><b>Renforcement de la sant\u00e9 mentale :<\/b> Certaines recherches sugg\u00e8rent un r\u00f4le potentiel dans <b>Am\u00e9lioration de la m\u00e9moire et des fonctions cognitives<\/b>.<\/p><\/li><\/ul>\n\t\t\t\t\t<\/div>\n\t\t\t\t\t\t<\/div>\n\t\t\t\t<\/div>\n\t\t\t\t<\/div>\n\t\t<div class=\"elementor-element elementor-element-58cf1dc e-con-full e-flex e-con e-child\" data-id=\"58cf1dc\" data-element_type=\"container\" data-e-type=\"container\">\n\t\t\t\t<div class=\"elementor-element elementor-element-45de804 elementor-widget elementor-widget-wd_text_block\" data-id=\"45de804\" data-element_type=\"widget\" data-e-type=\"widget\" data-widget_type=\"wd_text_block.default\">\n\t\t\t\t<div class=\"elementor-widget-container\">\n\t\t\t\t\t\t\t<div class=\"wd-text-block reset-last-child text-center\">\n\t\t\t\n\t\t\t<h2>Bienfaits de la graine noire pour les cheveux<\/h2>\n\t\t\t\t\t<\/div>\n\t\t\t\t\t\t<\/div>\n\t\t\t\t<\/div>\n\t\t\t\t<div class=\"elementor-element elementor-element-ea801be elementor-widget elementor-widget-wd_text_block\" data-id=\"ea801be\" data-element_type=\"widget\" data-e-type=\"widget\" data-widget_type=\"wd_text_block.default\">\n\t\t\t\t<div class=\"elementor-widget-container\">\n\t\t\t\t\t\t\t<div class=\"wd-text-block reset-last-child text-center\">\n\t\t\t\n\t\t\t<p>est utilis\u00e9 <b>Huile de nigelle<\/b> Utilis\u00e9e couramment pour les soins des cheveux et du cuir chevelu :<\/p><ul><li><p><b>Stimule la croissance des cheveux et pr\u00e9vient la chute<\/b> Riche en min\u00e9raux et vitamines qui renforcent et nourrissent les follicules pileux, contribuant \u00e0 r\u00e9duire <b>Chute de cheveux<\/b> Et il peut aider \u00e0 stimuler la pousse de nouveaux cheveux.<\/p><\/li><li><p><b>Maintenir la sant\u00e9 du cuir chevelu :<\/b> Ses propri\u00e9t\u00e9s anti-inflammatoires et antifongiques la rendent efficace pour traiter les probl\u00e8mes du cuir chevelu tels que <b>L\u2019\u00e9corce<\/b>, <b>D\u00e9mangeaison<\/b>, <b>Ecz\u00e9ma<\/b>et<b>Psoriasis<\/b>.<\/p><\/li><li><p><b>Hydratation et Assouplissement des Cheveux :<\/b> L\u2019huile agit comme un hydratant naturel, apportant brillance et douceur aux cheveux tout en r\u00e9duisant <b>D\u00e9shydratation<\/b> et<b>Pointes fourchues<\/b>.<\/p><\/li><li><p><b>Retardement des cheveux gris :<\/b> On pense qu\u2019elle aide \u00e0 pr\u00e9server la couleur naturelle des cheveux et \u00e0 retarder l\u2019apparition de <b>Cheveux blancs<\/b> ou <b>Gris pr\u00e9matur\u00e9<\/b>, en raison de son r\u00f4le dans la stimulation de la production de m\u00e9lanine.<\/p><\/li><\/ul>\n\t\t\t\t\t<\/div>\n\t\t\t\t\t\t<\/div>\n\t\t\t\t<\/div>\n\t\t\t\t<\/div>\n\t\t<div class=\"elementor-element elementor-element-591369e e-con-full e-flex e-con e-child\" data-id=\"591369e\" data-element_type=\"container\" data-e-type=\"container\">\n\t\t\t\t<div class=\"elementor-element elementor-element-d8685cd elementor-widget elementor-widget-wd_text_block\" data-id=\"d8685cd\" data-element_type=\"widget\" data-e-type=\"widget\" data-widget_type=\"wd_text_block.default\">\n\t\t\t\t<div class=\"elementor-widget-container\">\n\t\t\t\t\t\t\t<div class=\"wd-text-block reset-last-child text-center\">\n\t\t\t\n\t\t\t<h2>Bienfaits de la graine noire pour la peau<\/h2>\n\t\t\t\t\t<\/div>\n\t\t\t\t\t\t<\/div>\n\t\t\t\t<\/div>\n\t\t\t\t<div class=\"elementor-element elementor-element-e784c0c elementor-widget elementor-widget-wd_text_block\" data-id=\"e784c0c\" data-element_type=\"widget\" data-e-type=\"widget\" data-widget_type=\"wd_text_block.default\">\n\t\t\t\t<div class=\"elementor-widget-container\">\n\t\t\t\t\t\t\t<div class=\"wd-text-block reset-last-child text-center\">\n\t\t\t\n\t\t\t<p>Qu\u2019il s\u2019agisse d\u2019huile ou de pr\u00e9parations, le cumin noir a des effets positifs sur la peau :<\/p><ul><li><p><b>Lutte contre l\u2019acn\u00e9:<\/b> Ses propri\u00e9t\u00e9s antibact\u00e9riennes et anti-inflammatoires aident \u00e0 <b>Traitement de l\u2019acn\u00e9<\/b>, contribuant \u00e0 r\u00e9duire les rougeurs et les inflammations tout en r\u00e9gulant la production de s\u00e9bum de la peau.<\/p><\/li><li><p><b>Hydratation de la peau :<\/b> Agit comme un hydratant naturel, aidant \u00e0 maintenir une peau douce et souple.<\/p><\/li><li><p><b>Soulagement des inflammations cutan\u00e9es :<\/b> Elle est utilis\u00e9e pour apaiser la peau irrit\u00e9e et att\u00e9nuer les sympt\u00f4mes de troubles cutan\u00e9s tels que <b>Ecz\u00e9ma<\/b> et<b>Psoriasis<\/b>.<\/p><\/li><li><p><b>Renouvellement cellulaire et r\u00e9duction des rides :<\/b> Riche en antioxydants, elle aide \u00e0 combattre les radicaux libres qui acc\u00e9l\u00e8rent le vieillissement de la peau, favorisant le renouvellement cellulaire et r\u00e9duisant l\u2019apparence de <b>Rides fines<\/b>.<\/p><\/li><li><p><b>\u00c9claircissement et unification du teint:<\/b> Peut contribuer \u00e0 r\u00e9duire <b>Pigments<\/b> et les taches sombres, apportant \u00e0 la peau un \u00e9clat et une luminosit\u00e9 naturels.<\/p><\/li><\/ul><p><b>Modes d\u2019utilisation :<\/b> Les graines de nigelle peuvent \u00eatre consomm\u00e9es moulues ou sous forme d\u2019huile (\u00e0 la cuill\u00e8re), ou ajout\u00e9es aux aliments et boissons. Pour les soins de la peau et des cheveux, l\u2019huile de nigelle s\u2019utilise directement par massage ou est ajout\u00e9e aux produits de soin.<\/p>\n\t\t\t\t\t<\/div>\n\t\t\t\t\t\t<\/div>\n\t\t\t\t<\/div>\n\t\t\t\t<\/div>\n\t\t\t\t<\/div>\n\t\t\t\t\t<\/div>\n\t\t\t\t<\/div>\n\t\t\t\t<\/div>","protected":false},"excerpt":{"rendered":"<p>\u0641\u0648\u0627\u0626\u062f \u0627\u0644\u062d\u0628\u0629 \u0627\u0644\u0633\u0648\u062f\u0627\u0621 \u0644\u0644\u0635\u062d\u0629 \u0627\u0644\u0639\u0627\u0645\u0629 \u062a\u0639\u0648\u062f \u0645\u0639\u0638\u0645 \u0627\u0644\u0641\u0648\u0627\u0626\u062f \u0627\u0644\u0635\u062d\u064a\u0629 \u0644\u0644\u062d\u0628\u0629 \u0627\u0644\u0633\u0648\u062f\u0627\u0621 \u0625\u0644\u0649 \u0645\u0631\u0643\u0628 \u0627\u0644\u062b\u064a\u0645\u0648\u0643\u064a\u0646\u0648\u0646 (Thymoquinone)\u060c \u0648\u0647\u0648 \u0645\u0636\u0627\u062f \u0623\u0643\u0633\u062f\u0629 \u0642\u0648\u064a \u0648\u0645\u0636\u0627\u062f<\/p>","protected":false},"featured_media":3923,"comment_status":"open","ping_status":"closed","template":"","meta":[],"product_brand":[],"product_cat":[65],"product_tag":[],"class_list":{"0":"post-3937","1":"product","2":"type-product","3":"status-publish","4":"has-post-thumbnail","6":"product_cat-65","8":"first","9":"instock","10":"shipping-taxable","11":"product-type-simple"},"jetpack_sharing_enabled":true,"_links":{"self":[{"href":"https:\/\/sfb.ma\/fr\/wp-json\/wp\/v2\/product\/3937","targetHints":{"allow":["GET"]}}],"collection":[{"href":"https:\/\/sfb.ma\/fr\/wp-json\/wp\/v2\/product"}],"about":[{"href":"https:\/\/sfb.ma\/fr\/wp-json\/wp\/v2\/types\/product"}],"replies":[{"embeddable":true,"href":"https:\/\/sfb.ma\/fr\/wp-json\/wp\/v2\/comments?post=3937"}],"version-history":[{"count":0,"href":"https:\/\/sfb.ma\/fr\/wp-json\/wp\/v2\/product\/3937\/revisions"}],"wp:featuredmedia":[{"embeddable":true,"href":"https:\/\/sfb.ma\/fr\/wp-json\/wp\/v2\/media\/3923"}],"wp:attachment":[{"href":"https:\/\/sfb.ma\/fr\/wp-json\/wp\/v2\/media?parent=3937"}],"wp:term":[{"taxonomy":"product_brand","embeddable":true,"href":"https:\/\/sfb.ma\/fr\/wp-json\/wp\/v2\/product_brand?post=3937"},{"taxonomy":"product_cat","embeddable":true,"href":"https:\/\/sfb.ma\/fr\/wp-json\/wp\/v2\/product_cat?post=3937"},{"taxonomy":"product_tag","embeddable":true,"href":"https:\/\/sfb.ma\/fr\/wp-json\/wp\/v2\/product_tag?post=3937"}],"curies":[{"name":"wp","href":"https:\/\/api.w.org\/{rel}","templated":true}]}}