{"id":4454,"date":"2026-03-26T15:36:00","date_gmt":"2026-03-26T15:36:00","guid":{"rendered":"https:\/\/sfb.ma\/?post_type=product&#038;p=4454"},"modified":"2026-04-06T19:18:13","modified_gmt":"2026-04-06T19:18:13","slug":"%d8%af%d8%b1%d9%8a%d9%86%d8%a7%d8%b1%d9%8a%d8%a7-%d8%b1%d9%8a%d8%b2%d9%88%d9%85","status":"publish","type":"product","link":"https:\/\/sfb.ma\/fr\/produit\/%d8%af%d8%b1%d9%8a%d9%86%d8%a7%d8%b1%d9%8a%d8%a7-%d8%b1%d9%8a%d8%b2%d9%88%d9%85\/","title":{"rendered":"\u062f\u0631\u064a\u0646\u0627\u0631\u064a\u0627 \u0631\u064a\u0632\u0648\u0645"},"content":{"rendered":"<div data-elementor-type=\"product-post\" data-elementor-id=\"4454\" class=\"elementor elementor-4454\" data-elementor-post-type=\"product\">\n\t\t\t\t<div class=\"wd-negative-gap elementor-element elementor-element-cb13642 e-flex e-con-boxed e-con e-parent\" data-id=\"cb13642\" data-element_type=\"container\" data-e-type=\"container\">\n\t\t\t\t\t<div class=\"e-con-inner\">\n\t\t<div class=\"elementor-element elementor-element-1d37d35 e-con-full e-flex e-con e-child\" data-id=\"1d37d35\" data-element_type=\"container\" data-e-type=\"container\">\n\t\t<div class=\"elementor-element elementor-element-a8906b3 e-con-full e-flex e-con e-child\" data-id=\"a8906b3\" data-element_type=\"container\" data-e-type=\"container\">\n\t\t\t\t<div class=\"elementor-element elementor-element-7abfc59 elementor-widget elementor-widget-wd_text_block\" data-id=\"7abfc59\" data-element_type=\"widget\" data-e-type=\"widget\" data-widget_type=\"wd_text_block.default\">\n\t\t\t\t<div class=\"elementor-widget-container\">\n\t\t\t\t\t\t\t<div class=\"wd-text-block reset-last-child text-center\">\n\t\t\t\n\t\t\t<p>\u0645\u0627 \u0647\u064a \u062f\u0631\u064a\u0646\u0627\u0631\u064a\u0627 \u0631\u064a\u0632\u0648\u0645\u061f \u0645\u0635\u062f\u0631 \u0637\u0628\u064a\u0639\u064a \u0644\u0644\u0639\u0646\u0627\u0635\u0631 \u0627\u0644\u062f\u0627\u0639\u0645\u0629 \u0648\u0642\u0648\u0629 \u062d\u064a\u0648\u064a\u0629 \u0645\u0646 \u0642\u0644\u0628 \u0627\u0644\u0637\u0628\u064a\u0639\u0629!<\/p>\n\t\t\t\t\t<\/div>\n\t\t\t\t\t\t<\/div>\n\t\t\t\t<\/div>\n\t\t\t\t<div class=\"elementor-element elementor-element-58e1bb0 elementor-widget elementor-widget-wd_text_block\" data-id=\"58e1bb0\" data-element_type=\"widget\" data-e-type=\"widget\" data-widget_type=\"wd_text_block.default\">\n\t\t\t\t<div class=\"elementor-widget-container\">\n\t\t\t\t\t\t\t<div class=\"wd-text-block reset-last-child text-center\">\n\t\t\t\n\t\t\t<p data-path-to-node=\"3\">\u0647\u0644 \u062a\u0628\u062d\u062b \u0639\u0646 \u062d\u0644 \u0637\u0628\u064a\u0639\u064a \u0645\u062a\u0643\u0627\u0645\u0644 \u064a\u0631\u0643\u0632 \u0639\u0644\u0649 \u062f\u0639\u0645 \u0628\u0646\u064a\u0629 \u0627\u0644\u062c\u0633\u0645 \u0648\u062a\u0642\u0648\u064a\u0629 \u0627\u0644\u0639\u0638\u0627\u0645 \u0648\u0627\u0644\u0645\u0641\u0627\u0635\u0644 \u0628\u0641\u0627\u0639\u0644\u064a\u0629\u061f \u062d\u0627\u0646 \u0627\u0644\u0648\u0642\u062a \u0644\u062a\u0643\u062a\u0634\u0641 <b data-path-to-node=\"3\" data-index-in-node=\"100\">\u062f\u0631\u064a\u0646\u0627\u0631\u064a\u0627 \u0631\u064a\u0632\u0648\u0645 <\/b>. \u0647\u0630\u0647 \u0627\u0644\u0631\u064a\u0632\u0648\u0645\u0627\u062a (\u0627\u0644\u062c\u0630\u0648\u0631 \u0627\u0644\u0623\u0631\u0636\u064a\u0629) \u0627\u0644\u0645\u0633\u062a\u062e\u0644\u0635\u0629 \u0645\u0646 \u0646\u0648\u0639 \u062e\u0627\u0635 \u0645\u0646 \u0627\u0644\u0633\u0631\u0627\u062e\u0633\u060c \u062a\u062a\u0645\u064a\u0632 \u0628\u0642\u062f\u0631\u062a\u0647\u0627 \u0627\u0644\u0641\u0627\u0626\u0642\u0629 \u0639\u0644\u0649 \u062a\u062e\u0632\u064a\u0646 \u0627\u0644\u0639\u0646\u0627\u0635\u0631 \u0627\u0644\u063a\u0630\u0627\u0626\u064a\u0629 \u0648\u0627\u0644\u0645\u0631\u0643\u0628\u0627\u062a \u0627\u0644\u0646\u0634\u0637\u0629. \u0645\u0648\u0637\u0646\u0647\u0627 \u0627\u0644\u0623\u0635\u0644\u064a \u064a\u0645\u062a\u062f \u0639\u0628\u0631 \u0634\u0631\u0642 \u0622\u0633\u064a\u0627 \u0648\u0627\u0644\u0645\u0646\u0627\u0637\u0642 \u0627\u0644\u0627\u0633\u062a\u0648\u0627\u0626\u064a\u0629\u060c \u0648\u0646\u062d\u0646 \u0641\u064a <b data-path-to-node=\"3\" data-index-in-node=\"421\">SFB<\/b> \u0646\u0648\u0641\u0631\u0647\u0627 \u0644\u0643 \u0628\u062c\u0648\u062f\u0629 \u0627\u0633\u062a\u062b\u0646\u0627\u0626\u064a\u0629\u060c \u062d\u064a\u062b \u064a\u062a\u0645 \u0627\u0646\u062a\u0642\u0627\u0621 \u0627\u0644\u062c\u0630\u0648\u0631 \u0627\u0644\u0646\u0627\u0636\u062c\u0629 \u0648\u062a\u062c\u0641\u064a\u0641\u0647\u0627 \u0628\u062f\u0642\u0629 \u0644\u0636\u0645\u0627\u0646 \u0627\u0644\u062d\u0641\u0627\u0638 \u0639\u0644\u0649 \u062e\u0635\u0627\u0626\u0635\u0647\u0627 \u0627\u0644\u0628\u064a\u0648\u0644\u0648\u062c\u064a\u0629 \u0648\u0642\u064a\u0645\u062a\u0647\u0627 \u0627\u0644\u0639\u0644\u0627\u062c\u064a\u0629 \u0627\u0644\u0639\u0627\u0644\u064a\u0629.<\/p><p data-path-to-node=\"4\">\u0644\u0637\u0627\u0644\u0645\u0627 \u0628\u064f\u062c\u0644\u062a \u062f\u0631\u064a\u0646\u0627\u0631\u064a\u0627 \u0631\u064a\u0632\u0648\u0645 \u0644\u064a\u0633 \u0641\u0642\u0637 \u0644\u0642\u0648\u062a\u0647\u0627 \u0641\u064a \u062f\u0639\u0645 \u0627\u0644\u0647\u064a\u0643\u0644 \u0627\u0644\u0639\u0638\u0645\u064a\u060c \u0628\u0644 \u0644\u062e\u0635\u0627\u0626\u0635\u0647\u0627 \u0627\u0644\u062d\u064a\u0648\u064a\u0629 \u0641\u064a \u0627\u0644\u0637\u0628 \u0627\u0644\u0634\u0639\u0628\u064a \u0644\u0642\u0631\u0648\u0646 \u0639\u062f\u064a\u062f\u0629. \u062a\u064f\u0639\u0631\u0641 \u0628\u0627\u062d\u062a\u0648\u0627\u0626\u0647\u0627 \u0639\u0644\u0649 \u0645\u062c\u0645\u0648\u0639\u0629 \u063a\u0646\u064a\u0629 \u0645\u0646 \u0627\u0644\u0645\u0631\u0643\u0628\u0627\u062a \u0627\u0644\u0646\u0634\u0637\u0629 \u0628\u064a\u0648\u0644\u0648\u062c\u064a\u0627\u064b\u060c \u0628\u0645\u0627 \u0641\u064a \u0630\u0644\u0643 <b data-path-to-node=\"4\" data-index-in-node=\"186\">Flavono\u00efdes <\/b>\u00a0\u0645\u062b\u0644 \"\u0646\u0627\u0631\u064a\u0646\u062c\u064a\u0646\"\u060c <b data-path-to-node=\"4\" data-index-in-node=\"228\">\u0648\u0627\u0644\u0633\u062a\u064a\u0631\u0648\u0644\u0627\u062a \u0627\u0644\u0646\u0628\u0627\u062a\u064a\u0629 <\/b>, <b data-path-to-node=\"4\" data-index-in-node=\"265\">\u0648\u0627\u0644\u0628\u0648\u0644\u064a \u0633\u0643\u0631\u064a\u062f <\/b>\u060c \u0628\u0627\u0644\u0625\u0636\u0627\u0641\u0629 \u0625\u0644\u0649 \u0627\u0644\u0623\u062d\u0645\u0627\u0636 \u0627\u0644\u0639\u0636\u0648\u064a\u0629 \u0648\u0627\u0644\u0645\u0639\u0627\u062f\u0646 \u0627\u0644\u062f\u0627\u0639\u0645\u0629 \u0644\u0644\u0623\u0646\u0633\u062c\u0629. \u0641\u0645\u0627\u0630\u0627 \u062a\u0639\u0631\u0641 \u062d\u0642\u0627\u064b \u0639\u0646 \u0647\u0630\u0647 \u0627\u0644\u062c\u0630\u0648\u0631 \u0627\u0644\u062a\u064a \u062a\u062d\u0645\u0644 \u0641\u064a \u062b\u0646\u0627\u064a\u0627\u0647\u0627 \u0648\u0639\u0648\u062f\u0627\u064b \u0628\u062a\u062d\u0633\u064a\u0646 \u0643\u062b\u0627\u0641\u0629 \u0627\u0644\u0639\u0638\u0627\u0645\u060c \u062a\u0633\u0631\u064a\u0639 \u0627\u0644\u062a\u0639\u0627\u0641\u064a\u060c \u0648\u062f\u0639\u0645 \u0635\u062d\u0629 \u0627\u0644\u0645\u0641\u0627\u0635\u0644\u061f \u0627\u0643\u062a\u0634\u0641 \u0645\u0639\u0646\u0627 \u0633\u0631 \u062f\u0631\u064a\u0646\u0627\u0631\u064a\u0627 \u0631\u064a\u0632\u0648\u0645\u061b \u062d\u0644 \u0637\u0628\u064a\u0639\u064a \u0628\u0642\u0648\u0629 \u0639\u0644\u0645\u064a\u0629 \u0645\u062a\u0643\u0627\u0645\u0644\u0629!<\/p>\n\t\t\t\t\t<\/div>\n\t\t\t\t\t\t<\/div>\n\t\t\t\t<\/div>\n\t\t\t\t<\/div>\n\t\t<div class=\"elementor-element elementor-element-d712c00 e-con-full e-flex e-con e-child\" data-id=\"d712c00\" data-element_type=\"container\" data-e-type=\"container\">\n\t\t\t\t<div class=\"elementor-element elementor-element-dd8dd0c elementor-widget elementor-widget-wd_text_block\" data-id=\"dd8dd0c\" data-element_type=\"widget\" data-e-type=\"widget\" data-widget_type=\"wd_text_block.default\">\n\t\t\t\t<div class=\"elementor-widget-container\">\n\t\t\t\t\t\t\t<div class=\"wd-text-block reset-last-child text-center\">\n\t\t\t\n\t\t\t<h2 data-path-to-node=\"6\"><b data-path-to-node=\"6\" data-index-in-node=\"0\">\u00a0\u0641\u0648\u0627\u0626\u062f \u062f\u0631\u064a\u0646\u0627\u0631\u064a\u0627 \u0631\u064a\u0632\u0648\u0645: \u0644\u0645\u0627\u0630\u0627 \u062a\u0633\u062a\u062d\u0642 \u0647\u0630\u0647 \u0627\u0644\u062c\u0630\u0648\u0631 \u0645\u0643\u0627\u0646\u0627\u064b \u0641\u064a \u0631\u0648\u062a\u064a\u0646\u0643 \u0627\u0644\u0635\u062d\u064a \u0627\u0644\u064a\u0648\u0645\u064a\u061f<\/b><\/h2>\n\t\t\t\t\t<\/div>\n\t\t\t\t\t\t<\/div>\n\t\t\t\t<\/div>\n\t\t\t\t<div class=\"elementor-element elementor-element-567888e elementor-widget elementor-widget-wd_text_block\" data-id=\"567888e\" data-element_type=\"widget\" data-e-type=\"widget\" data-widget_type=\"wd_text_block.default\">\n\t\t\t\t<div class=\"elementor-widget-container\">\n\t\t\t\t\t\t\t<div class=\"wd-text-block reset-last-child text-center\">\n\t\t\t\n\t\t\t<p data-path-to-node=\"7\">\u062a\u062a\u062c\u0627\u0648\u0632 \u062f\u0631\u064a\u0646\u0627\u0631\u064a\u0627 \u0631\u064a\u0632\u0648\u0645 \u0643\u0648\u0646\u0647\u0627 \u0645\u062c\u0631\u062f \u062c\u0630\u0631 \u0646\u0628\u0627\u062a\u064a\u060c \u0641\u0647\u064a \u0645\u062d\u0641\u0632 \u0637\u0628\u064a\u0639\u064a \u0644\u062a\u0631\u0645\u064a\u0645 \u0627\u0644\u0623\u0646\u0633\u062c\u0629 \u0627\u0644\u0635\u0644\u0628\u0629 \u0648\u0627\u0644\u0644\u064a\u0646\u0629 \u0641\u064a \u0627\u0644\u062c\u0633\u0645:<\/p><ul data-path-to-node=\"8\"><li><p data-path-to-node=\"8,0,0\"><b data-path-to-node=\"8,0,0\" data-index-in-node=\"0\">\u062f\u0639\u0645 \u0648\u062a\u0642\u0648\u064a\u0629 \u0627\u0644\u0639\u0638\u0627\u0645:<\/b> \u062a\u0633\u0627\u0647\u0645 \u0641\u064a \u062a\u0639\u0632\u064a\u0632 \u0627\u0645\u062a\u0635\u0627\u0635 \u0627\u0644\u0643\u0627\u0644\u0633\u064a\u0648\u0645 \u0648\u062a\u062d\u0641\u064a\u0632 \u062e\u0644\u0627\u064a\u0627 \"\u0627\u0644\u0623\u0648\u0633\u062a\u064a\u0648\u0628\u0644\u0627\u0633\u062a\" \u0627\u0644\u0645\u0633\u0624\u0648\u0644\u0629 \u0639\u0646 \u0628\u0646\u0627\u0621 \u0627\u0644\u0639\u0638\u0627\u0645\u060c \u0645\u0645\u0627 \u064a\u0633\u0627\u0639\u062f \u0641\u064a \u0627\u0644\u0648\u0642\u0627\u064a\u0629 \u0645\u0646 \u0627\u0644\u0647\u0634\u0627\u0634\u0629.<\/p><\/li><li><p data-path-to-node=\"8,1,0\"><b data-path-to-node=\"8,1,0\" data-index-in-node=\"0\">\u062a\u0633\u0631\u064a\u0639 \u062a\u0639\u0627\u0641\u064a \u0627\u0644\u0643\u0633\u0648\u0631:<\/b> \u062a\u0639\u0645\u0644 \u0628\u0641\u0627\u0639\u0644\u064a\u0629 \u0639\u0644\u0649 \u062a\u0633\u0631\u064a\u0639 \u0627\u0644\u062a\u0626\u0627\u0645 \u0627\u0644\u0643\u0633\u0648\u0631 \u0648\u062a\u0642\u0648\u064a\u0629 \u0627\u0644\u0623\u0631\u0628\u0637\u0629 \u0648\u0627\u0644\u0623\u0648\u062a\u0627\u0631 \u0627\u0644\u0645\u0635\u0627\u0628\u0629 \u0628\u0641\u0636\u0644 \u0645\u0631\u0643\u0628\u0627\u062a\u0647\u0627 \u0627\u0644\u0645\u062d\u0641\u0632\u0629 \u0644\u0644\u0623\u0646\u0633\u062c\u0629.<\/p><\/li><li><p data-path-to-node=\"8,2,0\"><b data-path-to-node=\"8,2,0\" data-index-in-node=\"0\">\u0635\u062d\u0629 \u0627\u0644\u0645\u0641\u0627\u0635\u0644 \u0648\u0627\u0644\u063a\u0636\u0627\u0631\u064a\u0641:<\/b> \u062a\u0633\u0627\u0639\u062f \u0641\u064a \u062a\u0642\u0644\u064a\u0644 \u0622\u0644\u0627\u0645 \u0627\u0644\u0645\u0641\u0627\u0635\u0644 \u0627\u0644\u0645\u0632\u0645\u0646\u0629 \u0648\u062a\u064a\u0628\u0633 \u0627\u0644\u0635\u0628\u0627\u062d\u060c \u0645\u0645\u0627 \u064a\u0639\u064a\u062f \u0644\u0644\u062c\u0633\u0645 \u0645\u0631\u0648\u0646\u062a\u0647 \u0648\u062d\u0631\u0643\u062a\u0647 \u0627\u0644\u0637\u0628\u064a\u0639\u064a\u0629.<\/p><\/li><li><p data-path-to-node=\"8,3,0\"><b data-path-to-node=\"8,3,0\" data-index-in-node=\"0\">Soutien \u00e0 la sant\u00e9 r\u00e9nale:<\/b> \u0641\u064a \u0627\u0644\u0637\u0628 \u0627\u0644\u062a\u0642\u0644\u064a\u062f\u064a\u060c \u062a\u064f\u0633\u062a\u062e\u062f\u0645 \u0627\u0644\u062f\u0631\u064a\u0646\u0627\u0631\u064a\u0627 \u0644\u062a\u0642\u0648\u064a\u0629 \u0637\u0627\u0642\u0629 \u0627\u0644\u0643\u0644\u0649\u060c \u0645\u0645\u0627 \u064a\u0646\u0639\u0643\u0633 \u0625\u064a\u062c\u0627\u0628\u064a\u0627\u064b \u0639\u0644\u0649 \u0645\u0633\u062a\u0648\u064a\u0627\u062a \u0627\u0644\u0637\u0627\u0642\u0629 \u0627\u0644\u0639\u0627\u0645\u0629 \u0648\u0635\u062d\u0629 \u0627\u0644\u0638\u0647\u0631.<\/p><\/li><li><p data-path-to-node=\"8,4,0\"><b data-path-to-node=\"8,4,0\" data-index-in-node=\"0\">\u0645\u0636\u0627\u062f \u0637\u0628\u064a\u0639\u064a \u0644\u0644\u0627\u0644\u062a\u0647\u0627\u0628\u0627\u062a:<\/b> \u062a\u0633\u0627\u0639\u062f \u0641\u064a \u062a\u062e\u0641\u064a\u0641 \u062d\u062f\u0629 \u0627\u0644\u062a\u0648\u0631\u0645 \u0648\u0627\u0644\u0627\u0644\u062a\u0647\u0627\u0628\u0627\u062a \u0627\u0644\u0646\u0627\u062a\u062c\u0629 \u0639\u0646 \u0627\u0644\u0625\u0635\u0627\u0628\u0627\u062a \u0627\u0644\u0631\u064a\u0627\u0636\u064a\u0629 \u0623\u0648 \u0627\u0644\u0625\u062c\u0647\u0627\u062f \u0627\u0644\u0628\u062f\u0646\u064a \u0627\u0644\u0645\u062a\u0643\u0631\u0631.<\/p><\/li><li><p data-path-to-node=\"8,5,0\"><b data-path-to-node=\"8,5,0\" data-index-in-node=\"0\">\u062a\u062d\u0633\u064a\u0646 \u0627\u0644\u062f\u0648\u0631\u0629 \u0627\u0644\u062f\u0645\u0648\u064a\u0629 \u0627\u0644\u0637\u0631\u0641\u064a\u0629:<\/b> \u062a\u0639\u0632\u0632 \u062a\u062f\u0641\u0642 \u0627\u0644\u062f\u0645 \u0625\u0644\u0649 \u0627\u0644\u0645\u0646\u0627\u0637\u0642 \u0627\u0644\u0645\u0635\u0627\u0628\u0629\u060c \u0645\u0645\u0627 \u064a\u0648\u0641\u0631 \u0627\u0644\u0645\u063a\u0630\u064a\u0627\u062a \u0627\u0644\u0644\u0627\u0632\u0645\u0629 \u0644\u0639\u0645\u0644\u064a\u0629 \u0627\u0644\u0627\u0633\u062a\u0634\u0641\u0627\u0621 \u0627\u0644\u0637\u0628\u064a\u0639\u064a.<\/p><\/li><li><p data-path-to-node=\"8,6,0\"><b data-path-to-node=\"8,6,0\" data-index-in-node=\"0\">\u0635\u062d\u0629 \u0627\u0644\u0623\u0633\u0646\u0627\u0646 \u0648\u0627\u0644\u0644\u062b\u0629:<\/b> \u062a\u0633\u0627\u0647\u0645 \u0627\u0644\u0639\u0646\u0627\u0635\u0631 \u0627\u0644\u0645\u0639\u062f\u0646\u064a\u0629 \u0641\u064a \u0627\u0644\u062c\u0630\u0648\u0631 \u0641\u064a \u062a\u0642\u0648\u064a\u0629 \u0628\u0646\u064a\u0629 \u0627\u0644\u0623\u0633\u0646\u0627\u0646 \u0648\u062d\u0645\u0627\u064a\u0629 \u0627\u0644\u0644\u062b\u0629 \u0645\u0646 \u0627\u0644\u0636\u0639\u0641 \u0648\u0627\u0644\u0646\u0632\u064a\u0641.<\/p><\/li><\/ul>\n\t\t\t\t\t<\/div>\n\t\t\t\t\t\t<\/div>\n\t\t\t\t<\/div>\n\t\t\t\t<\/div>\n\t\t<div class=\"elementor-element elementor-element-66a107d e-con-full e-flex e-con e-child\" data-id=\"66a107d\" data-element_type=\"container\" data-e-type=\"container\">\n\t\t\t\t<div class=\"elementor-element elementor-element-dd685dd elementor-widget elementor-widget-wd_text_block\" data-id=\"dd685dd\" data-element_type=\"widget\" data-e-type=\"widget\" data-widget_type=\"wd_text_block.default\">\n\t\t\t\t<div class=\"elementor-widget-container\">\n\t\t\t\t\t\t\t<div class=\"wd-text-block reset-last-child text-center\">\n\t\t\t\n\t\t\t<p>\u0644\u0645\u0627\u0630\u0627 \u064a\u062b\u0642 \u0627\u0644\u062e\u0628\u0631\u0627\u0621 \u0628\u062f\u0631\u064a\u0646\u0627\u0631\u064a\u0627 \u0631\u064a\u0632\u0648\u0645\u061f \u0625\u0631\u062b \u062a\u0642\u0644\u064a\u062f\u064a \u0648\u0623\u0628\u062d\u0627\u062b \u0645\u0639\u0627\u0635\u0631\u0629!<\/p>\n\t\t\t\t\t<\/div>\n\t\t\t\t\t\t<\/div>\n\t\t\t\t<\/div>\n\t\t\t\t<div class=\"elementor-element elementor-element-bace967 elementor-widget elementor-widget-wd_text_block\" data-id=\"bace967\" data-element_type=\"widget\" data-e-type=\"widget\" data-widget_type=\"wd_text_block.default\">\n\t\t\t\t<div class=\"elementor-widget-container\">\n\t\t\t\t\t\t\t<div class=\"wd-text-block reset-last-child text-center\">\n\t\t\t\n\t\t\t<p data-path-to-node=\"11\">A acquis <b data-path-to-node=\"11\" data-index-in-node=\"11\">\u062f\u0631\u064a\u0646\u0627\u0631\u064a\u0627 \u0631\u064a\u0632\u0648\u0645<\/b> \u0645\u0643\u0627\u0646\u0629 \u0645\u0631\u0645\u0648\u0642\u0629 \u0643\u0639\u0634\u0628\u0629 \u0637\u0628\u064a\u0629 \u0641\u0631\u064a\u062f\u0629\u060c \u0648\u0647\u064a \u062a\u062d\u0638\u0649 \u0628\u062a\u0642\u062f\u064a\u0631 \u0643\u0628\u064a\u0631 \u0645\u0646 \u0642\u0628\u0644 \u062e\u0628\u0631\u0627\u0621 \u0627\u0644\u0639\u0638\u0627\u0645\u060c \u0645\u0645\u0627\u0631\u0633\u064a \u0627\u0644\u0637\u0628 \u0627\u0644\u062a\u0642\u0644\u064a\u062f\u064a\u060c \u0648\u0627\u0644\u0628\u0627\u062d\u062b\u064a\u0646 \u0641\u064a \u0639\u0644\u0648\u0645 \u0627\u0644\u062a\u0623\u0647\u064a\u0644. \u064a\u0648\u0635\u064a \u0628\u0647\u0627 \u0627\u0644\u0639\u062f\u064a\u062f \u0645\u0646 \u0627\u0644\u0645\u062a\u062e\u0635\u0635\u064a\u0646 \u0641\u064a <b data-path-to-node=\"11\" data-index-in-node=\"180\">SFB<\/b> \u0643\u0625\u0636\u0627\u0641\u0629 \u0642\u064a\u0645\u0629 \u0644\u062f\u0639\u0645 \u0627\u0644\u0643\u062b\u0627\u0641\u0629 \u0627\u0644\u0645\u0639\u062f\u0646\u064a\u0629 \u0644\u0644\u0639\u0638\u0627\u0645\u060c \u0648\u062a\u0646\u0638\u064a\u0645 \u0627\u0644\u0627\u0633\u062a\u062c\u0627\u0628\u0629 \u0627\u0644\u0634\u0641\u0627\u0626\u064a\u0629 \u0628\u0639\u062f \u0627\u0644\u0625\u0635\u0627\u0628\u0627\u062a\u060c \u0648\u0627\u0644\u0627\u0633\u062a\u0641\u0627\u062f\u0629 \u0645\u0646 \u062e\u0635\u0627\u0626\u0635\u0647\u0627 \u0627\u0644\u0645\u0646\u0634\u0637\u0629 \u0648\u0627\u0644\u0645\u0636\u0627\u062f\u0629 \u0644\u0644\u0623\u0643\u0633\u062f\u0629. \u062a\u0638\u0647\u0631 \u0627\u0644\u0623\u0628\u062d\u0627\u062b \u0627\u0644\u0639\u0644\u0645\u064a\u0629 \u0627\u0644\u062d\u062f\u064a\u062b\u0629 \u0641\u0639\u0627\u0644\u064a\u0629 \u0645\u0631\u0643\u0628 \"\u0627\u0644\u0646\u0627\u0631\u064a\u0646\u062c\u064a\u0646\" \u0627\u0644\u0646\u0634\u0637 \u0641\u064a \u062a\u062d\u0641\u064a\u0632 \u0646\u0645\u0648 \u0627\u0644\u0623\u0646\u0633\u062c\u0629 \u0627\u0644\u0639\u0638\u0645\u064a\u0629 \u0628\u0634\u0643\u0644 \u0622\u0645\u0646 \u0648\u0645\u0633\u062a\u062f\u0627\u0645. \u0625\u0646 \u0627\u0644\u062b\u0642\u0629 \u0628\u062f\u0631\u064a\u0646\u0627\u0631\u064a\u0627 \u0631\u064a\u0632\u0648\u0645 \u062a\u0646\u0628\u0639 \u0645\u0646 \u062a\u0627\u0631\u064a\u062e\u0647\u0627 \u0627\u0644\u0637\u0648\u064a\u0644 \u0641\u064a \u0627\u0644\u0627\u0633\u062a\u062e\u062f\u0627\u0645 \u0627\u0644\u0622\u0645\u0646 \u0648\u0627\u0644\u0641\u0639\u0627\u0644 \u0644\u0642\u0631\u0648\u0646\u060c \u0628\u0627\u0644\u0625\u0636\u0627\u0641\u0629 \u0625\u0644\u0649 \u0627\u0644\u0623\u062f\u0644\u0629 \u0627\u0644\u0639\u0644\u0645\u064a\u0629 \u0627\u0644\u0645\u062a\u0632\u0627\u064a\u062f\u0629 \u0627\u0644\u062a\u064a \u062a\u0624\u0643\u062f \u0645\u0643\u0627\u0646\u062a\u0647\u0627 \u0643\u0648\u0627\u062d\u062f\u0629 \u0645\u0646 \u0623\u0647\u0645 \u0643\u0646\u0648\u0632 \u0627\u0644\u0637\u0628\u064a\u0639\u0629 \u0644\u0635\u062d\u0629 \u0627\u0644\u0647\u064a\u0643\u0644 \u0627\u0644\u0639\u0638\u0645\u064a \u0648\u062a\u0648\u0627\u0632\u0646 \u0627\u0644\u062c\u0633\u0645 \u0627\u0644\u0634\u0627\u0645\u0644.<\/p>\n\t\t\t\t\t<\/div>\n\t\t\t\t\t\t<\/div>\n\t\t\t\t<\/div>\n\t\t\t\t<\/div>\n\t\t\t\t<\/div>\n\t\t\t\t\t<\/div>\n\t\t\t\t<\/div>\n\t\t\t\t<\/div>","protected":false},"excerpt":{"rendered":"<p>\u0645\u0627 \u0647\u064a \u062f\u0631\u064a\u0646\u0627\u0631\u064a\u0627 \u0631\u064a\u0632\u0648\u0645\u061f \u0645\u0635\u062f\u0631 \u0637\u0628\u064a\u0639\u064a \u0644\u0644\u0639\u0646\u0627\u0635\u0631 \u0627\u0644\u062f\u0627\u0639\u0645\u0629 \u0648\u0642\u0648\u0629 \u062d\u064a\u0648\u064a\u0629 \u0645\u0646 \u0642\u0644\u0628 \u0627\u0644\u0637\u0628\u064a\u0639\u0629! \u0647\u0644 \u062a\u0628\u062d\u062b \u0639\u0646 \u062d\u0644 \u0637\u0628\u064a\u0639\u064a \u0645\u062a\u0643\u0627\u0645\u0644 \u064a\u0631\u0643\u0632<\/p>","protected":false},"featured_media":0,"comment_status":"open","ping_status":"closed","template":"","meta":[],"product_brand":[],"product_cat":[65],"product_tag":[],"class_list":{"0":"post-4454","1":"product","2":"type-product","3":"status-publish","5":"product_cat-65","6":"pa_-1-kg","7":"pa_-250-g","8":"pa_-500-g","10":"first","11":"instock","12":"shipping-taxable","13":"purchasable","14":"product-type-variable"},"jetpack_sharing_enabled":true,"_links":{"self":[{"href":"https:\/\/sfb.ma\/fr\/wp-json\/wp\/v2\/product\/4454","targetHints":{"allow":["GET"]}}],"collection":[{"href":"https:\/\/sfb.ma\/fr\/wp-json\/wp\/v2\/product"}],"about":[{"href":"https:\/\/sfb.ma\/fr\/wp-json\/wp\/v2\/types\/product"}],"replies":[{"embeddable":true,"href":"https:\/\/sfb.ma\/fr\/wp-json\/wp\/v2\/comments?post=4454"}],"version-history":[{"count":0,"href":"https:\/\/sfb.ma\/fr\/wp-json\/wp\/v2\/product\/4454\/revisions"}],"wp:attachment":[{"href":"https:\/\/sfb.ma\/fr\/wp-json\/wp\/v2\/media?parent=4454"}],"wp:term":[{"taxonomy":"product_brand","embeddable":true,"href":"https:\/\/sfb.ma\/fr\/wp-json\/wp\/v2\/product_brand?post=4454"},{"taxonomy":"product_cat","embeddable":true,"href":"https:\/\/sfb.ma\/fr\/wp-json\/wp\/v2\/product_cat?post=4454"},{"taxonomy":"product_tag","embeddable":true,"href":"https:\/\/sfb.ma\/fr\/wp-json\/wp\/v2\/product_tag?post=4454"}],"curies":[{"name":"wp","href":"https:\/\/api.w.org\/{rel}","templated":true}]}}